{"id":199584,"date":"2024-09-03T15:33:58","date_gmt":"2024-09-03T13:33:58","guid":{"rendered":"https:\/\/x-bar.co\/x-bar-shipping-information\/"},"modified":"2024-11-15T10:14:15","modified_gmt":"2024-11-15T09:14:15","slug":"x-bar-shipping-information","status":"publish","type":"page","link":"https:\/\/dev.x-bar.co\/de\/x-bar-shipping-information\/","title":{"rendered":"X-Bar Shipping Information"},"content":{"rendered":"<h2>Kostenloser Versand<\/h2>\n<p>Wir versenden alle Bestellungen aus Frankreich direkt aus unseren Pariser Lagern.<\/p>\n<ul>\n<li><strong>Innerhalb Frankreichs<\/strong>: Kostenloser Versand ab einem Bestellwert von <strong>30\u20ac<\/strong>. Ansonsten betragen die Versandkosten <strong>4,90\u20ac<\/strong>.<\/li>\n<li><strong>Innerhalb der Europ\u00e4ischen Union und \u00dcberseegebiete<\/strong>: Kostenloser Versand ab einem Bestellwert von <strong>70\u20ac<\/strong>. Ansonsten betragen die Versandkosten <strong>15,90\u20ac<\/strong>.<\/li>\n<li><strong>Asien<\/strong>: Versandkosten von <strong>65\u20ac<\/strong> (inkl. MwSt.), kostenloser Versand ab <strong>195\u20ac<\/strong> (inkl. MwSt.).<\/li>\n<li><strong>Afrika<\/strong>: Versandkosten von <strong>90\u20ac<\/strong> (inkl. MwSt.), kostenloser Versand ab <strong>270\u20ac<\/strong> (inkl. MwSt.).<\/li>\n<li><strong>Ozeanien<\/strong>: Versandkosten von <strong>90\u20ac<\/strong> (inkl. MwSt.), kostenloser Versand ab <strong>270\u20ac<\/strong> (inkl. MwSt.).<\/li>\n<li><strong>Nordamerika<\/strong>: Versandkosten von <strong>50\u20ac<\/strong> (inkl. MwSt.), kostenloser Versand ab <strong>150\u20ac<\/strong> (inkl. MwSt.).<\/li>\n<li><strong>S\u00fcdamerika<\/strong>: Versandkosten von <strong>90\u20ac<\/strong> (inkl. MwSt.), kostenloser Versand ab <strong>270\u20ac<\/strong> (inkl. MwSt.).<\/li>\n<li><strong>Rest der Welt<\/strong>: Versandkosten von <strong>100\u20ac<\/strong> (inkl. MwSt.), kostenloser Versand ab <strong>300\u20ac<\/strong> (inkl. MwSt.).<\/li>\n<\/ul>\n<h2>Versandziele<\/h2>\n<p>Wir versenden weltweit, sofern der Import von E-Zigaretten-Produkten in Ihr Zielland legal ist. Wir empfehlen Ihnen, die gesetzlichen Bestimmungen in Ihrem Zielland zu \u00fcberpr\u00fcfen, da alle Sendungen beim Zoll deklariert werden. Bitte beachten Sie, dass in einigen L\u00e4ndern m\u00f6glicherweise Steuern oder Einfuhrgeb\u00fchren bei Erhalt Ihres Pakets anfallen, f\u00fcr die wir nicht verantwortlich sind.<\/p>\n<h2>Besch\u00e4digte oder Fehlende Artikel<\/h2>\n<p>Wenn Ihr Paket besch\u00e4digt ankommt, verweigern Sie bitte die Annahme und bitten Sie den Zusteller, das Paket an den Absender zur\u00fcckzusenden. F\u00fcr die R\u00fccksendung entstehen Ihnen keine Kosten \u2013 wir \u00fcbernehmen alle R\u00fccksendekosten f\u00fcr besch\u00e4digte Pakete. Wenn das besch\u00e4digte Paket bereits in Ihrem Besitz ist, kontaktieren Sie uns bitte umgehend, damit wir das Problem untersuchen und eine zufriedenstellende L\u00f6sung anbieten k\u00f6nnen.<\/p>\n<h2>Lieferzeiten<\/h2>\n<p>Wir versenden alle Bestellungen innerhalb von 24 bis 48 Werktagen nach Zahlungseingang. In einigen F\u00e4llen kann die Verf\u00fcgbarkeit von Produkten den Versand verz\u00f6gern. Gelegentlich versenden wir Artikel separat, wenn einige Produkte zum Zeitpunkt des Versands nicht verf\u00fcgbar sind. Sobald Ihre Bestellung versendet wurde, senden wir Ihnen eine E-Mail mit den Sendungsverfolgungsinformationen. Wenn Sie diese E-Mail nicht in Ihrem Posteingang finden, \u00fcberpr\u00fcfen Sie bitte Ihren Spam-Ordner. Wenn Sie eine Bestellung aufgegeben haben und nach zwei Werktagen keine Versandbest\u00e4tigung erhalten haben, kontaktieren Sie uns bitte f\u00fcr weitere Informationen zum Status Ihrer Bestellung.<\/p>\n<h2>Bestellungs\u00e4nderungen<\/h2>\n<p>Wenn Ihre Bestellung noch nicht versendet wurde, k\u00f6nnen Sie \u00c4nderungen beantragen, indem Sie uns umgehend kontaktieren. Bitte geben Sie Ihren Namen, die mit Ihrem Konto verkn\u00fcpfte E-Mail-Adresse, Ihre Bestellnummer und die gew\u00fcnschten \u00c4nderungen an. Da die meisten Bestellungen am selben Tag versendet werden, an dem wir sie erhalten, k\u00f6nnen wir jedoch nicht garantieren, dass es m\u00f6glich ist, Ihre bestehenden Bestellungen zu \u00e4ndern.<\/p>\n<h2>Fehlende oder Unvollst\u00e4ndige Bestellungen<\/h2>\n<p>Wir entschuldigen uns f\u00fcr die Unannehmlichkeiten. Wenn Sie Ihre Bestellung noch nicht erhalten haben oder diese unvollst\u00e4ndig ist, wenden Sie sich bitte \u00fcber unsere Kontaktseite an unser Support-Team, um Unterst\u00fctzung zu erhalten.<\/p>\n","protected":false},"excerpt":{"rendered":"<p>Kostenloser Versand Wir versenden alle Bestellungen aus Frankreich direkt aus unseren Pariser Lagern. Innerhalb Frankreichs: Kostenloser Versand ab einem Bestellwert von 30\u20ac. Ansonsten betragen die Versandkosten 4,90\u20ac. Innerhalb der Europ\u00e4ischen Union und <a href=\"https:\/\/dev.x-bar.co\/de\/x-bar-shipping-information\/\" class=\"more-link\">&#8230;<span class=\"screen-reader-text\">  X-Bar Shipping Information<\/span><\/a><\/p>\n","protected":false},"author":1,"featured_media":0,"parent":0,"menu_order":0,"comment_status":"closed","ping_status":"closed","template":"","meta":{"_acf_changed":false,"footnotes":""},"class_list":["post-199584","page","type-page","status-publish","hentry"],"acf":[],"yoast_head":"<!-- This site is optimized with the Yoast SEO Premium plugin v25.7.1 (Yoast SEO v27.3) - https:\/\/yoast.com\/product\/yoast-seo-premium-wordpress\/ -->\n<title>X-Bar Shipping Information - X-Bar\u00ae - Offizieller Online-Shop<\/title>\n<meta name=\"robots\" content=\"index, follow, max-snippet:-1, max-image-preview:large, max-video-preview:-1\" \/>\n<link rel=\"canonical\" href=\"https:\/\/dev.x-bar.co\/de\/x-bar-shipping-information\/\" \/>\n<meta property=\"og:locale\" content=\"de_DE\" \/>\n<meta property=\"og:type\" content=\"article\" \/>\n<meta property=\"og:title\" content=\"X-Bar Shipping Information\" \/>\n<meta property=\"og:description\" content=\"Kostenloser Versand Wir versenden alle Bestellungen aus Frankreich direkt aus unseren Pariser Lagern. Innerhalb Frankreichs: Kostenloser Versand ab einem Bestellwert von 30\u20ac. Ansonsten betragen die Versandkosten 4,90\u20ac. Innerhalb der Europ\u00e4ischen Union und ... X-Bar Shipping Information\" \/>\n<meta property=\"og:url\" content=\"https:\/\/dev.x-bar.co\/de\/x-bar-shipping-information\/\" \/>\n<meta property=\"og:site_name\" content=\"X-Bar\u00ae - Offizieller Online-Shop\" \/>\n<meta property=\"article:modified_time\" content=\"2024-11-15T09:14:15+00:00\" \/>\n<meta property=\"og:image\" content=\"https:\/\/dev.x-bar.co\/wp-content\/uploads\/2023\/06\/xbar-metaimage.jpg\" \/>\n\t<meta property=\"og:image:width\" content=\"1200\" \/>\n\t<meta property=\"og:image:height\" content=\"765\" \/>\n\t<meta property=\"og:image:type\" content=\"image\/jpeg\" \/>\n<meta name=\"twitter:card\" content=\"summary_large_image\" \/>\n<meta name=\"twitter:label1\" content=\"Gesch\u00e4tzte Lesezeit\" \/>\n\t<meta name=\"twitter:data1\" content=\"2\u00a0Minuten\" \/>\n<script type=\"application\/ld+json\" class=\"yoast-schema-graph\">{\"@context\":\"https:\\\/\\\/schema.org\",\"@graph\":[{\"@type\":\"WebPage\",\"@id\":\"https:\\\/\\\/dev.x-bar.co\\\/de\\\/x-bar-shipping-information\\\/\",\"url\":\"https:\\\/\\\/dev.x-bar.co\\\/de\\\/x-bar-shipping-information\\\/\",\"name\":\"X-Bar Shipping Information - X-Bar\u00ae - Offizieller Online-Shop\",\"isPartOf\":{\"@id\":\"https:\\\/\\\/dev.x-bar.co\\\/de\\\/#website\"},\"datePublished\":\"2024-09-03T13:33:58+00:00\",\"dateModified\":\"2024-11-15T09:14:15+00:00\",\"breadcrumb\":{\"@id\":\"https:\\\/\\\/dev.x-bar.co\\\/de\\\/x-bar-shipping-information\\\/#breadcrumb\"},\"inLanguage\":\"de\",\"potentialAction\":[{\"@type\":\"ReadAction\",\"target\":[\"https:\\\/\\\/dev.x-bar.co\\\/de\\\/x-bar-shipping-information\\\/\"]}]},{\"@type\":\"BreadcrumbList\",\"@id\":\"https:\\\/\\\/dev.x-bar.co\\\/de\\\/x-bar-shipping-information\\\/#breadcrumb\",\"itemListElement\":[{\"@type\":\"ListItem\",\"position\":1,\"name\":\"Accueil\",\"item\":\"https:\\\/\\\/dev.x-bar.co\\\/de\\\/\"},{\"@type\":\"ListItem\",\"position\":2,\"name\":\"X-Bar Shipping Information\"}]},{\"@type\":\"WebSite\",\"@id\":\"https:\\\/\\\/dev.x-bar.co\\\/de\\\/#website\",\"url\":\"https:\\\/\\\/dev.x-bar.co\\\/de\\\/\",\"name\":\"X-Bar\u00ae - Official Online Shop\",\"description\":\"Official X-Bar online shop. Best Vaping Devices Worlwide. Vaping pods, puff, eliquids, open pods system devices...\",\"publisher\":{\"@id\":\"https:\\\/\\\/dev.x-bar.co\\\/de\\\/#organization\"},\"potentialAction\":[{\"@type\":\"SearchAction\",\"target\":{\"@type\":\"EntryPoint\",\"urlTemplate\":\"https:\\\/\\\/dev.x-bar.co\\\/de\\\/?s={search_term_string}\"},\"query-input\":{\"@type\":\"PropertyValueSpecification\",\"valueRequired\":true,\"valueName\":\"search_term_string\"}}],\"inLanguage\":\"de\"},{\"@type\":\"Organization\",\"@id\":\"https:\\\/\\\/dev.x-bar.co\\\/de\\\/#organization\",\"name\":\"X-Bar\u00ae - Official Online Shop\",\"url\":\"https:\\\/\\\/dev.x-bar.co\\\/de\\\/\",\"logo\":{\"@type\":\"ImageObject\",\"inLanguage\":\"de\",\"@id\":\"https:\\\/\\\/dev.x-bar.co\\\/de\\\/#\\\/schema\\\/logo\\\/image\\\/\",\"url\":\"https:\\\/\\\/dev.x-bar.co\\\/wp-content\\\/uploads\\\/2022\\\/07\\\/xbar-logo.svg\",\"contentUrl\":\"https:\\\/\\\/dev.x-bar.co\\\/wp-content\\\/uploads\\\/2022\\\/07\\\/xbar-logo.svg\",\"width\":266,\"height\":41,\"caption\":\"X-Bar\u00ae - Official Online Shop\"},\"image\":{\"@id\":\"https:\\\/\\\/dev.x-bar.co\\\/de\\\/#\\\/schema\\\/logo\\\/image\\\/\"}}]}<\/script>\n<!-- \/ Yoast SEO Premium plugin. -->","yoast_head_json":{"title":"X-Bar Shipping Information - X-Bar\u00ae - Offizieller Online-Shop","robots":{"index":"index","follow":"follow","max-snippet":"max-snippet:-1","max-image-preview":"max-image-preview:large","max-video-preview":"max-video-preview:-1"},"canonical":"https:\/\/dev.x-bar.co\/de\/x-bar-shipping-information\/","og_locale":"de_DE","og_type":"article","og_title":"X-Bar Shipping Information","og_description":"Kostenloser Versand Wir versenden alle Bestellungen aus Frankreich direkt aus unseren Pariser Lagern. Innerhalb Frankreichs: Kostenloser Versand ab einem Bestellwert von 30\u20ac. Ansonsten betragen die Versandkosten 4,90\u20ac. Innerhalb der Europ\u00e4ischen Union und ... X-Bar Shipping Information","og_url":"https:\/\/dev.x-bar.co\/de\/x-bar-shipping-information\/","og_site_name":"X-Bar\u00ae - Offizieller Online-Shop","article_modified_time":"2024-11-15T09:14:15+00:00","og_image":[{"width":1200,"height":765,"url":"https:\/\/dev.x-bar.co\/wp-content\/uploads\/2023\/06\/xbar-metaimage.jpg","type":"image\/jpeg"}],"twitter_card":"summary_large_image","twitter_misc":{"Gesch\u00e4tzte Lesezeit":"2\u00a0Minuten"},"schema":{"@context":"https:\/\/schema.org","@graph":[{"@type":"WebPage","@id":"https:\/\/dev.x-bar.co\/de\/x-bar-shipping-information\/","url":"https:\/\/dev.x-bar.co\/de\/x-bar-shipping-information\/","name":"X-Bar Shipping Information - X-Bar\u00ae - Offizieller Online-Shop","isPartOf":{"@id":"https:\/\/dev.x-bar.co\/de\/#website"},"datePublished":"2024-09-03T13:33:58+00:00","dateModified":"2024-11-15T09:14:15+00:00","breadcrumb":{"@id":"https:\/\/dev.x-bar.co\/de\/x-bar-shipping-information\/#breadcrumb"},"inLanguage":"de","potentialAction":[{"@type":"ReadAction","target":["https:\/\/dev.x-bar.co\/de\/x-bar-shipping-information\/"]}]},{"@type":"BreadcrumbList","@id":"https:\/\/dev.x-bar.co\/de\/x-bar-shipping-information\/#breadcrumb","itemListElement":[{"@type":"ListItem","position":1,"name":"Accueil","item":"https:\/\/dev.x-bar.co\/de\/"},{"@type":"ListItem","position":2,"name":"X-Bar Shipping Information"}]},{"@type":"WebSite","@id":"https:\/\/dev.x-bar.co\/de\/#website","url":"https:\/\/dev.x-bar.co\/de\/","name":"X-Bar\u00ae - Official Online Shop","description":"Official X-Bar online shop. Best Vaping Devices Worlwide. Vaping pods, puff, eliquids, open pods system devices...","publisher":{"@id":"https:\/\/dev.x-bar.co\/de\/#organization"},"potentialAction":[{"@type":"SearchAction","target":{"@type":"EntryPoint","urlTemplate":"https:\/\/dev.x-bar.co\/de\/?s={search_term_string}"},"query-input":{"@type":"PropertyValueSpecification","valueRequired":true,"valueName":"search_term_string"}}],"inLanguage":"de"},{"@type":"Organization","@id":"https:\/\/dev.x-bar.co\/de\/#organization","name":"X-Bar\u00ae - Official Online Shop","url":"https:\/\/dev.x-bar.co\/de\/","logo":{"@type":"ImageObject","inLanguage":"de","@id":"https:\/\/dev.x-bar.co\/de\/#\/schema\/logo\/image\/","url":"https:\/\/dev.x-bar.co\/wp-content\/uploads\/2022\/07\/xbar-logo.svg","contentUrl":"https:\/\/dev.x-bar.co\/wp-content\/uploads\/2022\/07\/xbar-logo.svg","width":266,"height":41,"caption":"X-Bar\u00ae - Official Online Shop"},"image":{"@id":"https:\/\/dev.x-bar.co\/de\/#\/schema\/logo\/image\/"}}]}},"jetpack_sharing_enabled":true,"_links":{"self":[{"href":"https:\/\/dev.x-bar.co\/de\/wp-json\/wp\/v2\/pages\/199584","targetHints":{"allow":["GET"]}}],"collection":[{"href":"https:\/\/dev.x-bar.co\/de\/wp-json\/wp\/v2\/pages"}],"about":[{"href":"https:\/\/dev.x-bar.co\/de\/wp-json\/wp\/v2\/types\/page"}],"author":[{"embeddable":true,"href":"https:\/\/dev.x-bar.co\/de\/wp-json\/wp\/v2\/users\/1"}],"replies":[{"embeddable":true,"href":"https:\/\/dev.x-bar.co\/de\/wp-json\/wp\/v2\/comments?post=199584"}],"version-history":[{"count":3,"href":"https:\/\/dev.x-bar.co\/de\/wp-json\/wp\/v2\/pages\/199584\/revisions"}],"predecessor-version":[{"id":231466,"href":"https:\/\/dev.x-bar.co\/de\/wp-json\/wp\/v2\/pages\/199584\/revisions\/231466"}],"wp:attachment":[{"href":"https:\/\/dev.x-bar.co\/de\/wp-json\/wp\/v2\/media?parent=199584"}],"curies":[{"name":"wp","href":"https:\/\/api.w.org\/{rel}","templated":true}]}}