{"id":9516,"date":"2022-09-12T11:47:59","date_gmt":"2022-09-12T09:47:59","guid":{"rendered":"https:\/\/x-bar.co\/conditions-generales-de-vente\/"},"modified":"2023-12-06T09:48:44","modified_gmt":"2023-12-06T08:48:44","slug":"verkaufsbedingungen","status":"publish","type":"page","link":"https:\/\/dev.x-bar.co\/de\/verkaufsbedingungen\/","title":{"rendered":"VERKAUFSBEDINGUNGEN"},"content":{"rendered":"<div class=\"policy-title\">\n<h1><span class=\"policy-1 title-terms\">ALLGEMEINE VERKAUFSBEDINGUNGEN<\/span><\/h1>\n<h2>PR\u00c4AMBEL<\/h2>\n<p>    Diese &#8222;Allgemeinen Verkaufsbedingungen&#8220; gelten f\u00fcr rechtliche Vorg\u00e4nge, die sich auf Produkte beziehen, die von <strong style=\"font-size: 16px;\">X-Bar<\/strong> an Kunden in seinem virtuellen Gesch\u00e4ft verkauft werden.\n<\/div>\n<div class=\"policy-body\">\n<div class=\"policy-1 policy-body-single content-terms\">\n<h2>DEFINITIONEN:<\/h2>\n<p>Die folgenden W\u00f6rter oder Ausdr\u00fccke haben im Rahmen dieser Bedingungen die folgende Bedeutung:<\/p>\n<ul>\n<li>Internetgesch\u00e4ft: bezieht sich auf die Website, auf der die Produkte pr\u00e4sentiert und an Kunden verkauft werden.<\/li>\n<li>Bestellung: bezeichnet den zwischen und dem Kunden des Internetgesch\u00e4fts geschlossenen Kaufvertrag.<\/li>\n<li>Produktblatt: bezeichnet die klassifizierten Informationen zu einem Produkt, die von bei der Vermarktung dieses Produkts in seinem Internetgesch\u00e4ft bereitgestellt werden.<\/li>\n<li>Produkte: bezeichnet alle Waren und Dienstleistungen, die von in seinem Internetgesch\u00e4ft zum Verkauf angeboten werden.<\/li>\n<li>Dienstleistung: bezeichnet den Verkauf von Produkten durch an Kunden seines Internetgesch\u00e4fts.<\/li>\n<li>Transaktion: bezeichnet alle Vorg\u00e4nge, sicheren Prozesse, Genehmigungen und Vereinbarungen, die mit der Zahlung des Preises der per Kreditkarte bestellten Produkte zusammenh\u00e4ngen.<\/li>\n<\/ul>\n<h2>ARTIKEL 1 \u2013 ZWECK<\/h2>\n<p>Diese Allgemeinen Verkaufsbedingungen haben zum Ziel, die Bedingungen zu definieren, zu denen <strong style=\"font-size: 16px;\">X-Bar<\/strong> seine Produkte Kunden anbietet und verkauft. Diese allgemeinen Verkaufsbedingungen haben Vorrang vor allen anderen Bedingungen, die in einem anderen Dokument erscheinen, es sei denn, dies wurde zuvor ausdr\u00fccklich und schriftlich aufgehoben.<\/p>\n<h2>ARTIKEL 2 \u2013 AKZEPTANZ DER BEDINGUNGEN<\/h2>\n<p>Der Kunde erkennt an, diese allgemeinen Verkaufsbedingungen zum Zeitpunkt der Bestellung gelesen zu haben, und erkl\u00e4rt ausdr\u00fccklich, sie ohne Vorbehalt zu akzeptieren.<\/p>\n<p>Diese allgemeinen Verkaufsbedingungen regeln das Vertragsverh\u00e4ltnis zwischen und seinem Kunden, wobei beide Parteien sie ohne Vorbehalt akzeptieren.<\/p>\n<h2>ARTIKEL 3 \u2013 PRODUKTE<\/h2>\n<p>Die Mehrheit der von <strong style=\"font-size: 16px;\">X-Bar<\/strong> seinen Kunden angebotenen Produkte sind sofort verf\u00fcgbar.<\/p>\n<p>Es kann jedoch sein, dass nicht alle von vermarkteten Produkte zwangsl\u00e4ufig online verkauft werden k\u00f6nnen.<\/p>\n<h2>ARTIKEL 4 \u2013 BESTELLUNG<\/h2>\n<p>Automatische Aufzeichnungssysteme gelten als Nachweis f\u00fcr die Art, den Inhalt und das Datum der Bestellung.<\/p>\n<p><strong><strong style=\"font-size: 16px;\">X-Bar<\/strong> <\/strong>best\u00e4tigt die Akzeptanz der Bestellung durch den Kunden, indem eine Best\u00e4tigungsnachricht an die vom Kunden angegebene E-Mail-Adresse gesendet wird. Der Verkauf kommt erst mit dem Versand dieser Auftragsbest\u00e4tigung zustande.<\/p>\n<p><strong><strong style=\"font-size: 16px;\">X-Bar<\/strong> <\/strong>beh\u00e4lt sich das Recht vor, eine Bestellung eines Kunden abzulehnen oder zu stornieren, insbesondere im Falle der Zahlungsunf\u00e4higkeit des Kunden oder im Falle eines Zahlungsausfalls der betreffenden Bestellung oder einer vorherigen Lieferung oder bei Meinungsverschiedenheiten hinsichtlich der Zahlung einer vorherigen Bestellung.<\/p>\n<p>Die vom Kunden bei der Eingabe der Informationen zu seiner Bestellung gemachten Angaben verpflichten diesen. <strong style=\"font-size: 16px;\">X-Bar<\/strong><strong>\u00a0<\/strong>kann nicht f\u00fcr Fehler des Kunden bei der Angabe der Koordinaten des Empf\u00e4ngers der Bestellung (Lieferadresse, Rechnungsadresse insbesondere) und f\u00fcr Lieferverz\u00f6gerungen oder die Unm\u00f6glichkeit, die bestellten Produkte zu liefern, verantwortlich gemacht werden, die solche Fehler verursachen k\u00f6nnten.<\/p>\n<h2>ARTIKEL 5 \u2013 LIEFERUNG<\/h2>\n<p>Nach Best\u00e4tigung der Bestellung und bei vollst\u00e4ndiger Zahlung des Preises der bestellten Produkte verpflichtet sich <strong style=\"font-size: 16px;\">X-Bar<\/strong><strong>\u00a0<\/strong>, die bestellten Produkte an die Lieferadresse innerhalb eines zum Zeitpunkt der Auswahl des Transportsmodus der Bestellung angegebenen Zeitraums zu versenden, sofern nicht anders angegeben.<\/p>\n<p>Alle in Bestellungen bei <strong style=\"font-size: 16px;\">X-Bar<\/strong><strong>\u00a0<\/strong>angegebenen Produkte sind f\u00fcr den pers\u00f6nlichen Gebrauch der Kunden oder der Empf\u00e4nger bestimmt, deren Name an der Lieferadresse angegeben ist.<\/p>\n<p>Der Kunde verpflichtet sich, gegebenenfalls alle Steuern, Geb\u00fchren, Steuern und sonstigen Kosten, die bei der Lieferung dieser Produkte selbst anfallen, bei Erhalt zu zahlen. Die gemeinsame Haftung von <strong style=\"font-size: 16px;\">X-Bar<\/strong><strong>\u00a0<\/strong>kann zu keinem Zeitpunkt aus diesem Grund geltend gemacht werden.<\/p>\n<p>Die Kunden oder Empf\u00e4nger der Produkte sind zu keinem teilweisen oder vollst\u00e4ndigen Weiterverkauf der Produkte berechtigt.<\/p>\n<p>Die Lieferung erfolgt per La Poste Suivi, Colissimo, Lettre Max oder per anderem Spediteur nach unserer Wahl.<\/p>\n<p>Unsere Lieferpreise finden Sie unter &#8222;Lieferung&#8220; im Fu\u00dfbereich unserer Website.<\/p>\n<p>Im Falle einer Lieferverz\u00f6gerung von mehr als sieben (7) Tagen kann der Kunde, sofern er dies w\u00fcnscht und es sich nicht um h\u00f6here Gewalt handelt, den Kaufvertrag per Einschreiben mit R\u00fcckschein k\u00fcndigen. Dieses Recht muss jedoch innerhalb von sechzig (60) Arbeitstagen nach dem urspr\u00fcnglich im Vertrag vorgesehenen Lieferdatum ausge\u00fcbt werden.<\/p>\n<p>Nach Erhalt der bestellten Produkte muss der Kunde oder der Empf\u00e4nger die ordnungsgem\u00e4\u00dfe Funktion des gelieferten Guts \u00fcberpr\u00fcfen und die Gebrauchsanweisung lesen, die ihm zur Verf\u00fcgung gestellt wird.<\/p>\n<p>Im Falle von einem oder mehreren fehlenden oder besch\u00e4digten bestellten Produkten muss der Kunde oder der Empf\u00e4nger eventuelle Vorbehalte gegen\u00fcber dem Spediteur bei Lieferung geltend machen.<\/p>\n<p>Bei offensichtlichen M\u00e4ngeln hat der Kunde das Recht auf R\u00fcckgabe gem\u00e4\u00df den in der Gebrauchsanweisung des Produkts festgelegten Bedingungen.<\/p>\n<p>Aus Gr\u00fcnden der Verf\u00fcgbarkeit der bestellten Produkte kann eine Bestellung in mehreren aufeinanderfolgenden Lieferungen an den Kunden erfolgen.<\/p>\n<p>Wenn der Kunde m\u00f6chte, dass die bestellten Produkte an zwei verschiedene Adressen geliefert werden, muss er zwei separate Bestellungen aufgeben.<\/p>\n<h2>ARTIKEL 6 \u2013 WIDERRUFSRECHT<\/h2>\n<p>Der Kunde hat eine Frist von 7 Tagen ab Erhalt der bestellten Produkte, um diese an <strong style=\"font-size: 16px;\">X-Bar<\/strong><strong>\u00a0<\/strong>zur\u00fcckzusenden, um einen Umtausch oder eine R\u00fcckerstattung zu erhalten. In diesem Fall muss der Kunde die neuen, unversehrten Produkte zusammen mit allen eventuellen Zubeh\u00f6rteilen, Gebrauchsanleitungen und Unterlagen an folgende Adresse zur\u00fccksenden:<\/p>\n<p><strong style=\"font-size: 16px;\">X-Bar<\/strong><br \/>\n        19 Boulevard Ney,<br \/>\n        75018 PARIS<br \/>\n        FRANKREICH<\/p>\n<p>Im Falle der Aus\u00fcbung des Widerrufsrechts verpflichtet sich <strong style=\"font-size: 16px;\">X-Bar<\/strong><strong>\u00a0<\/strong>, dem Kunden die gezahlten Betr\u00e4ge kostenlos zur\u00fcckzuerstatten, mit Ausnahme der R\u00fccksendekosten.<\/p>\n<p>Die R\u00fcckerstattung erfolgt innerhalb einer H\u00f6chstfrist von 30 Tagen.<\/p>\n<h2>ARTIKEL 7 \u2013 ABONNEMENTS: STORNIERUNG UND R\u00dcCKERSTATTUNG<\/h2>\n<p>Ein R\u00fcckerstattungsantrag muss innerhalb von 7 Tagen nach Zahlung gestellt werden. Falls die bestellten Produkte bereits versandt wurden, muss der Kunde die neuen und intakten Produkte an folgende Adresse zur\u00fccksenden:<\/p>\n<p><strong style=\"font-size: 16px;\">X-Bar<\/strong><br \/>\n        19 Boulevard Ney,<br \/>\n        75018 PARIS<br \/>\n        FRANKREICH<\/p>\n<p>Die Anfrage auf Stornierung und R\u00fcckerstattung beendet automatisch Ihr Abonnement, es sei denn, der Kunde fordert dies ausdr\u00fccklich unter der Adresse <strong>support@x-bar.co<\/strong>.<\/p>\n<p>Im Falle der Aus\u00fcbung des Widerrufsrechts verpflichtet sich <strong style=\"font-size: 16px;\">X-Bar<\/strong>, die Betr\u00e4ge, die vom Kunden gezahlt wurden, kostenlos zur\u00fcckzuerstatten, mit Ausnahme der R\u00fccksendekosten, falls vorhanden.<\/p>\n<p>Die R\u00fcckerstattung erfolgt innerhalb einer H\u00f6chstfrist von 30 Tagen.<\/p>\n<h2>ARTIKEL 8 \u2013 PREIS<\/h2>\n<p>Der Preis wird in Euro angegeben.<\/p>\n<p>Der auf den Produktbl\u00e4ttern angegebene Preis enth\u00e4lt nicht die transportbedingten Kosten.<\/p>\n<p>Der in der Bestellbest\u00e4tigung angegebene Preis ist der endg\u00fcltige Preis, einschlie\u00dflich aller Steuern und inklusive Mehrwertsteuer. Dieser Preis enth\u00e4lt den Preis der Produkte, die Kosten f\u00fcr die Bearbeitung, Verpackung und Lagerung der Produkte sowie die Kosten f\u00fcr den Transport und die Inbetriebnahme.<\/p>\n<h2>ARTIKEL 9 \u2013 ZAHLUNG<\/h2>\n<p>Der dem Kunden in Rechnung gestellte Preis entspricht dem auf der von <strong style=\"font-size: 16px;\">X-Bar<\/strong> gesendeten Bestellbest\u00e4tigung angegebenen Preis.<\/p>\n<p>Der Preis der Produkte ist am Tag der effektiven Bestellung in bar per einem der auf der Website angebotenen Zahlungsmittel zahlbar.<\/p>\n<p>Die vom Kunden validierte Bestellung gilt erst dann als wirksam, wenn das sichere Zahlungszentrum der Bank der Transaktion zugestimmt hat und gegebenenfalls nach Annahme der Risikodeckung durch den Versicherer.<\/p>\n<h2>ARTIKEL 10 \u2013 ANWENDBARES RECHT<\/h2>\n<p>Diese allgemeinen Verkaufsbedingungen unterliegen dem franz\u00f6sischen Recht.<\/p>\n<h2>ARTIKEL 11 \u2013 HAFTUNG<\/h2>\n<p><strong><strong style=\"font-size: 16px;\">X-Bar<\/strong> <\/strong>\u00fcbernimmt keine Verantwortung f\u00fcr Sch\u00e4den jeglicher Art, sei es materieller, immaterieller oder k\u00f6rperlicher Natur, die aus einer fehlerhaften Funktion oder unsachgem\u00e4\u00dfen Nutzung der vermarkteten Produkte resultieren k\u00f6nnten.<\/p>\n<p>Die Haftung von <strong style=\"font-size: 16px;\">X-Bar<\/strong> ist in jedem Fall auf den Betrag der Bestellung begrenzt. Im Falle von Schwierigkeiten bei der Umsetzung dieses Vertrags behalten sich der Kunde und <strong style=\"font-size: 16px;\">X-Bar<\/strong> vor, vor einer rechtlichen Auseinandersetzung eine g\u00fctliche Einigung zu suchen.<\/p>\n<p>Im Falle von professionellen Kunden ist das Handelsgericht von PARIS, unabh\u00e4ngig vom Lieferort und der akzeptierten Zahlungsmethode, ausschlie\u00dflich zust\u00e4ndig.<\/p>\n<h2>ARTIKEL 12 \u2013 GARANTIE<\/h2>\n<p>In jedem Fall kann <strong style=\"font-size: 16px;\">X-Bar<\/strong> nicht f\u00fcr die Nichteinhaltung der geltenden gesetzlichen Bestimmungen im Empfangsland verantwortlich gemacht werden. Die Haftung von <strong style=\"font-size: 16px;\">X-Bar<\/strong> ist systematisch auf den Wert des betroffenen Produkts zum Zeitpunkt des Verkaufs beschr\u00e4nkt, ohne M\u00f6glichkeit der R\u00fcckgriffs auf die Marke oder das produzierende Unternehmen.<\/p>\n<p>Der Kunde kann den Kundenservice telefonisch (wie in der Kopfzeile der Website angegeben) oder per E-Mail unter der Adresse support@x-bar.co kontaktieren.<br \/>\nAntwort: 48 Stunden.<\/p>\n<h2>ARTIKEL 13 \u2013 RECHTLICHE INFORMATIONEN<\/h2>\n<p>Die Bereitstellung der f\u00fcr den Fernverkauf gesammelten personenbezogenen Informationen ist obligatorisch, da diese Informationen f\u00fcr die Bearbeitung und den Versand von Bestellungen, die Erstellung von Rechnungen und Garantievertr\u00e4gen unerl\u00e4sslich sind. Das Nichtausf\u00fcllen f\u00fchrt zur Nichtvalidierung der Bestellung.<\/p>\n<p>Gem\u00e4\u00df dem Gesetz &#8222;Informatik und Freiheiten&#8220; wurde die Verarbeitung der personenbezogenen Informationen der Kunden bei der Commission Nationale de l&#8217;Informatique et des Libert\u00e9s (CNIL) gemeldet.<\/p>\n<p>Der Kunde hat (gem\u00e4\u00df Artikel 34 des Gesetzes vom 6. Januar 1978) das Recht auf Zugang, \u00c4nderung, Berichtigung und L\u00f6schung seiner Daten, das er gegen\u00fcber <strong style=\"font-size: 16px;\">X-Bar<\/strong> geltend machen kann. Dar\u00fcber hinaus verpflichtet sich <strong style=\"font-size: 16px;\">X-Bar<\/strong>, die Kontaktdaten seiner Kunden nicht kostenlos oder gegen Entgelt an Dritte weiterzugeben.<\/p>\n<\/div>\n<\/div>\n","protected":false},"excerpt":{"rendered":"<p>ALLGEMEINE VERKAUFSBEDINGUNGEN PR\u00c4AMBEL Diese &#8222;Allgemeinen Verkaufsbedingungen&#8220; gelten f\u00fcr rechtliche Vorg\u00e4nge, die sich auf Produkte beziehen, die von X-Bar an Kunden in seinem virtuellen Gesch\u00e4ft verkauft werden. DEFINITIONEN: Die folgenden W\u00f6rter oder Ausdr\u00fccke <a href=\"https:\/\/dev.x-bar.co\/de\/verkaufsbedingungen\/\" class=\"more-link\">&#8230;<span class=\"screen-reader-text\">  VERKAUFSBEDINGUNGEN<\/span><\/a><\/p>\n","protected":false},"author":1,"featured_media":0,"parent":0,"menu_order":0,"comment_status":"closed","ping_status":"closed","template":"","meta":{"_acf_changed":false,"footnotes":""},"class_list":["post-9516","page","type-page","status-publish","hentry"],"acf":[],"yoast_head":"<!-- This site is optimized with the Yoast SEO Premium plugin v25.7.1 (Yoast SEO v27.3) - https:\/\/yoast.com\/product\/yoast-seo-premium-wordpress\/ -->\n<title>VERKAUFSBEDINGUNGEN - X-Bar\u00ae - Offizieller Online-Shop<\/title>\n<meta name=\"robots\" content=\"noindex, follow\" \/>\n<meta property=\"og:locale\" content=\"de_DE\" \/>\n<meta property=\"og:type\" content=\"article\" \/>\n<meta property=\"og:title\" content=\"VERKAUFSBEDINGUNGEN\" \/>\n<meta property=\"og:description\" content=\"ALLGEMEINE VERKAUFSBEDINGUNGEN PR\u00c4AMBEL Diese &#8222;Allgemeinen Verkaufsbedingungen&#8220; gelten f\u00fcr rechtliche Vorg\u00e4nge, die sich auf Produkte beziehen, die von X-Bar an Kunden in seinem virtuellen Gesch\u00e4ft verkauft werden. DEFINITIONEN: Die folgenden W\u00f6rter oder Ausdr\u00fccke ... VERKAUFSBEDINGUNGEN\" \/>\n<meta property=\"og:url\" content=\"https:\/\/dev.x-bar.co\/de\/verkaufsbedingungen\/\" \/>\n<meta property=\"og:site_name\" content=\"X-Bar\u00ae - Offizieller Online-Shop\" \/>\n<meta property=\"article:modified_time\" content=\"2023-12-06T08:48:44+00:00\" \/>\n<meta property=\"og:image\" content=\"https:\/\/dev.x-bar.co\/wp-content\/uploads\/2023\/06\/xbar-metaimage.jpg\" \/>\n\t<meta property=\"og:image:width\" content=\"1200\" \/>\n\t<meta property=\"og:image:height\" content=\"765\" \/>\n\t<meta property=\"og:image:type\" content=\"image\/jpeg\" \/>\n<meta name=\"twitter:card\" content=\"summary_large_image\" \/>\n<meta name=\"twitter:label1\" content=\"Gesch\u00e4tzte Lesezeit\" \/>\n\t<meta name=\"twitter:data1\" content=\"5\u00a0Minuten\" \/>\n<script type=\"application\/ld+json\" class=\"yoast-schema-graph\">{\"@context\":\"https:\\\/\\\/schema.org\",\"@graph\":[{\"@type\":\"WebPage\",\"@id\":\"https:\\\/\\\/dev.x-bar.co\\\/de\\\/verkaufsbedingungen\\\/\",\"url\":\"https:\\\/\\\/dev.x-bar.co\\\/de\\\/verkaufsbedingungen\\\/\",\"name\":\"VERKAUFSBEDINGUNGEN - X-Bar\u00ae - Offizieller Online-Shop\",\"isPartOf\":{\"@id\":\"https:\\\/\\\/dev.x-bar.co\\\/de\\\/#website\"},\"datePublished\":\"2022-09-12T09:47:59+00:00\",\"dateModified\":\"2023-12-06T08:48:44+00:00\",\"breadcrumb\":{\"@id\":\"https:\\\/\\\/dev.x-bar.co\\\/de\\\/verkaufsbedingungen\\\/#breadcrumb\"},\"inLanguage\":\"de\",\"potentialAction\":[{\"@type\":\"ReadAction\",\"target\":[\"https:\\\/\\\/dev.x-bar.co\\\/de\\\/verkaufsbedingungen\\\/\"]}]},{\"@type\":\"BreadcrumbList\",\"@id\":\"https:\\\/\\\/dev.x-bar.co\\\/de\\\/verkaufsbedingungen\\\/#breadcrumb\",\"itemListElement\":[{\"@type\":\"ListItem\",\"position\":1,\"name\":\"Accueil\",\"item\":\"https:\\\/\\\/dev.x-bar.co\\\/de\\\/\"},{\"@type\":\"ListItem\",\"position\":2,\"name\":\"VERKAUFSBEDINGUNGEN\"}]},{\"@type\":\"WebSite\",\"@id\":\"https:\\\/\\\/dev.x-bar.co\\\/de\\\/#website\",\"url\":\"https:\\\/\\\/dev.x-bar.co\\\/de\\\/\",\"name\":\"X-Bar\u00ae - Official Online Shop\",\"description\":\"Official X-Bar online shop. Best Vaping Devices Worlwide. Vaping pods, puff, eliquids, open pods system devices...\",\"publisher\":{\"@id\":\"https:\\\/\\\/dev.x-bar.co\\\/de\\\/#organization\"},\"potentialAction\":[{\"@type\":\"SearchAction\",\"target\":{\"@type\":\"EntryPoint\",\"urlTemplate\":\"https:\\\/\\\/dev.x-bar.co\\\/de\\\/?s={search_term_string}\"},\"query-input\":{\"@type\":\"PropertyValueSpecification\",\"valueRequired\":true,\"valueName\":\"search_term_string\"}}],\"inLanguage\":\"de\"},{\"@type\":\"Organization\",\"@id\":\"https:\\\/\\\/dev.x-bar.co\\\/de\\\/#organization\",\"name\":\"X-Bar\u00ae - Official Online Shop\",\"url\":\"https:\\\/\\\/dev.x-bar.co\\\/de\\\/\",\"logo\":{\"@type\":\"ImageObject\",\"inLanguage\":\"de\",\"@id\":\"https:\\\/\\\/dev.x-bar.co\\\/de\\\/#\\\/schema\\\/logo\\\/image\\\/\",\"url\":\"https:\\\/\\\/dev.x-bar.co\\\/wp-content\\\/uploads\\\/2022\\\/07\\\/xbar-logo.svg\",\"contentUrl\":\"https:\\\/\\\/dev.x-bar.co\\\/wp-content\\\/uploads\\\/2022\\\/07\\\/xbar-logo.svg\",\"width\":266,\"height\":41,\"caption\":\"X-Bar\u00ae - Official Online Shop\"},\"image\":{\"@id\":\"https:\\\/\\\/dev.x-bar.co\\\/de\\\/#\\\/schema\\\/logo\\\/image\\\/\"}}]}<\/script>\n<!-- \/ Yoast SEO Premium plugin. -->","yoast_head_json":{"title":"VERKAUFSBEDINGUNGEN - X-Bar\u00ae - Offizieller Online-Shop","robots":{"index":"noindex","follow":"follow"},"og_locale":"de_DE","og_type":"article","og_title":"VERKAUFSBEDINGUNGEN","og_description":"ALLGEMEINE VERKAUFSBEDINGUNGEN PR\u00c4AMBEL Diese &#8222;Allgemeinen Verkaufsbedingungen&#8220; gelten f\u00fcr rechtliche Vorg\u00e4nge, die sich auf Produkte beziehen, die von X-Bar an Kunden in seinem virtuellen Gesch\u00e4ft verkauft werden. DEFINITIONEN: Die folgenden W\u00f6rter oder Ausdr\u00fccke ... VERKAUFSBEDINGUNGEN","og_url":"https:\/\/dev.x-bar.co\/de\/verkaufsbedingungen\/","og_site_name":"X-Bar\u00ae - Offizieller Online-Shop","article_modified_time":"2023-12-06T08:48:44+00:00","og_image":[{"width":1200,"height":765,"url":"https:\/\/dev.x-bar.co\/wp-content\/uploads\/2023\/06\/xbar-metaimage.jpg","type":"image\/jpeg"}],"twitter_card":"summary_large_image","twitter_misc":{"Gesch\u00e4tzte Lesezeit":"5\u00a0Minuten"},"schema":{"@context":"https:\/\/schema.org","@graph":[{"@type":"WebPage","@id":"https:\/\/dev.x-bar.co\/de\/verkaufsbedingungen\/","url":"https:\/\/dev.x-bar.co\/de\/verkaufsbedingungen\/","name":"VERKAUFSBEDINGUNGEN - X-Bar\u00ae - Offizieller Online-Shop","isPartOf":{"@id":"https:\/\/dev.x-bar.co\/de\/#website"},"datePublished":"2022-09-12T09:47:59+00:00","dateModified":"2023-12-06T08:48:44+00:00","breadcrumb":{"@id":"https:\/\/dev.x-bar.co\/de\/verkaufsbedingungen\/#breadcrumb"},"inLanguage":"de","potentialAction":[{"@type":"ReadAction","target":["https:\/\/dev.x-bar.co\/de\/verkaufsbedingungen\/"]}]},{"@type":"BreadcrumbList","@id":"https:\/\/dev.x-bar.co\/de\/verkaufsbedingungen\/#breadcrumb","itemListElement":[{"@type":"ListItem","position":1,"name":"Accueil","item":"https:\/\/dev.x-bar.co\/de\/"},{"@type":"ListItem","position":2,"name":"VERKAUFSBEDINGUNGEN"}]},{"@type":"WebSite","@id":"https:\/\/dev.x-bar.co\/de\/#website","url":"https:\/\/dev.x-bar.co\/de\/","name":"X-Bar\u00ae - Official Online Shop","description":"Official X-Bar online shop. Best Vaping Devices Worlwide. Vaping pods, puff, eliquids, open pods system devices...","publisher":{"@id":"https:\/\/dev.x-bar.co\/de\/#organization"},"potentialAction":[{"@type":"SearchAction","target":{"@type":"EntryPoint","urlTemplate":"https:\/\/dev.x-bar.co\/de\/?s={search_term_string}"},"query-input":{"@type":"PropertyValueSpecification","valueRequired":true,"valueName":"search_term_string"}}],"inLanguage":"de"},{"@type":"Organization","@id":"https:\/\/dev.x-bar.co\/de\/#organization","name":"X-Bar\u00ae - Official Online Shop","url":"https:\/\/dev.x-bar.co\/de\/","logo":{"@type":"ImageObject","inLanguage":"de","@id":"https:\/\/dev.x-bar.co\/de\/#\/schema\/logo\/image\/","url":"https:\/\/dev.x-bar.co\/wp-content\/uploads\/2022\/07\/xbar-logo.svg","contentUrl":"https:\/\/dev.x-bar.co\/wp-content\/uploads\/2022\/07\/xbar-logo.svg","width":266,"height":41,"caption":"X-Bar\u00ae - Official Online Shop"},"image":{"@id":"https:\/\/dev.x-bar.co\/de\/#\/schema\/logo\/image\/"}}]}},"jetpack_sharing_enabled":true,"_links":{"self":[{"href":"https:\/\/dev.x-bar.co\/de\/wp-json\/wp\/v2\/pages\/9516","targetHints":{"allow":["GET"]}}],"collection":[{"href":"https:\/\/dev.x-bar.co\/de\/wp-json\/wp\/v2\/pages"}],"about":[{"href":"https:\/\/dev.x-bar.co\/de\/wp-json\/wp\/v2\/types\/page"}],"author":[{"embeddable":true,"href":"https:\/\/dev.x-bar.co\/de\/wp-json\/wp\/v2\/users\/1"}],"replies":[{"embeddable":true,"href":"https:\/\/dev.x-bar.co\/de\/wp-json\/wp\/v2\/comments?post=9516"}],"version-history":[{"count":0,"href":"https:\/\/dev.x-bar.co\/de\/wp-json\/wp\/v2\/pages\/9516\/revisions"}],"wp:attachment":[{"href":"https:\/\/dev.x-bar.co\/de\/wp-json\/wp\/v2\/media?parent=9516"}],"curies":[{"name":"wp","href":"https:\/\/api.w.org\/{rel}","templated":true}]}}