{"id":12597,"date":"2023-09-18T16:32:41","date_gmt":"2023-09-18T14:32:41","guid":{"rendered":"https:\/\/x-bar.co\/?post_type=product&#038;p=12597"},"modified":"2024-09-11T20:42:56","modified_gmt":"2024-09-11T18:42:56","slug":"e-liquid-50ml-ice-grape","status":"publish","type":"product","link":"https:\/\/dev.x-bar.co\/de\/boutique\/geschmackssorten\/frucht\/e-liquid-50ml-ice-grape\/","title":{"rendered":"E-liquid 50ml Ice Grape"},"content":{"rendered":"","protected":false},"excerpt":{"rendered":"<p><strong>Nur 0mg\/ml erh\u00e4ltlich.<\/strong><\/p>\n<p>Sind Sie auf der Suche nach einem fruchtigen und s\u00fc\u00dfen Vape-Saft, der Lust aufs Dampfen macht? Suchen Sie nicht weiter als Ice Grape. Dieser kraftvolle Geschmack ist perfekt f\u00fcr diejenigen, die nach einer besseren Alternative zu S\u00e4ften auf Fruchtbasis suchen.<\/p>\n","protected":false},"featured_media":12527,"template":"","meta":{"_acf_changed":false},"product_brand":[],"product_cat":[170,542],"product_tag":[],"class_list":{"0":"post-12597","1":"product","2":"type-product","3":"status-publish","4":"has-post-thumbnail","6":"product_cat-frucht","7":"product_cat-e-liquid-50ml-de","9":"first","10":"instock","11":"taxable","12":"shipping-taxable","13":"purchasable","14":"product-type-variable","15":"has-default-attributes"},"composite_virtual":false,"composite_layout":"","composite_add_to_cart_form_location":"","composite_editable_in_cart":false,"composite_sold_individually_context":"","composite_shop_price_calc":"","composite_components":[],"composite_scenarios":[],"acf":[],"yoast_head":"<!-- This site is optimized with the Yoast SEO Premium plugin v25.7.1 (Yoast SEO v27.3) - https:\/\/yoast.com\/product\/yoast-seo-premium-wordpress\/ -->\n<title>E-liquid 50ml Ice Grape - X-Bar\u00ae - Offizieller Online-Shop<\/title>\n<meta name=\"robots\" content=\"index, follow, max-snippet:-1, max-image-preview:large, max-video-preview:-1\" \/>\n<link rel=\"canonical\" href=\"https:\/\/dev.x-bar.co\/de\/boutique\/geschmackssorten\/frucht\/e-liquid-50ml-ice-grape\/\" \/>\n<meta property=\"og:locale\" content=\"de_DE\" \/>\n<meta property=\"og:type\" content=\"article\" \/>\n<meta property=\"og:title\" content=\"E-liquid 50ml Ice Grape\" \/>\n<meta property=\"og:description\" content=\"Nur 0mg\/ml erh\u00e4ltlich.  Sind Sie auf der Suche nach einem fruchtigen und s\u00fc\u00dfen Vape-Saft, der Lust aufs Dampfen macht? Suchen Sie nicht weiter als Ice Grape. Dieser kraftvolle Geschmack ist perfekt f\u00fcr diejenigen, die nach einer besseren Alternative zu S\u00e4ften auf Fruchtbasis suchen.\" \/>\n<meta property=\"og:url\" content=\"https:\/\/dev.x-bar.co\/de\/boutique\/geschmackssorten\/frucht\/e-liquid-50ml-ice-grape\/\" \/>\n<meta property=\"og:site_name\" content=\"X-Bar\u00ae - Offizieller Online-Shop\" \/>\n<meta property=\"article:modified_time\" content=\"2024-09-11T18:42:56+00:00\" \/>\n<meta property=\"og:image\" content=\"https:\/\/dev.x-bar.co\/wp-content\/uploads\/2022\/11\/eliquide-50ml-icegrape.png\" \/>\n\t<meta property=\"og:image:width\" content=\"800\" \/>\n\t<meta property=\"og:image:height\" content=\"800\" \/>\n\t<meta property=\"og:image:type\" content=\"image\/png\" \/>\n<meta name=\"twitter:card\" content=\"summary_large_image\" \/>\n<meta name=\"twitter:label1\" content=\"Verf\u00fcgbarkeit\" \/>\n\t<meta name=\"twitter:data1\" content=\"Auf Lager\" \/>\n<script type=\"application\/ld+json\" class=\"yoast-schema-graph\">{\"@context\":\"https:\\\/\\\/schema.org\",\"@graph\":[{\"@type\":\"WebPage\",\"@id\":\"https:\\\/\\\/dev.x-bar.co\\\/de\\\/boutique\\\/geschmackssorten\\\/frucht\\\/e-liquid-50ml-ice-grape\\\/\",\"url\":\"https:\\\/\\\/dev.x-bar.co\\\/de\\\/boutique\\\/geschmackssorten\\\/frucht\\\/e-liquid-50ml-ice-grape\\\/\",\"name\":\"E-liquid 50ml Ice Grape - X-Bar\u00ae - Offizieller Online-Shop\",\"isPartOf\":{\"@id\":\"https:\\\/\\\/dev.x-bar.co\\\/de\\\/#website\"},\"primaryImageOfPage\":{\"@id\":\"https:\\\/\\\/dev.x-bar.co\\\/de\\\/boutique\\\/geschmackssorten\\\/frucht\\\/e-liquid-50ml-ice-grape\\\/#primaryimage\"},\"image\":{\"@id\":\"https:\\\/\\\/dev.x-bar.co\\\/de\\\/boutique\\\/geschmackssorten\\\/frucht\\\/e-liquid-50ml-ice-grape\\\/#primaryimage\"},\"thumbnailUrl\":\"https:\\\/\\\/dev.x-bar.co\\\/wp-content\\\/uploads\\\/2022\\\/11\\\/eliquide-50ml-icegrape.png\",\"datePublished\":\"2023-09-18T14:32:41+00:00\",\"dateModified\":\"2024-09-11T18:42:56+00:00\",\"breadcrumb\":{\"@id\":\"https:\\\/\\\/dev.x-bar.co\\\/de\\\/boutique\\\/geschmackssorten\\\/frucht\\\/e-liquid-50ml-ice-grape\\\/#breadcrumb\"},\"inLanguage\":\"de\",\"potentialAction\":[{\"@type\":\"ReadAction\",\"target\":[\"https:\\\/\\\/dev.x-bar.co\\\/de\\\/boutique\\\/geschmackssorten\\\/frucht\\\/e-liquid-50ml-ice-grape\\\/\"]}]},{\"@type\":\"ImageObject\",\"inLanguage\":\"de\",\"@id\":\"https:\\\/\\\/dev.x-bar.co\\\/de\\\/boutique\\\/geschmackssorten\\\/frucht\\\/e-liquid-50ml-ice-grape\\\/#primaryimage\",\"url\":\"https:\\\/\\\/dev.x-bar.co\\\/wp-content\\\/uploads\\\/2022\\\/11\\\/eliquide-50ml-icegrape.png\",\"contentUrl\":\"https:\\\/\\\/dev.x-bar.co\\\/wp-content\\\/uploads\\\/2022\\\/11\\\/eliquide-50ml-icegrape.png\",\"width\":800,\"height\":800},{\"@type\":\"BreadcrumbList\",\"@id\":\"https:\\\/\\\/dev.x-bar.co\\\/de\\\/boutique\\\/geschmackssorten\\\/frucht\\\/e-liquid-50ml-ice-grape\\\/#breadcrumb\",\"itemListElement\":[{\"@type\":\"ListItem\",\"position\":1,\"name\":\"Accueil\",\"item\":\"https:\\\/\\\/dev.x-bar.co\\\/de\\\/\"},{\"@type\":\"ListItem\",\"position\":2,\"name\":\"Webshop\",\"item\":\"https:\\\/\\\/dev.x-bar.co\\\/boutique\\\/\"},{\"@type\":\"ListItem\",\"position\":3,\"name\":\"E-liquid 50ml Ice Grape\"}]},{\"@type\":\"WebSite\",\"@id\":\"https:\\\/\\\/dev.x-bar.co\\\/de\\\/#website\",\"url\":\"https:\\\/\\\/dev.x-bar.co\\\/de\\\/\",\"name\":\"X-Bar\u00ae - Official Online Shop\",\"description\":\"Official X-Bar online shop. Best Vaping Devices Worlwide. Vaping pods, puff, eliquids, open pods system devices...\",\"publisher\":{\"@id\":\"https:\\\/\\\/dev.x-bar.co\\\/de\\\/#organization\"},\"potentialAction\":[{\"@type\":\"SearchAction\",\"target\":{\"@type\":\"EntryPoint\",\"urlTemplate\":\"https:\\\/\\\/dev.x-bar.co\\\/de\\\/?s={search_term_string}\"},\"query-input\":{\"@type\":\"PropertyValueSpecification\",\"valueRequired\":true,\"valueName\":\"search_term_string\"}}],\"inLanguage\":\"de\"},{\"@type\":\"Organization\",\"@id\":\"https:\\\/\\\/dev.x-bar.co\\\/de\\\/#organization\",\"name\":\"X-Bar\u00ae - Official Online Shop\",\"url\":\"https:\\\/\\\/dev.x-bar.co\\\/de\\\/\",\"logo\":{\"@type\":\"ImageObject\",\"inLanguage\":\"de\",\"@id\":\"https:\\\/\\\/dev.x-bar.co\\\/de\\\/#\\\/schema\\\/logo\\\/image\\\/\",\"url\":\"https:\\\/\\\/dev.x-bar.co\\\/wp-content\\\/uploads\\\/2022\\\/07\\\/xbar-logo.svg\",\"contentUrl\":\"https:\\\/\\\/dev.x-bar.co\\\/wp-content\\\/uploads\\\/2022\\\/07\\\/xbar-logo.svg\",\"width\":266,\"height\":41,\"caption\":\"X-Bar\u00ae - Official Online Shop\"},\"image\":{\"@id\":\"https:\\\/\\\/dev.x-bar.co\\\/de\\\/#\\\/schema\\\/logo\\\/image\\\/\"}}]}<\/script>\n<meta property=\"og:availability\" content=\"instock\" \/>\n<meta property=\"product:availability\" content=\"instock\" \/>\n<meta property=\"product:condition\" content=\"new\" \/>\n<!-- \/ Yoast SEO Premium plugin. -->","yoast_head_json":{"title":"E-liquid 50ml Ice Grape - X-Bar\u00ae - Offizieller Online-Shop","robots":{"index":"index","follow":"follow","max-snippet":"max-snippet:-1","max-image-preview":"max-image-preview:large","max-video-preview":"max-video-preview:-1"},"canonical":"https:\/\/dev.x-bar.co\/de\/boutique\/geschmackssorten\/frucht\/e-liquid-50ml-ice-grape\/","og_locale":"de_DE","og_type":"article","og_title":"E-liquid 50ml Ice Grape","og_description":"Nur 0mg\/ml erh\u00e4ltlich.  Sind Sie auf der Suche nach einem fruchtigen und s\u00fc\u00dfen Vape-Saft, der Lust aufs Dampfen macht? Suchen Sie nicht weiter als Ice Grape. Dieser kraftvolle Geschmack ist perfekt f\u00fcr diejenigen, die nach einer besseren Alternative zu S\u00e4ften auf Fruchtbasis suchen.","og_url":"https:\/\/dev.x-bar.co\/de\/boutique\/geschmackssorten\/frucht\/e-liquid-50ml-ice-grape\/","og_site_name":"X-Bar\u00ae - Offizieller Online-Shop","article_modified_time":"2024-09-11T18:42:56+00:00","og_image":[{"width":800,"height":800,"url":"https:\/\/dev.x-bar.co\/wp-content\/uploads\/2022\/11\/eliquide-50ml-icegrape.png","type":"image\/png"}],"twitter_card":"summary_large_image","twitter_misc":{"Verf\u00fcgbarkeit":"Auf Lager"},"schema":{"@context":"https:\/\/schema.org","@graph":[{"@type":"WebPage","@id":"https:\/\/dev.x-bar.co\/de\/boutique\/geschmackssorten\/frucht\/e-liquid-50ml-ice-grape\/","url":"https:\/\/dev.x-bar.co\/de\/boutique\/geschmackssorten\/frucht\/e-liquid-50ml-ice-grape\/","name":"E-liquid 50ml Ice Grape - X-Bar\u00ae - Offizieller Online-Shop","isPartOf":{"@id":"https:\/\/dev.x-bar.co\/de\/#website"},"primaryImageOfPage":{"@id":"https:\/\/dev.x-bar.co\/de\/boutique\/geschmackssorten\/frucht\/e-liquid-50ml-ice-grape\/#primaryimage"},"image":{"@id":"https:\/\/dev.x-bar.co\/de\/boutique\/geschmackssorten\/frucht\/e-liquid-50ml-ice-grape\/#primaryimage"},"thumbnailUrl":"https:\/\/dev.x-bar.co\/wp-content\/uploads\/2022\/11\/eliquide-50ml-icegrape.png","datePublished":"2023-09-18T14:32:41+00:00","dateModified":"2024-09-11T18:42:56+00:00","breadcrumb":{"@id":"https:\/\/dev.x-bar.co\/de\/boutique\/geschmackssorten\/frucht\/e-liquid-50ml-ice-grape\/#breadcrumb"},"inLanguage":"de","potentialAction":[{"@type":"ReadAction","target":["https:\/\/dev.x-bar.co\/de\/boutique\/geschmackssorten\/frucht\/e-liquid-50ml-ice-grape\/"]}]},{"@type":"ImageObject","inLanguage":"de","@id":"https:\/\/dev.x-bar.co\/de\/boutique\/geschmackssorten\/frucht\/e-liquid-50ml-ice-grape\/#primaryimage","url":"https:\/\/dev.x-bar.co\/wp-content\/uploads\/2022\/11\/eliquide-50ml-icegrape.png","contentUrl":"https:\/\/dev.x-bar.co\/wp-content\/uploads\/2022\/11\/eliquide-50ml-icegrape.png","width":800,"height":800},{"@type":"BreadcrumbList","@id":"https:\/\/dev.x-bar.co\/de\/boutique\/geschmackssorten\/frucht\/e-liquid-50ml-ice-grape\/#breadcrumb","itemListElement":[{"@type":"ListItem","position":1,"name":"Accueil","item":"https:\/\/dev.x-bar.co\/de\/"},{"@type":"ListItem","position":2,"name":"Webshop","item":"https:\/\/dev.x-bar.co\/boutique\/"},{"@type":"ListItem","position":3,"name":"E-liquid 50ml Ice Grape"}]},{"@type":"WebSite","@id":"https:\/\/dev.x-bar.co\/de\/#website","url":"https:\/\/dev.x-bar.co\/de\/","name":"X-Bar\u00ae - Official Online Shop","description":"Official X-Bar online shop. Best Vaping Devices Worlwide. Vaping pods, puff, eliquids, open pods system devices...","publisher":{"@id":"https:\/\/dev.x-bar.co\/de\/#organization"},"potentialAction":[{"@type":"SearchAction","target":{"@type":"EntryPoint","urlTemplate":"https:\/\/dev.x-bar.co\/de\/?s={search_term_string}"},"query-input":{"@type":"PropertyValueSpecification","valueRequired":true,"valueName":"search_term_string"}}],"inLanguage":"de"},{"@type":"Organization","@id":"https:\/\/dev.x-bar.co\/de\/#organization","name":"X-Bar\u00ae - Official Online Shop","url":"https:\/\/dev.x-bar.co\/de\/","logo":{"@type":"ImageObject","inLanguage":"de","@id":"https:\/\/dev.x-bar.co\/de\/#\/schema\/logo\/image\/","url":"https:\/\/dev.x-bar.co\/wp-content\/uploads\/2022\/07\/xbar-logo.svg","contentUrl":"https:\/\/dev.x-bar.co\/wp-content\/uploads\/2022\/07\/xbar-logo.svg","width":266,"height":41,"caption":"X-Bar\u00ae - Official Online Shop"},"image":{"@id":"https:\/\/dev.x-bar.co\/de\/#\/schema\/logo\/image\/"}}]},"og_availability":"instock","product_availability":"instock","product_condition":"new"},"jetpack_sharing_enabled":true,"_links":{"self":[{"href":"https:\/\/dev.x-bar.co\/de\/wp-json\/wp\/v2\/product\/12597","targetHints":{"allow":["GET"]}}],"collection":[{"href":"https:\/\/dev.x-bar.co\/de\/wp-json\/wp\/v2\/product"}],"about":[{"href":"https:\/\/dev.x-bar.co\/de\/wp-json\/wp\/v2\/types\/product"}],"wp:featuredmedia":[{"embeddable":true,"href":"https:\/\/dev.x-bar.co\/de\/wp-json\/wp\/v2\/media\/12527"}],"wp:attachment":[{"href":"https:\/\/dev.x-bar.co\/de\/wp-json\/wp\/v2\/media?parent=12597"}],"wp:term":[{"taxonomy":"product_brand","embeddable":true,"href":"https:\/\/dev.x-bar.co\/de\/wp-json\/wp\/v2\/product_brand?post=12597"},{"taxonomy":"product_cat","embeddable":true,"href":"https:\/\/dev.x-bar.co\/de\/wp-json\/wp\/v2\/product_cat?post=12597"},{"taxonomy":"product_tag","embeddable":true,"href":"https:\/\/dev.x-bar.co\/de\/wp-json\/wp\/v2\/product_tag?post=12597"}],"curies":[{"name":"wp","href":"https:\/\/api.w.org\/{rel}","templated":true}]}}