{"id":143840,"date":"2024-04-29T12:55:38","date_gmt":"2024-04-29T10:55:38","guid":{"rendered":"https:\/\/x-bar.co\/product\/click-puff-pod-blueberry-lemon\/"},"modified":"2025-08-08T14:05:04","modified_gmt":"2025-08-08T12:05:04","slug":"click-puff-pod-blueberry-lemon","status":"publish","type":"product","link":"https:\/\/dev.x-bar.co\/de\/boutique\/x-bar-sortiment\/click-puff-de\/x-bar-click-puff-pod-de\/click-puff-pod-blueberry-lemon\/","title":{"rendered":"Click &#038; Puff &#8211; Pod &#8211; Blueberry Lemon"},"content":{"rendered":"","protected":false},"excerpt":{"rendered":"<p>Blueberry Lemon ist eine verlockende Dampfmischung, die die s\u00fc\u00dfe Essenz reifer Blaubeeren mit der pikanten Note frischer Zitrone kombiniert. Blueberry Lemon wurde f\u00fcr Liebhaber entwickelt, die einen Hauch fruchtigen Genusses mit einem Zitrus-Kick suchen und verspricht eine harmonische Geschmacksverschmelzung, die die Sinne belebt. Erleben Sie mit jedem Zug eine sanfte und erfrischende Dampfreise, denn diese Mischung verbindet nahtlos die S\u00fc\u00dfe von Blaubeeren mit der S\u00e4ure von Zitrone und macht Lust auf mehr.<\/p>\n","protected":false},"featured_media":143777,"template":"","meta":{"_acf_changed":false},"product_brand":[],"product_cat":[170,161],"product_tag":[],"class_list":{"0":"post-143840","1":"product","2":"type-product","3":"status-publish","4":"has-post-thumbnail","6":"product_cat-frucht","7":"product_cat-x-bar-click-puff-pod-de","9":"first","10":"instock","11":"taxable","12":"shipping-taxable","13":"purchasable","14":"product-type-variable","15":"has-default-attributes"},"composite_virtual":false,"composite_layout":"","composite_add_to_cart_form_location":"","composite_editable_in_cart":false,"composite_sold_individually_context":"","composite_shop_price_calc":"","composite_components":[],"composite_scenarios":[],"acf":[],"yoast_head":"<!-- This site is optimized with the Yoast SEO Premium plugin v25.7.1 (Yoast SEO v27.3) - https:\/\/yoast.com\/product\/yoast-seo-premium-wordpress\/ -->\n<title>Click &amp; Puff - Pod - Blueberry Lemon - X-Bar\u00ae - Offizieller Online-Shop<\/title>\n<meta name=\"robots\" content=\"index, follow, max-snippet:-1, max-image-preview:large, max-video-preview:-1\" \/>\n<link rel=\"canonical\" href=\"https:\/\/dev.x-bar.co\/de\/boutique\/x-bar-sortiment\/click-puff-de\/x-bar-click-puff-pod-de\/click-puff-pod-blueberry-lemon\/\" \/>\n<meta property=\"og:locale\" content=\"de_DE\" \/>\n<meta property=\"og:type\" content=\"article\" \/>\n<meta property=\"og:title\" content=\"Click &amp; Puff - Pod - Blueberry Lemon\" \/>\n<meta property=\"og:description\" content=\"Blueberry Lemon ist eine verlockende Dampfmischung, die die s\u00fc\u00dfe Essenz reifer Blaubeeren mit der pikanten Note frischer Zitrone kombiniert. Blueberry Lemon wurde f\u00fcr Liebhaber entwickelt, die einen Hauch fruchtigen Genusses mit einem Zitrus-Kick suchen und verspricht eine harmonische Geschmacksverschmelzung, die die Sinne belebt. Erleben Sie mit jedem Zug eine sanfte und erfrischende Dampfreise, denn diese Mischung verbindet nahtlos die S\u00fc\u00dfe von Blaubeeren mit der S\u00e4ure von Zitrone und macht Lust auf mehr.\" \/>\n<meta property=\"og:url\" content=\"https:\/\/dev.x-bar.co\/de\/boutique\/x-bar-sortiment\/click-puff-de\/x-bar-click-puff-pod-de\/click-puff-pod-blueberry-lemon\/\" \/>\n<meta property=\"og:site_name\" content=\"X-Bar\u00ae - Offizieller Online-Shop\" \/>\n<meta property=\"article:modified_time\" content=\"2025-08-08T12:05:04+00:00\" \/>\n<meta property=\"og:image\" content=\"https:\/\/dev.x-bar.co\/wp-content\/uploads\/2024\/04\/xbar-clickandpuff-pod-blueberrylemon.png\" \/>\n\t<meta property=\"og:image:width\" content=\"650\" \/>\n\t<meta property=\"og:image:height\" content=\"650\" \/>\n\t<meta property=\"og:image:type\" content=\"image\/png\" \/>\n<meta name=\"twitter:card\" content=\"summary_large_image\" \/>\n<meta name=\"twitter:label1\" content=\"Verf\u00fcgbarkeit\" \/>\n\t<meta name=\"twitter:data1\" content=\"Auf Lager\" \/>\n<script type=\"application\/ld+json\" class=\"yoast-schema-graph\">{\"@context\":\"https:\\\/\\\/schema.org\",\"@graph\":[{\"@type\":\"WebPage\",\"@id\":\"https:\\\/\\\/dev.x-bar.co\\\/de\\\/boutique\\\/x-bar-sortiment\\\/click-puff-de\\\/x-bar-click-puff-pod-de\\\/click-puff-pod-blueberry-lemon\\\/\",\"url\":\"https:\\\/\\\/dev.x-bar.co\\\/de\\\/boutique\\\/x-bar-sortiment\\\/click-puff-de\\\/x-bar-click-puff-pod-de\\\/click-puff-pod-blueberry-lemon\\\/\",\"name\":\"Click & Puff - Pod - Blueberry Lemon - X-Bar\u00ae - Offizieller Online-Shop\",\"isPartOf\":{\"@id\":\"https:\\\/\\\/dev.x-bar.co\\\/de\\\/#website\"},\"primaryImageOfPage\":{\"@id\":\"https:\\\/\\\/dev.x-bar.co\\\/de\\\/boutique\\\/x-bar-sortiment\\\/click-puff-de\\\/x-bar-click-puff-pod-de\\\/click-puff-pod-blueberry-lemon\\\/#primaryimage\"},\"image\":{\"@id\":\"https:\\\/\\\/dev.x-bar.co\\\/de\\\/boutique\\\/x-bar-sortiment\\\/click-puff-de\\\/x-bar-click-puff-pod-de\\\/click-puff-pod-blueberry-lemon\\\/#primaryimage\"},\"thumbnailUrl\":\"https:\\\/\\\/dev.x-bar.co\\\/wp-content\\\/uploads\\\/2024\\\/04\\\/xbar-clickandpuff-pod-blueberrylemon.png\",\"datePublished\":\"2024-04-29T10:55:38+00:00\",\"dateModified\":\"2025-08-08T12:05:04+00:00\",\"breadcrumb\":{\"@id\":\"https:\\\/\\\/dev.x-bar.co\\\/de\\\/boutique\\\/x-bar-sortiment\\\/click-puff-de\\\/x-bar-click-puff-pod-de\\\/click-puff-pod-blueberry-lemon\\\/#breadcrumb\"},\"inLanguage\":\"de\",\"potentialAction\":[{\"@type\":\"ReadAction\",\"target\":[\"https:\\\/\\\/dev.x-bar.co\\\/de\\\/boutique\\\/x-bar-sortiment\\\/click-puff-de\\\/x-bar-click-puff-pod-de\\\/click-puff-pod-blueberry-lemon\\\/\"]}]},{\"@type\":\"ImageObject\",\"inLanguage\":\"de\",\"@id\":\"https:\\\/\\\/dev.x-bar.co\\\/de\\\/boutique\\\/x-bar-sortiment\\\/click-puff-de\\\/x-bar-click-puff-pod-de\\\/click-puff-pod-blueberry-lemon\\\/#primaryimage\",\"url\":\"https:\\\/\\\/dev.x-bar.co\\\/wp-content\\\/uploads\\\/2024\\\/04\\\/xbar-clickandpuff-pod-blueberrylemon.png\",\"contentUrl\":\"https:\\\/\\\/dev.x-bar.co\\\/wp-content\\\/uploads\\\/2024\\\/04\\\/xbar-clickandpuff-pod-blueberrylemon.png\",\"width\":650,\"height\":650},{\"@type\":\"BreadcrumbList\",\"@id\":\"https:\\\/\\\/dev.x-bar.co\\\/de\\\/boutique\\\/x-bar-sortiment\\\/click-puff-de\\\/x-bar-click-puff-pod-de\\\/click-puff-pod-blueberry-lemon\\\/#breadcrumb\",\"itemListElement\":[{\"@type\":\"ListItem\",\"position\":1,\"name\":\"Accueil\",\"item\":\"https:\\\/\\\/dev.x-bar.co\\\/de\\\/\"},{\"@type\":\"ListItem\",\"position\":2,\"name\":\"Webshop\",\"item\":\"https:\\\/\\\/dev.x-bar.co\\\/boutique\\\/\"},{\"@type\":\"ListItem\",\"position\":3,\"name\":\"Click &#038; Puff &#8211; Pod &#8211; Blueberry Lemon\"}]},{\"@type\":\"WebSite\",\"@id\":\"https:\\\/\\\/dev.x-bar.co\\\/de\\\/#website\",\"url\":\"https:\\\/\\\/dev.x-bar.co\\\/de\\\/\",\"name\":\"X-Bar\u00ae - Official Online Shop\",\"description\":\"Official X-Bar online shop. Best Vaping Devices Worlwide. Vaping pods, puff, eliquids, open pods system devices...\",\"publisher\":{\"@id\":\"https:\\\/\\\/dev.x-bar.co\\\/de\\\/#organization\"},\"potentialAction\":[{\"@type\":\"SearchAction\",\"target\":{\"@type\":\"EntryPoint\",\"urlTemplate\":\"https:\\\/\\\/dev.x-bar.co\\\/de\\\/?s={search_term_string}\"},\"query-input\":{\"@type\":\"PropertyValueSpecification\",\"valueRequired\":true,\"valueName\":\"search_term_string\"}}],\"inLanguage\":\"de\"},{\"@type\":\"Organization\",\"@id\":\"https:\\\/\\\/dev.x-bar.co\\\/de\\\/#organization\",\"name\":\"X-Bar\u00ae - Official Online Shop\",\"url\":\"https:\\\/\\\/dev.x-bar.co\\\/de\\\/\",\"logo\":{\"@type\":\"ImageObject\",\"inLanguage\":\"de\",\"@id\":\"https:\\\/\\\/dev.x-bar.co\\\/de\\\/#\\\/schema\\\/logo\\\/image\\\/\",\"url\":\"https:\\\/\\\/dev.x-bar.co\\\/wp-content\\\/uploads\\\/2022\\\/07\\\/xbar-logo.svg\",\"contentUrl\":\"https:\\\/\\\/dev.x-bar.co\\\/wp-content\\\/uploads\\\/2022\\\/07\\\/xbar-logo.svg\",\"width\":266,\"height\":41,\"caption\":\"X-Bar\u00ae - Official Online Shop\"},\"image\":{\"@id\":\"https:\\\/\\\/dev.x-bar.co\\\/de\\\/#\\\/schema\\\/logo\\\/image\\\/\"}}]}<\/script>\n<meta property=\"og:availability\" content=\"instock\" \/>\n<meta property=\"product:availability\" content=\"instock\" \/>\n<meta property=\"product:condition\" content=\"new\" \/>\n<!-- \/ Yoast SEO Premium plugin. -->","yoast_head_json":{"title":"Click & Puff - Pod - Blueberry Lemon - X-Bar\u00ae - Offizieller Online-Shop","robots":{"index":"index","follow":"follow","max-snippet":"max-snippet:-1","max-image-preview":"max-image-preview:large","max-video-preview":"max-video-preview:-1"},"canonical":"https:\/\/dev.x-bar.co\/de\/boutique\/x-bar-sortiment\/click-puff-de\/x-bar-click-puff-pod-de\/click-puff-pod-blueberry-lemon\/","og_locale":"de_DE","og_type":"article","og_title":"Click & Puff - Pod - Blueberry Lemon","og_description":"Blueberry Lemon ist eine verlockende Dampfmischung, die die s\u00fc\u00dfe Essenz reifer Blaubeeren mit der pikanten Note frischer Zitrone kombiniert. Blueberry Lemon wurde f\u00fcr Liebhaber entwickelt, die einen Hauch fruchtigen Genusses mit einem Zitrus-Kick suchen und verspricht eine harmonische Geschmacksverschmelzung, die die Sinne belebt. Erleben Sie mit jedem Zug eine sanfte und erfrischende Dampfreise, denn diese Mischung verbindet nahtlos die S\u00fc\u00dfe von Blaubeeren mit der S\u00e4ure von Zitrone und macht Lust auf mehr.","og_url":"https:\/\/dev.x-bar.co\/de\/boutique\/x-bar-sortiment\/click-puff-de\/x-bar-click-puff-pod-de\/click-puff-pod-blueberry-lemon\/","og_site_name":"X-Bar\u00ae - Offizieller Online-Shop","article_modified_time":"2025-08-08T12:05:04+00:00","og_image":[{"width":650,"height":650,"url":"https:\/\/dev.x-bar.co\/wp-content\/uploads\/2024\/04\/xbar-clickandpuff-pod-blueberrylemon.png","type":"image\/png"}],"twitter_card":"summary_large_image","twitter_misc":{"Verf\u00fcgbarkeit":"Auf Lager"},"schema":{"@context":"https:\/\/schema.org","@graph":[{"@type":"WebPage","@id":"https:\/\/dev.x-bar.co\/de\/boutique\/x-bar-sortiment\/click-puff-de\/x-bar-click-puff-pod-de\/click-puff-pod-blueberry-lemon\/","url":"https:\/\/dev.x-bar.co\/de\/boutique\/x-bar-sortiment\/click-puff-de\/x-bar-click-puff-pod-de\/click-puff-pod-blueberry-lemon\/","name":"Click & Puff - Pod - Blueberry Lemon - X-Bar\u00ae - Offizieller Online-Shop","isPartOf":{"@id":"https:\/\/dev.x-bar.co\/de\/#website"},"primaryImageOfPage":{"@id":"https:\/\/dev.x-bar.co\/de\/boutique\/x-bar-sortiment\/click-puff-de\/x-bar-click-puff-pod-de\/click-puff-pod-blueberry-lemon\/#primaryimage"},"image":{"@id":"https:\/\/dev.x-bar.co\/de\/boutique\/x-bar-sortiment\/click-puff-de\/x-bar-click-puff-pod-de\/click-puff-pod-blueberry-lemon\/#primaryimage"},"thumbnailUrl":"https:\/\/dev.x-bar.co\/wp-content\/uploads\/2024\/04\/xbar-clickandpuff-pod-blueberrylemon.png","datePublished":"2024-04-29T10:55:38+00:00","dateModified":"2025-08-08T12:05:04+00:00","breadcrumb":{"@id":"https:\/\/dev.x-bar.co\/de\/boutique\/x-bar-sortiment\/click-puff-de\/x-bar-click-puff-pod-de\/click-puff-pod-blueberry-lemon\/#breadcrumb"},"inLanguage":"de","potentialAction":[{"@type":"ReadAction","target":["https:\/\/dev.x-bar.co\/de\/boutique\/x-bar-sortiment\/click-puff-de\/x-bar-click-puff-pod-de\/click-puff-pod-blueberry-lemon\/"]}]},{"@type":"ImageObject","inLanguage":"de","@id":"https:\/\/dev.x-bar.co\/de\/boutique\/x-bar-sortiment\/click-puff-de\/x-bar-click-puff-pod-de\/click-puff-pod-blueberry-lemon\/#primaryimage","url":"https:\/\/dev.x-bar.co\/wp-content\/uploads\/2024\/04\/xbar-clickandpuff-pod-blueberrylemon.png","contentUrl":"https:\/\/dev.x-bar.co\/wp-content\/uploads\/2024\/04\/xbar-clickandpuff-pod-blueberrylemon.png","width":650,"height":650},{"@type":"BreadcrumbList","@id":"https:\/\/dev.x-bar.co\/de\/boutique\/x-bar-sortiment\/click-puff-de\/x-bar-click-puff-pod-de\/click-puff-pod-blueberry-lemon\/#breadcrumb","itemListElement":[{"@type":"ListItem","position":1,"name":"Accueil","item":"https:\/\/dev.x-bar.co\/de\/"},{"@type":"ListItem","position":2,"name":"Webshop","item":"https:\/\/dev.x-bar.co\/boutique\/"},{"@type":"ListItem","position":3,"name":"Click &#038; Puff &#8211; Pod &#8211; Blueberry Lemon"}]},{"@type":"WebSite","@id":"https:\/\/dev.x-bar.co\/de\/#website","url":"https:\/\/dev.x-bar.co\/de\/","name":"X-Bar\u00ae - Official Online Shop","description":"Official X-Bar online shop. Best Vaping Devices Worlwide. Vaping pods, puff, eliquids, open pods system devices...","publisher":{"@id":"https:\/\/dev.x-bar.co\/de\/#organization"},"potentialAction":[{"@type":"SearchAction","target":{"@type":"EntryPoint","urlTemplate":"https:\/\/dev.x-bar.co\/de\/?s={search_term_string}"},"query-input":{"@type":"PropertyValueSpecification","valueRequired":true,"valueName":"search_term_string"}}],"inLanguage":"de"},{"@type":"Organization","@id":"https:\/\/dev.x-bar.co\/de\/#organization","name":"X-Bar\u00ae - Official Online Shop","url":"https:\/\/dev.x-bar.co\/de\/","logo":{"@type":"ImageObject","inLanguage":"de","@id":"https:\/\/dev.x-bar.co\/de\/#\/schema\/logo\/image\/","url":"https:\/\/dev.x-bar.co\/wp-content\/uploads\/2022\/07\/xbar-logo.svg","contentUrl":"https:\/\/dev.x-bar.co\/wp-content\/uploads\/2022\/07\/xbar-logo.svg","width":266,"height":41,"caption":"X-Bar\u00ae - Official Online Shop"},"image":{"@id":"https:\/\/dev.x-bar.co\/de\/#\/schema\/logo\/image\/"}}]},"og_availability":"instock","product_availability":"instock","product_condition":"new"},"jetpack_sharing_enabled":true,"_links":{"self":[{"href":"https:\/\/dev.x-bar.co\/de\/wp-json\/wp\/v2\/product\/143840","targetHints":{"allow":["GET"]}}],"collection":[{"href":"https:\/\/dev.x-bar.co\/de\/wp-json\/wp\/v2\/product"}],"about":[{"href":"https:\/\/dev.x-bar.co\/de\/wp-json\/wp\/v2\/types\/product"}],"wp:featuredmedia":[{"embeddable":true,"href":"https:\/\/dev.x-bar.co\/de\/wp-json\/wp\/v2\/media\/143777"}],"wp:attachment":[{"href":"https:\/\/dev.x-bar.co\/de\/wp-json\/wp\/v2\/media?parent=143840"}],"wp:term":[{"taxonomy":"product_brand","embeddable":true,"href":"https:\/\/dev.x-bar.co\/de\/wp-json\/wp\/v2\/product_brand?post=143840"},{"taxonomy":"product_cat","embeddable":true,"href":"https:\/\/dev.x-bar.co\/de\/wp-json\/wp\/v2\/product_cat?post=143840"},{"taxonomy":"product_tag","embeddable":true,"href":"https:\/\/dev.x-bar.co\/de\/wp-json\/wp\/v2\/product_tag?post=143840"}],"curies":[{"name":"wp","href":"https:\/\/api.w.org\/{rel}","templated":true}]}}