{"id":150029,"date":"2024-05-13T16:54:11","date_gmt":"2024-05-13T14:54:11","guid":{"rendered":"https:\/\/x-bar.co\/?post_type=product&#038;p=150029"},"modified":"2025-08-04T15:20:57","modified_gmt":"2025-08-04T13:20:57","slug":"e-liquid-10ml-green-apple","status":"publish","type":"product","link":"https:\/\/dev.x-bar.co\/de\/boutique\/x-bar-sortiment\/e-liquids-de\/e-liquid-de\/e-liquid-10ml-green-apple\/","title":{"rendered":"E-liquid 10ml Green Apple"},"content":{"rendered":"","protected":false},"excerpt":{"rendered":"<p>Genie\u00dfen Sie den knackigen und erfrischenden Geschmack von gr\u00fcnem Apfel. Dieses E-Liquid f\u00e4ngt die Essenz frisch gepfl\u00fcckter gr\u00fcner \u00c4pfel ein und liefert ein herbes und lebendiges Dampferlebnis. Mit jedem Zug genie\u00dfen Sie den erfrischenden Geschmack von sauren gr\u00fcnen \u00c4pfeln, perfekt ausbalanciert mit einer subtilen S\u00fc\u00dfe. Es ist die ultimative Wahl f\u00fcr Dampfer, die den k\u00f6stlichen Geschmack von knackigen gr\u00fcnen \u00c4pfeln suchen und an das Bei\u00dfen in einen saftigen Apfel an einem sonnigen Tag erinnert werden m\u00f6chten.<\/p>\n","protected":false},"featured_media":150034,"template":"","meta":{"_acf_changed":false},"product_brand":[],"product_cat":[170,315],"product_tag":[495,386],"class_list":{"0":"post-150029","1":"product","2":"type-product","3":"status-publish","4":"has-post-thumbnail","6":"product_cat-frucht","7":"product_cat-e-liquid-de","8":"product_tag-eliquid-de","9":"product_tag-open-system-de","11":"first","12":"instock","13":"taxable","14":"shipping-taxable","15":"purchasable","16":"product-type-variable","17":"has-default-attributes"},"composite_virtual":false,"composite_layout":"","composite_add_to_cart_form_location":"","composite_editable_in_cart":false,"composite_sold_individually_context":"","composite_shop_price_calc":"","composite_components":[],"composite_scenarios":[],"acf":[],"yoast_head":"<!-- This site is optimized with the Yoast SEO Premium plugin v25.7.1 (Yoast SEO v27.3) - https:\/\/yoast.com\/product\/yoast-seo-premium-wordpress\/ -->\n<title>E-liquid 10ml Green Apple - X-Bar\u00ae - Offizieller Online-Shop<\/title>\n<meta name=\"robots\" content=\"index, follow, max-snippet:-1, max-image-preview:large, max-video-preview:-1\" \/>\n<link rel=\"canonical\" href=\"https:\/\/dev.x-bar.co\/de\/boutique\/x-bar-sortiment\/e-liquids-de\/e-liquid-de\/e-liquid-10ml-green-apple\/\" \/>\n<meta property=\"og:locale\" content=\"de_DE\" \/>\n<meta property=\"og:type\" content=\"article\" \/>\n<meta property=\"og:title\" content=\"E-liquid 10ml Green Apple\" \/>\n<meta property=\"og:description\" content=\"Genie\u00dfen Sie den knackigen und erfrischenden Geschmack von gr\u00fcnem Apfel. Dieses E-Liquid f\u00e4ngt die Essenz frisch gepfl\u00fcckter gr\u00fcner \u00c4pfel ein und liefert ein herbes und lebendiges Dampferlebnis. Mit jedem Zug genie\u00dfen Sie den erfrischenden Geschmack von sauren gr\u00fcnen \u00c4pfeln, perfekt ausbalanciert mit einer subtilen S\u00fc\u00dfe. Es ist die ultimative Wahl f\u00fcr Dampfer, die den k\u00f6stlichen Geschmack von knackigen gr\u00fcnen \u00c4pfeln suchen und an das Bei\u00dfen in einen saftigen Apfel an einem sonnigen Tag erinnert werden m\u00f6chten.\" \/>\n<meta property=\"og:url\" content=\"https:\/\/dev.x-bar.co\/de\/boutique\/x-bar-sortiment\/e-liquids-de\/e-liquid-de\/e-liquid-10ml-green-apple\/\" \/>\n<meta property=\"og:site_name\" content=\"X-Bar\u00ae - Offizieller Online-Shop\" \/>\n<meta property=\"article:modified_time\" content=\"2025-08-04T13:20:57+00:00\" \/>\n<meta property=\"og:image\" content=\"https:\/\/dev.x-bar.co\/wp-content\/uploads\/2024\/05\/XBAR_10ML_POMME.png\" \/>\n\t<meta property=\"og:image:width\" content=\"1250\" \/>\n\t<meta property=\"og:image:height\" content=\"1250\" \/>\n\t<meta property=\"og:image:type\" content=\"image\/png\" \/>\n<meta name=\"twitter:card\" content=\"summary_large_image\" \/>\n<meta name=\"twitter:label1\" content=\"Verf\u00fcgbarkeit\" \/>\n\t<meta name=\"twitter:data1\" content=\"Auf Lager\" \/>\n<script type=\"application\/ld+json\" class=\"yoast-schema-graph\">{\"@context\":\"https:\\\/\\\/schema.org\",\"@graph\":[{\"@type\":\"WebPage\",\"@id\":\"https:\\\/\\\/dev.x-bar.co\\\/de\\\/boutique\\\/x-bar-sortiment\\\/e-liquids-de\\\/e-liquid-de\\\/e-liquid-10ml-green-apple\\\/\",\"url\":\"https:\\\/\\\/dev.x-bar.co\\\/de\\\/boutique\\\/x-bar-sortiment\\\/e-liquids-de\\\/e-liquid-de\\\/e-liquid-10ml-green-apple\\\/\",\"name\":\"E-liquid 10ml Green Apple - X-Bar\u00ae - Offizieller Online-Shop\",\"isPartOf\":{\"@id\":\"https:\\\/\\\/dev.x-bar.co\\\/de\\\/#website\"},\"primaryImageOfPage\":{\"@id\":\"https:\\\/\\\/dev.x-bar.co\\\/de\\\/boutique\\\/x-bar-sortiment\\\/e-liquids-de\\\/e-liquid-de\\\/e-liquid-10ml-green-apple\\\/#primaryimage\"},\"image\":{\"@id\":\"https:\\\/\\\/dev.x-bar.co\\\/de\\\/boutique\\\/x-bar-sortiment\\\/e-liquids-de\\\/e-liquid-de\\\/e-liquid-10ml-green-apple\\\/#primaryimage\"},\"thumbnailUrl\":\"https:\\\/\\\/dev.x-bar.co\\\/wp-content\\\/uploads\\\/2024\\\/05\\\/XBAR_10ML_POMME.png\",\"datePublished\":\"2024-05-13T14:54:11+00:00\",\"dateModified\":\"2025-08-04T13:20:57+00:00\",\"breadcrumb\":{\"@id\":\"https:\\\/\\\/dev.x-bar.co\\\/de\\\/boutique\\\/x-bar-sortiment\\\/e-liquids-de\\\/e-liquid-de\\\/e-liquid-10ml-green-apple\\\/#breadcrumb\"},\"inLanguage\":\"de\",\"potentialAction\":[{\"@type\":\"ReadAction\",\"target\":[\"https:\\\/\\\/dev.x-bar.co\\\/de\\\/boutique\\\/x-bar-sortiment\\\/e-liquids-de\\\/e-liquid-de\\\/e-liquid-10ml-green-apple\\\/\"]}]},{\"@type\":\"ImageObject\",\"inLanguage\":\"de\",\"@id\":\"https:\\\/\\\/dev.x-bar.co\\\/de\\\/boutique\\\/x-bar-sortiment\\\/e-liquids-de\\\/e-liquid-de\\\/e-liquid-10ml-green-apple\\\/#primaryimage\",\"url\":\"https:\\\/\\\/dev.x-bar.co\\\/wp-content\\\/uploads\\\/2024\\\/05\\\/XBAR_10ML_POMME.png\",\"contentUrl\":\"https:\\\/\\\/dev.x-bar.co\\\/wp-content\\\/uploads\\\/2024\\\/05\\\/XBAR_10ML_POMME.png\",\"width\":1250,\"height\":1250},{\"@type\":\"BreadcrumbList\",\"@id\":\"https:\\\/\\\/dev.x-bar.co\\\/de\\\/boutique\\\/x-bar-sortiment\\\/e-liquids-de\\\/e-liquid-de\\\/e-liquid-10ml-green-apple\\\/#breadcrumb\",\"itemListElement\":[{\"@type\":\"ListItem\",\"position\":1,\"name\":\"Accueil\",\"item\":\"https:\\\/\\\/dev.x-bar.co\\\/de\\\/\"},{\"@type\":\"ListItem\",\"position\":2,\"name\":\"Webshop\",\"item\":\"https:\\\/\\\/dev.x-bar.co\\\/boutique\\\/\"},{\"@type\":\"ListItem\",\"position\":3,\"name\":\"E-liquid 10ml Green Apple\"}]},{\"@type\":\"WebSite\",\"@id\":\"https:\\\/\\\/dev.x-bar.co\\\/de\\\/#website\",\"url\":\"https:\\\/\\\/dev.x-bar.co\\\/de\\\/\",\"name\":\"X-Bar\u00ae - Official Online Shop\",\"description\":\"Official X-Bar online shop. Best Vaping Devices Worlwide. Vaping pods, puff, eliquids, open pods system devices...\",\"publisher\":{\"@id\":\"https:\\\/\\\/dev.x-bar.co\\\/de\\\/#organization\"},\"potentialAction\":[{\"@type\":\"SearchAction\",\"target\":{\"@type\":\"EntryPoint\",\"urlTemplate\":\"https:\\\/\\\/dev.x-bar.co\\\/de\\\/?s={search_term_string}\"},\"query-input\":{\"@type\":\"PropertyValueSpecification\",\"valueRequired\":true,\"valueName\":\"search_term_string\"}}],\"inLanguage\":\"de\"},{\"@type\":\"Organization\",\"@id\":\"https:\\\/\\\/dev.x-bar.co\\\/de\\\/#organization\",\"name\":\"X-Bar\u00ae - Official Online Shop\",\"url\":\"https:\\\/\\\/dev.x-bar.co\\\/de\\\/\",\"logo\":{\"@type\":\"ImageObject\",\"inLanguage\":\"de\",\"@id\":\"https:\\\/\\\/dev.x-bar.co\\\/de\\\/#\\\/schema\\\/logo\\\/image\\\/\",\"url\":\"https:\\\/\\\/dev.x-bar.co\\\/wp-content\\\/uploads\\\/2022\\\/07\\\/xbar-logo.svg\",\"contentUrl\":\"https:\\\/\\\/dev.x-bar.co\\\/wp-content\\\/uploads\\\/2022\\\/07\\\/xbar-logo.svg\",\"width\":266,\"height\":41,\"caption\":\"X-Bar\u00ae - Official Online Shop\"},\"image\":{\"@id\":\"https:\\\/\\\/dev.x-bar.co\\\/de\\\/#\\\/schema\\\/logo\\\/image\\\/\"}}]}<\/script>\n<meta property=\"og:availability\" content=\"instock\" \/>\n<meta property=\"product:availability\" content=\"instock\" \/>\n<meta property=\"product:condition\" content=\"new\" \/>\n<!-- \/ Yoast SEO Premium plugin. -->","yoast_head_json":{"title":"E-liquid 10ml Green Apple - X-Bar\u00ae - Offizieller Online-Shop","robots":{"index":"index","follow":"follow","max-snippet":"max-snippet:-1","max-image-preview":"max-image-preview:large","max-video-preview":"max-video-preview:-1"},"canonical":"https:\/\/dev.x-bar.co\/de\/boutique\/x-bar-sortiment\/e-liquids-de\/e-liquid-de\/e-liquid-10ml-green-apple\/","og_locale":"de_DE","og_type":"article","og_title":"E-liquid 10ml Green Apple","og_description":"Genie\u00dfen Sie den knackigen und erfrischenden Geschmack von gr\u00fcnem Apfel. Dieses E-Liquid f\u00e4ngt die Essenz frisch gepfl\u00fcckter gr\u00fcner \u00c4pfel ein und liefert ein herbes und lebendiges Dampferlebnis. Mit jedem Zug genie\u00dfen Sie den erfrischenden Geschmack von sauren gr\u00fcnen \u00c4pfeln, perfekt ausbalanciert mit einer subtilen S\u00fc\u00dfe. Es ist die ultimative Wahl f\u00fcr Dampfer, die den k\u00f6stlichen Geschmack von knackigen gr\u00fcnen \u00c4pfeln suchen und an das Bei\u00dfen in einen saftigen Apfel an einem sonnigen Tag erinnert werden m\u00f6chten.","og_url":"https:\/\/dev.x-bar.co\/de\/boutique\/x-bar-sortiment\/e-liquids-de\/e-liquid-de\/e-liquid-10ml-green-apple\/","og_site_name":"X-Bar\u00ae - Offizieller Online-Shop","article_modified_time":"2025-08-04T13:20:57+00:00","og_image":[{"width":1250,"height":1250,"url":"https:\/\/dev.x-bar.co\/wp-content\/uploads\/2024\/05\/XBAR_10ML_POMME.png","type":"image\/png"}],"twitter_card":"summary_large_image","twitter_misc":{"Verf\u00fcgbarkeit":"Auf Lager"},"schema":{"@context":"https:\/\/schema.org","@graph":[{"@type":"WebPage","@id":"https:\/\/dev.x-bar.co\/de\/boutique\/x-bar-sortiment\/e-liquids-de\/e-liquid-de\/e-liquid-10ml-green-apple\/","url":"https:\/\/dev.x-bar.co\/de\/boutique\/x-bar-sortiment\/e-liquids-de\/e-liquid-de\/e-liquid-10ml-green-apple\/","name":"E-liquid 10ml Green Apple - X-Bar\u00ae - Offizieller Online-Shop","isPartOf":{"@id":"https:\/\/dev.x-bar.co\/de\/#website"},"primaryImageOfPage":{"@id":"https:\/\/dev.x-bar.co\/de\/boutique\/x-bar-sortiment\/e-liquids-de\/e-liquid-de\/e-liquid-10ml-green-apple\/#primaryimage"},"image":{"@id":"https:\/\/dev.x-bar.co\/de\/boutique\/x-bar-sortiment\/e-liquids-de\/e-liquid-de\/e-liquid-10ml-green-apple\/#primaryimage"},"thumbnailUrl":"https:\/\/dev.x-bar.co\/wp-content\/uploads\/2024\/05\/XBAR_10ML_POMME.png","datePublished":"2024-05-13T14:54:11+00:00","dateModified":"2025-08-04T13:20:57+00:00","breadcrumb":{"@id":"https:\/\/dev.x-bar.co\/de\/boutique\/x-bar-sortiment\/e-liquids-de\/e-liquid-de\/e-liquid-10ml-green-apple\/#breadcrumb"},"inLanguage":"de","potentialAction":[{"@type":"ReadAction","target":["https:\/\/dev.x-bar.co\/de\/boutique\/x-bar-sortiment\/e-liquids-de\/e-liquid-de\/e-liquid-10ml-green-apple\/"]}]},{"@type":"ImageObject","inLanguage":"de","@id":"https:\/\/dev.x-bar.co\/de\/boutique\/x-bar-sortiment\/e-liquids-de\/e-liquid-de\/e-liquid-10ml-green-apple\/#primaryimage","url":"https:\/\/dev.x-bar.co\/wp-content\/uploads\/2024\/05\/XBAR_10ML_POMME.png","contentUrl":"https:\/\/dev.x-bar.co\/wp-content\/uploads\/2024\/05\/XBAR_10ML_POMME.png","width":1250,"height":1250},{"@type":"BreadcrumbList","@id":"https:\/\/dev.x-bar.co\/de\/boutique\/x-bar-sortiment\/e-liquids-de\/e-liquid-de\/e-liquid-10ml-green-apple\/#breadcrumb","itemListElement":[{"@type":"ListItem","position":1,"name":"Accueil","item":"https:\/\/dev.x-bar.co\/de\/"},{"@type":"ListItem","position":2,"name":"Webshop","item":"https:\/\/dev.x-bar.co\/boutique\/"},{"@type":"ListItem","position":3,"name":"E-liquid 10ml Green Apple"}]},{"@type":"WebSite","@id":"https:\/\/dev.x-bar.co\/de\/#website","url":"https:\/\/dev.x-bar.co\/de\/","name":"X-Bar\u00ae - Official Online Shop","description":"Official X-Bar online shop. Best Vaping Devices Worlwide. Vaping pods, puff, eliquids, open pods system devices...","publisher":{"@id":"https:\/\/dev.x-bar.co\/de\/#organization"},"potentialAction":[{"@type":"SearchAction","target":{"@type":"EntryPoint","urlTemplate":"https:\/\/dev.x-bar.co\/de\/?s={search_term_string}"},"query-input":{"@type":"PropertyValueSpecification","valueRequired":true,"valueName":"search_term_string"}}],"inLanguage":"de"},{"@type":"Organization","@id":"https:\/\/dev.x-bar.co\/de\/#organization","name":"X-Bar\u00ae - Official Online Shop","url":"https:\/\/dev.x-bar.co\/de\/","logo":{"@type":"ImageObject","inLanguage":"de","@id":"https:\/\/dev.x-bar.co\/de\/#\/schema\/logo\/image\/","url":"https:\/\/dev.x-bar.co\/wp-content\/uploads\/2022\/07\/xbar-logo.svg","contentUrl":"https:\/\/dev.x-bar.co\/wp-content\/uploads\/2022\/07\/xbar-logo.svg","width":266,"height":41,"caption":"X-Bar\u00ae - Official Online Shop"},"image":{"@id":"https:\/\/dev.x-bar.co\/de\/#\/schema\/logo\/image\/"}}]},"og_availability":"instock","product_availability":"instock","product_condition":"new"},"jetpack_sharing_enabled":true,"_links":{"self":[{"href":"https:\/\/dev.x-bar.co\/de\/wp-json\/wp\/v2\/product\/150029","targetHints":{"allow":["GET"]}}],"collection":[{"href":"https:\/\/dev.x-bar.co\/de\/wp-json\/wp\/v2\/product"}],"about":[{"href":"https:\/\/dev.x-bar.co\/de\/wp-json\/wp\/v2\/types\/product"}],"wp:featuredmedia":[{"embeddable":true,"href":"https:\/\/dev.x-bar.co\/de\/wp-json\/wp\/v2\/media\/150034"}],"wp:attachment":[{"href":"https:\/\/dev.x-bar.co\/de\/wp-json\/wp\/v2\/media?parent=150029"}],"wp:term":[{"taxonomy":"product_brand","embeddable":true,"href":"https:\/\/dev.x-bar.co\/de\/wp-json\/wp\/v2\/product_brand?post=150029"},{"taxonomy":"product_cat","embeddable":true,"href":"https:\/\/dev.x-bar.co\/de\/wp-json\/wp\/v2\/product_cat?post=150029"},{"taxonomy":"product_tag","embeddable":true,"href":"https:\/\/dev.x-bar.co\/de\/wp-json\/wp\/v2\/product_tag?post=150029"}],"curies":[{"name":"wp","href":"https:\/\/api.w.org\/{rel}","templated":true}]}}