{"id":21521,"date":"2023-03-28T16:40:21","date_gmt":"2023-03-28T14:40:21","guid":{"rendered":"https:\/\/x-bar.co\/?post_type=product&#038;p=21521"},"modified":"2025-08-03T13:56:27","modified_gmt":"2025-08-03T11:56:27","slug":"click-puff-pod-virginia-classic","status":"publish","type":"product","link":"https:\/\/dev.x-bar.co\/de\/boutique\/geschmackssorten\/tabak\/click-puff-pod-virginia-classic\/","title":{"rendered":"Click &#038; Puff &#8211; Pod &#8211; Virginia Classic"},"content":{"rendered":"","protected":false},"excerpt":{"rendered":"<p>Virginia Classic ist ein hochwertiges Vaping-Produkt, das den authentischen Geschmack von trockenem blondem Tabak bietet. Bei jedem Zug erlebst du den reichen und befriedigenden Geschmack von Tabak, der perfekt ausgewogen und nicht zu dominant ist. Egal ob du ein erfahrener Vaper bist oder gerade erst anf\u00e4ngst, Virginia Classic ist die perfekte Wahl f\u00fcr alle, die den Geschmack von klassischem Tabak sch\u00e4tzen. Hergestellt aus hochwertigen Zutaten und konzipiert f\u00fcr ein sanftes und gleichm\u00e4\u00dfiges Vaping-Erlebnis, wird Virginia Classic sicherlich zu deinem bevorzugten Vaping-Produkt werden. Genie\u00dfe den Geschmack von klassischem Tabak jederzeit und \u00fcberall mit Virginia Classic.<\/p>\n","protected":false},"featured_media":21498,"template":"","meta":{"_acf_changed":false},"product_brand":[],"product_cat":[173,531,161],"product_tag":[506],"class_list":{"0":"post-21521","1":"product","2":"type-product","3":"status-publish","4":"has-post-thumbnail","6":"product_cat-tabak","7":"product_cat-click-puff-de","8":"product_cat-x-bar-click-puff-pod-de","9":"product_tag-click-puff-de","11":"first","12":"instock","13":"taxable","14":"shipping-taxable","15":"purchasable","16":"product-type-variable","17":"has-default-attributes"},"composite_virtual":false,"composite_layout":"","composite_add_to_cart_form_location":"","composite_editable_in_cart":false,"composite_sold_individually_context":"","composite_shop_price_calc":"","composite_components":[],"composite_scenarios":[],"acf":[],"yoast_head":"<!-- This site is optimized with the Yoast SEO Premium plugin v25.7.1 (Yoast SEO v27.3) - https:\/\/yoast.com\/product\/yoast-seo-premium-wordpress\/ -->\n<title>Click &amp; Puff - Pod - Virginia Classic - X-Bar\u00ae - Offizieller Online-Shop<\/title>\n<meta name=\"robots\" content=\"index, follow, max-snippet:-1, max-image-preview:large, max-video-preview:-1\" \/>\n<link rel=\"canonical\" href=\"https:\/\/dev.x-bar.co\/de\/boutique\/geschmackssorten\/tabak\/click-puff-pod-virginia-classic\/\" \/>\n<meta property=\"og:locale\" content=\"de_DE\" \/>\n<meta property=\"og:type\" content=\"article\" \/>\n<meta property=\"og:title\" content=\"Click &amp; Puff - Pod - Virginia Classic\" \/>\n<meta property=\"og:description\" content=\"Virginia Classic ist ein hochwertiges Vaping-Produkt, das den authentischen Geschmack von trockenem blondem Tabak bietet. Bei jedem Zug erlebst du den reichen und befriedigenden Geschmack von Tabak, der perfekt ausgewogen und nicht zu dominant ist. Egal ob du ein erfahrener Vaper bist oder gerade erst anf\u00e4ngst, Virginia Classic ist die perfekte Wahl f\u00fcr alle, die den Geschmack von klassischem Tabak sch\u00e4tzen. Hergestellt aus hochwertigen Zutaten und konzipiert f\u00fcr ein sanftes und gleichm\u00e4\u00dfiges Vaping-Erlebnis, wird Virginia Classic sicherlich zu deinem bevorzugten Vaping-Produkt werden. Genie\u00dfe den Geschmack von klassischem Tabak jederzeit und \u00fcberall mit Virginia Classic.\" \/>\n<meta property=\"og:url\" content=\"https:\/\/dev.x-bar.co\/de\/boutique\/geschmackssorten\/tabak\/click-puff-pod-virginia-classic\/\" \/>\n<meta property=\"og:site_name\" content=\"X-Bar\u00ae - Offizieller Online-Shop\" \/>\n<meta property=\"article:modified_time\" content=\"2025-08-03T11:56:27+00:00\" \/>\n<meta property=\"og:image\" content=\"https:\/\/dev.x-bar.co\/wp-content\/uploads\/2023\/03\/xbar-clickandpuff-pod-virginia-classic.png\" \/>\n\t<meta property=\"og:image:width\" content=\"800\" \/>\n\t<meta property=\"og:image:height\" content=\"800\" \/>\n\t<meta property=\"og:image:type\" content=\"image\/png\" \/>\n<meta name=\"twitter:card\" content=\"summary_large_image\" \/>\n<meta name=\"twitter:label1\" content=\"Verf\u00fcgbarkeit\" \/>\n\t<meta name=\"twitter:data1\" content=\"Auf Lager\" \/>\n<script type=\"application\/ld+json\" class=\"yoast-schema-graph\">{\"@context\":\"https:\\\/\\\/schema.org\",\"@graph\":[{\"@type\":\"WebPage\",\"@id\":\"https:\\\/\\\/dev.x-bar.co\\\/de\\\/boutique\\\/geschmackssorten\\\/tabak\\\/click-puff-pod-virginia-classic\\\/\",\"url\":\"https:\\\/\\\/dev.x-bar.co\\\/de\\\/boutique\\\/geschmackssorten\\\/tabak\\\/click-puff-pod-virginia-classic\\\/\",\"name\":\"Click & Puff - Pod - Virginia Classic - X-Bar\u00ae - Offizieller Online-Shop\",\"isPartOf\":{\"@id\":\"https:\\\/\\\/dev.x-bar.co\\\/de\\\/#website\"},\"primaryImageOfPage\":{\"@id\":\"https:\\\/\\\/dev.x-bar.co\\\/de\\\/boutique\\\/geschmackssorten\\\/tabak\\\/click-puff-pod-virginia-classic\\\/#primaryimage\"},\"image\":{\"@id\":\"https:\\\/\\\/dev.x-bar.co\\\/de\\\/boutique\\\/geschmackssorten\\\/tabak\\\/click-puff-pod-virginia-classic\\\/#primaryimage\"},\"thumbnailUrl\":\"https:\\\/\\\/dev.x-bar.co\\\/wp-content\\\/uploads\\\/2023\\\/03\\\/xbar-clickandpuff-pod-virginia-classic.png\",\"datePublished\":\"2023-03-28T14:40:21+00:00\",\"dateModified\":\"2025-08-03T11:56:27+00:00\",\"breadcrumb\":{\"@id\":\"https:\\\/\\\/dev.x-bar.co\\\/de\\\/boutique\\\/geschmackssorten\\\/tabak\\\/click-puff-pod-virginia-classic\\\/#breadcrumb\"},\"inLanguage\":\"de\",\"potentialAction\":[{\"@type\":\"ReadAction\",\"target\":[\"https:\\\/\\\/dev.x-bar.co\\\/de\\\/boutique\\\/geschmackssorten\\\/tabak\\\/click-puff-pod-virginia-classic\\\/\"]}]},{\"@type\":\"ImageObject\",\"inLanguage\":\"de\",\"@id\":\"https:\\\/\\\/dev.x-bar.co\\\/de\\\/boutique\\\/geschmackssorten\\\/tabak\\\/click-puff-pod-virginia-classic\\\/#primaryimage\",\"url\":\"https:\\\/\\\/dev.x-bar.co\\\/wp-content\\\/uploads\\\/2023\\\/03\\\/xbar-clickandpuff-pod-virginia-classic.png\",\"contentUrl\":\"https:\\\/\\\/dev.x-bar.co\\\/wp-content\\\/uploads\\\/2023\\\/03\\\/xbar-clickandpuff-pod-virginia-classic.png\",\"width\":800,\"height\":800},{\"@type\":\"BreadcrumbList\",\"@id\":\"https:\\\/\\\/dev.x-bar.co\\\/de\\\/boutique\\\/geschmackssorten\\\/tabak\\\/click-puff-pod-virginia-classic\\\/#breadcrumb\",\"itemListElement\":[{\"@type\":\"ListItem\",\"position\":1,\"name\":\"Accueil\",\"item\":\"https:\\\/\\\/dev.x-bar.co\\\/de\\\/\"},{\"@type\":\"ListItem\",\"position\":2,\"name\":\"Webshop\",\"item\":\"https:\\\/\\\/dev.x-bar.co\\\/boutique\\\/\"},{\"@type\":\"ListItem\",\"position\":3,\"name\":\"Click &#038; Puff &#8211; Pod &#8211; Virginia Classic\"}]},{\"@type\":\"WebSite\",\"@id\":\"https:\\\/\\\/dev.x-bar.co\\\/de\\\/#website\",\"url\":\"https:\\\/\\\/dev.x-bar.co\\\/de\\\/\",\"name\":\"X-Bar\u00ae - Official Online Shop\",\"description\":\"Official X-Bar online shop. Best Vaping Devices Worlwide. Vaping pods, puff, eliquids, open pods system devices...\",\"publisher\":{\"@id\":\"https:\\\/\\\/dev.x-bar.co\\\/de\\\/#organization\"},\"potentialAction\":[{\"@type\":\"SearchAction\",\"target\":{\"@type\":\"EntryPoint\",\"urlTemplate\":\"https:\\\/\\\/dev.x-bar.co\\\/de\\\/?s={search_term_string}\"},\"query-input\":{\"@type\":\"PropertyValueSpecification\",\"valueRequired\":true,\"valueName\":\"search_term_string\"}}],\"inLanguage\":\"de\"},{\"@type\":\"Organization\",\"@id\":\"https:\\\/\\\/dev.x-bar.co\\\/de\\\/#organization\",\"name\":\"X-Bar\u00ae - Official Online Shop\",\"url\":\"https:\\\/\\\/dev.x-bar.co\\\/de\\\/\",\"logo\":{\"@type\":\"ImageObject\",\"inLanguage\":\"de\",\"@id\":\"https:\\\/\\\/dev.x-bar.co\\\/de\\\/#\\\/schema\\\/logo\\\/image\\\/\",\"url\":\"https:\\\/\\\/dev.x-bar.co\\\/wp-content\\\/uploads\\\/2022\\\/07\\\/xbar-logo.svg\",\"contentUrl\":\"https:\\\/\\\/dev.x-bar.co\\\/wp-content\\\/uploads\\\/2022\\\/07\\\/xbar-logo.svg\",\"width\":266,\"height\":41,\"caption\":\"X-Bar\u00ae - Official Online Shop\"},\"image\":{\"@id\":\"https:\\\/\\\/dev.x-bar.co\\\/de\\\/#\\\/schema\\\/logo\\\/image\\\/\"}}]}<\/script>\n<meta property=\"og:availability\" content=\"instock\" \/>\n<meta property=\"product:availability\" content=\"instock\" \/>\n<meta property=\"product:condition\" content=\"new\" \/>\n<!-- \/ Yoast SEO Premium plugin. -->","yoast_head_json":{"title":"Click & Puff - Pod - Virginia Classic - X-Bar\u00ae - Offizieller Online-Shop","robots":{"index":"index","follow":"follow","max-snippet":"max-snippet:-1","max-image-preview":"max-image-preview:large","max-video-preview":"max-video-preview:-1"},"canonical":"https:\/\/dev.x-bar.co\/de\/boutique\/geschmackssorten\/tabak\/click-puff-pod-virginia-classic\/","og_locale":"de_DE","og_type":"article","og_title":"Click & Puff - Pod - Virginia Classic","og_description":"Virginia Classic ist ein hochwertiges Vaping-Produkt, das den authentischen Geschmack von trockenem blondem Tabak bietet. Bei jedem Zug erlebst du den reichen und befriedigenden Geschmack von Tabak, der perfekt ausgewogen und nicht zu dominant ist. Egal ob du ein erfahrener Vaper bist oder gerade erst anf\u00e4ngst, Virginia Classic ist die perfekte Wahl f\u00fcr alle, die den Geschmack von klassischem Tabak sch\u00e4tzen. Hergestellt aus hochwertigen Zutaten und konzipiert f\u00fcr ein sanftes und gleichm\u00e4\u00dfiges Vaping-Erlebnis, wird Virginia Classic sicherlich zu deinem bevorzugten Vaping-Produkt werden. Genie\u00dfe den Geschmack von klassischem Tabak jederzeit und \u00fcberall mit Virginia Classic.","og_url":"https:\/\/dev.x-bar.co\/de\/boutique\/geschmackssorten\/tabak\/click-puff-pod-virginia-classic\/","og_site_name":"X-Bar\u00ae - Offizieller Online-Shop","article_modified_time":"2025-08-03T11:56:27+00:00","og_image":[{"width":800,"height":800,"url":"https:\/\/dev.x-bar.co\/wp-content\/uploads\/2023\/03\/xbar-clickandpuff-pod-virginia-classic.png","type":"image\/png"}],"twitter_card":"summary_large_image","twitter_misc":{"Verf\u00fcgbarkeit":"Auf Lager"},"schema":{"@context":"https:\/\/schema.org","@graph":[{"@type":"WebPage","@id":"https:\/\/dev.x-bar.co\/de\/boutique\/geschmackssorten\/tabak\/click-puff-pod-virginia-classic\/","url":"https:\/\/dev.x-bar.co\/de\/boutique\/geschmackssorten\/tabak\/click-puff-pod-virginia-classic\/","name":"Click & Puff - Pod - Virginia Classic - X-Bar\u00ae - Offizieller Online-Shop","isPartOf":{"@id":"https:\/\/dev.x-bar.co\/de\/#website"},"primaryImageOfPage":{"@id":"https:\/\/dev.x-bar.co\/de\/boutique\/geschmackssorten\/tabak\/click-puff-pod-virginia-classic\/#primaryimage"},"image":{"@id":"https:\/\/dev.x-bar.co\/de\/boutique\/geschmackssorten\/tabak\/click-puff-pod-virginia-classic\/#primaryimage"},"thumbnailUrl":"https:\/\/dev.x-bar.co\/wp-content\/uploads\/2023\/03\/xbar-clickandpuff-pod-virginia-classic.png","datePublished":"2023-03-28T14:40:21+00:00","dateModified":"2025-08-03T11:56:27+00:00","breadcrumb":{"@id":"https:\/\/dev.x-bar.co\/de\/boutique\/geschmackssorten\/tabak\/click-puff-pod-virginia-classic\/#breadcrumb"},"inLanguage":"de","potentialAction":[{"@type":"ReadAction","target":["https:\/\/dev.x-bar.co\/de\/boutique\/geschmackssorten\/tabak\/click-puff-pod-virginia-classic\/"]}]},{"@type":"ImageObject","inLanguage":"de","@id":"https:\/\/dev.x-bar.co\/de\/boutique\/geschmackssorten\/tabak\/click-puff-pod-virginia-classic\/#primaryimage","url":"https:\/\/dev.x-bar.co\/wp-content\/uploads\/2023\/03\/xbar-clickandpuff-pod-virginia-classic.png","contentUrl":"https:\/\/dev.x-bar.co\/wp-content\/uploads\/2023\/03\/xbar-clickandpuff-pod-virginia-classic.png","width":800,"height":800},{"@type":"BreadcrumbList","@id":"https:\/\/dev.x-bar.co\/de\/boutique\/geschmackssorten\/tabak\/click-puff-pod-virginia-classic\/#breadcrumb","itemListElement":[{"@type":"ListItem","position":1,"name":"Accueil","item":"https:\/\/dev.x-bar.co\/de\/"},{"@type":"ListItem","position":2,"name":"Webshop","item":"https:\/\/dev.x-bar.co\/boutique\/"},{"@type":"ListItem","position":3,"name":"Click &#038; Puff &#8211; Pod &#8211; Virginia Classic"}]},{"@type":"WebSite","@id":"https:\/\/dev.x-bar.co\/de\/#website","url":"https:\/\/dev.x-bar.co\/de\/","name":"X-Bar\u00ae - Official Online Shop","description":"Official X-Bar online shop. Best Vaping Devices Worlwide. Vaping pods, puff, eliquids, open pods system devices...","publisher":{"@id":"https:\/\/dev.x-bar.co\/de\/#organization"},"potentialAction":[{"@type":"SearchAction","target":{"@type":"EntryPoint","urlTemplate":"https:\/\/dev.x-bar.co\/de\/?s={search_term_string}"},"query-input":{"@type":"PropertyValueSpecification","valueRequired":true,"valueName":"search_term_string"}}],"inLanguage":"de"},{"@type":"Organization","@id":"https:\/\/dev.x-bar.co\/de\/#organization","name":"X-Bar\u00ae - Official Online Shop","url":"https:\/\/dev.x-bar.co\/de\/","logo":{"@type":"ImageObject","inLanguage":"de","@id":"https:\/\/dev.x-bar.co\/de\/#\/schema\/logo\/image\/","url":"https:\/\/dev.x-bar.co\/wp-content\/uploads\/2022\/07\/xbar-logo.svg","contentUrl":"https:\/\/dev.x-bar.co\/wp-content\/uploads\/2022\/07\/xbar-logo.svg","width":266,"height":41,"caption":"X-Bar\u00ae - Official Online Shop"},"image":{"@id":"https:\/\/dev.x-bar.co\/de\/#\/schema\/logo\/image\/"}}]},"og_availability":"instock","product_availability":"instock","product_condition":"new"},"jetpack_sharing_enabled":true,"_links":{"self":[{"href":"https:\/\/dev.x-bar.co\/de\/wp-json\/wp\/v2\/product\/21521","targetHints":{"allow":["GET"]}}],"collection":[{"href":"https:\/\/dev.x-bar.co\/de\/wp-json\/wp\/v2\/product"}],"about":[{"href":"https:\/\/dev.x-bar.co\/de\/wp-json\/wp\/v2\/types\/product"}],"wp:featuredmedia":[{"embeddable":true,"href":"https:\/\/dev.x-bar.co\/de\/wp-json\/wp\/v2\/media\/21498"}],"wp:attachment":[{"href":"https:\/\/dev.x-bar.co\/de\/wp-json\/wp\/v2\/media?parent=21521"}],"wp:term":[{"taxonomy":"product_brand","embeddable":true,"href":"https:\/\/dev.x-bar.co\/de\/wp-json\/wp\/v2\/product_brand?post=21521"},{"taxonomy":"product_cat","embeddable":true,"href":"https:\/\/dev.x-bar.co\/de\/wp-json\/wp\/v2\/product_cat?post=21521"},{"taxonomy":"product_tag","embeddable":true,"href":"https:\/\/dev.x-bar.co\/de\/wp-json\/wp\/v2\/product_tag?post=21521"}],"curies":[{"name":"wp","href":"https:\/\/api.w.org\/{rel}","templated":true}]}}