{"id":229696,"date":"2024-09-10T15:40:34","date_gmt":"2024-09-10T13:40:34","guid":{"rendered":"https:\/\/x-bar.co\/product\/cubx-2-pods-lemon\/"},"modified":"2025-08-04T08:38:32","modified_gmt":"2025-08-04T06:38:32","slug":"cubx-2-pods-lemon","status":"publish","type":"product","link":"https:\/\/dev.x-bar.co\/de\/boutique\/x-bar-sortiment\/cubx-de\/cubx-pod-de\/cubx-2-pods-lemon\/","title":{"rendered":"CUBX 2 Pods &#8211; Granita Lemon"},"content":{"rendered":"","protected":false},"excerpt":{"rendered":"<p><strong>Set aus 2 Pods f\u00fcr die X-Bar CUB-X. Ein 2-ml-Pod + ein 9-ml-Nachf\u00fcll-Pod, Geschmacksrichtung Zitrone.<\/strong><\/p>\n<p>Genie\u00dfen Sie bei jedem Zug eine spritzige Explosion von Zitrone, die das Wesen frisch gepresster Zitronen f\u00fcr ein erfrischend s\u00e4uerliches Erlebnis einf\u00e4ngt. Dieser helle, zitrusartige Geschmack bietet die perfekte Balance aus S\u00e4ure und einem Hauch von S\u00fc\u00dfe und hinterl\u00e4sst ein sauberes, belebendes Finish, das sowohl erfrischend als auch befriedigend ist.<\/p>\n","protected":false},"featured_media":231113,"template":"","meta":{"_acf_changed":false},"product_brand":[],"product_cat":[597,599,445],"product_tag":[],"class_list":{"0":"post-229696","1":"product","2":"type-product","3":"status-publish","4":"has-post-thumbnail","6":"product_cat-cubx-de","7":"product_cat-cubx-pod-de","8":"product_cat-product-template-2-de-2","10":"first","11":"instock","12":"taxable","13":"shipping-taxable","14":"purchasable","15":"product-type-variable","16":"has-default-attributes"},"composite_virtual":false,"composite_layout":"","composite_add_to_cart_form_location":"","composite_editable_in_cart":false,"composite_sold_individually_context":"","composite_shop_price_calc":"","composite_components":[],"composite_scenarios":[],"acf":[],"yoast_head":"<!-- This site is optimized with the Yoast SEO Premium plugin v25.7.1 (Yoast SEO v27.3) - https:\/\/yoast.com\/product\/yoast-seo-premium-wordpress\/ -->\n<title>CUBX 2 Pods - Granita Lemon - X-Bar\u00ae - Offizieller Online-Shop<\/title>\n<meta name=\"robots\" content=\"index, follow, max-snippet:-1, max-image-preview:large, max-video-preview:-1\" \/>\n<link rel=\"canonical\" href=\"https:\/\/dev.x-bar.co\/de\/boutique\/x-bar-sortiment\/cubx-de\/cubx-pod-de\/cubx-2-pods-lemon\/\" \/>\n<meta property=\"og:locale\" content=\"de_DE\" \/>\n<meta property=\"og:type\" content=\"article\" \/>\n<meta property=\"og:title\" content=\"CUBX 2 Pods - Granita Lemon\" \/>\n<meta property=\"og:description\" content=\"Set aus 2 Pods f\u00fcr die X-Bar CUB-X. Ein 2-ml-Pod + ein 9-ml-Nachf\u00fcll-Pod, Geschmacksrichtung Zitrone.  Genie\u00dfen Sie bei jedem Zug eine spritzige Explosion von Zitrone, die das Wesen frisch gepresster Zitronen f\u00fcr ein erfrischend s\u00e4uerliches Erlebnis einf\u00e4ngt. Dieser helle, zitrusartige Geschmack bietet die perfekte Balance aus S\u00e4ure und einem Hauch von S\u00fc\u00dfe und hinterl\u00e4sst ein sauberes, belebendes Finish, das sowohl erfrischend als auch befriedigend ist.\" \/>\n<meta property=\"og:url\" content=\"https:\/\/dev.x-bar.co\/de\/boutique\/x-bar-sortiment\/cubx-de\/cubx-pod-de\/cubx-2-pods-lemon\/\" \/>\n<meta property=\"og:site_name\" content=\"X-Bar\u00ae - Offizieller Online-Shop\" \/>\n<meta property=\"article:modified_time\" content=\"2025-08-04T06:38:32+00:00\" \/>\n<meta property=\"og:image\" content=\"https:\/\/dev.x-bar.co\/wp-content\/uploads\/2024\/09\/CUBX_POD_PACK-S_LEMON.png\" \/>\n\t<meta property=\"og:image:width\" content=\"650\" \/>\n\t<meta property=\"og:image:height\" content=\"650\" \/>\n\t<meta property=\"og:image:type\" content=\"image\/png\" \/>\n<meta name=\"twitter:card\" content=\"summary_large_image\" \/>\n<meta name=\"twitter:label1\" content=\"Verf\u00fcgbarkeit\" \/>\n\t<meta name=\"twitter:data1\" content=\"Auf Lager\" \/>\n<script type=\"application\/ld+json\" class=\"yoast-schema-graph\">{\"@context\":\"https:\\\/\\\/schema.org\",\"@graph\":[{\"@type\":\"WebPage\",\"@id\":\"https:\\\/\\\/dev.x-bar.co\\\/de\\\/boutique\\\/x-bar-sortiment\\\/cubx-de\\\/cubx-pod-de\\\/cubx-2-pods-lemon\\\/\",\"url\":\"https:\\\/\\\/dev.x-bar.co\\\/de\\\/boutique\\\/x-bar-sortiment\\\/cubx-de\\\/cubx-pod-de\\\/cubx-2-pods-lemon\\\/\",\"name\":\"CUBX 2 Pods - Granita Lemon - X-Bar\u00ae - Offizieller Online-Shop\",\"isPartOf\":{\"@id\":\"https:\\\/\\\/dev.x-bar.co\\\/de\\\/#website\"},\"primaryImageOfPage\":{\"@id\":\"https:\\\/\\\/dev.x-bar.co\\\/de\\\/boutique\\\/x-bar-sortiment\\\/cubx-de\\\/cubx-pod-de\\\/cubx-2-pods-lemon\\\/#primaryimage\"},\"image\":{\"@id\":\"https:\\\/\\\/dev.x-bar.co\\\/de\\\/boutique\\\/x-bar-sortiment\\\/cubx-de\\\/cubx-pod-de\\\/cubx-2-pods-lemon\\\/#primaryimage\"},\"thumbnailUrl\":\"https:\\\/\\\/dev.x-bar.co\\\/wp-content\\\/uploads\\\/2024\\\/09\\\/CUBX_POD_PACK-S_LEMON.png\",\"datePublished\":\"2024-09-10T13:40:34+00:00\",\"dateModified\":\"2025-08-04T06:38:32+00:00\",\"breadcrumb\":{\"@id\":\"https:\\\/\\\/dev.x-bar.co\\\/de\\\/boutique\\\/x-bar-sortiment\\\/cubx-de\\\/cubx-pod-de\\\/cubx-2-pods-lemon\\\/#breadcrumb\"},\"inLanguage\":\"de\",\"potentialAction\":[{\"@type\":\"ReadAction\",\"target\":[\"https:\\\/\\\/dev.x-bar.co\\\/de\\\/boutique\\\/x-bar-sortiment\\\/cubx-de\\\/cubx-pod-de\\\/cubx-2-pods-lemon\\\/\"]}]},{\"@type\":\"ImageObject\",\"inLanguage\":\"de\",\"@id\":\"https:\\\/\\\/dev.x-bar.co\\\/de\\\/boutique\\\/x-bar-sortiment\\\/cubx-de\\\/cubx-pod-de\\\/cubx-2-pods-lemon\\\/#primaryimage\",\"url\":\"https:\\\/\\\/dev.x-bar.co\\\/wp-content\\\/uploads\\\/2024\\\/09\\\/CUBX_POD_PACK-S_LEMON.png\",\"contentUrl\":\"https:\\\/\\\/dev.x-bar.co\\\/wp-content\\\/uploads\\\/2024\\\/09\\\/CUBX_POD_PACK-S_LEMON.png\",\"width\":650,\"height\":650},{\"@type\":\"BreadcrumbList\",\"@id\":\"https:\\\/\\\/dev.x-bar.co\\\/de\\\/boutique\\\/x-bar-sortiment\\\/cubx-de\\\/cubx-pod-de\\\/cubx-2-pods-lemon\\\/#breadcrumb\",\"itemListElement\":[{\"@type\":\"ListItem\",\"position\":1,\"name\":\"Accueil\",\"item\":\"https:\\\/\\\/dev.x-bar.co\\\/de\\\/\"},{\"@type\":\"ListItem\",\"position\":2,\"name\":\"Webshop\",\"item\":\"https:\\\/\\\/dev.x-bar.co\\\/boutique\\\/\"},{\"@type\":\"ListItem\",\"position\":3,\"name\":\"CUBX 2 Pods &#8211; Granita Lemon\"}]},{\"@type\":\"WebSite\",\"@id\":\"https:\\\/\\\/dev.x-bar.co\\\/de\\\/#website\",\"url\":\"https:\\\/\\\/dev.x-bar.co\\\/de\\\/\",\"name\":\"X-Bar\u00ae - Official Online Shop\",\"description\":\"Official X-Bar online shop. Best Vaping Devices Worlwide. Vaping pods, puff, eliquids, open pods system devices...\",\"publisher\":{\"@id\":\"https:\\\/\\\/dev.x-bar.co\\\/de\\\/#organization\"},\"potentialAction\":[{\"@type\":\"SearchAction\",\"target\":{\"@type\":\"EntryPoint\",\"urlTemplate\":\"https:\\\/\\\/dev.x-bar.co\\\/de\\\/?s={search_term_string}\"},\"query-input\":{\"@type\":\"PropertyValueSpecification\",\"valueRequired\":true,\"valueName\":\"search_term_string\"}}],\"inLanguage\":\"de\"},{\"@type\":\"Organization\",\"@id\":\"https:\\\/\\\/dev.x-bar.co\\\/de\\\/#organization\",\"name\":\"X-Bar\u00ae - Official Online Shop\",\"url\":\"https:\\\/\\\/dev.x-bar.co\\\/de\\\/\",\"logo\":{\"@type\":\"ImageObject\",\"inLanguage\":\"de\",\"@id\":\"https:\\\/\\\/dev.x-bar.co\\\/de\\\/#\\\/schema\\\/logo\\\/image\\\/\",\"url\":\"https:\\\/\\\/dev.x-bar.co\\\/wp-content\\\/uploads\\\/2022\\\/07\\\/xbar-logo.svg\",\"contentUrl\":\"https:\\\/\\\/dev.x-bar.co\\\/wp-content\\\/uploads\\\/2022\\\/07\\\/xbar-logo.svg\",\"width\":266,\"height\":41,\"caption\":\"X-Bar\u00ae - Official Online Shop\"},\"image\":{\"@id\":\"https:\\\/\\\/dev.x-bar.co\\\/de\\\/#\\\/schema\\\/logo\\\/image\\\/\"}}]}<\/script>\n<meta property=\"og:availability\" content=\"instock\" \/>\n<meta property=\"product:availability\" content=\"instock\" \/>\n<meta property=\"product:condition\" content=\"new\" \/>\n<!-- \/ Yoast SEO Premium plugin. -->","yoast_head_json":{"title":"CUBX 2 Pods - Granita Lemon - X-Bar\u00ae - Offizieller Online-Shop","robots":{"index":"index","follow":"follow","max-snippet":"max-snippet:-1","max-image-preview":"max-image-preview:large","max-video-preview":"max-video-preview:-1"},"canonical":"https:\/\/dev.x-bar.co\/de\/boutique\/x-bar-sortiment\/cubx-de\/cubx-pod-de\/cubx-2-pods-lemon\/","og_locale":"de_DE","og_type":"article","og_title":"CUBX 2 Pods - Granita Lemon","og_description":"Set aus 2 Pods f\u00fcr die X-Bar CUB-X. Ein 2-ml-Pod + ein 9-ml-Nachf\u00fcll-Pod, Geschmacksrichtung Zitrone.  Genie\u00dfen Sie bei jedem Zug eine spritzige Explosion von Zitrone, die das Wesen frisch gepresster Zitronen f\u00fcr ein erfrischend s\u00e4uerliches Erlebnis einf\u00e4ngt. Dieser helle, zitrusartige Geschmack bietet die perfekte Balance aus S\u00e4ure und einem Hauch von S\u00fc\u00dfe und hinterl\u00e4sst ein sauberes, belebendes Finish, das sowohl erfrischend als auch befriedigend ist.","og_url":"https:\/\/dev.x-bar.co\/de\/boutique\/x-bar-sortiment\/cubx-de\/cubx-pod-de\/cubx-2-pods-lemon\/","og_site_name":"X-Bar\u00ae - Offizieller Online-Shop","article_modified_time":"2025-08-04T06:38:32+00:00","og_image":[{"width":650,"height":650,"url":"https:\/\/dev.x-bar.co\/wp-content\/uploads\/2024\/09\/CUBX_POD_PACK-S_LEMON.png","type":"image\/png"}],"twitter_card":"summary_large_image","twitter_misc":{"Verf\u00fcgbarkeit":"Auf Lager"},"schema":{"@context":"https:\/\/schema.org","@graph":[{"@type":"WebPage","@id":"https:\/\/dev.x-bar.co\/de\/boutique\/x-bar-sortiment\/cubx-de\/cubx-pod-de\/cubx-2-pods-lemon\/","url":"https:\/\/dev.x-bar.co\/de\/boutique\/x-bar-sortiment\/cubx-de\/cubx-pod-de\/cubx-2-pods-lemon\/","name":"CUBX 2 Pods - Granita Lemon - X-Bar\u00ae - Offizieller Online-Shop","isPartOf":{"@id":"https:\/\/dev.x-bar.co\/de\/#website"},"primaryImageOfPage":{"@id":"https:\/\/dev.x-bar.co\/de\/boutique\/x-bar-sortiment\/cubx-de\/cubx-pod-de\/cubx-2-pods-lemon\/#primaryimage"},"image":{"@id":"https:\/\/dev.x-bar.co\/de\/boutique\/x-bar-sortiment\/cubx-de\/cubx-pod-de\/cubx-2-pods-lemon\/#primaryimage"},"thumbnailUrl":"https:\/\/dev.x-bar.co\/wp-content\/uploads\/2024\/09\/CUBX_POD_PACK-S_LEMON.png","datePublished":"2024-09-10T13:40:34+00:00","dateModified":"2025-08-04T06:38:32+00:00","breadcrumb":{"@id":"https:\/\/dev.x-bar.co\/de\/boutique\/x-bar-sortiment\/cubx-de\/cubx-pod-de\/cubx-2-pods-lemon\/#breadcrumb"},"inLanguage":"de","potentialAction":[{"@type":"ReadAction","target":["https:\/\/dev.x-bar.co\/de\/boutique\/x-bar-sortiment\/cubx-de\/cubx-pod-de\/cubx-2-pods-lemon\/"]}]},{"@type":"ImageObject","inLanguage":"de","@id":"https:\/\/dev.x-bar.co\/de\/boutique\/x-bar-sortiment\/cubx-de\/cubx-pod-de\/cubx-2-pods-lemon\/#primaryimage","url":"https:\/\/dev.x-bar.co\/wp-content\/uploads\/2024\/09\/CUBX_POD_PACK-S_LEMON.png","contentUrl":"https:\/\/dev.x-bar.co\/wp-content\/uploads\/2024\/09\/CUBX_POD_PACK-S_LEMON.png","width":650,"height":650},{"@type":"BreadcrumbList","@id":"https:\/\/dev.x-bar.co\/de\/boutique\/x-bar-sortiment\/cubx-de\/cubx-pod-de\/cubx-2-pods-lemon\/#breadcrumb","itemListElement":[{"@type":"ListItem","position":1,"name":"Accueil","item":"https:\/\/dev.x-bar.co\/de\/"},{"@type":"ListItem","position":2,"name":"Webshop","item":"https:\/\/dev.x-bar.co\/boutique\/"},{"@type":"ListItem","position":3,"name":"CUBX 2 Pods &#8211; Granita Lemon"}]},{"@type":"WebSite","@id":"https:\/\/dev.x-bar.co\/de\/#website","url":"https:\/\/dev.x-bar.co\/de\/","name":"X-Bar\u00ae - Official Online Shop","description":"Official X-Bar online shop. Best Vaping Devices Worlwide. Vaping pods, puff, eliquids, open pods system devices...","publisher":{"@id":"https:\/\/dev.x-bar.co\/de\/#organization"},"potentialAction":[{"@type":"SearchAction","target":{"@type":"EntryPoint","urlTemplate":"https:\/\/dev.x-bar.co\/de\/?s={search_term_string}"},"query-input":{"@type":"PropertyValueSpecification","valueRequired":true,"valueName":"search_term_string"}}],"inLanguage":"de"},{"@type":"Organization","@id":"https:\/\/dev.x-bar.co\/de\/#organization","name":"X-Bar\u00ae - Official Online Shop","url":"https:\/\/dev.x-bar.co\/de\/","logo":{"@type":"ImageObject","inLanguage":"de","@id":"https:\/\/dev.x-bar.co\/de\/#\/schema\/logo\/image\/","url":"https:\/\/dev.x-bar.co\/wp-content\/uploads\/2022\/07\/xbar-logo.svg","contentUrl":"https:\/\/dev.x-bar.co\/wp-content\/uploads\/2022\/07\/xbar-logo.svg","width":266,"height":41,"caption":"X-Bar\u00ae - Official Online Shop"},"image":{"@id":"https:\/\/dev.x-bar.co\/de\/#\/schema\/logo\/image\/"}}]},"og_availability":"instock","product_availability":"instock","product_condition":"new"},"jetpack_sharing_enabled":true,"_links":{"self":[{"href":"https:\/\/dev.x-bar.co\/de\/wp-json\/wp\/v2\/product\/229696","targetHints":{"allow":["GET"]}}],"collection":[{"href":"https:\/\/dev.x-bar.co\/de\/wp-json\/wp\/v2\/product"}],"about":[{"href":"https:\/\/dev.x-bar.co\/de\/wp-json\/wp\/v2\/types\/product"}],"wp:featuredmedia":[{"embeddable":true,"href":"https:\/\/dev.x-bar.co\/de\/wp-json\/wp\/v2\/media\/231113"}],"wp:attachment":[{"href":"https:\/\/dev.x-bar.co\/de\/wp-json\/wp\/v2\/media?parent=229696"}],"wp:term":[{"taxonomy":"product_brand","embeddable":true,"href":"https:\/\/dev.x-bar.co\/de\/wp-json\/wp\/v2\/product_brand?post=229696"},{"taxonomy":"product_cat","embeddable":true,"href":"https:\/\/dev.x-bar.co\/de\/wp-json\/wp\/v2\/product_cat?post=229696"},{"taxonomy":"product_tag","embeddable":true,"href":"https:\/\/dev.x-bar.co\/de\/wp-json\/wp\/v2\/product_tag?post=229696"}],"curies":[{"name":"wp","href":"https:\/\/api.w.org\/{rel}","templated":true}]}}