{"id":24498,"date":"2023-04-24T13:46:52","date_gmt":"2023-04-24T11:46:52","guid":{"rendered":"https:\/\/x-bar.co\/?post_type=product&#038;p=24498"},"modified":"2025-07-11T09:54:18","modified_gmt":"2025-07-11T07:54:18","slug":"click-puff-pod-mango-grape","status":"publish","type":"product","link":"https:\/\/dev.x-bar.co\/de\/boutique\/geschmackssorten\/frucht\/click-puff-pod-mango-grape\/","title":{"rendered":"Click &#038; Puff &#8211; Pod &#8211; Mango Grape"},"content":{"rendered":"","protected":false},"excerpt":{"rendered":"<p>X-Bar Click &#038; Puff Mango Grape ist ein k\u00f6stliches Vaping-Produkt, das eine \u00fcberraschende Mischung aus Mango- und Traubengeschmack bietet. Mit einem einfachen Klick genie\u00dfen Sie ein sanftes und zufriedenstellendes Vaping-Erlebnis. Perfekt f\u00fcr alle, die fruchtige und exotische Aromen genie\u00dfen, bietet X-Bar Click &#038; Puff Mango Grape einen einzigartigen und erfrischenden Geschmack.<\/p>\n","protected":false},"featured_media":24512,"template":"","meta":{"_acf_changed":false},"product_brand":[],"product_cat":[531,161,170],"product_tag":[506],"class_list":{"0":"post-24498","1":"product","2":"type-product","3":"status-publish","4":"has-post-thumbnail","6":"product_cat-click-puff-de","7":"product_cat-x-bar-click-puff-pod-de","8":"product_cat-frucht","9":"product_tag-click-puff-de","11":"first","12":"instock","13":"taxable","14":"shipping-taxable","15":"purchasable","16":"product-type-variable","17":"has-default-attributes"},"composite_virtual":false,"composite_layout":"","composite_add_to_cart_form_location":"","composite_editable_in_cart":false,"composite_sold_individually_context":"","composite_shop_price_calc":"","composite_components":[],"composite_scenarios":[],"acf":[],"yoast_head":"<!-- This site is optimized with the Yoast SEO Premium plugin v25.7.1 (Yoast SEO v27.3) - https:\/\/yoast.com\/product\/yoast-seo-premium-wordpress\/ -->\n<title>Click &amp; Puff - Pod - Mango Grape - X-Bar\u00ae - Offizieller Online-Shop<\/title>\n<meta name=\"robots\" content=\"index, follow, max-snippet:-1, max-image-preview:large, max-video-preview:-1\" \/>\n<link rel=\"canonical\" href=\"https:\/\/dev.x-bar.co\/de\/boutique\/geschmackssorten\/frucht\/click-puff-pod-mango-grape\/\" \/>\n<meta property=\"og:locale\" content=\"de_DE\" \/>\n<meta property=\"og:type\" content=\"article\" \/>\n<meta property=\"og:title\" content=\"Click &amp; Puff - Pod - Mango Grape\" \/>\n<meta property=\"og:description\" content=\"X-Bar Click &amp; Puff Mango Grape ist ein k\u00f6stliches Vaping-Produkt, das eine \u00fcberraschende Mischung aus Mango- und Traubengeschmack bietet. Mit einem einfachen Klick genie\u00dfen Sie ein sanftes und zufriedenstellendes Vaping-Erlebnis. Perfekt f\u00fcr alle, die fruchtige und exotische Aromen genie\u00dfen, bietet X-Bar Click &amp; Puff Mango Grape einen einzigartigen und erfrischenden Geschmack.\" \/>\n<meta property=\"og:url\" content=\"https:\/\/dev.x-bar.co\/de\/boutique\/geschmackssorten\/frucht\/click-puff-pod-mango-grape\/\" \/>\n<meta property=\"og:site_name\" content=\"X-Bar\u00ae - Offizieller Online-Shop\" \/>\n<meta property=\"article:modified_time\" content=\"2025-07-11T07:54:18+00:00\" \/>\n<meta property=\"og:image\" content=\"https:\/\/dev.x-bar.co\/wp-content\/uploads\/2023\/04\/xbar-clickandpuff-pod-mango-grape.png\" \/>\n\t<meta property=\"og:image:width\" content=\"650\" \/>\n\t<meta property=\"og:image:height\" content=\"650\" \/>\n\t<meta property=\"og:image:type\" content=\"image\/png\" \/>\n<meta name=\"twitter:card\" content=\"summary_large_image\" \/>\n<meta name=\"twitter:label1\" content=\"Verf\u00fcgbarkeit\" \/>\n\t<meta name=\"twitter:data1\" content=\"Auf Lager\" \/>\n<script type=\"application\/ld+json\" class=\"yoast-schema-graph\">{\"@context\":\"https:\\\/\\\/schema.org\",\"@graph\":[{\"@type\":\"WebPage\",\"@id\":\"https:\\\/\\\/dev.x-bar.co\\\/de\\\/boutique\\\/geschmackssorten\\\/frucht\\\/click-puff-pod-mango-grape\\\/\",\"url\":\"https:\\\/\\\/dev.x-bar.co\\\/de\\\/boutique\\\/geschmackssorten\\\/frucht\\\/click-puff-pod-mango-grape\\\/\",\"name\":\"Click & Puff - Pod - Mango Grape - X-Bar\u00ae - Offizieller Online-Shop\",\"isPartOf\":{\"@id\":\"https:\\\/\\\/dev.x-bar.co\\\/de\\\/#website\"},\"primaryImageOfPage\":{\"@id\":\"https:\\\/\\\/dev.x-bar.co\\\/de\\\/boutique\\\/geschmackssorten\\\/frucht\\\/click-puff-pod-mango-grape\\\/#primaryimage\"},\"image\":{\"@id\":\"https:\\\/\\\/dev.x-bar.co\\\/de\\\/boutique\\\/geschmackssorten\\\/frucht\\\/click-puff-pod-mango-grape\\\/#primaryimage\"},\"thumbnailUrl\":\"https:\\\/\\\/dev.x-bar.co\\\/wp-content\\\/uploads\\\/2023\\\/04\\\/xbar-clickandpuff-pod-mango-grape.png\",\"datePublished\":\"2023-04-24T11:46:52+00:00\",\"dateModified\":\"2025-07-11T07:54:18+00:00\",\"breadcrumb\":{\"@id\":\"https:\\\/\\\/dev.x-bar.co\\\/de\\\/boutique\\\/geschmackssorten\\\/frucht\\\/click-puff-pod-mango-grape\\\/#breadcrumb\"},\"inLanguage\":\"de\",\"potentialAction\":[{\"@type\":\"ReadAction\",\"target\":[\"https:\\\/\\\/dev.x-bar.co\\\/de\\\/boutique\\\/geschmackssorten\\\/frucht\\\/click-puff-pod-mango-grape\\\/\"]}]},{\"@type\":\"ImageObject\",\"inLanguage\":\"de\",\"@id\":\"https:\\\/\\\/dev.x-bar.co\\\/de\\\/boutique\\\/geschmackssorten\\\/frucht\\\/click-puff-pod-mango-grape\\\/#primaryimage\",\"url\":\"https:\\\/\\\/dev.x-bar.co\\\/wp-content\\\/uploads\\\/2023\\\/04\\\/xbar-clickandpuff-pod-mango-grape.png\",\"contentUrl\":\"https:\\\/\\\/dev.x-bar.co\\\/wp-content\\\/uploads\\\/2023\\\/04\\\/xbar-clickandpuff-pod-mango-grape.png\",\"width\":650,\"height\":650},{\"@type\":\"BreadcrumbList\",\"@id\":\"https:\\\/\\\/dev.x-bar.co\\\/de\\\/boutique\\\/geschmackssorten\\\/frucht\\\/click-puff-pod-mango-grape\\\/#breadcrumb\",\"itemListElement\":[{\"@type\":\"ListItem\",\"position\":1,\"name\":\"Accueil\",\"item\":\"https:\\\/\\\/dev.x-bar.co\\\/de\\\/\"},{\"@type\":\"ListItem\",\"position\":2,\"name\":\"Webshop\",\"item\":\"https:\\\/\\\/dev.x-bar.co\\\/boutique\\\/\"},{\"@type\":\"ListItem\",\"position\":3,\"name\":\"Click &#038; Puff &#8211; Pod &#8211; Mango Grape\"}]},{\"@type\":\"WebSite\",\"@id\":\"https:\\\/\\\/dev.x-bar.co\\\/de\\\/#website\",\"url\":\"https:\\\/\\\/dev.x-bar.co\\\/de\\\/\",\"name\":\"X-Bar\u00ae - Official Online Shop\",\"description\":\"Official X-Bar online shop. Best Vaping Devices Worlwide. Vaping pods, puff, eliquids, open pods system devices...\",\"publisher\":{\"@id\":\"https:\\\/\\\/dev.x-bar.co\\\/de\\\/#organization\"},\"potentialAction\":[{\"@type\":\"SearchAction\",\"target\":{\"@type\":\"EntryPoint\",\"urlTemplate\":\"https:\\\/\\\/dev.x-bar.co\\\/de\\\/?s={search_term_string}\"},\"query-input\":{\"@type\":\"PropertyValueSpecification\",\"valueRequired\":true,\"valueName\":\"search_term_string\"}}],\"inLanguage\":\"de\"},{\"@type\":\"Organization\",\"@id\":\"https:\\\/\\\/dev.x-bar.co\\\/de\\\/#organization\",\"name\":\"X-Bar\u00ae - Official Online Shop\",\"url\":\"https:\\\/\\\/dev.x-bar.co\\\/de\\\/\",\"logo\":{\"@type\":\"ImageObject\",\"inLanguage\":\"de\",\"@id\":\"https:\\\/\\\/dev.x-bar.co\\\/de\\\/#\\\/schema\\\/logo\\\/image\\\/\",\"url\":\"https:\\\/\\\/dev.x-bar.co\\\/wp-content\\\/uploads\\\/2022\\\/07\\\/xbar-logo.svg\",\"contentUrl\":\"https:\\\/\\\/dev.x-bar.co\\\/wp-content\\\/uploads\\\/2022\\\/07\\\/xbar-logo.svg\",\"width\":266,\"height\":41,\"caption\":\"X-Bar\u00ae - Official Online Shop\"},\"image\":{\"@id\":\"https:\\\/\\\/dev.x-bar.co\\\/de\\\/#\\\/schema\\\/logo\\\/image\\\/\"}}]}<\/script>\n<meta property=\"og:availability\" content=\"instock\" \/>\n<meta property=\"product:availability\" content=\"instock\" \/>\n<meta property=\"product:condition\" content=\"new\" \/>\n<!-- \/ Yoast SEO Premium plugin. -->","yoast_head_json":{"title":"Click & Puff - Pod - Mango Grape - X-Bar\u00ae - Offizieller Online-Shop","robots":{"index":"index","follow":"follow","max-snippet":"max-snippet:-1","max-image-preview":"max-image-preview:large","max-video-preview":"max-video-preview:-1"},"canonical":"https:\/\/dev.x-bar.co\/de\/boutique\/geschmackssorten\/frucht\/click-puff-pod-mango-grape\/","og_locale":"de_DE","og_type":"article","og_title":"Click & Puff - Pod - Mango Grape","og_description":"X-Bar Click & Puff Mango Grape ist ein k\u00f6stliches Vaping-Produkt, das eine \u00fcberraschende Mischung aus Mango- und Traubengeschmack bietet. Mit einem einfachen Klick genie\u00dfen Sie ein sanftes und zufriedenstellendes Vaping-Erlebnis. Perfekt f\u00fcr alle, die fruchtige und exotische Aromen genie\u00dfen, bietet X-Bar Click & Puff Mango Grape einen einzigartigen und erfrischenden Geschmack.","og_url":"https:\/\/dev.x-bar.co\/de\/boutique\/geschmackssorten\/frucht\/click-puff-pod-mango-grape\/","og_site_name":"X-Bar\u00ae - Offizieller Online-Shop","article_modified_time":"2025-07-11T07:54:18+00:00","og_image":[{"width":650,"height":650,"url":"https:\/\/dev.x-bar.co\/wp-content\/uploads\/2023\/04\/xbar-clickandpuff-pod-mango-grape.png","type":"image\/png"}],"twitter_card":"summary_large_image","twitter_misc":{"Verf\u00fcgbarkeit":"Auf Lager"},"schema":{"@context":"https:\/\/schema.org","@graph":[{"@type":"WebPage","@id":"https:\/\/dev.x-bar.co\/de\/boutique\/geschmackssorten\/frucht\/click-puff-pod-mango-grape\/","url":"https:\/\/dev.x-bar.co\/de\/boutique\/geschmackssorten\/frucht\/click-puff-pod-mango-grape\/","name":"Click & Puff - Pod - Mango Grape - X-Bar\u00ae - Offizieller Online-Shop","isPartOf":{"@id":"https:\/\/dev.x-bar.co\/de\/#website"},"primaryImageOfPage":{"@id":"https:\/\/dev.x-bar.co\/de\/boutique\/geschmackssorten\/frucht\/click-puff-pod-mango-grape\/#primaryimage"},"image":{"@id":"https:\/\/dev.x-bar.co\/de\/boutique\/geschmackssorten\/frucht\/click-puff-pod-mango-grape\/#primaryimage"},"thumbnailUrl":"https:\/\/dev.x-bar.co\/wp-content\/uploads\/2023\/04\/xbar-clickandpuff-pod-mango-grape.png","datePublished":"2023-04-24T11:46:52+00:00","dateModified":"2025-07-11T07:54:18+00:00","breadcrumb":{"@id":"https:\/\/dev.x-bar.co\/de\/boutique\/geschmackssorten\/frucht\/click-puff-pod-mango-grape\/#breadcrumb"},"inLanguage":"de","potentialAction":[{"@type":"ReadAction","target":["https:\/\/dev.x-bar.co\/de\/boutique\/geschmackssorten\/frucht\/click-puff-pod-mango-grape\/"]}]},{"@type":"ImageObject","inLanguage":"de","@id":"https:\/\/dev.x-bar.co\/de\/boutique\/geschmackssorten\/frucht\/click-puff-pod-mango-grape\/#primaryimage","url":"https:\/\/dev.x-bar.co\/wp-content\/uploads\/2023\/04\/xbar-clickandpuff-pod-mango-grape.png","contentUrl":"https:\/\/dev.x-bar.co\/wp-content\/uploads\/2023\/04\/xbar-clickandpuff-pod-mango-grape.png","width":650,"height":650},{"@type":"BreadcrumbList","@id":"https:\/\/dev.x-bar.co\/de\/boutique\/geschmackssorten\/frucht\/click-puff-pod-mango-grape\/#breadcrumb","itemListElement":[{"@type":"ListItem","position":1,"name":"Accueil","item":"https:\/\/dev.x-bar.co\/de\/"},{"@type":"ListItem","position":2,"name":"Webshop","item":"https:\/\/dev.x-bar.co\/boutique\/"},{"@type":"ListItem","position":3,"name":"Click &#038; Puff &#8211; Pod &#8211; Mango Grape"}]},{"@type":"WebSite","@id":"https:\/\/dev.x-bar.co\/de\/#website","url":"https:\/\/dev.x-bar.co\/de\/","name":"X-Bar\u00ae - Official Online Shop","description":"Official X-Bar online shop. Best Vaping Devices Worlwide. Vaping pods, puff, eliquids, open pods system devices...","publisher":{"@id":"https:\/\/dev.x-bar.co\/de\/#organization"},"potentialAction":[{"@type":"SearchAction","target":{"@type":"EntryPoint","urlTemplate":"https:\/\/dev.x-bar.co\/de\/?s={search_term_string}"},"query-input":{"@type":"PropertyValueSpecification","valueRequired":true,"valueName":"search_term_string"}}],"inLanguage":"de"},{"@type":"Organization","@id":"https:\/\/dev.x-bar.co\/de\/#organization","name":"X-Bar\u00ae - Official Online Shop","url":"https:\/\/dev.x-bar.co\/de\/","logo":{"@type":"ImageObject","inLanguage":"de","@id":"https:\/\/dev.x-bar.co\/de\/#\/schema\/logo\/image\/","url":"https:\/\/dev.x-bar.co\/wp-content\/uploads\/2022\/07\/xbar-logo.svg","contentUrl":"https:\/\/dev.x-bar.co\/wp-content\/uploads\/2022\/07\/xbar-logo.svg","width":266,"height":41,"caption":"X-Bar\u00ae - Official Online Shop"},"image":{"@id":"https:\/\/dev.x-bar.co\/de\/#\/schema\/logo\/image\/"}}]},"og_availability":"instock","product_availability":"instock","product_condition":"new"},"jetpack_sharing_enabled":true,"_links":{"self":[{"href":"https:\/\/dev.x-bar.co\/de\/wp-json\/wp\/v2\/product\/24498","targetHints":{"allow":["GET"]}}],"collection":[{"href":"https:\/\/dev.x-bar.co\/de\/wp-json\/wp\/v2\/product"}],"about":[{"href":"https:\/\/dev.x-bar.co\/de\/wp-json\/wp\/v2\/types\/product"}],"wp:featuredmedia":[{"embeddable":true,"href":"https:\/\/dev.x-bar.co\/de\/wp-json\/wp\/v2\/media\/24512"}],"wp:attachment":[{"href":"https:\/\/dev.x-bar.co\/de\/wp-json\/wp\/v2\/media?parent=24498"}],"wp:term":[{"taxonomy":"product_brand","embeddable":true,"href":"https:\/\/dev.x-bar.co\/de\/wp-json\/wp\/v2\/product_brand?post=24498"},{"taxonomy":"product_cat","embeddable":true,"href":"https:\/\/dev.x-bar.co\/de\/wp-json\/wp\/v2\/product_cat?post=24498"},{"taxonomy":"product_tag","embeddable":true,"href":"https:\/\/dev.x-bar.co\/de\/wp-json\/wp\/v2\/product_tag?post=24498"}],"curies":[{"name":"wp","href":"https:\/\/api.w.org\/{rel}","templated":true}]}}