{"id":24963,"date":"2023-04-26T16:07:56","date_gmt":"2023-04-26T14:07:56","guid":{"rendered":"https:\/\/x-bar.co\/?post_type=product&#038;p=24963"},"modified":"2025-07-30T19:54:06","modified_gmt":"2025-07-30T17:54:06","slug":"e-liquid-10ml-raspberry-ice","status":"publish","type":"product","link":"https:\/\/dev.x-bar.co\/de\/boutique\/x-bar-sortiment\/e-liquids-de\/e-liquid-de\/e-liquid-10ml-raspberry-ice\/","title":{"rendered":"E-liquid 10ml Raspberry Ice"},"content":{"rendered":"","protected":false},"excerpt":{"rendered":"<p>Stillen Sie Ihren Durst mit dem erfrischenden Geschmack von Himbeereis. Dieses E-Liquid ist eine Mischung aus saftigen Himbeeren und k\u00fchlem Menthol, die ein leicht herbes und belebendes Dampferlebnis bietet. Bei jedem Zug sp\u00fcren Sie die eisige Explosion von Menthol und den s\u00fc\u00dfen und w\u00fcrzigen Geschmack reifer Himbeeren.<\/p>\n","protected":false},"featured_media":24905,"template":"","meta":{"_acf_changed":false},"product_brand":[],"product_cat":[170,315],"product_tag":[495,386],"class_list":{"0":"post-24963","1":"product","2":"type-product","3":"status-publish","4":"has-post-thumbnail","6":"product_cat-frucht","7":"product_cat-e-liquid-de","8":"product_tag-eliquid-de","9":"product_tag-open-system-de","11":"first","12":"instock","13":"taxable","14":"shipping-taxable","15":"purchasable","16":"product-type-variable","17":"has-default-attributes"},"composite_virtual":false,"composite_layout":"","composite_add_to_cart_form_location":"","composite_editable_in_cart":false,"composite_sold_individually_context":"","composite_shop_price_calc":"","composite_components":[],"composite_scenarios":[],"acf":[],"yoast_head":"<!-- This site is optimized with the Yoast SEO Premium plugin v25.7.1 (Yoast SEO v27.3) - https:\/\/yoast.com\/product\/yoast-seo-premium-wordpress\/ -->\n<title>E-liquid 10ml Raspberry Ice - X-Bar\u00ae - Offizieller Online-Shop<\/title>\n<meta name=\"robots\" content=\"index, follow, max-snippet:-1, max-image-preview:large, max-video-preview:-1\" \/>\n<link rel=\"canonical\" href=\"https:\/\/dev.x-bar.co\/de\/boutique\/x-bar-sortiment\/e-liquids-de\/e-liquid-de\/e-liquid-10ml-raspberry-ice\/\" \/>\n<meta property=\"og:locale\" content=\"de_DE\" \/>\n<meta property=\"og:type\" content=\"article\" \/>\n<meta property=\"og:title\" content=\"E-liquid 10ml Raspberry Ice\" \/>\n<meta property=\"og:description\" content=\"Stillen Sie Ihren Durst mit dem erfrischenden Geschmack von Himbeereis. Dieses E-Liquid ist eine Mischung aus saftigen Himbeeren und k\u00fchlem Menthol, die ein leicht herbes und belebendes Dampferlebnis bietet. Bei jedem Zug sp\u00fcren Sie die eisige Explosion von Menthol und den s\u00fc\u00dfen und w\u00fcrzigen Geschmack reifer Himbeeren.\" \/>\n<meta property=\"og:url\" content=\"https:\/\/dev.x-bar.co\/de\/boutique\/x-bar-sortiment\/e-liquids-de\/e-liquid-de\/e-liquid-10ml-raspberry-ice\/\" \/>\n<meta property=\"og:site_name\" content=\"X-Bar\u00ae - Offizieller Online-Shop\" \/>\n<meta property=\"article:modified_time\" content=\"2025-07-30T17:54:06+00:00\" \/>\n<meta property=\"og:image\" content=\"https:\/\/dev.x-bar.co\/wp-content\/uploads\/2023\/04\/xbar-eliquide-10ml-rasperryice-fruits.png\" \/>\n\t<meta property=\"og:image:width\" content=\"650\" \/>\n\t<meta property=\"og:image:height\" content=\"650\" \/>\n\t<meta property=\"og:image:type\" content=\"image\/png\" \/>\n<meta name=\"twitter:card\" content=\"summary_large_image\" \/>\n<meta name=\"twitter:label1\" content=\"Verf\u00fcgbarkeit\" \/>\n\t<meta name=\"twitter:data1\" content=\"Auf Lager\" \/>\n<script type=\"application\/ld+json\" class=\"yoast-schema-graph\">{\"@context\":\"https:\\\/\\\/schema.org\",\"@graph\":[{\"@type\":\"WebPage\",\"@id\":\"https:\\\/\\\/dev.x-bar.co\\\/de\\\/boutique\\\/x-bar-sortiment\\\/e-liquids-de\\\/e-liquid-de\\\/e-liquid-10ml-raspberry-ice\\\/\",\"url\":\"https:\\\/\\\/dev.x-bar.co\\\/de\\\/boutique\\\/x-bar-sortiment\\\/e-liquids-de\\\/e-liquid-de\\\/e-liquid-10ml-raspberry-ice\\\/\",\"name\":\"E-liquid 10ml Raspberry Ice - X-Bar\u00ae - Offizieller Online-Shop\",\"isPartOf\":{\"@id\":\"https:\\\/\\\/dev.x-bar.co\\\/de\\\/#website\"},\"primaryImageOfPage\":{\"@id\":\"https:\\\/\\\/dev.x-bar.co\\\/de\\\/boutique\\\/x-bar-sortiment\\\/e-liquids-de\\\/e-liquid-de\\\/e-liquid-10ml-raspberry-ice\\\/#primaryimage\"},\"image\":{\"@id\":\"https:\\\/\\\/dev.x-bar.co\\\/de\\\/boutique\\\/x-bar-sortiment\\\/e-liquids-de\\\/e-liquid-de\\\/e-liquid-10ml-raspberry-ice\\\/#primaryimage\"},\"thumbnailUrl\":\"https:\\\/\\\/dev.x-bar.co\\\/wp-content\\\/uploads\\\/2023\\\/04\\\/xbar-eliquide-10ml-rasperryice-fruits.png\",\"datePublished\":\"2023-04-26T14:07:56+00:00\",\"dateModified\":\"2025-07-30T17:54:06+00:00\",\"breadcrumb\":{\"@id\":\"https:\\\/\\\/dev.x-bar.co\\\/de\\\/boutique\\\/x-bar-sortiment\\\/e-liquids-de\\\/e-liquid-de\\\/e-liquid-10ml-raspberry-ice\\\/#breadcrumb\"},\"inLanguage\":\"de\",\"potentialAction\":[{\"@type\":\"ReadAction\",\"target\":[\"https:\\\/\\\/dev.x-bar.co\\\/de\\\/boutique\\\/x-bar-sortiment\\\/e-liquids-de\\\/e-liquid-de\\\/e-liquid-10ml-raspberry-ice\\\/\"]}]},{\"@type\":\"ImageObject\",\"inLanguage\":\"de\",\"@id\":\"https:\\\/\\\/dev.x-bar.co\\\/de\\\/boutique\\\/x-bar-sortiment\\\/e-liquids-de\\\/e-liquid-de\\\/e-liquid-10ml-raspberry-ice\\\/#primaryimage\",\"url\":\"https:\\\/\\\/dev.x-bar.co\\\/wp-content\\\/uploads\\\/2023\\\/04\\\/xbar-eliquide-10ml-rasperryice-fruits.png\",\"contentUrl\":\"https:\\\/\\\/dev.x-bar.co\\\/wp-content\\\/uploads\\\/2023\\\/04\\\/xbar-eliquide-10ml-rasperryice-fruits.png\",\"width\":650,\"height\":650},{\"@type\":\"BreadcrumbList\",\"@id\":\"https:\\\/\\\/dev.x-bar.co\\\/de\\\/boutique\\\/x-bar-sortiment\\\/e-liquids-de\\\/e-liquid-de\\\/e-liquid-10ml-raspberry-ice\\\/#breadcrumb\",\"itemListElement\":[{\"@type\":\"ListItem\",\"position\":1,\"name\":\"Accueil\",\"item\":\"https:\\\/\\\/dev.x-bar.co\\\/de\\\/\"},{\"@type\":\"ListItem\",\"position\":2,\"name\":\"Webshop\",\"item\":\"https:\\\/\\\/dev.x-bar.co\\\/boutique\\\/\"},{\"@type\":\"ListItem\",\"position\":3,\"name\":\"E-liquid 10ml Raspberry Ice\"}]},{\"@type\":\"WebSite\",\"@id\":\"https:\\\/\\\/dev.x-bar.co\\\/de\\\/#website\",\"url\":\"https:\\\/\\\/dev.x-bar.co\\\/de\\\/\",\"name\":\"X-Bar\u00ae - Official Online Shop\",\"description\":\"Official X-Bar online shop. Best Vaping Devices Worlwide. Vaping pods, puff, eliquids, open pods system devices...\",\"publisher\":{\"@id\":\"https:\\\/\\\/dev.x-bar.co\\\/de\\\/#organization\"},\"potentialAction\":[{\"@type\":\"SearchAction\",\"target\":{\"@type\":\"EntryPoint\",\"urlTemplate\":\"https:\\\/\\\/dev.x-bar.co\\\/de\\\/?s={search_term_string}\"},\"query-input\":{\"@type\":\"PropertyValueSpecification\",\"valueRequired\":true,\"valueName\":\"search_term_string\"}}],\"inLanguage\":\"de\"},{\"@type\":\"Organization\",\"@id\":\"https:\\\/\\\/dev.x-bar.co\\\/de\\\/#organization\",\"name\":\"X-Bar\u00ae - Official Online Shop\",\"url\":\"https:\\\/\\\/dev.x-bar.co\\\/de\\\/\",\"logo\":{\"@type\":\"ImageObject\",\"inLanguage\":\"de\",\"@id\":\"https:\\\/\\\/dev.x-bar.co\\\/de\\\/#\\\/schema\\\/logo\\\/image\\\/\",\"url\":\"https:\\\/\\\/dev.x-bar.co\\\/wp-content\\\/uploads\\\/2022\\\/07\\\/xbar-logo.svg\",\"contentUrl\":\"https:\\\/\\\/dev.x-bar.co\\\/wp-content\\\/uploads\\\/2022\\\/07\\\/xbar-logo.svg\",\"width\":266,\"height\":41,\"caption\":\"X-Bar\u00ae - Official Online Shop\"},\"image\":{\"@id\":\"https:\\\/\\\/dev.x-bar.co\\\/de\\\/#\\\/schema\\\/logo\\\/image\\\/\"}}]}<\/script>\n<meta property=\"og:availability\" content=\"instock\" \/>\n<meta property=\"product:availability\" content=\"instock\" \/>\n<meta property=\"product:condition\" content=\"new\" \/>\n<!-- \/ Yoast SEO Premium plugin. -->","yoast_head_json":{"title":"E-liquid 10ml Raspberry Ice - X-Bar\u00ae - Offizieller Online-Shop","robots":{"index":"index","follow":"follow","max-snippet":"max-snippet:-1","max-image-preview":"max-image-preview:large","max-video-preview":"max-video-preview:-1"},"canonical":"https:\/\/dev.x-bar.co\/de\/boutique\/x-bar-sortiment\/e-liquids-de\/e-liquid-de\/e-liquid-10ml-raspberry-ice\/","og_locale":"de_DE","og_type":"article","og_title":"E-liquid 10ml Raspberry Ice","og_description":"Stillen Sie Ihren Durst mit dem erfrischenden Geschmack von Himbeereis. Dieses E-Liquid ist eine Mischung aus saftigen Himbeeren und k\u00fchlem Menthol, die ein leicht herbes und belebendes Dampferlebnis bietet. Bei jedem Zug sp\u00fcren Sie die eisige Explosion von Menthol und den s\u00fc\u00dfen und w\u00fcrzigen Geschmack reifer Himbeeren.","og_url":"https:\/\/dev.x-bar.co\/de\/boutique\/x-bar-sortiment\/e-liquids-de\/e-liquid-de\/e-liquid-10ml-raspberry-ice\/","og_site_name":"X-Bar\u00ae - Offizieller Online-Shop","article_modified_time":"2025-07-30T17:54:06+00:00","og_image":[{"width":650,"height":650,"url":"https:\/\/dev.x-bar.co\/wp-content\/uploads\/2023\/04\/xbar-eliquide-10ml-rasperryice-fruits.png","type":"image\/png"}],"twitter_card":"summary_large_image","twitter_misc":{"Verf\u00fcgbarkeit":"Auf Lager"},"schema":{"@context":"https:\/\/schema.org","@graph":[{"@type":"WebPage","@id":"https:\/\/dev.x-bar.co\/de\/boutique\/x-bar-sortiment\/e-liquids-de\/e-liquid-de\/e-liquid-10ml-raspberry-ice\/","url":"https:\/\/dev.x-bar.co\/de\/boutique\/x-bar-sortiment\/e-liquids-de\/e-liquid-de\/e-liquid-10ml-raspberry-ice\/","name":"E-liquid 10ml Raspberry Ice - X-Bar\u00ae - Offizieller Online-Shop","isPartOf":{"@id":"https:\/\/dev.x-bar.co\/de\/#website"},"primaryImageOfPage":{"@id":"https:\/\/dev.x-bar.co\/de\/boutique\/x-bar-sortiment\/e-liquids-de\/e-liquid-de\/e-liquid-10ml-raspberry-ice\/#primaryimage"},"image":{"@id":"https:\/\/dev.x-bar.co\/de\/boutique\/x-bar-sortiment\/e-liquids-de\/e-liquid-de\/e-liquid-10ml-raspberry-ice\/#primaryimage"},"thumbnailUrl":"https:\/\/dev.x-bar.co\/wp-content\/uploads\/2023\/04\/xbar-eliquide-10ml-rasperryice-fruits.png","datePublished":"2023-04-26T14:07:56+00:00","dateModified":"2025-07-30T17:54:06+00:00","breadcrumb":{"@id":"https:\/\/dev.x-bar.co\/de\/boutique\/x-bar-sortiment\/e-liquids-de\/e-liquid-de\/e-liquid-10ml-raspberry-ice\/#breadcrumb"},"inLanguage":"de","potentialAction":[{"@type":"ReadAction","target":["https:\/\/dev.x-bar.co\/de\/boutique\/x-bar-sortiment\/e-liquids-de\/e-liquid-de\/e-liquid-10ml-raspberry-ice\/"]}]},{"@type":"ImageObject","inLanguage":"de","@id":"https:\/\/dev.x-bar.co\/de\/boutique\/x-bar-sortiment\/e-liquids-de\/e-liquid-de\/e-liquid-10ml-raspberry-ice\/#primaryimage","url":"https:\/\/dev.x-bar.co\/wp-content\/uploads\/2023\/04\/xbar-eliquide-10ml-rasperryice-fruits.png","contentUrl":"https:\/\/dev.x-bar.co\/wp-content\/uploads\/2023\/04\/xbar-eliquide-10ml-rasperryice-fruits.png","width":650,"height":650},{"@type":"BreadcrumbList","@id":"https:\/\/dev.x-bar.co\/de\/boutique\/x-bar-sortiment\/e-liquids-de\/e-liquid-de\/e-liquid-10ml-raspberry-ice\/#breadcrumb","itemListElement":[{"@type":"ListItem","position":1,"name":"Accueil","item":"https:\/\/dev.x-bar.co\/de\/"},{"@type":"ListItem","position":2,"name":"Webshop","item":"https:\/\/dev.x-bar.co\/boutique\/"},{"@type":"ListItem","position":3,"name":"E-liquid 10ml Raspberry Ice"}]},{"@type":"WebSite","@id":"https:\/\/dev.x-bar.co\/de\/#website","url":"https:\/\/dev.x-bar.co\/de\/","name":"X-Bar\u00ae - Official Online Shop","description":"Official X-Bar online shop. Best Vaping Devices Worlwide. Vaping pods, puff, eliquids, open pods system devices...","publisher":{"@id":"https:\/\/dev.x-bar.co\/de\/#organization"},"potentialAction":[{"@type":"SearchAction","target":{"@type":"EntryPoint","urlTemplate":"https:\/\/dev.x-bar.co\/de\/?s={search_term_string}"},"query-input":{"@type":"PropertyValueSpecification","valueRequired":true,"valueName":"search_term_string"}}],"inLanguage":"de"},{"@type":"Organization","@id":"https:\/\/dev.x-bar.co\/de\/#organization","name":"X-Bar\u00ae - Official Online Shop","url":"https:\/\/dev.x-bar.co\/de\/","logo":{"@type":"ImageObject","inLanguage":"de","@id":"https:\/\/dev.x-bar.co\/de\/#\/schema\/logo\/image\/","url":"https:\/\/dev.x-bar.co\/wp-content\/uploads\/2022\/07\/xbar-logo.svg","contentUrl":"https:\/\/dev.x-bar.co\/wp-content\/uploads\/2022\/07\/xbar-logo.svg","width":266,"height":41,"caption":"X-Bar\u00ae - Official Online Shop"},"image":{"@id":"https:\/\/dev.x-bar.co\/de\/#\/schema\/logo\/image\/"}}]},"og_availability":"instock","product_availability":"instock","product_condition":"new"},"jetpack_sharing_enabled":true,"_links":{"self":[{"href":"https:\/\/dev.x-bar.co\/de\/wp-json\/wp\/v2\/product\/24963","targetHints":{"allow":["GET"]}}],"collection":[{"href":"https:\/\/dev.x-bar.co\/de\/wp-json\/wp\/v2\/product"}],"about":[{"href":"https:\/\/dev.x-bar.co\/de\/wp-json\/wp\/v2\/types\/product"}],"wp:featuredmedia":[{"embeddable":true,"href":"https:\/\/dev.x-bar.co\/de\/wp-json\/wp\/v2\/media\/24905"}],"wp:attachment":[{"href":"https:\/\/dev.x-bar.co\/de\/wp-json\/wp\/v2\/media?parent=24963"}],"wp:term":[{"taxonomy":"product_brand","embeddable":true,"href":"https:\/\/dev.x-bar.co\/de\/wp-json\/wp\/v2\/product_brand?post=24963"},{"taxonomy":"product_cat","embeddable":true,"href":"https:\/\/dev.x-bar.co\/de\/wp-json\/wp\/v2\/product_cat?post=24963"},{"taxonomy":"product_tag","embeddable":true,"href":"https:\/\/dev.x-bar.co\/de\/wp-json\/wp\/v2\/product_tag?post=24963"}],"curies":[{"name":"wp","href":"https:\/\/api.w.org\/{rel}","templated":true}]}}