{"id":26721,"date":"2023-05-10T15:53:39","date_gmt":"2023-05-10T13:53:39","guid":{"rendered":"https:\/\/x-bar.co\/?post_type=product&#038;p=26721"},"modified":"2025-07-28T14:50:03","modified_gmt":"2025-07-28T12:50:03","slug":"fizzy-cola-pod-x-shisha","status":"publish","type":"product","link":"https:\/\/dev.x-bar.co\/de\/boutique\/x-bar-sortiment\/x-shisha-de\/fizzy-cola-pod-x-shisha\/","title":{"rendered":"Fizzy Cola &#8211; Pod X-Shisha"},"content":{"rendered":"","protected":false},"excerpt":{"rendered":"<p>Unser Fizzy Cola X-Shisha Pod ist die perfekte Wahl f\u00fcr Fans des zeitlosen Cola-Geschmacks. Mit seinem klassischen und belebenden Geschmack werden Sie bei jedem Zug das Gef\u00fchl haben, als w\u00fcrden Sie an Ihrer Lieblingslimonade nippen. Unsere spezielle Geschmacksmischung erzeugt ein prickelndes und erfrischendes Gef\u00fchl, genau wie das ikonische Cola-Getr\u00e4nk, das jeder kennt und liebt. Der sanfte und aromatische Dampf unserer Fizzy Cola Pod sorgt daf\u00fcr, dass Sie sich erfrischt und zufrieden f\u00fchlen, und jedes Ausatmen sorgt f\u00fcr einen Hauch k\u00f6stlichen Cola-Geschmacks, der auf Ihrem Gaumen verweilt. Erweitern Sie Ihr Shisha-Erlebnis mit unserem Fizzy Cola Pod f\u00fcr X-Shisha und genie\u00dfen Sie den Geschmack des beliebtesten Cola-Getr\u00e4nks auf eine ganz neue Art und Weise.<\/p>\n<p><strong>0 mg\/ml<\/strong><\/p>\n","protected":false},"featured_media":26669,"template":"","meta":{"_acf_changed":false},"product_brand":[],"product_cat":[169,456,537],"product_tag":[],"class_list":{"0":"post-26721","1":"product","2":"type-product","3":"status-publish","4":"has-post-thumbnail","6":"product_cat-getranke","7":"product_cat-x-shisha-de","8":"product_cat-x-shisha-pods-de","10":"first","11":"instock","12":"taxable","13":"shipping-taxable","14":"purchasable","15":"product-type-simple"},"composite_virtual":false,"composite_layout":"","composite_add_to_cart_form_location":"","composite_editable_in_cart":false,"composite_sold_individually_context":"","composite_shop_price_calc":"","composite_components":[],"composite_scenarios":[],"acf":[],"yoast_head":"<!-- This site is optimized with the Yoast SEO Premium plugin v25.7.1 (Yoast SEO v27.3) - https:\/\/yoast.com\/product\/yoast-seo-premium-wordpress\/ -->\n<title>Fizzy Cola - Pod X-Shisha - X-Bar\u00ae - Offizieller Online-Shop<\/title>\n<meta name=\"robots\" content=\"index, follow, max-snippet:-1, max-image-preview:large, max-video-preview:-1\" \/>\n<link rel=\"canonical\" href=\"https:\/\/dev.x-bar.co\/de\/boutique\/x-bar-sortiment\/x-shisha-de\/fizzy-cola-pod-x-shisha\/\" \/>\n<meta property=\"og:locale\" content=\"de_DE\" \/>\n<meta property=\"og:type\" content=\"article\" \/>\n<meta property=\"og:title\" content=\"Fizzy Cola - Pod X-Shisha\" \/>\n<meta property=\"og:description\" content=\"Unser Fizzy Cola X-Shisha Pod ist die perfekte Wahl f\u00fcr Fans des zeitlosen Cola-Geschmacks. Mit seinem klassischen und belebenden Geschmack werden Sie bei jedem Zug das Gef\u00fchl haben, als w\u00fcrden Sie an Ihrer Lieblingslimonade nippen. Unsere spezielle Geschmacksmischung erzeugt ein prickelndes und erfrischendes Gef\u00fchl, genau wie das ikonische Cola-Getr\u00e4nk, das jeder kennt und liebt. Der sanfte und aromatische Dampf unserer Fizzy Cola Pod sorgt daf\u00fcr, dass Sie sich erfrischt und zufrieden f\u00fchlen, und jedes Ausatmen sorgt f\u00fcr einen Hauch k\u00f6stlichen Cola-Geschmacks, der auf Ihrem Gaumen verweilt. Erweitern Sie Ihr Shisha-Erlebnis mit unserem Fizzy Cola Pod f\u00fcr X-Shisha und genie\u00dfen Sie den Geschmack des beliebtesten Cola-Getr\u00e4nks auf eine ganz neue Art und Weise.  0 mg\/ml\" \/>\n<meta property=\"og:url\" content=\"https:\/\/dev.x-bar.co\/de\/boutique\/x-bar-sortiment\/x-shisha-de\/fizzy-cola-pod-x-shisha\/\" \/>\n<meta property=\"og:site_name\" content=\"X-Bar\u00ae - Offizieller Online-Shop\" \/>\n<meta property=\"article:modified_time\" content=\"2025-07-28T12:50:03+00:00\" \/>\n<meta property=\"og:image\" content=\"https:\/\/dev.x-bar.co\/wp-content\/uploads\/2023\/05\/fizzycola.png\" \/>\n\t<meta property=\"og:image:width\" content=\"800\" \/>\n\t<meta property=\"og:image:height\" content=\"800\" \/>\n\t<meta property=\"og:image:type\" content=\"image\/png\" \/>\n<meta name=\"twitter:card\" content=\"summary_large_image\" \/>\n<meta name=\"twitter:label1\" content=\"Preis\" \/>\n\t<meta name=\"twitter:data1\" content=\"9,90&nbsp;&euro;\" \/>\n\t<meta name=\"twitter:label2\" content=\"Verf\u00fcgbarkeit\" \/>\n\t<meta name=\"twitter:data2\" content=\"Auf Lager\" \/>\n<script type=\"application\/ld+json\" class=\"yoast-schema-graph\">{\"@context\":\"https:\\\/\\\/schema.org\",\"@graph\":[{\"@type\":\"WebPage\",\"@id\":\"https:\\\/\\\/dev.x-bar.co\\\/de\\\/boutique\\\/x-bar-sortiment\\\/x-shisha-de\\\/fizzy-cola-pod-x-shisha\\\/\",\"url\":\"https:\\\/\\\/dev.x-bar.co\\\/de\\\/boutique\\\/x-bar-sortiment\\\/x-shisha-de\\\/fizzy-cola-pod-x-shisha\\\/\",\"name\":\"Fizzy Cola - Pod X-Shisha - X-Bar\u00ae - Offizieller Online-Shop\",\"isPartOf\":{\"@id\":\"https:\\\/\\\/dev.x-bar.co\\\/de\\\/#website\"},\"primaryImageOfPage\":{\"@id\":\"https:\\\/\\\/dev.x-bar.co\\\/de\\\/boutique\\\/x-bar-sortiment\\\/x-shisha-de\\\/fizzy-cola-pod-x-shisha\\\/#primaryimage\"},\"image\":{\"@id\":\"https:\\\/\\\/dev.x-bar.co\\\/de\\\/boutique\\\/x-bar-sortiment\\\/x-shisha-de\\\/fizzy-cola-pod-x-shisha\\\/#primaryimage\"},\"thumbnailUrl\":\"https:\\\/\\\/dev.x-bar.co\\\/wp-content\\\/uploads\\\/2023\\\/05\\\/fizzycola.png\",\"datePublished\":\"2023-05-10T13:53:39+00:00\",\"dateModified\":\"2025-07-28T12:50:03+00:00\",\"breadcrumb\":{\"@id\":\"https:\\\/\\\/dev.x-bar.co\\\/de\\\/boutique\\\/x-bar-sortiment\\\/x-shisha-de\\\/fizzy-cola-pod-x-shisha\\\/#breadcrumb\"},\"inLanguage\":\"de\",\"potentialAction\":[{\"@type\":\"ReadAction\",\"target\":[\"https:\\\/\\\/dev.x-bar.co\\\/de\\\/boutique\\\/x-bar-sortiment\\\/x-shisha-de\\\/fizzy-cola-pod-x-shisha\\\/\"]}]},{\"@type\":\"ImageObject\",\"inLanguage\":\"de\",\"@id\":\"https:\\\/\\\/dev.x-bar.co\\\/de\\\/boutique\\\/x-bar-sortiment\\\/x-shisha-de\\\/fizzy-cola-pod-x-shisha\\\/#primaryimage\",\"url\":\"https:\\\/\\\/dev.x-bar.co\\\/wp-content\\\/uploads\\\/2023\\\/05\\\/fizzycola.png\",\"contentUrl\":\"https:\\\/\\\/dev.x-bar.co\\\/wp-content\\\/uploads\\\/2023\\\/05\\\/fizzycola.png\",\"width\":800,\"height\":800},{\"@type\":\"BreadcrumbList\",\"@id\":\"https:\\\/\\\/dev.x-bar.co\\\/de\\\/boutique\\\/x-bar-sortiment\\\/x-shisha-de\\\/fizzy-cola-pod-x-shisha\\\/#breadcrumb\",\"itemListElement\":[{\"@type\":\"ListItem\",\"position\":1,\"name\":\"Accueil\",\"item\":\"https:\\\/\\\/dev.x-bar.co\\\/de\\\/\"},{\"@type\":\"ListItem\",\"position\":2,\"name\":\"Webshop\",\"item\":\"https:\\\/\\\/dev.x-bar.co\\\/boutique\\\/\"},{\"@type\":\"ListItem\",\"position\":3,\"name\":\"Fizzy Cola &#8211; Pod X-Shisha\"}]},{\"@type\":\"WebSite\",\"@id\":\"https:\\\/\\\/dev.x-bar.co\\\/de\\\/#website\",\"url\":\"https:\\\/\\\/dev.x-bar.co\\\/de\\\/\",\"name\":\"X-Bar\u00ae - Official Online Shop\",\"description\":\"Official X-Bar online shop. Best Vaping Devices Worlwide. Vaping pods, puff, eliquids, open pods system devices...\",\"publisher\":{\"@id\":\"https:\\\/\\\/dev.x-bar.co\\\/de\\\/#organization\"},\"potentialAction\":[{\"@type\":\"SearchAction\",\"target\":{\"@type\":\"EntryPoint\",\"urlTemplate\":\"https:\\\/\\\/dev.x-bar.co\\\/de\\\/?s={search_term_string}\"},\"query-input\":{\"@type\":\"PropertyValueSpecification\",\"valueRequired\":true,\"valueName\":\"search_term_string\"}}],\"inLanguage\":\"de\"},{\"@type\":\"Organization\",\"@id\":\"https:\\\/\\\/dev.x-bar.co\\\/de\\\/#organization\",\"name\":\"X-Bar\u00ae - Official Online Shop\",\"url\":\"https:\\\/\\\/dev.x-bar.co\\\/de\\\/\",\"logo\":{\"@type\":\"ImageObject\",\"inLanguage\":\"de\",\"@id\":\"https:\\\/\\\/dev.x-bar.co\\\/de\\\/#\\\/schema\\\/logo\\\/image\\\/\",\"url\":\"https:\\\/\\\/dev.x-bar.co\\\/wp-content\\\/uploads\\\/2022\\\/07\\\/xbar-logo.svg\",\"contentUrl\":\"https:\\\/\\\/dev.x-bar.co\\\/wp-content\\\/uploads\\\/2022\\\/07\\\/xbar-logo.svg\",\"width\":266,\"height\":41,\"caption\":\"X-Bar\u00ae - Official Online Shop\"},\"image\":{\"@id\":\"https:\\\/\\\/dev.x-bar.co\\\/de\\\/#\\\/schema\\\/logo\\\/image\\\/\"}}]}<\/script>\n<meta property=\"product:price:amount\" content=\"9.90\" \/>\n<meta property=\"product:price:currency\" content=\"EUR\" \/>\n<meta property=\"og:availability\" content=\"instock\" \/>\n<meta property=\"product:availability\" content=\"instock\" \/>\n<meta property=\"product:retailer_item_id\" content=\"204387\" \/>\n<meta property=\"product:condition\" content=\"new\" \/>\n<!-- \/ Yoast SEO Premium plugin. -->","yoast_head_json":{"title":"Fizzy Cola - Pod X-Shisha - X-Bar\u00ae - Offizieller Online-Shop","robots":{"index":"index","follow":"follow","max-snippet":"max-snippet:-1","max-image-preview":"max-image-preview:large","max-video-preview":"max-video-preview:-1"},"canonical":"https:\/\/dev.x-bar.co\/de\/boutique\/x-bar-sortiment\/x-shisha-de\/fizzy-cola-pod-x-shisha\/","og_locale":"de_DE","og_type":"article","og_title":"Fizzy Cola - Pod X-Shisha","og_description":"Unser Fizzy Cola X-Shisha Pod ist die perfekte Wahl f\u00fcr Fans des zeitlosen Cola-Geschmacks. Mit seinem klassischen und belebenden Geschmack werden Sie bei jedem Zug das Gef\u00fchl haben, als w\u00fcrden Sie an Ihrer Lieblingslimonade nippen. Unsere spezielle Geschmacksmischung erzeugt ein prickelndes und erfrischendes Gef\u00fchl, genau wie das ikonische Cola-Getr\u00e4nk, das jeder kennt und liebt. Der sanfte und aromatische Dampf unserer Fizzy Cola Pod sorgt daf\u00fcr, dass Sie sich erfrischt und zufrieden f\u00fchlen, und jedes Ausatmen sorgt f\u00fcr einen Hauch k\u00f6stlichen Cola-Geschmacks, der auf Ihrem Gaumen verweilt. Erweitern Sie Ihr Shisha-Erlebnis mit unserem Fizzy Cola Pod f\u00fcr X-Shisha und genie\u00dfen Sie den Geschmack des beliebtesten Cola-Getr\u00e4nks auf eine ganz neue Art und Weise.  0 mg\/ml","og_url":"https:\/\/dev.x-bar.co\/de\/boutique\/x-bar-sortiment\/x-shisha-de\/fizzy-cola-pod-x-shisha\/","og_site_name":"X-Bar\u00ae - Offizieller Online-Shop","article_modified_time":"2025-07-28T12:50:03+00:00","og_image":[{"width":800,"height":800,"url":"https:\/\/dev.x-bar.co\/wp-content\/uploads\/2023\/05\/fizzycola.png","type":"image\/png"}],"twitter_card":"summary_large_image","twitter_misc":{"Preis":"9,90&nbsp;&euro;","Verf\u00fcgbarkeit":"Auf Lager"},"schema":{"@context":"https:\/\/schema.org","@graph":[{"@type":"WebPage","@id":"https:\/\/dev.x-bar.co\/de\/boutique\/x-bar-sortiment\/x-shisha-de\/fizzy-cola-pod-x-shisha\/","url":"https:\/\/dev.x-bar.co\/de\/boutique\/x-bar-sortiment\/x-shisha-de\/fizzy-cola-pod-x-shisha\/","name":"Fizzy Cola - Pod X-Shisha - X-Bar\u00ae - Offizieller Online-Shop","isPartOf":{"@id":"https:\/\/dev.x-bar.co\/de\/#website"},"primaryImageOfPage":{"@id":"https:\/\/dev.x-bar.co\/de\/boutique\/x-bar-sortiment\/x-shisha-de\/fizzy-cola-pod-x-shisha\/#primaryimage"},"image":{"@id":"https:\/\/dev.x-bar.co\/de\/boutique\/x-bar-sortiment\/x-shisha-de\/fizzy-cola-pod-x-shisha\/#primaryimage"},"thumbnailUrl":"https:\/\/dev.x-bar.co\/wp-content\/uploads\/2023\/05\/fizzycola.png","datePublished":"2023-05-10T13:53:39+00:00","dateModified":"2025-07-28T12:50:03+00:00","breadcrumb":{"@id":"https:\/\/dev.x-bar.co\/de\/boutique\/x-bar-sortiment\/x-shisha-de\/fizzy-cola-pod-x-shisha\/#breadcrumb"},"inLanguage":"de","potentialAction":[{"@type":"ReadAction","target":["https:\/\/dev.x-bar.co\/de\/boutique\/x-bar-sortiment\/x-shisha-de\/fizzy-cola-pod-x-shisha\/"]}]},{"@type":"ImageObject","inLanguage":"de","@id":"https:\/\/dev.x-bar.co\/de\/boutique\/x-bar-sortiment\/x-shisha-de\/fizzy-cola-pod-x-shisha\/#primaryimage","url":"https:\/\/dev.x-bar.co\/wp-content\/uploads\/2023\/05\/fizzycola.png","contentUrl":"https:\/\/dev.x-bar.co\/wp-content\/uploads\/2023\/05\/fizzycola.png","width":800,"height":800},{"@type":"BreadcrumbList","@id":"https:\/\/dev.x-bar.co\/de\/boutique\/x-bar-sortiment\/x-shisha-de\/fizzy-cola-pod-x-shisha\/#breadcrumb","itemListElement":[{"@type":"ListItem","position":1,"name":"Accueil","item":"https:\/\/dev.x-bar.co\/de\/"},{"@type":"ListItem","position":2,"name":"Webshop","item":"https:\/\/dev.x-bar.co\/boutique\/"},{"@type":"ListItem","position":3,"name":"Fizzy Cola &#8211; Pod X-Shisha"}]},{"@type":"WebSite","@id":"https:\/\/dev.x-bar.co\/de\/#website","url":"https:\/\/dev.x-bar.co\/de\/","name":"X-Bar\u00ae - Official Online Shop","description":"Official X-Bar online shop. Best Vaping Devices Worlwide. Vaping pods, puff, eliquids, open pods system devices...","publisher":{"@id":"https:\/\/dev.x-bar.co\/de\/#organization"},"potentialAction":[{"@type":"SearchAction","target":{"@type":"EntryPoint","urlTemplate":"https:\/\/dev.x-bar.co\/de\/?s={search_term_string}"},"query-input":{"@type":"PropertyValueSpecification","valueRequired":true,"valueName":"search_term_string"}}],"inLanguage":"de"},{"@type":"Organization","@id":"https:\/\/dev.x-bar.co\/de\/#organization","name":"X-Bar\u00ae - Official Online Shop","url":"https:\/\/dev.x-bar.co\/de\/","logo":{"@type":"ImageObject","inLanguage":"de","@id":"https:\/\/dev.x-bar.co\/de\/#\/schema\/logo\/image\/","url":"https:\/\/dev.x-bar.co\/wp-content\/uploads\/2022\/07\/xbar-logo.svg","contentUrl":"https:\/\/dev.x-bar.co\/wp-content\/uploads\/2022\/07\/xbar-logo.svg","width":266,"height":41,"caption":"X-Bar\u00ae - Official Online Shop"},"image":{"@id":"https:\/\/dev.x-bar.co\/de\/#\/schema\/logo\/image\/"}}]},"product_price_amount":"9.90","product_price_currency":"EUR","og_availability":"instock","product_availability":"instock","product_retailer_item_id":"204387","product_condition":"new"},"jetpack_sharing_enabled":true,"_links":{"self":[{"href":"https:\/\/dev.x-bar.co\/de\/wp-json\/wp\/v2\/product\/26721","targetHints":{"allow":["GET"]}}],"collection":[{"href":"https:\/\/dev.x-bar.co\/de\/wp-json\/wp\/v2\/product"}],"about":[{"href":"https:\/\/dev.x-bar.co\/de\/wp-json\/wp\/v2\/types\/product"}],"wp:featuredmedia":[{"embeddable":true,"href":"https:\/\/dev.x-bar.co\/de\/wp-json\/wp\/v2\/media\/26669"}],"wp:attachment":[{"href":"https:\/\/dev.x-bar.co\/de\/wp-json\/wp\/v2\/media?parent=26721"}],"wp:term":[{"taxonomy":"product_brand","embeddable":true,"href":"https:\/\/dev.x-bar.co\/de\/wp-json\/wp\/v2\/product_brand?post=26721"},{"taxonomy":"product_cat","embeddable":true,"href":"https:\/\/dev.x-bar.co\/de\/wp-json\/wp\/v2\/product_cat?post=26721"},{"taxonomy":"product_tag","embeddable":true,"href":"https:\/\/dev.x-bar.co\/de\/wp-json\/wp\/v2\/product_tag?post=26721"}],"curies":[{"name":"wp","href":"https:\/\/api.w.org\/{rel}","templated":true}]}}