{"id":46083,"date":"2023-08-23T17:08:53","date_gmt":"2023-08-23T15:08:53","guid":{"rendered":"https:\/\/x-bar.co\/?post_type=product&#038;p=46083"},"modified":"2025-07-31T16:45:34","modified_gmt":"2025-07-31T14:45:34","slug":"click-puff-pod-granita-citron","status":"publish","type":"product","link":"https:\/\/dev.x-bar.co\/de\/boutique\/geschmackssorten\/getranke\/click-puff-pod-granita-citron\/","title":{"rendered":"Click &#038; Puff &#8211; Pod &#8211; Granita Citron"},"content":{"rendered":"","protected":false},"excerpt":{"rendered":"<p>X-Bar Click &amp; Puff Granita Citron ist ein erfrischendes Vaping-Produkt, das ein k\u00f6stliches Zitronen-Granita-Aroma bietet. Dieses einzigartige Angebot vermittelt ein saures und eisiges Gef\u00fchl, das Sie erfrischt und belebt zur\u00fcckl\u00e4sst. Ideal f\u00fcr diejenigen, die frische und k\u00fchlende Aromen lieben, ist Granita Citron ein Muss f\u00fcr alle, die nach einem Hauch von Zitrusgenuss mit einer erfrischenden Note suchen.<\/p>\n","protected":false},"featured_media":46097,"template":"","meta":{"_acf_changed":false},"product_brand":[],"product_cat":[169,170,531,161],"product_tag":[506],"class_list":{"0":"post-46083","1":"product","2":"type-product","3":"status-publish","4":"has-post-thumbnail","6":"product_cat-getranke","7":"product_cat-frucht","8":"product_cat-click-puff-de","9":"product_cat-x-bar-click-puff-pod-de","10":"product_tag-click-puff-de","12":"first","13":"instock","14":"taxable","15":"shipping-taxable","16":"purchasable","17":"product-type-variable","18":"has-default-attributes"},"composite_virtual":false,"composite_layout":"","composite_add_to_cart_form_location":"","composite_editable_in_cart":false,"composite_sold_individually_context":"","composite_shop_price_calc":"","composite_components":[],"composite_scenarios":[],"acf":[],"yoast_head":"<!-- This site is optimized with the Yoast SEO Premium plugin v25.7.1 (Yoast SEO v27.3) - https:\/\/yoast.com\/product\/yoast-seo-premium-wordpress\/ -->\n<title>Click &amp; Puff - Pod - Granita Citron - X-Bar\u00ae - Offizieller Online-Shop<\/title>\n<meta name=\"robots\" content=\"index, follow, max-snippet:-1, max-image-preview:large, max-video-preview:-1\" \/>\n<link rel=\"canonical\" href=\"https:\/\/dev.x-bar.co\/de\/boutique\/geschmackssorten\/getranke\/click-puff-pod-granita-citron\/\" \/>\n<meta property=\"og:locale\" content=\"de_DE\" \/>\n<meta property=\"og:type\" content=\"article\" \/>\n<meta property=\"og:title\" content=\"Click &amp; Puff - Pod - Granita Citron\" \/>\n<meta property=\"og:description\" content=\"X-Bar Click &amp; Puff Granita Citron ist ein erfrischendes Vaping-Produkt, das ein k\u00f6stliches Zitronen-Granita-Aroma bietet. Dieses einzigartige Angebot vermittelt ein saures und eisiges Gef\u00fchl, das Sie erfrischt und belebt zur\u00fcckl\u00e4sst. Ideal f\u00fcr diejenigen, die frische und k\u00fchlende Aromen lieben, ist Granita Citron ein Muss f\u00fcr alle, die nach einem Hauch von Zitrusgenuss mit einer erfrischenden Note suchen.\" \/>\n<meta property=\"og:url\" content=\"https:\/\/dev.x-bar.co\/de\/boutique\/geschmackssorten\/getranke\/click-puff-pod-granita-citron\/\" \/>\n<meta property=\"og:site_name\" content=\"X-Bar\u00ae - Offizieller Online-Shop\" \/>\n<meta property=\"article:modified_time\" content=\"2025-07-31T14:45:34+00:00\" \/>\n<meta property=\"og:image\" content=\"https:\/\/dev.x-bar.co\/wp-content\/uploads\/2023\/08\/xbar-clickandpuff-pod-granitalemon.png\" \/>\n\t<meta property=\"og:image:width\" content=\"650\" \/>\n\t<meta property=\"og:image:height\" content=\"650\" \/>\n\t<meta property=\"og:image:type\" content=\"image\/png\" \/>\n<meta name=\"twitter:card\" content=\"summary_large_image\" \/>\n<meta name=\"twitter:label1\" content=\"Verf\u00fcgbarkeit\" \/>\n\t<meta name=\"twitter:data1\" content=\"Auf Lager\" \/>\n<script type=\"application\/ld+json\" class=\"yoast-schema-graph\">{\"@context\":\"https:\\\/\\\/schema.org\",\"@graph\":[{\"@type\":\"WebPage\",\"@id\":\"https:\\\/\\\/dev.x-bar.co\\\/de\\\/boutique\\\/geschmackssorten\\\/getranke\\\/click-puff-pod-granita-citron\\\/\",\"url\":\"https:\\\/\\\/dev.x-bar.co\\\/de\\\/boutique\\\/geschmackssorten\\\/getranke\\\/click-puff-pod-granita-citron\\\/\",\"name\":\"Click & Puff - Pod - Granita Citron - X-Bar\u00ae - Offizieller Online-Shop\",\"isPartOf\":{\"@id\":\"https:\\\/\\\/dev.x-bar.co\\\/de\\\/#website\"},\"primaryImageOfPage\":{\"@id\":\"https:\\\/\\\/dev.x-bar.co\\\/de\\\/boutique\\\/geschmackssorten\\\/getranke\\\/click-puff-pod-granita-citron\\\/#primaryimage\"},\"image\":{\"@id\":\"https:\\\/\\\/dev.x-bar.co\\\/de\\\/boutique\\\/geschmackssorten\\\/getranke\\\/click-puff-pod-granita-citron\\\/#primaryimage\"},\"thumbnailUrl\":\"https:\\\/\\\/dev.x-bar.co\\\/wp-content\\\/uploads\\\/2023\\\/08\\\/xbar-clickandpuff-pod-granitalemon.png\",\"datePublished\":\"2023-08-23T15:08:53+00:00\",\"dateModified\":\"2025-07-31T14:45:34+00:00\",\"breadcrumb\":{\"@id\":\"https:\\\/\\\/dev.x-bar.co\\\/de\\\/boutique\\\/geschmackssorten\\\/getranke\\\/click-puff-pod-granita-citron\\\/#breadcrumb\"},\"inLanguage\":\"de\",\"potentialAction\":[{\"@type\":\"ReadAction\",\"target\":[\"https:\\\/\\\/dev.x-bar.co\\\/de\\\/boutique\\\/geschmackssorten\\\/getranke\\\/click-puff-pod-granita-citron\\\/\"]}]},{\"@type\":\"ImageObject\",\"inLanguage\":\"de\",\"@id\":\"https:\\\/\\\/dev.x-bar.co\\\/de\\\/boutique\\\/geschmackssorten\\\/getranke\\\/click-puff-pod-granita-citron\\\/#primaryimage\",\"url\":\"https:\\\/\\\/dev.x-bar.co\\\/wp-content\\\/uploads\\\/2023\\\/08\\\/xbar-clickandpuff-pod-granitalemon.png\",\"contentUrl\":\"https:\\\/\\\/dev.x-bar.co\\\/wp-content\\\/uploads\\\/2023\\\/08\\\/xbar-clickandpuff-pod-granitalemon.png\",\"width\":650,\"height\":650},{\"@type\":\"BreadcrumbList\",\"@id\":\"https:\\\/\\\/dev.x-bar.co\\\/de\\\/boutique\\\/geschmackssorten\\\/getranke\\\/click-puff-pod-granita-citron\\\/#breadcrumb\",\"itemListElement\":[{\"@type\":\"ListItem\",\"position\":1,\"name\":\"Accueil\",\"item\":\"https:\\\/\\\/dev.x-bar.co\\\/de\\\/\"},{\"@type\":\"ListItem\",\"position\":2,\"name\":\"Webshop\",\"item\":\"https:\\\/\\\/dev.x-bar.co\\\/boutique\\\/\"},{\"@type\":\"ListItem\",\"position\":3,\"name\":\"Click &#038; Puff &#8211; Pod &#8211; Granita Citron\"}]},{\"@type\":\"WebSite\",\"@id\":\"https:\\\/\\\/dev.x-bar.co\\\/de\\\/#website\",\"url\":\"https:\\\/\\\/dev.x-bar.co\\\/de\\\/\",\"name\":\"X-Bar\u00ae - Official Online Shop\",\"description\":\"Official X-Bar online shop. Best Vaping Devices Worlwide. Vaping pods, puff, eliquids, open pods system devices...\",\"publisher\":{\"@id\":\"https:\\\/\\\/dev.x-bar.co\\\/de\\\/#organization\"},\"potentialAction\":[{\"@type\":\"SearchAction\",\"target\":{\"@type\":\"EntryPoint\",\"urlTemplate\":\"https:\\\/\\\/dev.x-bar.co\\\/de\\\/?s={search_term_string}\"},\"query-input\":{\"@type\":\"PropertyValueSpecification\",\"valueRequired\":true,\"valueName\":\"search_term_string\"}}],\"inLanguage\":\"de\"},{\"@type\":\"Organization\",\"@id\":\"https:\\\/\\\/dev.x-bar.co\\\/de\\\/#organization\",\"name\":\"X-Bar\u00ae - Official Online Shop\",\"url\":\"https:\\\/\\\/dev.x-bar.co\\\/de\\\/\",\"logo\":{\"@type\":\"ImageObject\",\"inLanguage\":\"de\",\"@id\":\"https:\\\/\\\/dev.x-bar.co\\\/de\\\/#\\\/schema\\\/logo\\\/image\\\/\",\"url\":\"https:\\\/\\\/dev.x-bar.co\\\/wp-content\\\/uploads\\\/2022\\\/07\\\/xbar-logo.svg\",\"contentUrl\":\"https:\\\/\\\/dev.x-bar.co\\\/wp-content\\\/uploads\\\/2022\\\/07\\\/xbar-logo.svg\",\"width\":266,\"height\":41,\"caption\":\"X-Bar\u00ae - Official Online Shop\"},\"image\":{\"@id\":\"https:\\\/\\\/dev.x-bar.co\\\/de\\\/#\\\/schema\\\/logo\\\/image\\\/\"}}]}<\/script>\n<meta property=\"og:availability\" content=\"instock\" \/>\n<meta property=\"product:availability\" content=\"instock\" \/>\n<meta property=\"product:condition\" content=\"new\" \/>\n<!-- \/ Yoast SEO Premium plugin. -->","yoast_head_json":{"title":"Click & Puff - Pod - Granita Citron - X-Bar\u00ae - Offizieller Online-Shop","robots":{"index":"index","follow":"follow","max-snippet":"max-snippet:-1","max-image-preview":"max-image-preview:large","max-video-preview":"max-video-preview:-1"},"canonical":"https:\/\/dev.x-bar.co\/de\/boutique\/geschmackssorten\/getranke\/click-puff-pod-granita-citron\/","og_locale":"de_DE","og_type":"article","og_title":"Click & Puff - Pod - Granita Citron","og_description":"X-Bar Click &amp; Puff Granita Citron ist ein erfrischendes Vaping-Produkt, das ein k\u00f6stliches Zitronen-Granita-Aroma bietet. Dieses einzigartige Angebot vermittelt ein saures und eisiges Gef\u00fchl, das Sie erfrischt und belebt zur\u00fcckl\u00e4sst. Ideal f\u00fcr diejenigen, die frische und k\u00fchlende Aromen lieben, ist Granita Citron ein Muss f\u00fcr alle, die nach einem Hauch von Zitrusgenuss mit einer erfrischenden Note suchen.","og_url":"https:\/\/dev.x-bar.co\/de\/boutique\/geschmackssorten\/getranke\/click-puff-pod-granita-citron\/","og_site_name":"X-Bar\u00ae - Offizieller Online-Shop","article_modified_time":"2025-07-31T14:45:34+00:00","og_image":[{"width":650,"height":650,"url":"https:\/\/dev.x-bar.co\/wp-content\/uploads\/2023\/08\/xbar-clickandpuff-pod-granitalemon.png","type":"image\/png"}],"twitter_card":"summary_large_image","twitter_misc":{"Verf\u00fcgbarkeit":"Auf Lager"},"schema":{"@context":"https:\/\/schema.org","@graph":[{"@type":"WebPage","@id":"https:\/\/dev.x-bar.co\/de\/boutique\/geschmackssorten\/getranke\/click-puff-pod-granita-citron\/","url":"https:\/\/dev.x-bar.co\/de\/boutique\/geschmackssorten\/getranke\/click-puff-pod-granita-citron\/","name":"Click & Puff - Pod - Granita Citron - X-Bar\u00ae - Offizieller Online-Shop","isPartOf":{"@id":"https:\/\/dev.x-bar.co\/de\/#website"},"primaryImageOfPage":{"@id":"https:\/\/dev.x-bar.co\/de\/boutique\/geschmackssorten\/getranke\/click-puff-pod-granita-citron\/#primaryimage"},"image":{"@id":"https:\/\/dev.x-bar.co\/de\/boutique\/geschmackssorten\/getranke\/click-puff-pod-granita-citron\/#primaryimage"},"thumbnailUrl":"https:\/\/dev.x-bar.co\/wp-content\/uploads\/2023\/08\/xbar-clickandpuff-pod-granitalemon.png","datePublished":"2023-08-23T15:08:53+00:00","dateModified":"2025-07-31T14:45:34+00:00","breadcrumb":{"@id":"https:\/\/dev.x-bar.co\/de\/boutique\/geschmackssorten\/getranke\/click-puff-pod-granita-citron\/#breadcrumb"},"inLanguage":"de","potentialAction":[{"@type":"ReadAction","target":["https:\/\/dev.x-bar.co\/de\/boutique\/geschmackssorten\/getranke\/click-puff-pod-granita-citron\/"]}]},{"@type":"ImageObject","inLanguage":"de","@id":"https:\/\/dev.x-bar.co\/de\/boutique\/geschmackssorten\/getranke\/click-puff-pod-granita-citron\/#primaryimage","url":"https:\/\/dev.x-bar.co\/wp-content\/uploads\/2023\/08\/xbar-clickandpuff-pod-granitalemon.png","contentUrl":"https:\/\/dev.x-bar.co\/wp-content\/uploads\/2023\/08\/xbar-clickandpuff-pod-granitalemon.png","width":650,"height":650},{"@type":"BreadcrumbList","@id":"https:\/\/dev.x-bar.co\/de\/boutique\/geschmackssorten\/getranke\/click-puff-pod-granita-citron\/#breadcrumb","itemListElement":[{"@type":"ListItem","position":1,"name":"Accueil","item":"https:\/\/dev.x-bar.co\/de\/"},{"@type":"ListItem","position":2,"name":"Webshop","item":"https:\/\/dev.x-bar.co\/boutique\/"},{"@type":"ListItem","position":3,"name":"Click &#038; Puff &#8211; Pod &#8211; Granita Citron"}]},{"@type":"WebSite","@id":"https:\/\/dev.x-bar.co\/de\/#website","url":"https:\/\/dev.x-bar.co\/de\/","name":"X-Bar\u00ae - Official Online Shop","description":"Official X-Bar online shop. Best Vaping Devices Worlwide. Vaping pods, puff, eliquids, open pods system devices...","publisher":{"@id":"https:\/\/dev.x-bar.co\/de\/#organization"},"potentialAction":[{"@type":"SearchAction","target":{"@type":"EntryPoint","urlTemplate":"https:\/\/dev.x-bar.co\/de\/?s={search_term_string}"},"query-input":{"@type":"PropertyValueSpecification","valueRequired":true,"valueName":"search_term_string"}}],"inLanguage":"de"},{"@type":"Organization","@id":"https:\/\/dev.x-bar.co\/de\/#organization","name":"X-Bar\u00ae - Official Online Shop","url":"https:\/\/dev.x-bar.co\/de\/","logo":{"@type":"ImageObject","inLanguage":"de","@id":"https:\/\/dev.x-bar.co\/de\/#\/schema\/logo\/image\/","url":"https:\/\/dev.x-bar.co\/wp-content\/uploads\/2022\/07\/xbar-logo.svg","contentUrl":"https:\/\/dev.x-bar.co\/wp-content\/uploads\/2022\/07\/xbar-logo.svg","width":266,"height":41,"caption":"X-Bar\u00ae - Official Online Shop"},"image":{"@id":"https:\/\/dev.x-bar.co\/de\/#\/schema\/logo\/image\/"}}]},"og_availability":"instock","product_availability":"instock","product_condition":"new"},"jetpack_sharing_enabled":true,"_links":{"self":[{"href":"https:\/\/dev.x-bar.co\/de\/wp-json\/wp\/v2\/product\/46083","targetHints":{"allow":["GET"]}}],"collection":[{"href":"https:\/\/dev.x-bar.co\/de\/wp-json\/wp\/v2\/product"}],"about":[{"href":"https:\/\/dev.x-bar.co\/de\/wp-json\/wp\/v2\/types\/product"}],"wp:featuredmedia":[{"embeddable":true,"href":"https:\/\/dev.x-bar.co\/de\/wp-json\/wp\/v2\/media\/46097"}],"wp:attachment":[{"href":"https:\/\/dev.x-bar.co\/de\/wp-json\/wp\/v2\/media?parent=46083"}],"wp:term":[{"taxonomy":"product_brand","embeddable":true,"href":"https:\/\/dev.x-bar.co\/de\/wp-json\/wp\/v2\/product_brand?post=46083"},{"taxonomy":"product_cat","embeddable":true,"href":"https:\/\/dev.x-bar.co\/de\/wp-json\/wp\/v2\/product_cat?post=46083"},{"taxonomy":"product_tag","embeddable":true,"href":"https:\/\/dev.x-bar.co\/de\/wp-json\/wp\/v2\/product_tag?post=46083"}],"curies":[{"name":"wp","href":"https:\/\/api.w.org\/{rel}","templated":true}]}}