{"id":8934,"date":"2022-08-12T12:59:00","date_gmt":"2022-08-12T10:59:00","guid":{"rendered":"https:\/\/x-bar.co\/product\/click-puff-pod-milkshake-strawberry\/"},"modified":"2025-08-08T14:05:04","modified_gmt":"2025-08-08T12:05:04","slug":"click-puff-pod-milkshake-strawberry","status":"publish","type":"product","link":"https:\/\/dev.x-bar.co\/de\/boutique\/x-bar-sortiment\/click-puff-de\/x-bar-click-puff-pod-de\/click-puff-pod-milkshake-strawberry\/","title":{"rendered":"Click &#038; Puff &#8211; Pod &#8211; Milkshake Strawberry"},"content":{"rendered":"","protected":false},"excerpt":{"rendered":"<p>Milkshake Erdbeere ist ein Vaping-Produkt, das die pure S\u00fc\u00dfe von Milch und frischen, saftigen Erdbeeren liefert. Bei jedem Zug f\u00fchlen Sie sich wie in Ihre Kindheit versetzt, wenn Sie an einem hei\u00dfen Sommertag einen k\u00f6stlichen Milchshake genie\u00dfen. Dieses Produkt bietet ein sanftes und cremiges Dampferlebnis, das sowohl befriedigend als auch genussvoll ist.<\/p>\n","protected":false},"featured_media":8843,"template":"","meta":{"_acf_changed":false},"product_brand":[],"product_cat":[518,531,161,170,169],"product_tag":[506],"class_list":{"0":"post-8934","1":"product","2":"type-product","3":"status-publish","4":"has-post-thumbnail","6":"product_cat-bestseller","7":"product_cat-click-puff-de","8":"product_cat-x-bar-click-puff-pod-de","9":"product_cat-frucht","10":"product_cat-getranke","11":"product_tag-click-puff-de","13":"first","14":"instock","15":"taxable","16":"shipping-taxable","17":"purchasable","18":"product-type-variable","19":"has-default-attributes"},"composite_virtual":false,"composite_layout":"","composite_add_to_cart_form_location":"","composite_editable_in_cart":false,"composite_sold_individually_context":"","composite_shop_price_calc":"","composite_components":[],"composite_scenarios":[],"acf":[],"yoast_head":"<!-- This site is optimized with the Yoast SEO Premium plugin v25.7.1 (Yoast SEO v27.3) - https:\/\/yoast.com\/product\/yoast-seo-premium-wordpress\/ -->\n<title>Click &amp; Puff - Pod - Milkshake Strawberry - X-Bar\u00ae - Offizieller Online-Shop<\/title>\n<meta name=\"robots\" content=\"index, follow, max-snippet:-1, max-image-preview:large, max-video-preview:-1\" \/>\n<link rel=\"canonical\" href=\"https:\/\/dev.x-bar.co\/de\/boutique\/x-bar-sortiment\/click-puff-de\/x-bar-click-puff-pod-de\/click-puff-pod-milkshake-strawberry\/\" \/>\n<meta property=\"og:locale\" content=\"de_DE\" \/>\n<meta property=\"og:type\" content=\"article\" \/>\n<meta property=\"og:title\" content=\"Click &amp; Puff - Pod - Milkshake Strawberry\" \/>\n<meta property=\"og:description\" content=\"Milkshake Erdbeere ist ein Vaping-Produkt, das die pure S\u00fc\u00dfe von Milch und frischen, saftigen Erdbeeren liefert. Bei jedem Zug f\u00fchlen Sie sich wie in Ihre Kindheit versetzt, wenn Sie an einem hei\u00dfen Sommertag einen k\u00f6stlichen Milchshake genie\u00dfen. Dieses Produkt bietet ein sanftes und cremiges Dampferlebnis, das sowohl befriedigend als auch genussvoll ist.\" \/>\n<meta property=\"og:url\" content=\"https:\/\/dev.x-bar.co\/de\/boutique\/x-bar-sortiment\/click-puff-de\/x-bar-click-puff-pod-de\/click-puff-pod-milkshake-strawberry\/\" \/>\n<meta property=\"og:site_name\" content=\"X-Bar\u00ae - Offizieller Online-Shop\" \/>\n<meta property=\"article:modified_time\" content=\"2025-08-08T12:05:04+00:00\" \/>\n<meta property=\"og:image\" content=\"https:\/\/dev.x-bar.co\/wp-content\/uploads\/2022\/08\/xbar-clickandpuff-pod-strawberry.png\" \/>\n\t<meta property=\"og:image:width\" content=\"800\" \/>\n\t<meta property=\"og:image:height\" content=\"800\" \/>\n\t<meta property=\"og:image:type\" content=\"image\/png\" \/>\n<meta name=\"twitter:card\" content=\"summary_large_image\" \/>\n<meta name=\"twitter:label1\" content=\"Verf\u00fcgbarkeit\" \/>\n\t<meta name=\"twitter:data1\" content=\"Auf Lager\" \/>\n<script type=\"application\/ld+json\" class=\"yoast-schema-graph\">{\"@context\":\"https:\\\/\\\/schema.org\",\"@graph\":[{\"@type\":\"WebPage\",\"@id\":\"https:\\\/\\\/dev.x-bar.co\\\/de\\\/boutique\\\/x-bar-sortiment\\\/click-puff-de\\\/x-bar-click-puff-pod-de\\\/click-puff-pod-milkshake-strawberry\\\/\",\"url\":\"https:\\\/\\\/dev.x-bar.co\\\/de\\\/boutique\\\/x-bar-sortiment\\\/click-puff-de\\\/x-bar-click-puff-pod-de\\\/click-puff-pod-milkshake-strawberry\\\/\",\"name\":\"Click & Puff - Pod - Milkshake Strawberry - X-Bar\u00ae - Offizieller Online-Shop\",\"isPartOf\":{\"@id\":\"https:\\\/\\\/dev.x-bar.co\\\/de\\\/#website\"},\"primaryImageOfPage\":{\"@id\":\"https:\\\/\\\/dev.x-bar.co\\\/de\\\/boutique\\\/x-bar-sortiment\\\/click-puff-de\\\/x-bar-click-puff-pod-de\\\/click-puff-pod-milkshake-strawberry\\\/#primaryimage\"},\"image\":{\"@id\":\"https:\\\/\\\/dev.x-bar.co\\\/de\\\/boutique\\\/x-bar-sortiment\\\/click-puff-de\\\/x-bar-click-puff-pod-de\\\/click-puff-pod-milkshake-strawberry\\\/#primaryimage\"},\"thumbnailUrl\":\"https:\\\/\\\/dev.x-bar.co\\\/wp-content\\\/uploads\\\/2022\\\/08\\\/xbar-clickandpuff-pod-strawberry.png\",\"datePublished\":\"2022-08-12T10:59:00+00:00\",\"dateModified\":\"2025-08-08T12:05:04+00:00\",\"breadcrumb\":{\"@id\":\"https:\\\/\\\/dev.x-bar.co\\\/de\\\/boutique\\\/x-bar-sortiment\\\/click-puff-de\\\/x-bar-click-puff-pod-de\\\/click-puff-pod-milkshake-strawberry\\\/#breadcrumb\"},\"inLanguage\":\"de\",\"potentialAction\":[{\"@type\":\"ReadAction\",\"target\":[\"https:\\\/\\\/dev.x-bar.co\\\/de\\\/boutique\\\/x-bar-sortiment\\\/click-puff-de\\\/x-bar-click-puff-pod-de\\\/click-puff-pod-milkshake-strawberry\\\/\"]}]},{\"@type\":\"ImageObject\",\"inLanguage\":\"de\",\"@id\":\"https:\\\/\\\/dev.x-bar.co\\\/de\\\/boutique\\\/x-bar-sortiment\\\/click-puff-de\\\/x-bar-click-puff-pod-de\\\/click-puff-pod-milkshake-strawberry\\\/#primaryimage\",\"url\":\"https:\\\/\\\/dev.x-bar.co\\\/wp-content\\\/uploads\\\/2022\\\/08\\\/xbar-clickandpuff-pod-strawberry.png\",\"contentUrl\":\"https:\\\/\\\/dev.x-bar.co\\\/wp-content\\\/uploads\\\/2022\\\/08\\\/xbar-clickandpuff-pod-strawberry.png\",\"width\":800,\"height\":800},{\"@type\":\"BreadcrumbList\",\"@id\":\"https:\\\/\\\/dev.x-bar.co\\\/de\\\/boutique\\\/x-bar-sortiment\\\/click-puff-de\\\/x-bar-click-puff-pod-de\\\/click-puff-pod-milkshake-strawberry\\\/#breadcrumb\",\"itemListElement\":[{\"@type\":\"ListItem\",\"position\":1,\"name\":\"Accueil\",\"item\":\"https:\\\/\\\/dev.x-bar.co\\\/de\\\/\"},{\"@type\":\"ListItem\",\"position\":2,\"name\":\"Webshop\",\"item\":\"https:\\\/\\\/dev.x-bar.co\\\/boutique\\\/\"},{\"@type\":\"ListItem\",\"position\":3,\"name\":\"Click &#038; Puff &#8211; Pod &#8211; Milkshake Strawberry\"}]},{\"@type\":\"WebSite\",\"@id\":\"https:\\\/\\\/dev.x-bar.co\\\/de\\\/#website\",\"url\":\"https:\\\/\\\/dev.x-bar.co\\\/de\\\/\",\"name\":\"X-Bar\u00ae - Official Online Shop\",\"description\":\"Official X-Bar online shop. Best Vaping Devices Worlwide. Vaping pods, puff, eliquids, open pods system devices...\",\"publisher\":{\"@id\":\"https:\\\/\\\/dev.x-bar.co\\\/de\\\/#organization\"},\"potentialAction\":[{\"@type\":\"SearchAction\",\"target\":{\"@type\":\"EntryPoint\",\"urlTemplate\":\"https:\\\/\\\/dev.x-bar.co\\\/de\\\/?s={search_term_string}\"},\"query-input\":{\"@type\":\"PropertyValueSpecification\",\"valueRequired\":true,\"valueName\":\"search_term_string\"}}],\"inLanguage\":\"de\"},{\"@type\":\"Organization\",\"@id\":\"https:\\\/\\\/dev.x-bar.co\\\/de\\\/#organization\",\"name\":\"X-Bar\u00ae - Official Online Shop\",\"url\":\"https:\\\/\\\/dev.x-bar.co\\\/de\\\/\",\"logo\":{\"@type\":\"ImageObject\",\"inLanguage\":\"de\",\"@id\":\"https:\\\/\\\/dev.x-bar.co\\\/de\\\/#\\\/schema\\\/logo\\\/image\\\/\",\"url\":\"https:\\\/\\\/dev.x-bar.co\\\/wp-content\\\/uploads\\\/2022\\\/07\\\/xbar-logo.svg\",\"contentUrl\":\"https:\\\/\\\/dev.x-bar.co\\\/wp-content\\\/uploads\\\/2022\\\/07\\\/xbar-logo.svg\",\"width\":266,\"height\":41,\"caption\":\"X-Bar\u00ae - Official Online Shop\"},\"image\":{\"@id\":\"https:\\\/\\\/dev.x-bar.co\\\/de\\\/#\\\/schema\\\/logo\\\/image\\\/\"}}]}<\/script>\n<meta property=\"og:availability\" content=\"instock\" \/>\n<meta property=\"product:availability\" content=\"instock\" \/>\n<meta property=\"product:condition\" content=\"new\" \/>\n<!-- \/ Yoast SEO Premium plugin. -->","yoast_head_json":{"title":"Click & Puff - Pod - Milkshake Strawberry - X-Bar\u00ae - Offizieller Online-Shop","robots":{"index":"index","follow":"follow","max-snippet":"max-snippet:-1","max-image-preview":"max-image-preview:large","max-video-preview":"max-video-preview:-1"},"canonical":"https:\/\/dev.x-bar.co\/de\/boutique\/x-bar-sortiment\/click-puff-de\/x-bar-click-puff-pod-de\/click-puff-pod-milkshake-strawberry\/","og_locale":"de_DE","og_type":"article","og_title":"Click & Puff - Pod - Milkshake Strawberry","og_description":"Milkshake Erdbeere ist ein Vaping-Produkt, das die pure S\u00fc\u00dfe von Milch und frischen, saftigen Erdbeeren liefert. Bei jedem Zug f\u00fchlen Sie sich wie in Ihre Kindheit versetzt, wenn Sie an einem hei\u00dfen Sommertag einen k\u00f6stlichen Milchshake genie\u00dfen. Dieses Produkt bietet ein sanftes und cremiges Dampferlebnis, das sowohl befriedigend als auch genussvoll ist.","og_url":"https:\/\/dev.x-bar.co\/de\/boutique\/x-bar-sortiment\/click-puff-de\/x-bar-click-puff-pod-de\/click-puff-pod-milkshake-strawberry\/","og_site_name":"X-Bar\u00ae - Offizieller Online-Shop","article_modified_time":"2025-08-08T12:05:04+00:00","og_image":[{"width":800,"height":800,"url":"https:\/\/dev.x-bar.co\/wp-content\/uploads\/2022\/08\/xbar-clickandpuff-pod-strawberry.png","type":"image\/png"}],"twitter_card":"summary_large_image","twitter_misc":{"Verf\u00fcgbarkeit":"Auf Lager"},"schema":{"@context":"https:\/\/schema.org","@graph":[{"@type":"WebPage","@id":"https:\/\/dev.x-bar.co\/de\/boutique\/x-bar-sortiment\/click-puff-de\/x-bar-click-puff-pod-de\/click-puff-pod-milkshake-strawberry\/","url":"https:\/\/dev.x-bar.co\/de\/boutique\/x-bar-sortiment\/click-puff-de\/x-bar-click-puff-pod-de\/click-puff-pod-milkshake-strawberry\/","name":"Click & Puff - Pod - Milkshake Strawberry - X-Bar\u00ae - Offizieller Online-Shop","isPartOf":{"@id":"https:\/\/dev.x-bar.co\/de\/#website"},"primaryImageOfPage":{"@id":"https:\/\/dev.x-bar.co\/de\/boutique\/x-bar-sortiment\/click-puff-de\/x-bar-click-puff-pod-de\/click-puff-pod-milkshake-strawberry\/#primaryimage"},"image":{"@id":"https:\/\/dev.x-bar.co\/de\/boutique\/x-bar-sortiment\/click-puff-de\/x-bar-click-puff-pod-de\/click-puff-pod-milkshake-strawberry\/#primaryimage"},"thumbnailUrl":"https:\/\/dev.x-bar.co\/wp-content\/uploads\/2022\/08\/xbar-clickandpuff-pod-strawberry.png","datePublished":"2022-08-12T10:59:00+00:00","dateModified":"2025-08-08T12:05:04+00:00","breadcrumb":{"@id":"https:\/\/dev.x-bar.co\/de\/boutique\/x-bar-sortiment\/click-puff-de\/x-bar-click-puff-pod-de\/click-puff-pod-milkshake-strawberry\/#breadcrumb"},"inLanguage":"de","potentialAction":[{"@type":"ReadAction","target":["https:\/\/dev.x-bar.co\/de\/boutique\/x-bar-sortiment\/click-puff-de\/x-bar-click-puff-pod-de\/click-puff-pod-milkshake-strawberry\/"]}]},{"@type":"ImageObject","inLanguage":"de","@id":"https:\/\/dev.x-bar.co\/de\/boutique\/x-bar-sortiment\/click-puff-de\/x-bar-click-puff-pod-de\/click-puff-pod-milkshake-strawberry\/#primaryimage","url":"https:\/\/dev.x-bar.co\/wp-content\/uploads\/2022\/08\/xbar-clickandpuff-pod-strawberry.png","contentUrl":"https:\/\/dev.x-bar.co\/wp-content\/uploads\/2022\/08\/xbar-clickandpuff-pod-strawberry.png","width":800,"height":800},{"@type":"BreadcrumbList","@id":"https:\/\/dev.x-bar.co\/de\/boutique\/x-bar-sortiment\/click-puff-de\/x-bar-click-puff-pod-de\/click-puff-pod-milkshake-strawberry\/#breadcrumb","itemListElement":[{"@type":"ListItem","position":1,"name":"Accueil","item":"https:\/\/dev.x-bar.co\/de\/"},{"@type":"ListItem","position":2,"name":"Webshop","item":"https:\/\/dev.x-bar.co\/boutique\/"},{"@type":"ListItem","position":3,"name":"Click &#038; Puff &#8211; Pod &#8211; Milkshake Strawberry"}]},{"@type":"WebSite","@id":"https:\/\/dev.x-bar.co\/de\/#website","url":"https:\/\/dev.x-bar.co\/de\/","name":"X-Bar\u00ae - Official Online Shop","description":"Official X-Bar online shop. Best Vaping Devices Worlwide. Vaping pods, puff, eliquids, open pods system devices...","publisher":{"@id":"https:\/\/dev.x-bar.co\/de\/#organization"},"potentialAction":[{"@type":"SearchAction","target":{"@type":"EntryPoint","urlTemplate":"https:\/\/dev.x-bar.co\/de\/?s={search_term_string}"},"query-input":{"@type":"PropertyValueSpecification","valueRequired":true,"valueName":"search_term_string"}}],"inLanguage":"de"},{"@type":"Organization","@id":"https:\/\/dev.x-bar.co\/de\/#organization","name":"X-Bar\u00ae - Official Online Shop","url":"https:\/\/dev.x-bar.co\/de\/","logo":{"@type":"ImageObject","inLanguage":"de","@id":"https:\/\/dev.x-bar.co\/de\/#\/schema\/logo\/image\/","url":"https:\/\/dev.x-bar.co\/wp-content\/uploads\/2022\/07\/xbar-logo.svg","contentUrl":"https:\/\/dev.x-bar.co\/wp-content\/uploads\/2022\/07\/xbar-logo.svg","width":266,"height":41,"caption":"X-Bar\u00ae - Official Online Shop"},"image":{"@id":"https:\/\/dev.x-bar.co\/de\/#\/schema\/logo\/image\/"}}]},"og_availability":"instock","product_availability":"instock","product_condition":"new"},"jetpack_sharing_enabled":true,"_links":{"self":[{"href":"https:\/\/dev.x-bar.co\/de\/wp-json\/wp\/v2\/product\/8934","targetHints":{"allow":["GET"]}}],"collection":[{"href":"https:\/\/dev.x-bar.co\/de\/wp-json\/wp\/v2\/product"}],"about":[{"href":"https:\/\/dev.x-bar.co\/de\/wp-json\/wp\/v2\/types\/product"}],"wp:featuredmedia":[{"embeddable":true,"href":"https:\/\/dev.x-bar.co\/de\/wp-json\/wp\/v2\/media\/8843"}],"wp:attachment":[{"href":"https:\/\/dev.x-bar.co\/de\/wp-json\/wp\/v2\/media?parent=8934"}],"wp:term":[{"taxonomy":"product_brand","embeddable":true,"href":"https:\/\/dev.x-bar.co\/de\/wp-json\/wp\/v2\/product_brand?post=8934"},{"taxonomy":"product_cat","embeddable":true,"href":"https:\/\/dev.x-bar.co\/de\/wp-json\/wp\/v2\/product_cat?post=8934"},{"taxonomy":"product_tag","embeddable":true,"href":"https:\/\/dev.x-bar.co\/de\/wp-json\/wp\/v2\/product_tag?post=8934"}],"curies":[{"name":"wp","href":"https:\/\/api.w.org\/{rel}","templated":true}]}}