{"id":10850,"date":"2022-09-12T11:47:59","date_gmt":"2022-09-12T09:47:59","guid":{"rendered":"https:\/\/x-bar.co\/conditions-generales-de-vente\/"},"modified":"2023-12-06T10:00:13","modified_gmt":"2023-12-06T09:00:13","slug":"condiciones-de-venta","status":"publish","type":"page","link":"https:\/\/dev.x-bar.co\/es\/condiciones-de-venta\/","title":{"rendered":"Condiciones De Venta"},"content":{"rendered":"<div class=\"policy-title\">\n<h1><span class=\"policy-1 title-terms\">T\u00c9RMINOS GENERALES DE VENTA<\/span><\/h1>\n<h2>PRE\u00c1MBULO<\/h2>\n<p>    Estos \u00abT\u00e9rminos Generales de Venta\u00bb se aplican a operaciones legales que involucran productos vendidos a clientes por <strong style=\"font-size: 16px;\">X-Bar<\/strong> dentro de su tienda virtual.\n<\/div>\n<div class=\"policy-body\">\n<div class=\"policy-1 policy-body-single content-terms\">\n<h2>DEFINICIONES:<\/h2>\n<p>Las siguientes palabras o expresiones tendr\u00e1n el siguiente significado en el \u00e1mbito de estos t\u00e9rminos:<\/p>\n<ul>\n<li>Tienda en l\u00ednea: se refiere al sitio web en el que se presentan y venden los productos a los clientes.<\/li>\n<li>Orden: se refiere al contrato de venta concluido entre el cliente y la tienda en l\u00ednea.<\/li>\n<li>Ficha de Producto: se refiere a la informaci\u00f3n clasificada sobre un producto proporcionada al ofrecer dicho producto para la venta en su tienda en l\u00ednea.<\/li>\n<li>Productos: se refiere a todos los bienes y servicios ofrecidos para la venta en su tienda en l\u00ednea.<\/li>\n<li>Servicio: se refiere a la venta de productos por parte de <strong style=\"font-size: 16px;\">X-Bar<\/strong> a los clientes de su tienda en l\u00ednea.<\/li>\n<li>Transacci\u00f3n: se refiere a todas las operaciones, procesos seguros, autorizaciones y acuerdos inherentes al pago del precio de los productos pedidos por tarjeta de cr\u00e9dito.<\/li>\n<\/ul>\n<h2>ART\u00cdCULO 1 \u2013 OBJETO<\/h2>\n<p>Estos T\u00e9rminos Generales de Venta tienen como objetivo definir los t\u00e9rminos y condiciones bajo los cuales <strong style=\"font-size: 16px;\">X-Bar<\/strong> ofrece y vende sus productos a los clientes. Estos t\u00e9rminos generales de venta prevalecer\u00e1n sobre cualquier otra condici\u00f3n que aparezca en cualquier otro documento, a menos que se renuncie previa, expresa y por escrito.<\/p>\n<h2>ART\u00cdCULO 2 \u2013 ACEPTACI\u00d3N DE CONDICIONES<\/h2>\n<p>El cliente reconoce haber le\u00eddo, en el momento de realizar el pedido, estos t\u00e9rminos generales de venta y declara expresamente aceptarlos sin reservas.<\/p>\n<p>Estos t\u00e9rminos generales de venta rigen la relaci\u00f3n contractual entre <strong style=\"font-size: 16px;\">X-Bar<\/strong> y su cliente, ambas partes los aceptan sin reservas.<\/p>\n<h2>ART\u00cdCULO 3 \u2013 PRODUCTOS<\/h2>\n<p>La mayor\u00eda de los productos ofrecidos por <strong style=\"font-size: 16px;\">X-Bar<\/strong> a sus clientes est\u00e1n disponibles de inmediato.<\/p>\n<p>Sin embargo, todos los productos comercializados por <strong style=\"font-size: 16px;\">X-Bar<\/strong> pueden o no estar necesariamente disponibles para la venta en l\u00ednea.<\/p>\n<h2>ART\u00cdCULO 4 \u2013 PEDIDO<\/h2>\n<p>Los sistemas de grabaci\u00f3n autom\u00e1tica se consideran como prueba de la naturaleza, contenido y fecha del pedido.<\/p>\n<p><strong><strong style=\"font-size: 16px;\">X-Bar<\/strong> <\/strong>confirmar\u00e1 la aceptaci\u00f3n del pedido del cliente enviando un mensaje de confirmaci\u00f3n al correo electr\u00f3nico proporcionado por el cliente. La venta solo se concluir\u00e1 al enviar dicha confirmaci\u00f3n del pedido.<\/p>\n<p><strong><strong style=\"font-size: 16px;\">X-Bar<\/strong> <\/strong>se reserva el derecho de rechazar o cancelar cualquier pedido de un cliente, especialmente en caso de insolvencia del cliente o en caso de incumplimiento del pago del pedido relevante o de un pedido anterior o una disputa relacionada con el pago de un pedido anterior.<\/p>\n<p>La informaci\u00f3n proporcionada por el cliente al ingresar la informaci\u00f3n relacionada con su pedido compromete al cliente. <strong style=\"font-size: 16px;\">X-Bar<\/strong><strong> <\/strong>no puede ser responsable de los errores cometidos por el cliente en la redacci\u00f3n de la informaci\u00f3n del destinatario para el pedido (direcci\u00f3n de entrega, direcci\u00f3n de facturaci\u00f3n, en particular) y de los retrasos en la entrega o la imposibilidad de entregar los productos solicitados que dichos errores puedan causar.<\/p>\n<h2>ART\u00cdCULO 5 \u2013 ENTREGA<\/h2>\n<p>Despu\u00e9s de la confirmaci\u00f3n del pedido y sujeto al pago perfecto del precio de los productos pedidos, <strong style=\"font-size: 16px;\">X-Bar<\/strong><strong> <\/strong>se compromete a enviar los productos pedidos a la direcci\u00f3n de entrega dentro de un per\u00edodo especificado en el momento de seleccionar el modo de transporte del pedido, a menos que se indique lo contrario.<\/p>\n<p>Todos los productos especificados en los pedidos realizados con <strong style=\"font-size: 16px;\">X-Bar<\/strong><strong> <\/strong>est\u00e1n destinados al uso personal de los clientes o destinatarios cuyo nombre se menciona en la direcci\u00f3n de entrega.<\/p>\n<p>Si es necesario, el cliente se compromete a pagar, a la recepci\u00f3n, todos los impuestos, derechos, impuestos y otras tarifas presentes y futuras debidas por la entrega de dichos productos; la responsabilidad conjunta de <strong style=\"font-size: 16px;\">X-Bar<\/strong><strong> <\/strong>no puede comprometerse en ning\u00fan momento por esta raz\u00f3n.<\/p>\n<p>Se proh\u00edbe a los clientes o destinatarios de los productos cualquier reventa parcial o total de los productos.<\/p>\n<p>La entrega se realizar\u00e1 por La Poste Suivi, Colissimo, letter max o por cualquier otro transportista seg\u00fan nuestra conveniencia.<\/p>\n<p>Nuestras tarifas de entrega est\u00e1n disponibles haciendo clic en \u00abEntrega\u00bb en el pie de p\u00e1gina de nuestro sitio.<\/p>\n<p>En caso de retraso en la entrega que exceda los siete (7) d\u00edas, el cliente puede, si lo desea y a menos que haya fuerza mayor, rescindir el contrato de venta mediante carta certificada con acuse de recibo. Sin embargo, este derecho debe ejercerse dentro de sesenta (60) d\u00edas h\u00e1biles a partir de la fecha de entrega inicialmente programada en el contrato.<\/p>\n<p>Al recibir los productos pedidos, el cliente o el destinatario debe verificar el buen funcionamiento de los bienes entregados y tomar nota de sus condiciones de uso seg\u00fan se indica en las instrucciones de uso proporcionadas.<\/p>\n<p>En caso de que falte uno o m\u00e1s productos pedidos o est\u00e9n da\u00f1ados, el cliente o el destinatario debe hacer cualquier reserva con el transportista en el momento de la entrega.<\/p>\n<p>En caso de defectos aparentes, el cliente tiene derecho a devolver los productos seg\u00fan las condiciones establecidas en las instrucciones de uso de los bienes.<\/p>\n<p>Por razones de disponibilidad de los productos pedidos, un pedido puede estar sujeto a m\u00faltiples entregas sucesivas al cliente.<\/p>\n<p>En el caso de que el cliente desee que los productos pedidos se entreguen a dos direcciones diferentes, ser\u00e1 necesario que el cliente realice 2 pedidos separados.<\/p>\n<h2>ART\u00cdCULO 6 \u2013 RETIRO<\/h2>\n<p>El cliente tiene un per\u00edodo de 7 d\u00edas a partir de la recepci\u00f3n de los productos pedidos para devolverlos a <strong style=\"font-size: 16px;\">X-Bar<\/strong><strong> <\/strong>para cambio o reembolso. En este caso, el cliente debe devolver los productos nuevos e intactos, acompa\u00f1ados de todos los accesorios posibles, instrucciones de uso y documentaci\u00f3n a la siguiente direcci\u00f3n:<\/p>\n<p><strong style=\"font-size: 16px;\">X-Bar<\/strong><br \/>\n        19 Boulevard Ney,<br \/>\n        75018 PAR\u00cdS<br \/>\n        FRANCIA<\/p>\n<p>En caso de ejercer el derecho de retiro, <strong style=\"font-size: 16px;\">X-Bar<\/strong><strong> <\/strong>se compromete a reembolsar las cantidades pagadas por el cliente, de forma gratuita, excepto los costos de devoluci\u00f3n.<\/p>\n<p>El reembolso se debe dentro de un per\u00edodo m\u00e1ximo de 30 d\u00edas.<\/p>\n<h2>ART\u00cdCULO 7 \u2013 SUSCRIPCIONES: CANCELACI\u00d3N Y REEMBOLSO<\/h2>\n<p>Una solicitud de reembolso debe realizarse dentro de los 7 d\u00edas posteriores al pago. En caso de que los productos pedidos ya hayan sido enviados, el cliente debe devolver los productos nuevos e intactos a la siguiente direcci\u00f3n:<\/p>\n<p><strong style=\"font-size: 16px;\">X-Bar<\/strong><br \/>\n        19 Boulevard Ney,<br \/>\n        75018 PAR\u00cdS<br \/>\n        FRANCIA<\/p>\n<p>La solicitud de cancelaci\u00f3n y reembolso termina autom\u00e1ticamente su suscripci\u00f3n, excepto mediante solicitud expresa del cliente a la direcci\u00f3n <strong>support@x-bar.co<\/strong>.<\/p>\n<p>En caso de ejercer el derecho de retiro, <strong style=\"font-size: 16px;\">X-Bar<\/strong> se compromete a reembolsar las cantidades pagadas por el cliente, de forma gratuita, excepto los costos de devoluci\u00f3n, si los hubiera.<\/p>\n<p>El reembolso se debe dentro de un per\u00edodo m\u00e1ximo de 30 d\u00edas.<\/p>\n<h2>ART\u00cdCULO 8 \u2013 PRECIO<\/h2>\n<p>El precio se expresa en euros.<\/p>\n<p>El precio indicado en las Fichas de Producto no incluye los costos relacionados con el transporte.<\/p>\n<p>El precio indicado en la confirmaci\u00f3n del pedido es el precio final expresado todos los impuestos incluidos e incluyendo el IVA. Este precio incluye el precio de los productos, los gastos de manipulaci\u00f3n, empaque y almacenamiento de los productos, as\u00ed como los gastos de transporte y servicio.<\/p>\n<h2>ART\u00cdCULO 9 \u2013 PAGO<\/h2>\n<p>El precio facturado al cliente es el precio indicado en la confirmaci\u00f3n del pedido enviada por <strong style=\"font-size: 16px;\">X-Bar<\/strong>.<\/p>\n<p>El precio de los productos se paga en efectivo mediante uno de los medios de pago ofrecidos en el sitio el d\u00eda del pedido efectivo.<\/p>\n<p>El pedido validado por el cliente se considerar\u00e1 efectivo solo cuando el centro de pago bancario seguro haya dado su acuerdo sobre la transacci\u00f3n y, en su caso, despu\u00e9s de la aceptaci\u00f3n de la cobertura del riesgo por parte del asegurador.<\/p>\n<h2>ART\u00cdCULO 10 \u2013 LEGISLACI\u00d3N APLICABLE<\/h2>\n<p>Estos t\u00e9rminos generales de venta est\u00e1n sujetos a la legislaci\u00f3n francesa.<\/p>\n<h2>ART\u00cdCULO 11 \u2013 RESPONSABILIDAD<\/h2>\n<p><strong><strong style=\"font-size: 16px;\">X-Bar<\/strong> <\/strong>no puede ser responsable de da\u00f1os de cualquier tipo, tanto materiales como inmateriales o corporales, que puedan derivarse de un mal funcionamiento o uso indebido de los productos comercializados.<\/p>\n<p>La responsabilidad de <strong style=\"font-size: 16px;\">X-Bar<\/strong> se limitar\u00e1, en cualquier caso, al monto del pedido. En caso de dificultades en la aplicaci\u00f3n de este contrato, el cliente y <strong style=\"font-size: 16px;\">X-Bar<\/strong> se reservan el derecho, antes de cualquier acci\u00f3n legal, a buscar una soluci\u00f3n amistosa.<\/p>\n<p>De lo contrario, para clientes profesionales, el Tribunal de Comercio de PAR\u00cdS es el \u00fanico competente, independientemente del lugar de entrega y del m\u00e9todo de pago aceptado.<\/p>\n<h2>ART\u00cdCULO 12 \u2013 GARANT\u00cdA<\/h2>\n<p>En cualquier caso, <strong style=\"font-size: 16px;\">X-Bar<\/strong> no puede ser responsable de incumplimientos de las disposiciones reglamentarias y legislativas vigentes en el pa\u00eds de recepci\u00f3n. La responsabilidad de <strong style=\"font-size: 16px;\">X-Bar<\/strong><strong> <\/strong>se limita sistem\u00e1ticamente al valor del producto en cuesti\u00f3n determinado en la fecha de su venta y sin posibilidad de recurso contra la marca o la empresa que produce el producto.<\/p>\n<p>El cliente puede comunicarse con el servicio al cliente por tel\u00e9fono (indicado en el encabezado del sitio) o por correo electr\u00f3nico a la direcci\u00f3n support@x-bar.co. Respuesta: 48 horas.<\/p>\n<h2>ART\u00cdCULO 13: INFORMACI\u00d3N LEGAL<\/h2>\n<p>La provisi\u00f3n de informaci\u00f3n nominativa recopilada con fines de venta a distancia es obligatoria; esta informaci\u00f3n es esencial para el procesamiento y env\u00edo de pedidos, la emisi\u00f3n de facturas y la formalizaci\u00f3n de contratos de garant\u00eda. La falta de suministro de informaci\u00f3n conduce a la no validaci\u00f3n del pedido.<\/p>\n<p>De acuerdo con la ley \u00abInform\u00e1tica y Libertades\u00bb, el tratamiento de la informaci\u00f3n nominativa relacionada con los clientes ha sido objeto de una declaraci\u00f3n ante la Comisi\u00f3n Nacional de Inform\u00e1tica y Libertades (CNIL).<\/p>\n<p>El cliente tiene (Art\u00edculo 34 de la ley del 6 de enero de 1978) el derecho de acceso, modificaci\u00f3n, rectificaci\u00f3n y supresi\u00f3n de los datos que le conciernen, y puede ejercer este derecho con <strong style=\"font-size: 16px;\">X-Bar<\/strong>. Adem\u00e1s, <strong style=\"font-size: 16px;\">X-Bar<\/strong> se compromete a no comunicar, de forma gratuita o a cambio de compensaci\u00f3n, los datos de contacto de sus clientes a terceros.<\/p>\n<\/div>\n<\/div>\n","protected":false},"excerpt":{"rendered":"<p>T\u00c9RMINOS GENERALES DE VENTA PRE\u00c1MBULO Estos \u00abT\u00e9rminos Generales de Venta\u00bb se aplican a operaciones legales que involucran productos vendidos a clientes por X-Bar dentro de su tienda virtual. DEFINICIONES: Las siguientes palabras <a href=\"https:\/\/dev.x-bar.co\/es\/condiciones-de-venta\/\" class=\"more-link\">&#8230;<span class=\"screen-reader-text\">  Condiciones De Venta<\/span><\/a><\/p>\n","protected":false},"author":1,"featured_media":0,"parent":0,"menu_order":0,"comment_status":"closed","ping_status":"closed","template":"","meta":{"_acf_changed":false,"footnotes":""},"class_list":["post-10850","page","type-page","status-publish","hentry"],"acf":[],"yoast_head":"<!-- This site is optimized with the Yoast SEO Premium plugin v25.7.1 (Yoast SEO v27.3) - https:\/\/yoast.com\/product\/yoast-seo-premium-wordpress\/ -->\n<title>Condiciones De Venta - X-Bar\u00ae - Tienda Oficial Online<\/title>\n<meta name=\"robots\" content=\"noindex, follow\" \/>\n<meta property=\"og:locale\" content=\"es_ES\" \/>\n<meta property=\"og:type\" content=\"article\" \/>\n<meta property=\"og:title\" content=\"Condiciones De Venta\" \/>\n<meta property=\"og:description\" content=\"T\u00c9RMINOS GENERALES DE VENTA PRE\u00c1MBULO Estos \u00abT\u00e9rminos Generales de Venta\u00bb se aplican a operaciones legales que involucran productos vendidos a clientes por X-Bar dentro de su tienda virtual. DEFINICIONES: Las siguientes palabras ... Condiciones De Venta\" \/>\n<meta property=\"og:url\" content=\"https:\/\/dev.x-bar.co\/es\/condiciones-de-venta\/\" \/>\n<meta property=\"og:site_name\" content=\"X-Bar\u00ae - Tienda Oficial Online\" \/>\n<meta property=\"article:modified_time\" content=\"2023-12-06T09:00:13+00:00\" \/>\n<meta property=\"og:image\" content=\"https:\/\/dev.x-bar.co\/wp-content\/uploads\/2023\/06\/xbar-metaimage.jpg\" \/>\n\t<meta property=\"og:image:width\" content=\"1200\" \/>\n\t<meta property=\"og:image:height\" content=\"765\" \/>\n\t<meta property=\"og:image:type\" content=\"image\/jpeg\" \/>\n<meta name=\"twitter:card\" content=\"summary_large_image\" \/>\n<meta name=\"twitter:label1\" content=\"Tiempo de lectura\" \/>\n\t<meta name=\"twitter:data1\" content=\"5 minutos\" \/>\n<script type=\"application\/ld+json\" class=\"yoast-schema-graph\">{\"@context\":\"https:\\\/\\\/schema.org\",\"@graph\":[{\"@type\":\"WebPage\",\"@id\":\"https:\\\/\\\/dev.x-bar.co\\\/es\\\/condiciones-de-venta\\\/\",\"url\":\"https:\\\/\\\/dev.x-bar.co\\\/es\\\/condiciones-de-venta\\\/\",\"name\":\"Condiciones De Venta - X-Bar\u00ae - Tienda Oficial Online\",\"isPartOf\":{\"@id\":\"https:\\\/\\\/dev.x-bar.co\\\/es\\\/#website\"},\"datePublished\":\"2022-09-12T09:47:59+00:00\",\"dateModified\":\"2023-12-06T09:00:13+00:00\",\"breadcrumb\":{\"@id\":\"https:\\\/\\\/dev.x-bar.co\\\/es\\\/condiciones-de-venta\\\/#breadcrumb\"},\"inLanguage\":\"es\",\"potentialAction\":[{\"@type\":\"ReadAction\",\"target\":[\"https:\\\/\\\/dev.x-bar.co\\\/es\\\/condiciones-de-venta\\\/\"]}]},{\"@type\":\"BreadcrumbList\",\"@id\":\"https:\\\/\\\/dev.x-bar.co\\\/es\\\/condiciones-de-venta\\\/#breadcrumb\",\"itemListElement\":[{\"@type\":\"ListItem\",\"position\":1,\"name\":\"Accueil\",\"item\":\"https:\\\/\\\/dev.x-bar.co\\\/es\\\/\"},{\"@type\":\"ListItem\",\"position\":2,\"name\":\"Condiciones De Venta\"}]},{\"@type\":\"WebSite\",\"@id\":\"https:\\\/\\\/dev.x-bar.co\\\/es\\\/#website\",\"url\":\"https:\\\/\\\/dev.x-bar.co\\\/es\\\/\",\"name\":\"X-Bar\u00ae - Official Online Shop\",\"description\":\"Official X-Bar online shop. Best Vaping Devices Worlwide. Vaping pods, puff, eliquids, open pods system devices...\",\"publisher\":{\"@id\":\"https:\\\/\\\/dev.x-bar.co\\\/es\\\/#organization\"},\"potentialAction\":[{\"@type\":\"SearchAction\",\"target\":{\"@type\":\"EntryPoint\",\"urlTemplate\":\"https:\\\/\\\/dev.x-bar.co\\\/es\\\/?s={search_term_string}\"},\"query-input\":{\"@type\":\"PropertyValueSpecification\",\"valueRequired\":true,\"valueName\":\"search_term_string\"}}],\"inLanguage\":\"es\"},{\"@type\":\"Organization\",\"@id\":\"https:\\\/\\\/dev.x-bar.co\\\/es\\\/#organization\",\"name\":\"X-Bar\u00ae - Official Online Shop\",\"url\":\"https:\\\/\\\/dev.x-bar.co\\\/es\\\/\",\"logo\":{\"@type\":\"ImageObject\",\"inLanguage\":\"es\",\"@id\":\"https:\\\/\\\/dev.x-bar.co\\\/es\\\/#\\\/schema\\\/logo\\\/image\\\/\",\"url\":\"https:\\\/\\\/dev.x-bar.co\\\/wp-content\\\/uploads\\\/2022\\\/07\\\/xbar-logo.svg\",\"contentUrl\":\"https:\\\/\\\/dev.x-bar.co\\\/wp-content\\\/uploads\\\/2022\\\/07\\\/xbar-logo.svg\",\"width\":266,\"height\":41,\"caption\":\"X-Bar\u00ae - Official Online Shop\"},\"image\":{\"@id\":\"https:\\\/\\\/dev.x-bar.co\\\/es\\\/#\\\/schema\\\/logo\\\/image\\\/\"}}]}<\/script>\n<!-- \/ Yoast SEO Premium plugin. -->","yoast_head_json":{"title":"Condiciones De Venta - X-Bar\u00ae - Tienda Oficial Online","robots":{"index":"noindex","follow":"follow"},"og_locale":"es_ES","og_type":"article","og_title":"Condiciones De Venta","og_description":"T\u00c9RMINOS GENERALES DE VENTA PRE\u00c1MBULO Estos \u00abT\u00e9rminos Generales de Venta\u00bb se aplican a operaciones legales que involucran productos vendidos a clientes por X-Bar dentro de su tienda virtual. DEFINICIONES: Las siguientes palabras ... Condiciones De Venta","og_url":"https:\/\/dev.x-bar.co\/es\/condiciones-de-venta\/","og_site_name":"X-Bar\u00ae - Tienda Oficial Online","article_modified_time":"2023-12-06T09:00:13+00:00","og_image":[{"width":1200,"height":765,"url":"https:\/\/dev.x-bar.co\/wp-content\/uploads\/2023\/06\/xbar-metaimage.jpg","type":"image\/jpeg"}],"twitter_card":"summary_large_image","twitter_misc":{"Tiempo de lectura":"5 minutos"},"schema":{"@context":"https:\/\/schema.org","@graph":[{"@type":"WebPage","@id":"https:\/\/dev.x-bar.co\/es\/condiciones-de-venta\/","url":"https:\/\/dev.x-bar.co\/es\/condiciones-de-venta\/","name":"Condiciones De Venta - X-Bar\u00ae - Tienda Oficial Online","isPartOf":{"@id":"https:\/\/dev.x-bar.co\/es\/#website"},"datePublished":"2022-09-12T09:47:59+00:00","dateModified":"2023-12-06T09:00:13+00:00","breadcrumb":{"@id":"https:\/\/dev.x-bar.co\/es\/condiciones-de-venta\/#breadcrumb"},"inLanguage":"es","potentialAction":[{"@type":"ReadAction","target":["https:\/\/dev.x-bar.co\/es\/condiciones-de-venta\/"]}]},{"@type":"BreadcrumbList","@id":"https:\/\/dev.x-bar.co\/es\/condiciones-de-venta\/#breadcrumb","itemListElement":[{"@type":"ListItem","position":1,"name":"Accueil","item":"https:\/\/dev.x-bar.co\/es\/"},{"@type":"ListItem","position":2,"name":"Condiciones De Venta"}]},{"@type":"WebSite","@id":"https:\/\/dev.x-bar.co\/es\/#website","url":"https:\/\/dev.x-bar.co\/es\/","name":"X-Bar\u00ae - Official Online Shop","description":"Official X-Bar online shop. Best Vaping Devices Worlwide. Vaping pods, puff, eliquids, open pods system devices...","publisher":{"@id":"https:\/\/dev.x-bar.co\/es\/#organization"},"potentialAction":[{"@type":"SearchAction","target":{"@type":"EntryPoint","urlTemplate":"https:\/\/dev.x-bar.co\/es\/?s={search_term_string}"},"query-input":{"@type":"PropertyValueSpecification","valueRequired":true,"valueName":"search_term_string"}}],"inLanguage":"es"},{"@type":"Organization","@id":"https:\/\/dev.x-bar.co\/es\/#organization","name":"X-Bar\u00ae - Official Online Shop","url":"https:\/\/dev.x-bar.co\/es\/","logo":{"@type":"ImageObject","inLanguage":"es","@id":"https:\/\/dev.x-bar.co\/es\/#\/schema\/logo\/image\/","url":"https:\/\/dev.x-bar.co\/wp-content\/uploads\/2022\/07\/xbar-logo.svg","contentUrl":"https:\/\/dev.x-bar.co\/wp-content\/uploads\/2022\/07\/xbar-logo.svg","width":266,"height":41,"caption":"X-Bar\u00ae - Official Online Shop"},"image":{"@id":"https:\/\/dev.x-bar.co\/es\/#\/schema\/logo\/image\/"}}]}},"jetpack_sharing_enabled":true,"_links":{"self":[{"href":"https:\/\/dev.x-bar.co\/es\/wp-json\/wp\/v2\/pages\/10850","targetHints":{"allow":["GET"]}}],"collection":[{"href":"https:\/\/dev.x-bar.co\/es\/wp-json\/wp\/v2\/pages"}],"about":[{"href":"https:\/\/dev.x-bar.co\/es\/wp-json\/wp\/v2\/types\/page"}],"author":[{"embeddable":true,"href":"https:\/\/dev.x-bar.co\/es\/wp-json\/wp\/v2\/users\/1"}],"replies":[{"embeddable":true,"href":"https:\/\/dev.x-bar.co\/es\/wp-json\/wp\/v2\/comments?post=10850"}],"version-history":[{"count":0,"href":"https:\/\/dev.x-bar.co\/es\/wp-json\/wp\/v2\/pages\/10850\/revisions"}],"wp:attachment":[{"href":"https:\/\/dev.x-bar.co\/es\/wp-json\/wp\/v2\/media?parent=10850"}],"curies":[{"name":"wp","href":"https:\/\/api.w.org\/{rel}","templated":true}]}}