{"id":10859,"date":"2022-09-08T10:07:35","date_gmt":"2022-09-08T08:07:35","guid":{"rendered":"https:\/\/x-bar.co\/cookie-policy\/"},"modified":"2023-07-21T17:51:22","modified_gmt":"2023-07-21T15:51:22","slug":"politica-de-cookies","status":"publish","type":"page","link":"https:\/\/dev.x-bar.co\/es\/politica-de-cookies\/","title":{"rendered":"Pol\u00edtica de cookies"},"content":{"rendered":"<h2>Sobre esta pol\u00edtica de cookies<\/h2>\n<p>Esta Pol\u00edtica de cookies explica qu\u00e9 son las cookies y c\u00f3mo las usamos, los tipos de cookies que usamos, es decir, la informaci\u00f3n que recopilamos usando cookies y c\u00f3mo se usa esa informaci\u00f3n, y c\u00f3mo controlar las preferencias de cookies. Para obtener m\u00e1s informaci\u00f3n sobre c\u00f3mo usamos, almacenamos y mantenemos seguros sus datos personales, consulte nuestra Pol\u00edtica de privacidad.<\/p>\n<p>En cualquier momento puede cambiar o retirar su consentimiento de la Declaraci\u00f3n de cookies en nuestro sitio web<br \/>\nObtenga m\u00e1s informaci\u00f3n sobre qui\u00e9nes somos, c\u00f3mo puede contactarnos y c\u00f3mo procesamos los datos personales en nuestra Pol\u00edtica de privacidad.<\/p>\n<p>Su consentimiento se aplica a los siguientes dominios: x-bar.co<\/p>\n<div>\n<p>[user_consent_state]<\/p>\n<\/div>\n<hr \/>\n<h2>\u00bfQu\u00e9 son las galletas?<\/h2>\n<p>Las cookies son peque\u00f1os archivos de texto que se utilizan para almacenar peque\u00f1os fragmentos de informaci\u00f3n. Se almacenan en su dispositivo cuando el sitio web se carga en su navegador. Estas cookies nos ayudan a hacer que el sitio web funcione correctamente, hacerlo m\u00e1s seguro, brindar una mejor experiencia de usuario y comprender c\u00f3mo funciona el sitio web y analizar qu\u00e9 funciona y d\u00f3nde necesita mejorar.<\/p>\n<hr \/>\n<h2>C\u00f3mo usamos las cookies ?<\/h2>\n<p>Como la mayor\u00eda de los servicios en l\u00ednea, nuestro sitio web utiliza cookies propias y de terceros para varios prop\u00f3sitos. Las cookies de origen son en su mayor\u00eda necesarias para que el sitio web funcione correctamente y no recopilan ninguno de sus datos de identificaci\u00f3n personal.<\/p>\n<p>Las cookies de terceros utilizadas en nuestro sitio web son principalmente para comprender c\u00f3mo funciona el sitio web, c\u00f3mo interact\u00faa con nuestro sitio web, mantener nuestros servicios seguros, proporcionar anuncios que son relevantes para usted y, en general, brindarle un usuario mejor y mejorado. experimentar y ayudar a acelerar sus futuras interacciones con nuestro sitio web.<\/p>\n<hr \/>\n<h2>\u00bfQu\u00e9 tipos de cookies utilizamos?<\/h2>\n<p>Esencial: algunas cookies son esenciales para que pueda experimentar la funcionalidad completa de nuestro sitio. Nos permiten mantener las sesiones de los usuarios y prevenir cualquier amenaza a la seguridad. No recopilan ni almacenan ninguna informaci\u00f3n personal. Por ejemplo, estas cookies le permiten iniciar sesi\u00f3n en su cuenta y agregar productos a su cesta y pagar de forma segura.<\/p>\n<p>Estad\u00edsticas: estas cookies almacenan informaci\u00f3n como el n\u00famero de visitantes del sitio web, el n\u00famero de visitantes \u00fanicos, qu\u00e9 p\u00e1ginas del sitio web han sido visitadas, la fuente de la visita, etc. Estos datos nos ayudan a comprender y analizar qu\u00e9 tan bien funciona el sitio web. y d\u00f3nde necesita mejorar.<\/p>\n<p>Marketing: Nuestro sitio web muestra anuncios. Estas cookies se utilizan para personalizar los anuncios que le mostramos para que sean significativos para usted. Estas cookies tambi\u00e9n nos ayudan a realizar un seguimiento de la eficiencia de estas campa\u00f1as publicitarias.<br \/>\nLa informaci\u00f3n almacenada en estas cookies tambi\u00e9n puede ser utilizada por los proveedores de anuncios de terceros para mostrarle anuncios en otros sitios web en el navegador tambi\u00e9n.<\/p>\n<p>Funcionales: Estas son las cookies que ayudan a ciertas funcionalidades no esenciales en nuestro sitio web. Estas funcionalidades incluyen incrustar contenido como videos o compartir contenido del sitio web en plataformas de redes sociales.<\/p>\n<p>Preferencias: estas cookies nos ayudan a almacenar su configuraci\u00f3n y preferencias de navegaci\u00f3n, como las preferencias de idioma, para que tenga una experiencia mejor y m\u00e1s eficiente en futuras visitas al sitio web.<\/p>\n<div>\n<p>[cookie_audit columns=\u00bbcookie,description\u00bb heading=\u00bbThe below list details the cookies used in our website.\u00bb]<\/p>\n<\/div>\n<hr \/>\n<h2>\u00bfC\u00f3mo puedo controlar las preferencias de cookies?<\/h2>\n<p>Si decide cambiar sus preferencias m\u00e1s tarde a trav\u00e9s de su sesi\u00f3n de navegaci\u00f3n, puede hacer clic en la pesta\u00f1a \u00abPol\u00edtica de privacidad y cookies\u00bb en su pantalla. Esto mostrar\u00e1 el aviso de consentimiento nuevamente, lo que le permitir\u00e1 cambiar sus preferencias o retirar su consentimiento por completo.<\/p>\n<p>Adem\u00e1s de esto, los diferentes navegadores brindan diferentes m\u00e9todos para bloquear y eliminar las cookies utilizadas por los sitios web. Puede cambiar la configuraci\u00f3n de su navegador para bloquear\/eliminar las cookies. Para obtener m\u00e1s informaci\u00f3n sobre c\u00f3mo administrar y eliminar cookies, visite wikipedia.org, www.allaboutcookies.org.<\/p>\n","protected":false},"excerpt":{"rendered":"<p>Sobre esta pol\u00edtica de cookies Esta Pol\u00edtica de cookies explica qu\u00e9 son las cookies y c\u00f3mo las usamos, los tipos de cookies que usamos, es decir, la informaci\u00f3n que recopilamos usando cookies <a href=\"https:\/\/dev.x-bar.co\/es\/politica-de-cookies\/\" class=\"more-link\">&#8230;<span class=\"screen-reader-text\">  Pol\u00edtica de cookies<\/span><\/a><\/p>\n","protected":false},"author":1,"featured_media":0,"parent":0,"menu_order":0,"comment_status":"closed","ping_status":"closed","template":"","meta":{"_acf_changed":false,"footnotes":""},"class_list":["post-10859","page","type-page","status-publish","hentry"],"acf":[],"yoast_head":"<!-- This site is optimized with the Yoast SEO Premium plugin v25.7.1 (Yoast SEO v27.3) - https:\/\/yoast.com\/product\/yoast-seo-premium-wordpress\/ -->\n<title>Pol\u00edtica de cookies - X-Bar\u00ae - Tienda Oficial Online<\/title>\n<meta name=\"robots\" content=\"noindex, follow\" \/>\n<meta property=\"og:locale\" content=\"es_ES\" \/>\n<meta property=\"og:type\" content=\"article\" \/>\n<meta property=\"og:title\" content=\"Pol\u00edtica de cookies\" \/>\n<meta property=\"og:description\" content=\"Sobre esta pol\u00edtica de cookies Esta Pol\u00edtica de cookies explica qu\u00e9 son las cookies y c\u00f3mo las usamos, los tipos de cookies que usamos, es decir, la informaci\u00f3n que recopilamos usando cookies ... Pol\u00edtica de cookies\" \/>\n<meta property=\"og:url\" content=\"https:\/\/dev.x-bar.co\/es\/politica-de-cookies\/\" \/>\n<meta property=\"og:site_name\" content=\"X-Bar\u00ae - Tienda Oficial Online\" \/>\n<meta property=\"article:modified_time\" content=\"2023-07-21T15:51:22+00:00\" \/>\n<meta property=\"og:image\" content=\"https:\/\/dev.x-bar.co\/wp-content\/uploads\/2023\/06\/xbar-metaimage.jpg\" \/>\n\t<meta property=\"og:image:width\" content=\"1200\" \/>\n\t<meta property=\"og:image:height\" content=\"765\" \/>\n\t<meta property=\"og:image:type\" content=\"image\/jpeg\" \/>\n<meta name=\"twitter:card\" content=\"summary_large_image\" \/>\n<meta name=\"twitter:label1\" content=\"Tiempo de lectura\" \/>\n\t<meta name=\"twitter:data1\" content=\"3 minutos\" \/>\n<script type=\"application\/ld+json\" class=\"yoast-schema-graph\">{\"@context\":\"https:\\\/\\\/schema.org\",\"@graph\":[{\"@type\":\"WebPage\",\"@id\":\"https:\\\/\\\/dev.x-bar.co\\\/es\\\/politica-de-cookies\\\/\",\"url\":\"https:\\\/\\\/dev.x-bar.co\\\/es\\\/politica-de-cookies\\\/\",\"name\":\"Pol\u00edtica de cookies - X-Bar\u00ae - Tienda Oficial Online\",\"isPartOf\":{\"@id\":\"https:\\\/\\\/dev.x-bar.co\\\/es\\\/#website\"},\"datePublished\":\"2022-09-08T08:07:35+00:00\",\"dateModified\":\"2023-07-21T15:51:22+00:00\",\"breadcrumb\":{\"@id\":\"https:\\\/\\\/dev.x-bar.co\\\/es\\\/politica-de-cookies\\\/#breadcrumb\"},\"inLanguage\":\"es\",\"potentialAction\":[{\"@type\":\"ReadAction\",\"target\":[\"https:\\\/\\\/dev.x-bar.co\\\/es\\\/politica-de-cookies\\\/\"]}]},{\"@type\":\"BreadcrumbList\",\"@id\":\"https:\\\/\\\/dev.x-bar.co\\\/es\\\/politica-de-cookies\\\/#breadcrumb\",\"itemListElement\":[{\"@type\":\"ListItem\",\"position\":1,\"name\":\"Accueil\",\"item\":\"https:\\\/\\\/dev.x-bar.co\\\/es\\\/\"},{\"@type\":\"ListItem\",\"position\":2,\"name\":\"Pol\u00edtica de cookies\"}]},{\"@type\":\"WebSite\",\"@id\":\"https:\\\/\\\/dev.x-bar.co\\\/es\\\/#website\",\"url\":\"https:\\\/\\\/dev.x-bar.co\\\/es\\\/\",\"name\":\"X-Bar\u00ae - Official Online Shop\",\"description\":\"Official X-Bar online shop. Best Vaping Devices Worlwide. Vaping pods, puff, eliquids, open pods system devices...\",\"publisher\":{\"@id\":\"https:\\\/\\\/dev.x-bar.co\\\/es\\\/#organization\"},\"potentialAction\":[{\"@type\":\"SearchAction\",\"target\":{\"@type\":\"EntryPoint\",\"urlTemplate\":\"https:\\\/\\\/dev.x-bar.co\\\/es\\\/?s={search_term_string}\"},\"query-input\":{\"@type\":\"PropertyValueSpecification\",\"valueRequired\":true,\"valueName\":\"search_term_string\"}}],\"inLanguage\":\"es\"},{\"@type\":\"Organization\",\"@id\":\"https:\\\/\\\/dev.x-bar.co\\\/es\\\/#organization\",\"name\":\"X-Bar\u00ae - Official Online Shop\",\"url\":\"https:\\\/\\\/dev.x-bar.co\\\/es\\\/\",\"logo\":{\"@type\":\"ImageObject\",\"inLanguage\":\"es\",\"@id\":\"https:\\\/\\\/dev.x-bar.co\\\/es\\\/#\\\/schema\\\/logo\\\/image\\\/\",\"url\":\"https:\\\/\\\/dev.x-bar.co\\\/wp-content\\\/uploads\\\/2022\\\/07\\\/xbar-logo.svg\",\"contentUrl\":\"https:\\\/\\\/dev.x-bar.co\\\/wp-content\\\/uploads\\\/2022\\\/07\\\/xbar-logo.svg\",\"width\":266,\"height\":41,\"caption\":\"X-Bar\u00ae - Official Online Shop\"},\"image\":{\"@id\":\"https:\\\/\\\/dev.x-bar.co\\\/es\\\/#\\\/schema\\\/logo\\\/image\\\/\"}}]}<\/script>\n<!-- \/ Yoast SEO Premium plugin. -->","yoast_head_json":{"title":"Pol\u00edtica de cookies - X-Bar\u00ae - Tienda Oficial Online","robots":{"index":"noindex","follow":"follow"},"og_locale":"es_ES","og_type":"article","og_title":"Pol\u00edtica de cookies","og_description":"Sobre esta pol\u00edtica de cookies Esta Pol\u00edtica de cookies explica qu\u00e9 son las cookies y c\u00f3mo las usamos, los tipos de cookies que usamos, es decir, la informaci\u00f3n que recopilamos usando cookies ... Pol\u00edtica de cookies","og_url":"https:\/\/dev.x-bar.co\/es\/politica-de-cookies\/","og_site_name":"X-Bar\u00ae - Tienda Oficial Online","article_modified_time":"2023-07-21T15:51:22+00:00","og_image":[{"width":1200,"height":765,"url":"https:\/\/dev.x-bar.co\/wp-content\/uploads\/2023\/06\/xbar-metaimage.jpg","type":"image\/jpeg"}],"twitter_card":"summary_large_image","twitter_misc":{"Tiempo de lectura":"3 minutos"},"schema":{"@context":"https:\/\/schema.org","@graph":[{"@type":"WebPage","@id":"https:\/\/dev.x-bar.co\/es\/politica-de-cookies\/","url":"https:\/\/dev.x-bar.co\/es\/politica-de-cookies\/","name":"Pol\u00edtica de cookies - X-Bar\u00ae - Tienda Oficial Online","isPartOf":{"@id":"https:\/\/dev.x-bar.co\/es\/#website"},"datePublished":"2022-09-08T08:07:35+00:00","dateModified":"2023-07-21T15:51:22+00:00","breadcrumb":{"@id":"https:\/\/dev.x-bar.co\/es\/politica-de-cookies\/#breadcrumb"},"inLanguage":"es","potentialAction":[{"@type":"ReadAction","target":["https:\/\/dev.x-bar.co\/es\/politica-de-cookies\/"]}]},{"@type":"BreadcrumbList","@id":"https:\/\/dev.x-bar.co\/es\/politica-de-cookies\/#breadcrumb","itemListElement":[{"@type":"ListItem","position":1,"name":"Accueil","item":"https:\/\/dev.x-bar.co\/es\/"},{"@type":"ListItem","position":2,"name":"Pol\u00edtica de cookies"}]},{"@type":"WebSite","@id":"https:\/\/dev.x-bar.co\/es\/#website","url":"https:\/\/dev.x-bar.co\/es\/","name":"X-Bar\u00ae - Official Online Shop","description":"Official X-Bar online shop. Best Vaping Devices Worlwide. Vaping pods, puff, eliquids, open pods system devices...","publisher":{"@id":"https:\/\/dev.x-bar.co\/es\/#organization"},"potentialAction":[{"@type":"SearchAction","target":{"@type":"EntryPoint","urlTemplate":"https:\/\/dev.x-bar.co\/es\/?s={search_term_string}"},"query-input":{"@type":"PropertyValueSpecification","valueRequired":true,"valueName":"search_term_string"}}],"inLanguage":"es"},{"@type":"Organization","@id":"https:\/\/dev.x-bar.co\/es\/#organization","name":"X-Bar\u00ae - Official Online Shop","url":"https:\/\/dev.x-bar.co\/es\/","logo":{"@type":"ImageObject","inLanguage":"es","@id":"https:\/\/dev.x-bar.co\/es\/#\/schema\/logo\/image\/","url":"https:\/\/dev.x-bar.co\/wp-content\/uploads\/2022\/07\/xbar-logo.svg","contentUrl":"https:\/\/dev.x-bar.co\/wp-content\/uploads\/2022\/07\/xbar-logo.svg","width":266,"height":41,"caption":"X-Bar\u00ae - Official Online Shop"},"image":{"@id":"https:\/\/dev.x-bar.co\/es\/#\/schema\/logo\/image\/"}}]}},"jetpack_sharing_enabled":true,"_links":{"self":[{"href":"https:\/\/dev.x-bar.co\/es\/wp-json\/wp\/v2\/pages\/10859","targetHints":{"allow":["GET"]}}],"collection":[{"href":"https:\/\/dev.x-bar.co\/es\/wp-json\/wp\/v2\/pages"}],"about":[{"href":"https:\/\/dev.x-bar.co\/es\/wp-json\/wp\/v2\/types\/page"}],"author":[{"embeddable":true,"href":"https:\/\/dev.x-bar.co\/es\/wp-json\/wp\/v2\/users\/1"}],"replies":[{"embeddable":true,"href":"https:\/\/dev.x-bar.co\/es\/wp-json\/wp\/v2\/comments?post=10859"}],"version-history":[{"count":0,"href":"https:\/\/dev.x-bar.co\/es\/wp-json\/wp\/v2\/pages\/10859\/revisions"}],"wp:attachment":[{"href":"https:\/\/dev.x-bar.co\/es\/wp-json\/wp\/v2\/media?parent=10859"}],"curies":[{"name":"wp","href":"https:\/\/api.w.org\/{rel}","templated":true}]}}