{"id":199586,"date":"2024-09-03T15:33:58","date_gmt":"2024-09-03T13:33:58","guid":{"rendered":"https:\/\/x-bar.co\/x-bar-shipping-information\/"},"modified":"2024-11-15T10:14:25","modified_gmt":"2024-11-15T09:14:25","slug":"x-bar-shipping-information","status":"publish","type":"page","link":"https:\/\/dev.x-bar.co\/es\/x-bar-shipping-information\/","title":{"rendered":"X-Bar Shipping Information"},"content":{"rendered":"<h2>Env\u00edo Gratuito<\/h2>\n<p>Realizamos todos los env\u00edos desde Francia, directamente desde nuestros almacenes en Par\u00eds.<\/p>\n<ul>\n<li><strong>En Francia<\/strong>: Env\u00edo gratuito para pedidos superiores a <strong>30\u20ac<\/strong>. De lo contrario, los gastos de env\u00edo son de <strong>4,90\u20ac<\/strong>.<\/li>\n<li><strong>En la Uni\u00f3n Europea y Territorios de Ultramar<\/strong>: Env\u00edo gratuito para pedidos superiores a <strong>70\u20ac<\/strong>. De lo contrario, los gastos de env\u00edo son de <strong>15,90\u20ac<\/strong>.<\/li>\n<li><strong>Asia<\/strong>: Gastos de env\u00edo de <strong>65\u20ac<\/strong> (IVA incluido), con env\u00edo gratuito para pedidos superiores a <strong>195\u20ac<\/strong> (IVA incluido).<\/li>\n<li><strong>\u00c1frica<\/strong>: Gastos de env\u00edo de <strong>90\u20ac<\/strong> (IVA incluido), con env\u00edo gratuito para pedidos superiores a <strong>270\u20ac<\/strong> (IVA incluido).<\/li>\n<li><strong>Ocean\u00eda<\/strong>: Gastos de env\u00edo de <strong>90\u20ac<\/strong> (IVA incluido), con env\u00edo gratuito para pedidos superiores a <strong>270\u20ac<\/strong> (IVA incluido).<\/li>\n<li><strong>Am\u00e9rica del Norte<\/strong>: Gastos de env\u00edo de <strong>50\u20ac<\/strong> (IVA incluido), con env\u00edo gratuito para pedidos superiores a <strong>150\u20ac<\/strong> (IVA incluido).<\/li>\n<li><strong>Am\u00e9rica del Sur<\/strong>: Gastos de env\u00edo de <strong>90\u20ac<\/strong> (IVA incluido), con env\u00edo gratuito para pedidos superiores a <strong>270\u20ac<\/strong> (IVA incluido).<\/li>\n<li><strong>Resto del Mundo<\/strong>: Gastos de env\u00edo de <strong>100\u20ac<\/strong> (IVA incluido), con env\u00edo gratuito para pedidos superiores a <strong>300\u20ac<\/strong> (IVA incluido).<\/li>\n<\/ul>\n<h2>Destinos de Env\u00edo<\/h2>\n<p>Enviamos a todo el mundo, siempre que los productos de vapeo sean legales para importar en el pa\u00eds de destino. Recomendamos encarecidamente verificar las regulaciones de su pa\u00eds, ya que todos los env\u00edos se declaran a la aduana. Tenga en cuenta que algunos pa\u00edses pueden aplicar impuestos o tarifas de importaci\u00f3n al recibir su paquete, de los cuales no somos responsables.<\/p>\n<h2>Art\u00edculos Da\u00f1ados o Faltantes<\/h2>\n<p>Si su paquete llega da\u00f1ado, rechace la entrega y pida al transportista que devuelva el paquete al remitente. No se le cobrar\u00e1 por la devoluci\u00f3n: nosotros cubrimos todos los costos de devoluci\u00f3n de paquetes da\u00f1ados. Si el paquete da\u00f1ado ya est\u00e1 en su posesi\u00f3n, cont\u00e1ctenos de inmediato para que podamos investigar y ofrecer una soluci\u00f3n satisfactoria.<\/p>\n<h2>Tiempos de Entrega<\/h2>\n<p>Enviamos todos los pedidos dentro de las 24-48 horas h\u00e1biles posteriores a la recepci\u00f3n del pago. En algunos casos, la disponibilidad del producto puede retrasar el env\u00edo. Ocasionalmente, podemos enviar los art\u00edculos por separado si algunos productos no est\u00e1n disponibles en el momento del env\u00edo. Una vez que se haya enviado su pedido, le enviaremos un correo electr\u00f3nico con la informaci\u00f3n de seguimiento. Si no ve este correo electr\u00f3nico en su bandeja de entrada, verifique su carpeta de correo no deseado. Si ha realizado un pedido y no ha recibido la confirmaci\u00f3n de env\u00edo despu\u00e9s de dos d\u00edas h\u00e1biles, no dude en contactarnos para obtener m\u00e1s informaci\u00f3n sobre el estado de su pedido.<\/p>\n<h2>Modificaciones de Pedido<\/h2>\n<p>Si su pedido a\u00fan no ha sido enviado, puede solicitar modificaciones contact\u00e1ndonos de inmediato. Incluya su nombre, la direcci\u00f3n de correo electr\u00f3nico asociada con su cuenta, su n\u00famero de pedido y los cambios que desea realizar. Sin embargo, dado que la mayor\u00eda de los pedidos se env\u00edan el mismo d\u00eda en que los recibimos, no podemos garantizar que sea posible modificar sus pedidos existentes.<\/p>\n<h2>Pedido No Recibido o Incompleto<\/h2>\n<p>Nos disculpamos por cualquier inconveniente causado. Si a\u00fan no ha recibido su pedido o si est\u00e1 incompleto, comun\u00edquese con nuestro equipo de soporte a trav\u00e9s de nuestra p\u00e1gina de contacto para obtener m\u00e1s ayuda.<\/p>\n","protected":false},"excerpt":{"rendered":"<p>Env\u00edo Gratuito Realizamos todos los env\u00edos desde Francia, directamente desde nuestros almacenes en Par\u00eds. En Francia: Env\u00edo gratuito para pedidos superiores a 30\u20ac. De lo contrario, los gastos de env\u00edo son de <a href=\"https:\/\/dev.x-bar.co\/es\/x-bar-shipping-information\/\" class=\"more-link\">&#8230;<span class=\"screen-reader-text\">  X-Bar Shipping Information<\/span><\/a><\/p>\n","protected":false},"author":1,"featured_media":0,"parent":0,"menu_order":0,"comment_status":"closed","ping_status":"closed","template":"","meta":{"_acf_changed":false,"footnotes":""},"class_list":["post-199586","page","type-page","status-publish","hentry"],"acf":[],"yoast_head":"<!-- This site is optimized with the Yoast SEO Premium plugin v25.7.1 (Yoast SEO v27.3) - https:\/\/yoast.com\/product\/yoast-seo-premium-wordpress\/ -->\n<title>X-Bar Shipping Information - X-Bar\u00ae - Tienda Oficial Online<\/title>\n<meta name=\"robots\" content=\"index, follow, max-snippet:-1, max-image-preview:large, max-video-preview:-1\" \/>\n<link rel=\"canonical\" href=\"https:\/\/dev.x-bar.co\/es\/x-bar-shipping-information\/\" \/>\n<meta property=\"og:locale\" content=\"es_ES\" \/>\n<meta property=\"og:type\" content=\"article\" \/>\n<meta property=\"og:title\" content=\"X-Bar Shipping Information\" \/>\n<meta property=\"og:description\" content=\"Env\u00edo Gratuito Realizamos todos los env\u00edos desde Francia, directamente desde nuestros almacenes en Par\u00eds. En Francia: Env\u00edo gratuito para pedidos superiores a 30\u20ac. De lo contrario, los gastos de env\u00edo son de ... X-Bar Shipping Information\" \/>\n<meta property=\"og:url\" content=\"https:\/\/dev.x-bar.co\/es\/x-bar-shipping-information\/\" \/>\n<meta property=\"og:site_name\" content=\"X-Bar\u00ae - Tienda Oficial Online\" \/>\n<meta property=\"article:modified_time\" content=\"2024-11-15T09:14:25+00:00\" \/>\n<meta property=\"og:image\" content=\"https:\/\/dev.x-bar.co\/wp-content\/uploads\/2023\/06\/xbar-metaimage.jpg\" \/>\n\t<meta property=\"og:image:width\" content=\"1200\" \/>\n\t<meta property=\"og:image:height\" content=\"765\" \/>\n\t<meta property=\"og:image:type\" content=\"image\/jpeg\" \/>\n<meta name=\"twitter:card\" content=\"summary_large_image\" \/>\n<meta name=\"twitter:label1\" content=\"Tiempo de lectura\" \/>\n\t<meta name=\"twitter:data1\" content=\"3 minutos\" \/>\n<script type=\"application\/ld+json\" class=\"yoast-schema-graph\">{\"@context\":\"https:\\\/\\\/schema.org\",\"@graph\":[{\"@type\":\"WebPage\",\"@id\":\"https:\\\/\\\/dev.x-bar.co\\\/es\\\/x-bar-shipping-information\\\/\",\"url\":\"https:\\\/\\\/dev.x-bar.co\\\/es\\\/x-bar-shipping-information\\\/\",\"name\":\"X-Bar Shipping Information - X-Bar\u00ae - Tienda Oficial Online\",\"isPartOf\":{\"@id\":\"https:\\\/\\\/dev.x-bar.co\\\/es\\\/#website\"},\"datePublished\":\"2024-09-03T13:33:58+00:00\",\"dateModified\":\"2024-11-15T09:14:25+00:00\",\"breadcrumb\":{\"@id\":\"https:\\\/\\\/dev.x-bar.co\\\/es\\\/x-bar-shipping-information\\\/#breadcrumb\"},\"inLanguage\":\"es\",\"potentialAction\":[{\"@type\":\"ReadAction\",\"target\":[\"https:\\\/\\\/dev.x-bar.co\\\/es\\\/x-bar-shipping-information\\\/\"]}]},{\"@type\":\"BreadcrumbList\",\"@id\":\"https:\\\/\\\/dev.x-bar.co\\\/es\\\/x-bar-shipping-information\\\/#breadcrumb\",\"itemListElement\":[{\"@type\":\"ListItem\",\"position\":1,\"name\":\"Accueil\",\"item\":\"https:\\\/\\\/dev.x-bar.co\\\/es\\\/\"},{\"@type\":\"ListItem\",\"position\":2,\"name\":\"X-Bar Shipping Information\"}]},{\"@type\":\"WebSite\",\"@id\":\"https:\\\/\\\/dev.x-bar.co\\\/es\\\/#website\",\"url\":\"https:\\\/\\\/dev.x-bar.co\\\/es\\\/\",\"name\":\"X-Bar\u00ae - Official Online Shop\",\"description\":\"Official X-Bar online shop. Best Vaping Devices Worlwide. Vaping pods, puff, eliquids, open pods system devices...\",\"publisher\":{\"@id\":\"https:\\\/\\\/dev.x-bar.co\\\/es\\\/#organization\"},\"potentialAction\":[{\"@type\":\"SearchAction\",\"target\":{\"@type\":\"EntryPoint\",\"urlTemplate\":\"https:\\\/\\\/dev.x-bar.co\\\/es\\\/?s={search_term_string}\"},\"query-input\":{\"@type\":\"PropertyValueSpecification\",\"valueRequired\":true,\"valueName\":\"search_term_string\"}}],\"inLanguage\":\"es\"},{\"@type\":\"Organization\",\"@id\":\"https:\\\/\\\/dev.x-bar.co\\\/es\\\/#organization\",\"name\":\"X-Bar\u00ae - Official Online Shop\",\"url\":\"https:\\\/\\\/dev.x-bar.co\\\/es\\\/\",\"logo\":{\"@type\":\"ImageObject\",\"inLanguage\":\"es\",\"@id\":\"https:\\\/\\\/dev.x-bar.co\\\/es\\\/#\\\/schema\\\/logo\\\/image\\\/\",\"url\":\"https:\\\/\\\/dev.x-bar.co\\\/wp-content\\\/uploads\\\/2022\\\/07\\\/xbar-logo.svg\",\"contentUrl\":\"https:\\\/\\\/dev.x-bar.co\\\/wp-content\\\/uploads\\\/2022\\\/07\\\/xbar-logo.svg\",\"width\":266,\"height\":41,\"caption\":\"X-Bar\u00ae - Official Online Shop\"},\"image\":{\"@id\":\"https:\\\/\\\/dev.x-bar.co\\\/es\\\/#\\\/schema\\\/logo\\\/image\\\/\"}}]}<\/script>\n<!-- \/ Yoast SEO Premium plugin. -->","yoast_head_json":{"title":"X-Bar Shipping Information - X-Bar\u00ae - Tienda Oficial Online","robots":{"index":"index","follow":"follow","max-snippet":"max-snippet:-1","max-image-preview":"max-image-preview:large","max-video-preview":"max-video-preview:-1"},"canonical":"https:\/\/dev.x-bar.co\/es\/x-bar-shipping-information\/","og_locale":"es_ES","og_type":"article","og_title":"X-Bar Shipping Information","og_description":"Env\u00edo Gratuito Realizamos todos los env\u00edos desde Francia, directamente desde nuestros almacenes en Par\u00eds. En Francia: Env\u00edo gratuito para pedidos superiores a 30\u20ac. De lo contrario, los gastos de env\u00edo son de ... X-Bar Shipping Information","og_url":"https:\/\/dev.x-bar.co\/es\/x-bar-shipping-information\/","og_site_name":"X-Bar\u00ae - Tienda Oficial Online","article_modified_time":"2024-11-15T09:14:25+00:00","og_image":[{"width":1200,"height":765,"url":"https:\/\/dev.x-bar.co\/wp-content\/uploads\/2023\/06\/xbar-metaimage.jpg","type":"image\/jpeg"}],"twitter_card":"summary_large_image","twitter_misc":{"Tiempo de lectura":"3 minutos"},"schema":{"@context":"https:\/\/schema.org","@graph":[{"@type":"WebPage","@id":"https:\/\/dev.x-bar.co\/es\/x-bar-shipping-information\/","url":"https:\/\/dev.x-bar.co\/es\/x-bar-shipping-information\/","name":"X-Bar Shipping Information - X-Bar\u00ae - Tienda Oficial Online","isPartOf":{"@id":"https:\/\/dev.x-bar.co\/es\/#website"},"datePublished":"2024-09-03T13:33:58+00:00","dateModified":"2024-11-15T09:14:25+00:00","breadcrumb":{"@id":"https:\/\/dev.x-bar.co\/es\/x-bar-shipping-information\/#breadcrumb"},"inLanguage":"es","potentialAction":[{"@type":"ReadAction","target":["https:\/\/dev.x-bar.co\/es\/x-bar-shipping-information\/"]}]},{"@type":"BreadcrumbList","@id":"https:\/\/dev.x-bar.co\/es\/x-bar-shipping-information\/#breadcrumb","itemListElement":[{"@type":"ListItem","position":1,"name":"Accueil","item":"https:\/\/dev.x-bar.co\/es\/"},{"@type":"ListItem","position":2,"name":"X-Bar Shipping Information"}]},{"@type":"WebSite","@id":"https:\/\/dev.x-bar.co\/es\/#website","url":"https:\/\/dev.x-bar.co\/es\/","name":"X-Bar\u00ae - Official Online Shop","description":"Official X-Bar online shop. Best Vaping Devices Worlwide. Vaping pods, puff, eliquids, open pods system devices...","publisher":{"@id":"https:\/\/dev.x-bar.co\/es\/#organization"},"potentialAction":[{"@type":"SearchAction","target":{"@type":"EntryPoint","urlTemplate":"https:\/\/dev.x-bar.co\/es\/?s={search_term_string}"},"query-input":{"@type":"PropertyValueSpecification","valueRequired":true,"valueName":"search_term_string"}}],"inLanguage":"es"},{"@type":"Organization","@id":"https:\/\/dev.x-bar.co\/es\/#organization","name":"X-Bar\u00ae - Official Online Shop","url":"https:\/\/dev.x-bar.co\/es\/","logo":{"@type":"ImageObject","inLanguage":"es","@id":"https:\/\/dev.x-bar.co\/es\/#\/schema\/logo\/image\/","url":"https:\/\/dev.x-bar.co\/wp-content\/uploads\/2022\/07\/xbar-logo.svg","contentUrl":"https:\/\/dev.x-bar.co\/wp-content\/uploads\/2022\/07\/xbar-logo.svg","width":266,"height":41,"caption":"X-Bar\u00ae - Official Online Shop"},"image":{"@id":"https:\/\/dev.x-bar.co\/es\/#\/schema\/logo\/image\/"}}]}},"jetpack_sharing_enabled":true,"_links":{"self":[{"href":"https:\/\/dev.x-bar.co\/es\/wp-json\/wp\/v2\/pages\/199586","targetHints":{"allow":["GET"]}}],"collection":[{"href":"https:\/\/dev.x-bar.co\/es\/wp-json\/wp\/v2\/pages"}],"about":[{"href":"https:\/\/dev.x-bar.co\/es\/wp-json\/wp\/v2\/types\/page"}],"author":[{"embeddable":true,"href":"https:\/\/dev.x-bar.co\/es\/wp-json\/wp\/v2\/users\/1"}],"replies":[{"embeddable":true,"href":"https:\/\/dev.x-bar.co\/es\/wp-json\/wp\/v2\/comments?post=199586"}],"version-history":[{"count":3,"href":"https:\/\/dev.x-bar.co\/es\/wp-json\/wp\/v2\/pages\/199586\/revisions"}],"predecessor-version":[{"id":231468,"href":"https:\/\/dev.x-bar.co\/es\/wp-json\/wp\/v2\/pages\/199586\/revisions\/231468"}],"wp:attachment":[{"href":"https:\/\/dev.x-bar.co\/es\/wp-json\/wp\/v2\/media?parent=199586"}],"curies":[{"name":"wp","href":"https:\/\/api.w.org\/{rel}","templated":true}]}}