{"id":10615,"date":"2022-08-12T12:57:18","date_gmt":"2022-08-12T10:57:18","guid":{"rendered":"https:\/\/x-bar.co\/product\/click-puff-pod-pink-lemonade\/"},"modified":"2024-07-09T09:56:57","modified_gmt":"2024-07-09T07:56:57","slug":"click-puff-pod-pink-lemonade","status":"publish","type":"product","link":"https:\/\/dev.x-bar.co\/es\/boutique\/rango-x-bar\/click-puff-es\/click-puff-pod-es\/click-puff-pod-pink-lemonade\/","title":{"rendered":"Click &#038; Puff &#8211; Pod &#8211; Pink Lemonade"},"content":{"rendered":"","protected":false},"excerpt":{"rendered":"<p>Pink Lemonade te lleva de regreso a lo b\u00e1sico con su refrescante mezcla de sabores de limonada y bayas. Este producto para vapear ofrece un sabor picante y picante perfectamente equilibrado con un toque de dulzura. Perfecta para quienes disfrutan de los sabores a lim\u00f3n con un toque diferente, Pink Lemonade ofrece una experiencia de vapeo \u00fanica que es a la vez satisfactoria y estimulante. Prep\u00e1rate para disfrutar de una explosi\u00f3n de sabor con cada bocanada de Pink Lemonade.<\/p>\n","protected":false},"featured_media":10534,"template":"","meta":{"_acf_changed":false},"product_brand":[],"product_cat":[238,533,231],"product_tag":[508],"class_list":{"0":"post-10615","1":"product","2":"type-product","3":"status-publish","4":"has-post-thumbnail","6":"product_cat-bebida","7":"product_cat-click-puff-es","8":"product_cat-click-puff-pod-es","9":"product_tag-click-puff-es","11":"first","12":"instock","13":"taxable","14":"shipping-taxable","15":"purchasable","16":"product-type-variable","17":"has-default-attributes"},"composite_virtual":false,"composite_layout":"","composite_add_to_cart_form_location":"","composite_editable_in_cart":false,"composite_sold_individually_context":"","composite_shop_price_calc":"","composite_components":[],"composite_scenarios":[],"acf":[],"yoast_head":"<!-- This site is optimized with the Yoast SEO Premium plugin v25.7.1 (Yoast SEO v27.3) - https:\/\/yoast.com\/product\/yoast-seo-premium-wordpress\/ -->\n<title>Click &amp; Puff - Pod - Pink Lemonade - X-Bar\u00ae - Tienda Oficial Online<\/title>\n<meta name=\"robots\" content=\"index, follow, max-snippet:-1, max-image-preview:large, max-video-preview:-1\" \/>\n<link rel=\"canonical\" href=\"https:\/\/dev.x-bar.co\/es\/boutique\/rango-x-bar\/click-puff-es\/click-puff-pod-es\/click-puff-pod-pink-lemonade\/\" \/>\n<meta property=\"og:locale\" content=\"es_ES\" \/>\n<meta property=\"og:type\" content=\"article\" \/>\n<meta property=\"og:title\" content=\"Click &amp; Puff - Pod - Pink Lemonade\" \/>\n<meta property=\"og:description\" content=\"Pink Lemonade te lleva de regreso a lo b\u00e1sico con su refrescante mezcla de sabores de limonada y bayas. Este producto para vapear ofrece un sabor picante y picante perfectamente equilibrado con un toque de dulzura. Perfecta para quienes disfrutan de los sabores a lim\u00f3n con un toque diferente, Pink Lemonade ofrece una experiencia de vapeo \u00fanica que es a la vez satisfactoria y estimulante. Prep\u00e1rate para disfrutar de una explosi\u00f3n de sabor con cada bocanada de Pink Lemonade.\" \/>\n<meta property=\"og:url\" content=\"https:\/\/dev.x-bar.co\/es\/boutique\/rango-x-bar\/click-puff-es\/click-puff-pod-es\/click-puff-pod-pink-lemonade\/\" \/>\n<meta property=\"og:site_name\" content=\"X-Bar\u00ae - Tienda Oficial Online\" \/>\n<meta property=\"article:modified_time\" content=\"2024-07-09T07:56:57+00:00\" \/>\n<meta property=\"og:image\" content=\"https:\/\/dev.x-bar.co\/wp-content\/uploads\/2022\/08\/xbar-clickandpuff-pod-pinklemonade.png\" \/>\n\t<meta property=\"og:image:width\" content=\"800\" \/>\n\t<meta property=\"og:image:height\" content=\"800\" \/>\n\t<meta property=\"og:image:type\" content=\"image\/png\" \/>\n<meta name=\"twitter:card\" content=\"summary_large_image\" \/>\n<meta name=\"twitter:label1\" content=\"Disponibilidad\" \/>\n\t<meta name=\"twitter:data1\" content=\"Disponible\" \/>\n<script type=\"application\/ld+json\" class=\"yoast-schema-graph\">{\"@context\":\"https:\\\/\\\/schema.org\",\"@graph\":[{\"@type\":\"WebPage\",\"@id\":\"https:\\\/\\\/dev.x-bar.co\\\/es\\\/boutique\\\/rango-x-bar\\\/click-puff-es\\\/click-puff-pod-es\\\/click-puff-pod-pink-lemonade\\\/\",\"url\":\"https:\\\/\\\/dev.x-bar.co\\\/es\\\/boutique\\\/rango-x-bar\\\/click-puff-es\\\/click-puff-pod-es\\\/click-puff-pod-pink-lemonade\\\/\",\"name\":\"Click & Puff - Pod - Pink Lemonade - X-Bar\u00ae - Tienda Oficial Online\",\"isPartOf\":{\"@id\":\"https:\\\/\\\/dev.x-bar.co\\\/es\\\/#website\"},\"primaryImageOfPage\":{\"@id\":\"https:\\\/\\\/dev.x-bar.co\\\/es\\\/boutique\\\/rango-x-bar\\\/click-puff-es\\\/click-puff-pod-es\\\/click-puff-pod-pink-lemonade\\\/#primaryimage\"},\"image\":{\"@id\":\"https:\\\/\\\/dev.x-bar.co\\\/es\\\/boutique\\\/rango-x-bar\\\/click-puff-es\\\/click-puff-pod-es\\\/click-puff-pod-pink-lemonade\\\/#primaryimage\"},\"thumbnailUrl\":\"https:\\\/\\\/dev.x-bar.co\\\/wp-content\\\/uploads\\\/2022\\\/08\\\/xbar-clickandpuff-pod-pinklemonade.png\",\"datePublished\":\"2022-08-12T10:57:18+00:00\",\"dateModified\":\"2024-07-09T07:56:57+00:00\",\"breadcrumb\":{\"@id\":\"https:\\\/\\\/dev.x-bar.co\\\/es\\\/boutique\\\/rango-x-bar\\\/click-puff-es\\\/click-puff-pod-es\\\/click-puff-pod-pink-lemonade\\\/#breadcrumb\"},\"inLanguage\":\"es\",\"potentialAction\":[{\"@type\":\"ReadAction\",\"target\":[\"https:\\\/\\\/dev.x-bar.co\\\/es\\\/boutique\\\/rango-x-bar\\\/click-puff-es\\\/click-puff-pod-es\\\/click-puff-pod-pink-lemonade\\\/\"]}]},{\"@type\":\"ImageObject\",\"inLanguage\":\"es\",\"@id\":\"https:\\\/\\\/dev.x-bar.co\\\/es\\\/boutique\\\/rango-x-bar\\\/click-puff-es\\\/click-puff-pod-es\\\/click-puff-pod-pink-lemonade\\\/#primaryimage\",\"url\":\"https:\\\/\\\/dev.x-bar.co\\\/wp-content\\\/uploads\\\/2022\\\/08\\\/xbar-clickandpuff-pod-pinklemonade.png\",\"contentUrl\":\"https:\\\/\\\/dev.x-bar.co\\\/wp-content\\\/uploads\\\/2022\\\/08\\\/xbar-clickandpuff-pod-pinklemonade.png\",\"width\":800,\"height\":800},{\"@type\":\"BreadcrumbList\",\"@id\":\"https:\\\/\\\/dev.x-bar.co\\\/es\\\/boutique\\\/rango-x-bar\\\/click-puff-es\\\/click-puff-pod-es\\\/click-puff-pod-pink-lemonade\\\/#breadcrumb\",\"itemListElement\":[{\"@type\":\"ListItem\",\"position\":1,\"name\":\"Accueil\",\"item\":\"https:\\\/\\\/dev.x-bar.co\\\/es\\\/\"},{\"@type\":\"ListItem\",\"position\":2,\"name\":\"Tienda online\",\"item\":\"https:\\\/\\\/dev.x-bar.co\\\/boutique\\\/\"},{\"@type\":\"ListItem\",\"position\":3,\"name\":\"Click &#038; Puff &#8211; Pod &#8211; Pink Lemonade\"}]},{\"@type\":\"WebSite\",\"@id\":\"https:\\\/\\\/dev.x-bar.co\\\/es\\\/#website\",\"url\":\"https:\\\/\\\/dev.x-bar.co\\\/es\\\/\",\"name\":\"X-Bar\u00ae - Official Online Shop\",\"description\":\"Official X-Bar online shop. Best Vaping Devices Worlwide. Vaping pods, puff, eliquids, open pods system devices...\",\"publisher\":{\"@id\":\"https:\\\/\\\/dev.x-bar.co\\\/es\\\/#organization\"},\"potentialAction\":[{\"@type\":\"SearchAction\",\"target\":{\"@type\":\"EntryPoint\",\"urlTemplate\":\"https:\\\/\\\/dev.x-bar.co\\\/es\\\/?s={search_term_string}\"},\"query-input\":{\"@type\":\"PropertyValueSpecification\",\"valueRequired\":true,\"valueName\":\"search_term_string\"}}],\"inLanguage\":\"es\"},{\"@type\":\"Organization\",\"@id\":\"https:\\\/\\\/dev.x-bar.co\\\/es\\\/#organization\",\"name\":\"X-Bar\u00ae - Official Online Shop\",\"url\":\"https:\\\/\\\/dev.x-bar.co\\\/es\\\/\",\"logo\":{\"@type\":\"ImageObject\",\"inLanguage\":\"es\",\"@id\":\"https:\\\/\\\/dev.x-bar.co\\\/es\\\/#\\\/schema\\\/logo\\\/image\\\/\",\"url\":\"https:\\\/\\\/dev.x-bar.co\\\/wp-content\\\/uploads\\\/2022\\\/07\\\/xbar-logo.svg\",\"contentUrl\":\"https:\\\/\\\/dev.x-bar.co\\\/wp-content\\\/uploads\\\/2022\\\/07\\\/xbar-logo.svg\",\"width\":266,\"height\":41,\"caption\":\"X-Bar\u00ae - Official Online Shop\"},\"image\":{\"@id\":\"https:\\\/\\\/dev.x-bar.co\\\/es\\\/#\\\/schema\\\/logo\\\/image\\\/\"}}]}<\/script>\n<meta property=\"og:availability\" content=\"instock\" \/>\n<meta property=\"product:availability\" content=\"instock\" \/>\n<meta property=\"product:condition\" content=\"new\" \/>\n<!-- \/ Yoast SEO Premium plugin. -->","yoast_head_json":{"title":"Click & Puff - Pod - Pink Lemonade - X-Bar\u00ae - Tienda Oficial Online","robots":{"index":"index","follow":"follow","max-snippet":"max-snippet:-1","max-image-preview":"max-image-preview:large","max-video-preview":"max-video-preview:-1"},"canonical":"https:\/\/dev.x-bar.co\/es\/boutique\/rango-x-bar\/click-puff-es\/click-puff-pod-es\/click-puff-pod-pink-lemonade\/","og_locale":"es_ES","og_type":"article","og_title":"Click & Puff - Pod - Pink Lemonade","og_description":"Pink Lemonade te lleva de regreso a lo b\u00e1sico con su refrescante mezcla de sabores de limonada y bayas. Este producto para vapear ofrece un sabor picante y picante perfectamente equilibrado con un toque de dulzura. Perfecta para quienes disfrutan de los sabores a lim\u00f3n con un toque diferente, Pink Lemonade ofrece una experiencia de vapeo \u00fanica que es a la vez satisfactoria y estimulante. Prep\u00e1rate para disfrutar de una explosi\u00f3n de sabor con cada bocanada de Pink Lemonade.","og_url":"https:\/\/dev.x-bar.co\/es\/boutique\/rango-x-bar\/click-puff-es\/click-puff-pod-es\/click-puff-pod-pink-lemonade\/","og_site_name":"X-Bar\u00ae - Tienda Oficial Online","article_modified_time":"2024-07-09T07:56:57+00:00","og_image":[{"width":800,"height":800,"url":"https:\/\/dev.x-bar.co\/wp-content\/uploads\/2022\/08\/xbar-clickandpuff-pod-pinklemonade.png","type":"image\/png"}],"twitter_card":"summary_large_image","twitter_misc":{"Disponibilidad":"Disponible"},"schema":{"@context":"https:\/\/schema.org","@graph":[{"@type":"WebPage","@id":"https:\/\/dev.x-bar.co\/es\/boutique\/rango-x-bar\/click-puff-es\/click-puff-pod-es\/click-puff-pod-pink-lemonade\/","url":"https:\/\/dev.x-bar.co\/es\/boutique\/rango-x-bar\/click-puff-es\/click-puff-pod-es\/click-puff-pod-pink-lemonade\/","name":"Click & Puff - Pod - Pink Lemonade - X-Bar\u00ae - Tienda Oficial Online","isPartOf":{"@id":"https:\/\/dev.x-bar.co\/es\/#website"},"primaryImageOfPage":{"@id":"https:\/\/dev.x-bar.co\/es\/boutique\/rango-x-bar\/click-puff-es\/click-puff-pod-es\/click-puff-pod-pink-lemonade\/#primaryimage"},"image":{"@id":"https:\/\/dev.x-bar.co\/es\/boutique\/rango-x-bar\/click-puff-es\/click-puff-pod-es\/click-puff-pod-pink-lemonade\/#primaryimage"},"thumbnailUrl":"https:\/\/dev.x-bar.co\/wp-content\/uploads\/2022\/08\/xbar-clickandpuff-pod-pinklemonade.png","datePublished":"2022-08-12T10:57:18+00:00","dateModified":"2024-07-09T07:56:57+00:00","breadcrumb":{"@id":"https:\/\/dev.x-bar.co\/es\/boutique\/rango-x-bar\/click-puff-es\/click-puff-pod-es\/click-puff-pod-pink-lemonade\/#breadcrumb"},"inLanguage":"es","potentialAction":[{"@type":"ReadAction","target":["https:\/\/dev.x-bar.co\/es\/boutique\/rango-x-bar\/click-puff-es\/click-puff-pod-es\/click-puff-pod-pink-lemonade\/"]}]},{"@type":"ImageObject","inLanguage":"es","@id":"https:\/\/dev.x-bar.co\/es\/boutique\/rango-x-bar\/click-puff-es\/click-puff-pod-es\/click-puff-pod-pink-lemonade\/#primaryimage","url":"https:\/\/dev.x-bar.co\/wp-content\/uploads\/2022\/08\/xbar-clickandpuff-pod-pinklemonade.png","contentUrl":"https:\/\/dev.x-bar.co\/wp-content\/uploads\/2022\/08\/xbar-clickandpuff-pod-pinklemonade.png","width":800,"height":800},{"@type":"BreadcrumbList","@id":"https:\/\/dev.x-bar.co\/es\/boutique\/rango-x-bar\/click-puff-es\/click-puff-pod-es\/click-puff-pod-pink-lemonade\/#breadcrumb","itemListElement":[{"@type":"ListItem","position":1,"name":"Accueil","item":"https:\/\/dev.x-bar.co\/es\/"},{"@type":"ListItem","position":2,"name":"Tienda online","item":"https:\/\/dev.x-bar.co\/boutique\/"},{"@type":"ListItem","position":3,"name":"Click &#038; Puff &#8211; Pod &#8211; Pink Lemonade"}]},{"@type":"WebSite","@id":"https:\/\/dev.x-bar.co\/es\/#website","url":"https:\/\/dev.x-bar.co\/es\/","name":"X-Bar\u00ae - Official Online Shop","description":"Official X-Bar online shop. Best Vaping Devices Worlwide. Vaping pods, puff, eliquids, open pods system devices...","publisher":{"@id":"https:\/\/dev.x-bar.co\/es\/#organization"},"potentialAction":[{"@type":"SearchAction","target":{"@type":"EntryPoint","urlTemplate":"https:\/\/dev.x-bar.co\/es\/?s={search_term_string}"},"query-input":{"@type":"PropertyValueSpecification","valueRequired":true,"valueName":"search_term_string"}}],"inLanguage":"es"},{"@type":"Organization","@id":"https:\/\/dev.x-bar.co\/es\/#organization","name":"X-Bar\u00ae - Official Online Shop","url":"https:\/\/dev.x-bar.co\/es\/","logo":{"@type":"ImageObject","inLanguage":"es","@id":"https:\/\/dev.x-bar.co\/es\/#\/schema\/logo\/image\/","url":"https:\/\/dev.x-bar.co\/wp-content\/uploads\/2022\/07\/xbar-logo.svg","contentUrl":"https:\/\/dev.x-bar.co\/wp-content\/uploads\/2022\/07\/xbar-logo.svg","width":266,"height":41,"caption":"X-Bar\u00ae - Official Online Shop"},"image":{"@id":"https:\/\/dev.x-bar.co\/es\/#\/schema\/logo\/image\/"}}]},"og_availability":"instock","product_availability":"instock","product_condition":"new"},"jetpack_sharing_enabled":true,"_links":{"self":[{"href":"https:\/\/dev.x-bar.co\/es\/wp-json\/wp\/v2\/product\/10615","targetHints":{"allow":["GET"]}}],"collection":[{"href":"https:\/\/dev.x-bar.co\/es\/wp-json\/wp\/v2\/product"}],"about":[{"href":"https:\/\/dev.x-bar.co\/es\/wp-json\/wp\/v2\/types\/product"}],"wp:featuredmedia":[{"embeddable":true,"href":"https:\/\/dev.x-bar.co\/es\/wp-json\/wp\/v2\/media\/10534"}],"wp:attachment":[{"href":"https:\/\/dev.x-bar.co\/es\/wp-json\/wp\/v2\/media?parent=10615"}],"wp:term":[{"taxonomy":"product_brand","embeddable":true,"href":"https:\/\/dev.x-bar.co\/es\/wp-json\/wp\/v2\/product_brand?post=10615"},{"taxonomy":"product_cat","embeddable":true,"href":"https:\/\/dev.x-bar.co\/es\/wp-json\/wp\/v2\/product_cat?post=10615"},{"taxonomy":"product_tag","embeddable":true,"href":"https:\/\/dev.x-bar.co\/es\/wp-json\/wp\/v2\/product_tag?post=10615"}],"curies":[{"name":"wp","href":"https:\/\/api.w.org\/{rel}","templated":true}]}}