{"id":129019,"date":"2024-03-19T14:03:59","date_gmt":"2024-03-19T13:03:59","guid":{"rendered":"https:\/\/x-bar.co\/?post_type=product&#038;p=129019"},"modified":"2025-03-31T11:55:23","modified_gmt":"2025-03-31T09:55:23","slug":"e-liquid-50ml-blueberry-mint","status":"publish","type":"product","link":"https:\/\/dev.x-bar.co\/es\/boutique\/rango-x-bar\/e-liquidos\/e-liquido-50ml\/e-liquid-50ml-blueberry-mint\/","title":{"rendered":"E-liquid 50ml Blueberry Mint"},"content":{"rendered":"","protected":false},"excerpt":{"rendered":"<p><strong>S\u00f3lo 0 mg\/ml disponibles.<\/strong><\/p>\n<p>Una delicia que combina la dulzura de los ar\u00e1ndanos con un refrescante toque de menta. Perfecta para saborear en los c\u00e1lidos d\u00edas de verano, esta deliciosa combinaci\u00f3n ofrece una explosi\u00f3n de sabor afrutado seguida de un sutil toque de menta. Del\u00e9itese con la armoniosa mezcla de ar\u00e1ndanos y menta con cada bocado delicioso de esta delicia irresistible.<\/p>\n","protected":false},"featured_media":129027,"template":"","meta":{"_acf_changed":false},"product_brand":[],"product_cat":[240,241,229,544],"product_tag":[],"class_list":{"0":"post-129019","1":"product","2":"type-product","3":"status-publish","4":"has-post-thumbnail","6":"product_cat-frutas","7":"product_cat-menta-es","8":"product_cat-rango-x-bar","9":"product_cat-e-liquido-50ml","11":"first","12":"instock","13":"taxable","14":"shipping-taxable","15":"purchasable","16":"product-type-variable","17":"has-default-attributes"},"composite_virtual":false,"composite_layout":"","composite_add_to_cart_form_location":"","composite_editable_in_cart":false,"composite_sold_individually_context":"","composite_shop_price_calc":"","composite_components":[],"composite_scenarios":[],"acf":[],"yoast_head":"<!-- This site is optimized with the Yoast SEO Premium plugin v25.7.1 (Yoast SEO v27.3) - https:\/\/yoast.com\/product\/yoast-seo-premium-wordpress\/ -->\n<title>E-liquid 50ml Blueberry Mint - X-Bar\u00ae - Tienda Oficial Online<\/title>\n<meta name=\"robots\" content=\"index, follow, max-snippet:-1, max-image-preview:large, max-video-preview:-1\" \/>\n<link rel=\"canonical\" href=\"https:\/\/dev.x-bar.co\/es\/boutique\/rango-x-bar\/e-liquidos\/e-liquido-50ml\/e-liquid-50ml-blueberry-mint\/\" \/>\n<meta property=\"og:locale\" content=\"es_ES\" \/>\n<meta property=\"og:type\" content=\"article\" \/>\n<meta property=\"og:title\" content=\"E-liquid 50ml Blueberry Mint\" \/>\n<meta property=\"og:description\" content=\"S\u00f3lo 0 mg\/ml disponibles.  Una delicia que combina la dulzura de los ar\u00e1ndanos con un refrescante toque de menta. Perfecta para saborear en los c\u00e1lidos d\u00edas de verano, esta deliciosa combinaci\u00f3n ofrece una explosi\u00f3n de sabor afrutado seguida de un sutil toque de menta. Del\u00e9itese con la armoniosa mezcla de ar\u00e1ndanos y menta con cada bocado delicioso de esta delicia irresistible.\" \/>\n<meta property=\"og:url\" content=\"https:\/\/dev.x-bar.co\/es\/boutique\/rango-x-bar\/e-liquidos\/e-liquido-50ml\/e-liquid-50ml-blueberry-mint\/\" \/>\n<meta property=\"og:site_name\" content=\"X-Bar\u00ae - Tienda Oficial Online\" \/>\n<meta property=\"article:modified_time\" content=\"2025-03-31T09:55:23+00:00\" \/>\n<meta property=\"og:image\" content=\"https:\/\/dev.x-bar.co\/wp-content\/uploads\/2024\/03\/50ml-blueberrymint.png\" \/>\n\t<meta property=\"og:image:width\" content=\"650\" \/>\n\t<meta property=\"og:image:height\" content=\"650\" \/>\n\t<meta property=\"og:image:type\" content=\"image\/png\" \/>\n<meta name=\"twitter:card\" content=\"summary_large_image\" \/>\n<meta name=\"twitter:label1\" content=\"Disponibilidad\" \/>\n\t<meta name=\"twitter:data1\" content=\"Disponible\" \/>\n<script type=\"application\/ld+json\" class=\"yoast-schema-graph\">{\"@context\":\"https:\\\/\\\/schema.org\",\"@graph\":[{\"@type\":\"WebPage\",\"@id\":\"https:\\\/\\\/dev.x-bar.co\\\/es\\\/boutique\\\/rango-x-bar\\\/e-liquidos\\\/e-liquido-50ml\\\/e-liquid-50ml-blueberry-mint\\\/\",\"url\":\"https:\\\/\\\/dev.x-bar.co\\\/es\\\/boutique\\\/rango-x-bar\\\/e-liquidos\\\/e-liquido-50ml\\\/e-liquid-50ml-blueberry-mint\\\/\",\"name\":\"E-liquid 50ml Blueberry Mint - X-Bar\u00ae - Tienda Oficial Online\",\"isPartOf\":{\"@id\":\"https:\\\/\\\/dev.x-bar.co\\\/es\\\/#website\"},\"primaryImageOfPage\":{\"@id\":\"https:\\\/\\\/dev.x-bar.co\\\/es\\\/boutique\\\/rango-x-bar\\\/e-liquidos\\\/e-liquido-50ml\\\/e-liquid-50ml-blueberry-mint\\\/#primaryimage\"},\"image\":{\"@id\":\"https:\\\/\\\/dev.x-bar.co\\\/es\\\/boutique\\\/rango-x-bar\\\/e-liquidos\\\/e-liquido-50ml\\\/e-liquid-50ml-blueberry-mint\\\/#primaryimage\"},\"thumbnailUrl\":\"https:\\\/\\\/dev.x-bar.co\\\/wp-content\\\/uploads\\\/2024\\\/03\\\/50ml-blueberrymint.png\",\"datePublished\":\"2024-03-19T13:03:59+00:00\",\"dateModified\":\"2025-03-31T09:55:23+00:00\",\"breadcrumb\":{\"@id\":\"https:\\\/\\\/dev.x-bar.co\\\/es\\\/boutique\\\/rango-x-bar\\\/e-liquidos\\\/e-liquido-50ml\\\/e-liquid-50ml-blueberry-mint\\\/#breadcrumb\"},\"inLanguage\":\"es\",\"potentialAction\":[{\"@type\":\"ReadAction\",\"target\":[\"https:\\\/\\\/dev.x-bar.co\\\/es\\\/boutique\\\/rango-x-bar\\\/e-liquidos\\\/e-liquido-50ml\\\/e-liquid-50ml-blueberry-mint\\\/\"]}]},{\"@type\":\"ImageObject\",\"inLanguage\":\"es\",\"@id\":\"https:\\\/\\\/dev.x-bar.co\\\/es\\\/boutique\\\/rango-x-bar\\\/e-liquidos\\\/e-liquido-50ml\\\/e-liquid-50ml-blueberry-mint\\\/#primaryimage\",\"url\":\"https:\\\/\\\/dev.x-bar.co\\\/wp-content\\\/uploads\\\/2024\\\/03\\\/50ml-blueberrymint.png\",\"contentUrl\":\"https:\\\/\\\/dev.x-bar.co\\\/wp-content\\\/uploads\\\/2024\\\/03\\\/50ml-blueberrymint.png\",\"width\":650,\"height\":650},{\"@type\":\"BreadcrumbList\",\"@id\":\"https:\\\/\\\/dev.x-bar.co\\\/es\\\/boutique\\\/rango-x-bar\\\/e-liquidos\\\/e-liquido-50ml\\\/e-liquid-50ml-blueberry-mint\\\/#breadcrumb\",\"itemListElement\":[{\"@type\":\"ListItem\",\"position\":1,\"name\":\"Accueil\",\"item\":\"https:\\\/\\\/dev.x-bar.co\\\/es\\\/\"},{\"@type\":\"ListItem\",\"position\":2,\"name\":\"Tienda online\",\"item\":\"https:\\\/\\\/dev.x-bar.co\\\/boutique\\\/\"},{\"@type\":\"ListItem\",\"position\":3,\"name\":\"E-liquid 50ml Blueberry Mint\"}]},{\"@type\":\"WebSite\",\"@id\":\"https:\\\/\\\/dev.x-bar.co\\\/es\\\/#website\",\"url\":\"https:\\\/\\\/dev.x-bar.co\\\/es\\\/\",\"name\":\"X-Bar\u00ae - Official Online Shop\",\"description\":\"Official X-Bar online shop. Best Vaping Devices Worlwide. Vaping pods, puff, eliquids, open pods system devices...\",\"publisher\":{\"@id\":\"https:\\\/\\\/dev.x-bar.co\\\/es\\\/#organization\"},\"potentialAction\":[{\"@type\":\"SearchAction\",\"target\":{\"@type\":\"EntryPoint\",\"urlTemplate\":\"https:\\\/\\\/dev.x-bar.co\\\/es\\\/?s={search_term_string}\"},\"query-input\":{\"@type\":\"PropertyValueSpecification\",\"valueRequired\":true,\"valueName\":\"search_term_string\"}}],\"inLanguage\":\"es\"},{\"@type\":\"Organization\",\"@id\":\"https:\\\/\\\/dev.x-bar.co\\\/es\\\/#organization\",\"name\":\"X-Bar\u00ae - Official Online Shop\",\"url\":\"https:\\\/\\\/dev.x-bar.co\\\/es\\\/\",\"logo\":{\"@type\":\"ImageObject\",\"inLanguage\":\"es\",\"@id\":\"https:\\\/\\\/dev.x-bar.co\\\/es\\\/#\\\/schema\\\/logo\\\/image\\\/\",\"url\":\"https:\\\/\\\/dev.x-bar.co\\\/wp-content\\\/uploads\\\/2022\\\/07\\\/xbar-logo.svg\",\"contentUrl\":\"https:\\\/\\\/dev.x-bar.co\\\/wp-content\\\/uploads\\\/2022\\\/07\\\/xbar-logo.svg\",\"width\":266,\"height\":41,\"caption\":\"X-Bar\u00ae - Official Online Shop\"},\"image\":{\"@id\":\"https:\\\/\\\/dev.x-bar.co\\\/es\\\/#\\\/schema\\\/logo\\\/image\\\/\"}}]}<\/script>\n<meta property=\"og:availability\" content=\"instock\" \/>\n<meta property=\"product:availability\" content=\"instock\" \/>\n<meta property=\"product:condition\" content=\"new\" \/>\n<!-- \/ Yoast SEO Premium plugin. -->","yoast_head_json":{"title":"E-liquid 50ml Blueberry Mint - X-Bar\u00ae - Tienda Oficial Online","robots":{"index":"index","follow":"follow","max-snippet":"max-snippet:-1","max-image-preview":"max-image-preview:large","max-video-preview":"max-video-preview:-1"},"canonical":"https:\/\/dev.x-bar.co\/es\/boutique\/rango-x-bar\/e-liquidos\/e-liquido-50ml\/e-liquid-50ml-blueberry-mint\/","og_locale":"es_ES","og_type":"article","og_title":"E-liquid 50ml Blueberry Mint","og_description":"S\u00f3lo 0 mg\/ml disponibles.  Una delicia que combina la dulzura de los ar\u00e1ndanos con un refrescante toque de menta. Perfecta para saborear en los c\u00e1lidos d\u00edas de verano, esta deliciosa combinaci\u00f3n ofrece una explosi\u00f3n de sabor afrutado seguida de un sutil toque de menta. Del\u00e9itese con la armoniosa mezcla de ar\u00e1ndanos y menta con cada bocado delicioso de esta delicia irresistible.","og_url":"https:\/\/dev.x-bar.co\/es\/boutique\/rango-x-bar\/e-liquidos\/e-liquido-50ml\/e-liquid-50ml-blueberry-mint\/","og_site_name":"X-Bar\u00ae - Tienda Oficial Online","article_modified_time":"2025-03-31T09:55:23+00:00","og_image":[{"width":650,"height":650,"url":"https:\/\/dev.x-bar.co\/wp-content\/uploads\/2024\/03\/50ml-blueberrymint.png","type":"image\/png"}],"twitter_card":"summary_large_image","twitter_misc":{"Disponibilidad":"Disponible"},"schema":{"@context":"https:\/\/schema.org","@graph":[{"@type":"WebPage","@id":"https:\/\/dev.x-bar.co\/es\/boutique\/rango-x-bar\/e-liquidos\/e-liquido-50ml\/e-liquid-50ml-blueberry-mint\/","url":"https:\/\/dev.x-bar.co\/es\/boutique\/rango-x-bar\/e-liquidos\/e-liquido-50ml\/e-liquid-50ml-blueberry-mint\/","name":"E-liquid 50ml Blueberry Mint - X-Bar\u00ae - Tienda Oficial Online","isPartOf":{"@id":"https:\/\/dev.x-bar.co\/es\/#website"},"primaryImageOfPage":{"@id":"https:\/\/dev.x-bar.co\/es\/boutique\/rango-x-bar\/e-liquidos\/e-liquido-50ml\/e-liquid-50ml-blueberry-mint\/#primaryimage"},"image":{"@id":"https:\/\/dev.x-bar.co\/es\/boutique\/rango-x-bar\/e-liquidos\/e-liquido-50ml\/e-liquid-50ml-blueberry-mint\/#primaryimage"},"thumbnailUrl":"https:\/\/dev.x-bar.co\/wp-content\/uploads\/2024\/03\/50ml-blueberrymint.png","datePublished":"2024-03-19T13:03:59+00:00","dateModified":"2025-03-31T09:55:23+00:00","breadcrumb":{"@id":"https:\/\/dev.x-bar.co\/es\/boutique\/rango-x-bar\/e-liquidos\/e-liquido-50ml\/e-liquid-50ml-blueberry-mint\/#breadcrumb"},"inLanguage":"es","potentialAction":[{"@type":"ReadAction","target":["https:\/\/dev.x-bar.co\/es\/boutique\/rango-x-bar\/e-liquidos\/e-liquido-50ml\/e-liquid-50ml-blueberry-mint\/"]}]},{"@type":"ImageObject","inLanguage":"es","@id":"https:\/\/dev.x-bar.co\/es\/boutique\/rango-x-bar\/e-liquidos\/e-liquido-50ml\/e-liquid-50ml-blueberry-mint\/#primaryimage","url":"https:\/\/dev.x-bar.co\/wp-content\/uploads\/2024\/03\/50ml-blueberrymint.png","contentUrl":"https:\/\/dev.x-bar.co\/wp-content\/uploads\/2024\/03\/50ml-blueberrymint.png","width":650,"height":650},{"@type":"BreadcrumbList","@id":"https:\/\/dev.x-bar.co\/es\/boutique\/rango-x-bar\/e-liquidos\/e-liquido-50ml\/e-liquid-50ml-blueberry-mint\/#breadcrumb","itemListElement":[{"@type":"ListItem","position":1,"name":"Accueil","item":"https:\/\/dev.x-bar.co\/es\/"},{"@type":"ListItem","position":2,"name":"Tienda online","item":"https:\/\/dev.x-bar.co\/boutique\/"},{"@type":"ListItem","position":3,"name":"E-liquid 50ml Blueberry Mint"}]},{"@type":"WebSite","@id":"https:\/\/dev.x-bar.co\/es\/#website","url":"https:\/\/dev.x-bar.co\/es\/","name":"X-Bar\u00ae - Official Online Shop","description":"Official X-Bar online shop. Best Vaping Devices Worlwide. Vaping pods, puff, eliquids, open pods system devices...","publisher":{"@id":"https:\/\/dev.x-bar.co\/es\/#organization"},"potentialAction":[{"@type":"SearchAction","target":{"@type":"EntryPoint","urlTemplate":"https:\/\/dev.x-bar.co\/es\/?s={search_term_string}"},"query-input":{"@type":"PropertyValueSpecification","valueRequired":true,"valueName":"search_term_string"}}],"inLanguage":"es"},{"@type":"Organization","@id":"https:\/\/dev.x-bar.co\/es\/#organization","name":"X-Bar\u00ae - Official Online Shop","url":"https:\/\/dev.x-bar.co\/es\/","logo":{"@type":"ImageObject","inLanguage":"es","@id":"https:\/\/dev.x-bar.co\/es\/#\/schema\/logo\/image\/","url":"https:\/\/dev.x-bar.co\/wp-content\/uploads\/2022\/07\/xbar-logo.svg","contentUrl":"https:\/\/dev.x-bar.co\/wp-content\/uploads\/2022\/07\/xbar-logo.svg","width":266,"height":41,"caption":"X-Bar\u00ae - Official Online Shop"},"image":{"@id":"https:\/\/dev.x-bar.co\/es\/#\/schema\/logo\/image\/"}}]},"og_availability":"instock","product_availability":"instock","product_condition":"new"},"jetpack_sharing_enabled":true,"_links":{"self":[{"href":"https:\/\/dev.x-bar.co\/es\/wp-json\/wp\/v2\/product\/129019","targetHints":{"allow":["GET"]}}],"collection":[{"href":"https:\/\/dev.x-bar.co\/es\/wp-json\/wp\/v2\/product"}],"about":[{"href":"https:\/\/dev.x-bar.co\/es\/wp-json\/wp\/v2\/types\/product"}],"wp:featuredmedia":[{"embeddable":true,"href":"https:\/\/dev.x-bar.co\/es\/wp-json\/wp\/v2\/media\/129027"}],"wp:attachment":[{"href":"https:\/\/dev.x-bar.co\/es\/wp-json\/wp\/v2\/media?parent=129019"}],"wp:term":[{"taxonomy":"product_brand","embeddable":true,"href":"https:\/\/dev.x-bar.co\/es\/wp-json\/wp\/v2\/product_brand?post=129019"},{"taxonomy":"product_cat","embeddable":true,"href":"https:\/\/dev.x-bar.co\/es\/wp-json\/wp\/v2\/product_cat?post=129019"},{"taxonomy":"product_tag","embeddable":true,"href":"https:\/\/dev.x-bar.co\/es\/wp-json\/wp\/v2\/product_tag?post=129019"}],"curies":[{"name":"wp","href":"https:\/\/api.w.org\/{rel}","templated":true}]}}