{"id":129040,"date":"2024-03-19T14:10:28","date_gmt":"2024-03-19T13:10:28","guid":{"rendered":"https:\/\/x-bar.co\/?post_type=product&#038;p=129040"},"modified":"2025-03-31T11:55:08","modified_gmt":"2025-03-31T09:55:08","slug":"e-liquid-50ml-granita-lemon","status":"publish","type":"product","link":"https:\/\/dev.x-bar.co\/es\/boutique\/rango-x-bar\/e-liquidos\/e-liquido-50ml\/e-liquid-50ml-granita-lemon\/","title":{"rendered":"E-liquid 50ml Granita Lemon"},"content":{"rendered":"","protected":false},"excerpt":{"rendered":"<p><strong>S\u00f3lo 0 mg\/ml disponibles.<\/strong><\/p>\n<p>Granizado de Lim\u00f3n, \u00a1el refresco definitivo del verano! Esta delicia vigorizante captura la esencia de los limones reci\u00e9n exprimidos en un jugo fr\u00edo estilo granizado. Con su \u00e1cido sabor c\u00edtrico y su textura helada, el Granizado de Lim\u00f3n es la manera perfecta de refrescarse en los calurosos d\u00edas de verano. Del\u00e9itese con el sabor fresco y refrescante del lim\u00f3n con cada sorbo y deje que su vigorizante sabor despierte sus sentidos. Combata el calor del verano con las bondades revitalizantes del Granizado de Lim\u00f3n, imprescindible para cualquier d\u00eda soleado.<\/p>\n","protected":false},"featured_media":129048,"template":"","meta":{"_acf_changed":false},"product_brand":[],"product_cat":[544,240,229],"product_tag":[],"class_list":{"0":"post-129040","1":"product","2":"type-product","3":"status-publish","4":"has-post-thumbnail","6":"product_cat-e-liquido-50ml","7":"product_cat-frutas","8":"product_cat-rango-x-bar","10":"first","11":"instock","12":"taxable","13":"shipping-taxable","14":"purchasable","15":"product-type-variable","16":"has-default-attributes"},"composite_virtual":false,"composite_layout":"","composite_add_to_cart_form_location":"","composite_editable_in_cart":false,"composite_sold_individually_context":"","composite_shop_price_calc":"","composite_components":[],"composite_scenarios":[],"acf":[],"yoast_head":"<!-- This site is optimized with the Yoast SEO Premium plugin v25.7.1 (Yoast SEO v27.3) - https:\/\/yoast.com\/product\/yoast-seo-premium-wordpress\/ -->\n<title>E-liquid 50ml Granita Lemon - X-Bar\u00ae - Tienda Oficial Online<\/title>\n<meta name=\"robots\" content=\"index, follow, max-snippet:-1, max-image-preview:large, max-video-preview:-1\" \/>\n<link rel=\"canonical\" href=\"https:\/\/dev.x-bar.co\/es\/boutique\/rango-x-bar\/e-liquidos\/e-liquido-50ml\/e-liquid-50ml-granita-lemon\/\" \/>\n<meta property=\"og:locale\" content=\"es_ES\" \/>\n<meta property=\"og:type\" content=\"article\" \/>\n<meta property=\"og:title\" content=\"E-liquid 50ml Granita Lemon\" \/>\n<meta property=\"og:description\" content=\"S\u00f3lo 0 mg\/ml disponibles.  Granizado de Lim\u00f3n, \u00a1el refresco definitivo del verano! Esta delicia vigorizante captura la esencia de los limones reci\u00e9n exprimidos en un jugo fr\u00edo estilo granizado. Con su \u00e1cido sabor c\u00edtrico y su textura helada, el Granizado de Lim\u00f3n es la manera perfecta de refrescarse en los calurosos d\u00edas de verano. Del\u00e9itese con el sabor fresco y refrescante del lim\u00f3n con cada sorbo y deje que su vigorizante sabor despierte sus sentidos. Combata el calor del verano con las bondades revitalizantes del Granizado de Lim\u00f3n, imprescindible para cualquier d\u00eda soleado.\" \/>\n<meta property=\"og:url\" content=\"https:\/\/dev.x-bar.co\/es\/boutique\/rango-x-bar\/e-liquidos\/e-liquido-50ml\/e-liquid-50ml-granita-lemon\/\" \/>\n<meta property=\"og:site_name\" content=\"X-Bar\u00ae - Tienda Oficial Online\" \/>\n<meta property=\"article:modified_time\" content=\"2025-03-31T09:55:08+00:00\" \/>\n<meta property=\"og:image\" content=\"https:\/\/dev.x-bar.co\/wp-content\/uploads\/2024\/03\/50ml-granita-citron.png\" \/>\n\t<meta property=\"og:image:width\" content=\"650\" \/>\n\t<meta property=\"og:image:height\" content=\"650\" \/>\n\t<meta property=\"og:image:type\" content=\"image\/png\" \/>\n<meta name=\"twitter:card\" content=\"summary_large_image\" \/>\n<meta name=\"twitter:label1\" content=\"Disponibilidad\" \/>\n\t<meta name=\"twitter:data1\" content=\"Disponible\" \/>\n<script type=\"application\/ld+json\" class=\"yoast-schema-graph\">{\"@context\":\"https:\\\/\\\/schema.org\",\"@graph\":[{\"@type\":\"WebPage\",\"@id\":\"https:\\\/\\\/dev.x-bar.co\\\/es\\\/boutique\\\/rango-x-bar\\\/e-liquidos\\\/e-liquido-50ml\\\/e-liquid-50ml-granita-lemon\\\/\",\"url\":\"https:\\\/\\\/dev.x-bar.co\\\/es\\\/boutique\\\/rango-x-bar\\\/e-liquidos\\\/e-liquido-50ml\\\/e-liquid-50ml-granita-lemon\\\/\",\"name\":\"E-liquid 50ml Granita Lemon - X-Bar\u00ae - Tienda Oficial Online\",\"isPartOf\":{\"@id\":\"https:\\\/\\\/dev.x-bar.co\\\/es\\\/#website\"},\"primaryImageOfPage\":{\"@id\":\"https:\\\/\\\/dev.x-bar.co\\\/es\\\/boutique\\\/rango-x-bar\\\/e-liquidos\\\/e-liquido-50ml\\\/e-liquid-50ml-granita-lemon\\\/#primaryimage\"},\"image\":{\"@id\":\"https:\\\/\\\/dev.x-bar.co\\\/es\\\/boutique\\\/rango-x-bar\\\/e-liquidos\\\/e-liquido-50ml\\\/e-liquid-50ml-granita-lemon\\\/#primaryimage\"},\"thumbnailUrl\":\"https:\\\/\\\/dev.x-bar.co\\\/wp-content\\\/uploads\\\/2024\\\/03\\\/50ml-granita-citron.png\",\"datePublished\":\"2024-03-19T13:10:28+00:00\",\"dateModified\":\"2025-03-31T09:55:08+00:00\",\"breadcrumb\":{\"@id\":\"https:\\\/\\\/dev.x-bar.co\\\/es\\\/boutique\\\/rango-x-bar\\\/e-liquidos\\\/e-liquido-50ml\\\/e-liquid-50ml-granita-lemon\\\/#breadcrumb\"},\"inLanguage\":\"es\",\"potentialAction\":[{\"@type\":\"ReadAction\",\"target\":[\"https:\\\/\\\/dev.x-bar.co\\\/es\\\/boutique\\\/rango-x-bar\\\/e-liquidos\\\/e-liquido-50ml\\\/e-liquid-50ml-granita-lemon\\\/\"]}]},{\"@type\":\"ImageObject\",\"inLanguage\":\"es\",\"@id\":\"https:\\\/\\\/dev.x-bar.co\\\/es\\\/boutique\\\/rango-x-bar\\\/e-liquidos\\\/e-liquido-50ml\\\/e-liquid-50ml-granita-lemon\\\/#primaryimage\",\"url\":\"https:\\\/\\\/dev.x-bar.co\\\/wp-content\\\/uploads\\\/2024\\\/03\\\/50ml-granita-citron.png\",\"contentUrl\":\"https:\\\/\\\/dev.x-bar.co\\\/wp-content\\\/uploads\\\/2024\\\/03\\\/50ml-granita-citron.png\",\"width\":650,\"height\":650},{\"@type\":\"BreadcrumbList\",\"@id\":\"https:\\\/\\\/dev.x-bar.co\\\/es\\\/boutique\\\/rango-x-bar\\\/e-liquidos\\\/e-liquido-50ml\\\/e-liquid-50ml-granita-lemon\\\/#breadcrumb\",\"itemListElement\":[{\"@type\":\"ListItem\",\"position\":1,\"name\":\"Accueil\",\"item\":\"https:\\\/\\\/dev.x-bar.co\\\/es\\\/\"},{\"@type\":\"ListItem\",\"position\":2,\"name\":\"Tienda online\",\"item\":\"https:\\\/\\\/dev.x-bar.co\\\/boutique\\\/\"},{\"@type\":\"ListItem\",\"position\":3,\"name\":\"E-liquid 50ml Granita Lemon\"}]},{\"@type\":\"WebSite\",\"@id\":\"https:\\\/\\\/dev.x-bar.co\\\/es\\\/#website\",\"url\":\"https:\\\/\\\/dev.x-bar.co\\\/es\\\/\",\"name\":\"X-Bar\u00ae - Official Online Shop\",\"description\":\"Official X-Bar online shop. Best Vaping Devices Worlwide. Vaping pods, puff, eliquids, open pods system devices...\",\"publisher\":{\"@id\":\"https:\\\/\\\/dev.x-bar.co\\\/es\\\/#organization\"},\"potentialAction\":[{\"@type\":\"SearchAction\",\"target\":{\"@type\":\"EntryPoint\",\"urlTemplate\":\"https:\\\/\\\/dev.x-bar.co\\\/es\\\/?s={search_term_string}\"},\"query-input\":{\"@type\":\"PropertyValueSpecification\",\"valueRequired\":true,\"valueName\":\"search_term_string\"}}],\"inLanguage\":\"es\"},{\"@type\":\"Organization\",\"@id\":\"https:\\\/\\\/dev.x-bar.co\\\/es\\\/#organization\",\"name\":\"X-Bar\u00ae - Official Online Shop\",\"url\":\"https:\\\/\\\/dev.x-bar.co\\\/es\\\/\",\"logo\":{\"@type\":\"ImageObject\",\"inLanguage\":\"es\",\"@id\":\"https:\\\/\\\/dev.x-bar.co\\\/es\\\/#\\\/schema\\\/logo\\\/image\\\/\",\"url\":\"https:\\\/\\\/dev.x-bar.co\\\/wp-content\\\/uploads\\\/2022\\\/07\\\/xbar-logo.svg\",\"contentUrl\":\"https:\\\/\\\/dev.x-bar.co\\\/wp-content\\\/uploads\\\/2022\\\/07\\\/xbar-logo.svg\",\"width\":266,\"height\":41,\"caption\":\"X-Bar\u00ae - Official Online Shop\"},\"image\":{\"@id\":\"https:\\\/\\\/dev.x-bar.co\\\/es\\\/#\\\/schema\\\/logo\\\/image\\\/\"}}]}<\/script>\n<meta property=\"og:availability\" content=\"instock\" \/>\n<meta property=\"product:availability\" content=\"instock\" \/>\n<meta property=\"product:condition\" content=\"new\" \/>\n<!-- \/ Yoast SEO Premium plugin. -->","yoast_head_json":{"title":"E-liquid 50ml Granita Lemon - X-Bar\u00ae - Tienda Oficial Online","robots":{"index":"index","follow":"follow","max-snippet":"max-snippet:-1","max-image-preview":"max-image-preview:large","max-video-preview":"max-video-preview:-1"},"canonical":"https:\/\/dev.x-bar.co\/es\/boutique\/rango-x-bar\/e-liquidos\/e-liquido-50ml\/e-liquid-50ml-granita-lemon\/","og_locale":"es_ES","og_type":"article","og_title":"E-liquid 50ml Granita Lemon","og_description":"S\u00f3lo 0 mg\/ml disponibles.  Granizado de Lim\u00f3n, \u00a1el refresco definitivo del verano! Esta delicia vigorizante captura la esencia de los limones reci\u00e9n exprimidos en un jugo fr\u00edo estilo granizado. Con su \u00e1cido sabor c\u00edtrico y su textura helada, el Granizado de Lim\u00f3n es la manera perfecta de refrescarse en los calurosos d\u00edas de verano. Del\u00e9itese con el sabor fresco y refrescante del lim\u00f3n con cada sorbo y deje que su vigorizante sabor despierte sus sentidos. Combata el calor del verano con las bondades revitalizantes del Granizado de Lim\u00f3n, imprescindible para cualquier d\u00eda soleado.","og_url":"https:\/\/dev.x-bar.co\/es\/boutique\/rango-x-bar\/e-liquidos\/e-liquido-50ml\/e-liquid-50ml-granita-lemon\/","og_site_name":"X-Bar\u00ae - Tienda Oficial Online","article_modified_time":"2025-03-31T09:55:08+00:00","og_image":[{"width":650,"height":650,"url":"https:\/\/dev.x-bar.co\/wp-content\/uploads\/2024\/03\/50ml-granita-citron.png","type":"image\/png"}],"twitter_card":"summary_large_image","twitter_misc":{"Disponibilidad":"Disponible"},"schema":{"@context":"https:\/\/schema.org","@graph":[{"@type":"WebPage","@id":"https:\/\/dev.x-bar.co\/es\/boutique\/rango-x-bar\/e-liquidos\/e-liquido-50ml\/e-liquid-50ml-granita-lemon\/","url":"https:\/\/dev.x-bar.co\/es\/boutique\/rango-x-bar\/e-liquidos\/e-liquido-50ml\/e-liquid-50ml-granita-lemon\/","name":"E-liquid 50ml Granita Lemon - X-Bar\u00ae - Tienda Oficial Online","isPartOf":{"@id":"https:\/\/dev.x-bar.co\/es\/#website"},"primaryImageOfPage":{"@id":"https:\/\/dev.x-bar.co\/es\/boutique\/rango-x-bar\/e-liquidos\/e-liquido-50ml\/e-liquid-50ml-granita-lemon\/#primaryimage"},"image":{"@id":"https:\/\/dev.x-bar.co\/es\/boutique\/rango-x-bar\/e-liquidos\/e-liquido-50ml\/e-liquid-50ml-granita-lemon\/#primaryimage"},"thumbnailUrl":"https:\/\/dev.x-bar.co\/wp-content\/uploads\/2024\/03\/50ml-granita-citron.png","datePublished":"2024-03-19T13:10:28+00:00","dateModified":"2025-03-31T09:55:08+00:00","breadcrumb":{"@id":"https:\/\/dev.x-bar.co\/es\/boutique\/rango-x-bar\/e-liquidos\/e-liquido-50ml\/e-liquid-50ml-granita-lemon\/#breadcrumb"},"inLanguage":"es","potentialAction":[{"@type":"ReadAction","target":["https:\/\/dev.x-bar.co\/es\/boutique\/rango-x-bar\/e-liquidos\/e-liquido-50ml\/e-liquid-50ml-granita-lemon\/"]}]},{"@type":"ImageObject","inLanguage":"es","@id":"https:\/\/dev.x-bar.co\/es\/boutique\/rango-x-bar\/e-liquidos\/e-liquido-50ml\/e-liquid-50ml-granita-lemon\/#primaryimage","url":"https:\/\/dev.x-bar.co\/wp-content\/uploads\/2024\/03\/50ml-granita-citron.png","contentUrl":"https:\/\/dev.x-bar.co\/wp-content\/uploads\/2024\/03\/50ml-granita-citron.png","width":650,"height":650},{"@type":"BreadcrumbList","@id":"https:\/\/dev.x-bar.co\/es\/boutique\/rango-x-bar\/e-liquidos\/e-liquido-50ml\/e-liquid-50ml-granita-lemon\/#breadcrumb","itemListElement":[{"@type":"ListItem","position":1,"name":"Accueil","item":"https:\/\/dev.x-bar.co\/es\/"},{"@type":"ListItem","position":2,"name":"Tienda online","item":"https:\/\/dev.x-bar.co\/boutique\/"},{"@type":"ListItem","position":3,"name":"E-liquid 50ml Granita Lemon"}]},{"@type":"WebSite","@id":"https:\/\/dev.x-bar.co\/es\/#website","url":"https:\/\/dev.x-bar.co\/es\/","name":"X-Bar\u00ae - Official Online Shop","description":"Official X-Bar online shop. Best Vaping Devices Worlwide. Vaping pods, puff, eliquids, open pods system devices...","publisher":{"@id":"https:\/\/dev.x-bar.co\/es\/#organization"},"potentialAction":[{"@type":"SearchAction","target":{"@type":"EntryPoint","urlTemplate":"https:\/\/dev.x-bar.co\/es\/?s={search_term_string}"},"query-input":{"@type":"PropertyValueSpecification","valueRequired":true,"valueName":"search_term_string"}}],"inLanguage":"es"},{"@type":"Organization","@id":"https:\/\/dev.x-bar.co\/es\/#organization","name":"X-Bar\u00ae - Official Online Shop","url":"https:\/\/dev.x-bar.co\/es\/","logo":{"@type":"ImageObject","inLanguage":"es","@id":"https:\/\/dev.x-bar.co\/es\/#\/schema\/logo\/image\/","url":"https:\/\/dev.x-bar.co\/wp-content\/uploads\/2022\/07\/xbar-logo.svg","contentUrl":"https:\/\/dev.x-bar.co\/wp-content\/uploads\/2022\/07\/xbar-logo.svg","width":266,"height":41,"caption":"X-Bar\u00ae - Official Online Shop"},"image":{"@id":"https:\/\/dev.x-bar.co\/es\/#\/schema\/logo\/image\/"}}]},"og_availability":"instock","product_availability":"instock","product_condition":"new"},"jetpack_sharing_enabled":true,"_links":{"self":[{"href":"https:\/\/dev.x-bar.co\/es\/wp-json\/wp\/v2\/product\/129040","targetHints":{"allow":["GET"]}}],"collection":[{"href":"https:\/\/dev.x-bar.co\/es\/wp-json\/wp\/v2\/product"}],"about":[{"href":"https:\/\/dev.x-bar.co\/es\/wp-json\/wp\/v2\/types\/product"}],"wp:featuredmedia":[{"embeddable":true,"href":"https:\/\/dev.x-bar.co\/es\/wp-json\/wp\/v2\/media\/129048"}],"wp:attachment":[{"href":"https:\/\/dev.x-bar.co\/es\/wp-json\/wp\/v2\/media?parent=129040"}],"wp:term":[{"taxonomy":"product_brand","embeddable":true,"href":"https:\/\/dev.x-bar.co\/es\/wp-json\/wp\/v2\/product_brand?post=129040"},{"taxonomy":"product_cat","embeddable":true,"href":"https:\/\/dev.x-bar.co\/es\/wp-json\/wp\/v2\/product_cat?post=129040"},{"taxonomy":"product_tag","embeddable":true,"href":"https:\/\/dev.x-bar.co\/es\/wp-json\/wp\/v2\/product_tag?post=129040"}],"curies":[{"name":"wp","href":"https:\/\/api.w.org\/{rel}","templated":true}]}}