{"id":144631,"date":"2024-04-30T17:21:09","date_gmt":"2024-04-30T15:21:09","guid":{"rendered":"https:\/\/x-bar.co\/?post_type=product&#038;p=144631"},"modified":"2025-06-12T21:36:48","modified_gmt":"2025-06-12T19:36:48","slug":"x-bar-filter-pro-1-2-kit","status":"publish","type":"product","link":"https:\/\/dev.x-bar.co\/es\/boutique\/rango-x-bar\/open-system-es\/filter-pro-es\/x-bar-filter-pro-1-2-kit\/","title":{"rendered":"X-Bar Filter Pro 1.2"},"content":{"rendered":"","protected":false},"excerpt":{"rendered":"<p><span style=\"font-size: 1.2em;\"><i class=\"fa-regular fa-magnet\"><\/i>\u00a0 Imanes m\u00e1s fuertes | <i class=\"fa-solid fa-droplet-slash\"><\/i>\u00a0c\u00e1psulas a prueba de fugas<\/span><\/p>\n<p>Una versi\u00f3n mejorada del Filter Pro original, que cuenta con imanes m\u00e1s potentes para una sujeci\u00f3n segura y c\u00e1psulas de e-l\u00edquido redise\u00f1adas a prueba de fugas. Conserva las mejores caracter\u00edsticas de su predecesor, lo que hace que este dispositivo electr\u00f3nico de vapeo sea memorable. Ya sea que prefieras una experiencia m\u00e1s liviana con solo el l\u00e1piz o un viaje prolongado con su bater\u00eda de 1600 mAh, Filter Pro tiene algo para todos.<\/p>\n","protected":false},"featured_media":144654,"template":"","meta":{"_acf_changed":false},"product_brand":[],"product_cat":[447,398],"product_tag":[388],"class_list":{"0":"post-144631","1":"product","2":"type-product","3":"status-publish","4":"has-post-thumbnail","6":"product_cat-product-template-2-es-2","7":"product_cat-filter-pro-es","8":"product_tag-open-system-es","10":"first","11":"instock","12":"taxable","13":"shipping-taxable","14":"purchasable","15":"product-type-variable","16":"has-default-attributes"},"composite_virtual":false,"composite_layout":"","composite_add_to_cart_form_location":"","composite_editable_in_cart":false,"composite_sold_individually_context":"","composite_shop_price_calc":"","composite_components":[],"composite_scenarios":[],"acf":[],"yoast_head":"<!-- This site is optimized with the Yoast SEO Premium plugin v25.7.1 (Yoast SEO v27.3) - https:\/\/yoast.com\/product\/yoast-seo-premium-wordpress\/ -->\n<title>X-Bar Filter Pro 1.2 - X-Bar\u00ae - Tienda Oficial Online<\/title>\n<meta name=\"robots\" content=\"index, follow, max-snippet:-1, max-image-preview:large, max-video-preview:-1\" \/>\n<link rel=\"canonical\" href=\"https:\/\/dev.x-bar.co\/es\/boutique\/rango-x-bar\/open-system-es\/filter-pro-es\/x-bar-filter-pro-1-2-kit\/\" \/>\n<meta property=\"og:locale\" content=\"es_ES\" \/>\n<meta property=\"og:type\" content=\"article\" \/>\n<meta property=\"og:title\" content=\"X-Bar Filter Pro 1.2\" \/>\n<meta property=\"og:description\" content=\"\u00a0 Imanes m\u00e1s fuertes | \u00a0c\u00e1psulas a prueba de fugas  Una versi\u00f3n mejorada del Filter Pro original, que cuenta con imanes m\u00e1s potentes para una sujeci\u00f3n segura y c\u00e1psulas de e-l\u00edquido redise\u00f1adas a prueba de fugas. Conserva las mejores caracter\u00edsticas de su predecesor, lo que hace que este dispositivo electr\u00f3nico de vapeo sea memorable. Ya sea que prefieras una experiencia m\u00e1s liviana con solo el l\u00e1piz o un viaje prolongado con su bater\u00eda de 1600 mAh, Filter Pro tiene algo para todos.\" \/>\n<meta property=\"og:url\" content=\"https:\/\/dev.x-bar.co\/es\/boutique\/rango-x-bar\/open-system-es\/filter-pro-es\/x-bar-filter-pro-1-2-kit\/\" \/>\n<meta property=\"og:site_name\" content=\"X-Bar\u00ae - Tienda Oficial Online\" \/>\n<meta property=\"article:modified_time\" content=\"2025-06-12T19:36:48+00:00\" \/>\n<meta property=\"og:image\" content=\"https:\/\/dev.x-bar.co\/wp-content\/uploads\/2024\/04\/filterpro-12-main-picture.png\" \/>\n\t<meta property=\"og:image:width\" content=\"650\" \/>\n\t<meta property=\"og:image:height\" content=\"650\" \/>\n\t<meta property=\"og:image:type\" content=\"image\/png\" \/>\n<meta name=\"twitter:card\" content=\"summary_large_image\" \/>\n<meta name=\"twitter:label1\" content=\"Disponibilidad\" \/>\n\t<meta name=\"twitter:data1\" content=\"Disponible\" \/>\n<script type=\"application\/ld+json\" class=\"yoast-schema-graph\">{\"@context\":\"https:\\\/\\\/schema.org\",\"@graph\":[{\"@type\":\"WebPage\",\"@id\":\"https:\\\/\\\/dev.x-bar.co\\\/es\\\/boutique\\\/rango-x-bar\\\/open-system-es\\\/filter-pro-es\\\/x-bar-filter-pro-1-2-kit\\\/\",\"url\":\"https:\\\/\\\/dev.x-bar.co\\\/es\\\/boutique\\\/rango-x-bar\\\/open-system-es\\\/filter-pro-es\\\/x-bar-filter-pro-1-2-kit\\\/\",\"name\":\"X-Bar Filter Pro 1.2 - X-Bar\u00ae - Tienda Oficial Online\",\"isPartOf\":{\"@id\":\"https:\\\/\\\/dev.x-bar.co\\\/es\\\/#website\"},\"primaryImageOfPage\":{\"@id\":\"https:\\\/\\\/dev.x-bar.co\\\/es\\\/boutique\\\/rango-x-bar\\\/open-system-es\\\/filter-pro-es\\\/x-bar-filter-pro-1-2-kit\\\/#primaryimage\"},\"image\":{\"@id\":\"https:\\\/\\\/dev.x-bar.co\\\/es\\\/boutique\\\/rango-x-bar\\\/open-system-es\\\/filter-pro-es\\\/x-bar-filter-pro-1-2-kit\\\/#primaryimage\"},\"thumbnailUrl\":\"https:\\\/\\\/dev.x-bar.co\\\/wp-content\\\/uploads\\\/2024\\\/04\\\/filterpro-12-main-picture.png\",\"datePublished\":\"2024-04-30T15:21:09+00:00\",\"dateModified\":\"2025-06-12T19:36:48+00:00\",\"breadcrumb\":{\"@id\":\"https:\\\/\\\/dev.x-bar.co\\\/es\\\/boutique\\\/rango-x-bar\\\/open-system-es\\\/filter-pro-es\\\/x-bar-filter-pro-1-2-kit\\\/#breadcrumb\"},\"inLanguage\":\"es\",\"potentialAction\":[{\"@type\":\"ReadAction\",\"target\":[\"https:\\\/\\\/dev.x-bar.co\\\/es\\\/boutique\\\/rango-x-bar\\\/open-system-es\\\/filter-pro-es\\\/x-bar-filter-pro-1-2-kit\\\/\"]}]},{\"@type\":\"ImageObject\",\"inLanguage\":\"es\",\"@id\":\"https:\\\/\\\/dev.x-bar.co\\\/es\\\/boutique\\\/rango-x-bar\\\/open-system-es\\\/filter-pro-es\\\/x-bar-filter-pro-1-2-kit\\\/#primaryimage\",\"url\":\"https:\\\/\\\/dev.x-bar.co\\\/wp-content\\\/uploads\\\/2024\\\/04\\\/filterpro-12-main-picture.png\",\"contentUrl\":\"https:\\\/\\\/dev.x-bar.co\\\/wp-content\\\/uploads\\\/2024\\\/04\\\/filterpro-12-main-picture.png\",\"width\":650,\"height\":650},{\"@type\":\"BreadcrumbList\",\"@id\":\"https:\\\/\\\/dev.x-bar.co\\\/es\\\/boutique\\\/rango-x-bar\\\/open-system-es\\\/filter-pro-es\\\/x-bar-filter-pro-1-2-kit\\\/#breadcrumb\",\"itemListElement\":[{\"@type\":\"ListItem\",\"position\":1,\"name\":\"Accueil\",\"item\":\"https:\\\/\\\/dev.x-bar.co\\\/es\\\/\"},{\"@type\":\"ListItem\",\"position\":2,\"name\":\"Tienda online\",\"item\":\"https:\\\/\\\/dev.x-bar.co\\\/boutique\\\/\"},{\"@type\":\"ListItem\",\"position\":3,\"name\":\"X-Bar Filter Pro 1.2\"}]},{\"@type\":\"WebSite\",\"@id\":\"https:\\\/\\\/dev.x-bar.co\\\/es\\\/#website\",\"url\":\"https:\\\/\\\/dev.x-bar.co\\\/es\\\/\",\"name\":\"X-Bar\u00ae - Official Online Shop\",\"description\":\"Official X-Bar online shop. Best Vaping Devices Worlwide. Vaping pods, puff, eliquids, open pods system devices...\",\"publisher\":{\"@id\":\"https:\\\/\\\/dev.x-bar.co\\\/es\\\/#organization\"},\"potentialAction\":[{\"@type\":\"SearchAction\",\"target\":{\"@type\":\"EntryPoint\",\"urlTemplate\":\"https:\\\/\\\/dev.x-bar.co\\\/es\\\/?s={search_term_string}\"},\"query-input\":{\"@type\":\"PropertyValueSpecification\",\"valueRequired\":true,\"valueName\":\"search_term_string\"}}],\"inLanguage\":\"es\"},{\"@type\":\"Organization\",\"@id\":\"https:\\\/\\\/dev.x-bar.co\\\/es\\\/#organization\",\"name\":\"X-Bar\u00ae - Official Online Shop\",\"url\":\"https:\\\/\\\/dev.x-bar.co\\\/es\\\/\",\"logo\":{\"@type\":\"ImageObject\",\"inLanguage\":\"es\",\"@id\":\"https:\\\/\\\/dev.x-bar.co\\\/es\\\/#\\\/schema\\\/logo\\\/image\\\/\",\"url\":\"https:\\\/\\\/dev.x-bar.co\\\/wp-content\\\/uploads\\\/2022\\\/07\\\/xbar-logo.svg\",\"contentUrl\":\"https:\\\/\\\/dev.x-bar.co\\\/wp-content\\\/uploads\\\/2022\\\/07\\\/xbar-logo.svg\",\"width\":266,\"height\":41,\"caption\":\"X-Bar\u00ae - Official Online Shop\"},\"image\":{\"@id\":\"https:\\\/\\\/dev.x-bar.co\\\/es\\\/#\\\/schema\\\/logo\\\/image\\\/\"}}]}<\/script>\n<meta property=\"og:availability\" content=\"instock\" \/>\n<meta property=\"product:availability\" content=\"instock\" \/>\n<meta property=\"product:condition\" content=\"new\" \/>\n<!-- \/ Yoast SEO Premium plugin. -->","yoast_head_json":{"title":"X-Bar Filter Pro 1.2 - X-Bar\u00ae - Tienda Oficial Online","robots":{"index":"index","follow":"follow","max-snippet":"max-snippet:-1","max-image-preview":"max-image-preview:large","max-video-preview":"max-video-preview:-1"},"canonical":"https:\/\/dev.x-bar.co\/es\/boutique\/rango-x-bar\/open-system-es\/filter-pro-es\/x-bar-filter-pro-1-2-kit\/","og_locale":"es_ES","og_type":"article","og_title":"X-Bar Filter Pro 1.2","og_description":"\u00a0 Imanes m\u00e1s fuertes | \u00a0c\u00e1psulas a prueba de fugas  Una versi\u00f3n mejorada del Filter Pro original, que cuenta con imanes m\u00e1s potentes para una sujeci\u00f3n segura y c\u00e1psulas de e-l\u00edquido redise\u00f1adas a prueba de fugas. Conserva las mejores caracter\u00edsticas de su predecesor, lo que hace que este dispositivo electr\u00f3nico de vapeo sea memorable. Ya sea que prefieras una experiencia m\u00e1s liviana con solo el l\u00e1piz o un viaje prolongado con su bater\u00eda de 1600 mAh, Filter Pro tiene algo para todos.","og_url":"https:\/\/dev.x-bar.co\/es\/boutique\/rango-x-bar\/open-system-es\/filter-pro-es\/x-bar-filter-pro-1-2-kit\/","og_site_name":"X-Bar\u00ae - Tienda Oficial Online","article_modified_time":"2025-06-12T19:36:48+00:00","og_image":[{"width":650,"height":650,"url":"https:\/\/dev.x-bar.co\/wp-content\/uploads\/2024\/04\/filterpro-12-main-picture.png","type":"image\/png"}],"twitter_card":"summary_large_image","twitter_misc":{"Disponibilidad":"Disponible"},"schema":{"@context":"https:\/\/schema.org","@graph":[{"@type":"WebPage","@id":"https:\/\/dev.x-bar.co\/es\/boutique\/rango-x-bar\/open-system-es\/filter-pro-es\/x-bar-filter-pro-1-2-kit\/","url":"https:\/\/dev.x-bar.co\/es\/boutique\/rango-x-bar\/open-system-es\/filter-pro-es\/x-bar-filter-pro-1-2-kit\/","name":"X-Bar Filter Pro 1.2 - X-Bar\u00ae - Tienda Oficial Online","isPartOf":{"@id":"https:\/\/dev.x-bar.co\/es\/#website"},"primaryImageOfPage":{"@id":"https:\/\/dev.x-bar.co\/es\/boutique\/rango-x-bar\/open-system-es\/filter-pro-es\/x-bar-filter-pro-1-2-kit\/#primaryimage"},"image":{"@id":"https:\/\/dev.x-bar.co\/es\/boutique\/rango-x-bar\/open-system-es\/filter-pro-es\/x-bar-filter-pro-1-2-kit\/#primaryimage"},"thumbnailUrl":"https:\/\/dev.x-bar.co\/wp-content\/uploads\/2024\/04\/filterpro-12-main-picture.png","datePublished":"2024-04-30T15:21:09+00:00","dateModified":"2025-06-12T19:36:48+00:00","breadcrumb":{"@id":"https:\/\/dev.x-bar.co\/es\/boutique\/rango-x-bar\/open-system-es\/filter-pro-es\/x-bar-filter-pro-1-2-kit\/#breadcrumb"},"inLanguage":"es","potentialAction":[{"@type":"ReadAction","target":["https:\/\/dev.x-bar.co\/es\/boutique\/rango-x-bar\/open-system-es\/filter-pro-es\/x-bar-filter-pro-1-2-kit\/"]}]},{"@type":"ImageObject","inLanguage":"es","@id":"https:\/\/dev.x-bar.co\/es\/boutique\/rango-x-bar\/open-system-es\/filter-pro-es\/x-bar-filter-pro-1-2-kit\/#primaryimage","url":"https:\/\/dev.x-bar.co\/wp-content\/uploads\/2024\/04\/filterpro-12-main-picture.png","contentUrl":"https:\/\/dev.x-bar.co\/wp-content\/uploads\/2024\/04\/filterpro-12-main-picture.png","width":650,"height":650},{"@type":"BreadcrumbList","@id":"https:\/\/dev.x-bar.co\/es\/boutique\/rango-x-bar\/open-system-es\/filter-pro-es\/x-bar-filter-pro-1-2-kit\/#breadcrumb","itemListElement":[{"@type":"ListItem","position":1,"name":"Accueil","item":"https:\/\/dev.x-bar.co\/es\/"},{"@type":"ListItem","position":2,"name":"Tienda online","item":"https:\/\/dev.x-bar.co\/boutique\/"},{"@type":"ListItem","position":3,"name":"X-Bar Filter Pro 1.2"}]},{"@type":"WebSite","@id":"https:\/\/dev.x-bar.co\/es\/#website","url":"https:\/\/dev.x-bar.co\/es\/","name":"X-Bar\u00ae - Official Online Shop","description":"Official X-Bar online shop. Best Vaping Devices Worlwide. Vaping pods, puff, eliquids, open pods system devices...","publisher":{"@id":"https:\/\/dev.x-bar.co\/es\/#organization"},"potentialAction":[{"@type":"SearchAction","target":{"@type":"EntryPoint","urlTemplate":"https:\/\/dev.x-bar.co\/es\/?s={search_term_string}"},"query-input":{"@type":"PropertyValueSpecification","valueRequired":true,"valueName":"search_term_string"}}],"inLanguage":"es"},{"@type":"Organization","@id":"https:\/\/dev.x-bar.co\/es\/#organization","name":"X-Bar\u00ae - Official Online Shop","url":"https:\/\/dev.x-bar.co\/es\/","logo":{"@type":"ImageObject","inLanguage":"es","@id":"https:\/\/dev.x-bar.co\/es\/#\/schema\/logo\/image\/","url":"https:\/\/dev.x-bar.co\/wp-content\/uploads\/2022\/07\/xbar-logo.svg","contentUrl":"https:\/\/dev.x-bar.co\/wp-content\/uploads\/2022\/07\/xbar-logo.svg","width":266,"height":41,"caption":"X-Bar\u00ae - Official Online Shop"},"image":{"@id":"https:\/\/dev.x-bar.co\/es\/#\/schema\/logo\/image\/"}}]},"og_availability":"instock","product_availability":"instock","product_condition":"new"},"jetpack_sharing_enabled":true,"_links":{"self":[{"href":"https:\/\/dev.x-bar.co\/es\/wp-json\/wp\/v2\/product\/144631","targetHints":{"allow":["GET"]}}],"collection":[{"href":"https:\/\/dev.x-bar.co\/es\/wp-json\/wp\/v2\/product"}],"about":[{"href":"https:\/\/dev.x-bar.co\/es\/wp-json\/wp\/v2\/types\/product"}],"wp:featuredmedia":[{"embeddable":true,"href":"https:\/\/dev.x-bar.co\/es\/wp-json\/wp\/v2\/media\/144654"}],"wp:attachment":[{"href":"https:\/\/dev.x-bar.co\/es\/wp-json\/wp\/v2\/media?parent=144631"}],"wp:term":[{"taxonomy":"product_brand","embeddable":true,"href":"https:\/\/dev.x-bar.co\/es\/wp-json\/wp\/v2\/product_brand?post=144631"},{"taxonomy":"product_cat","embeddable":true,"href":"https:\/\/dev.x-bar.co\/es\/wp-json\/wp\/v2\/product_cat?post=144631"},{"taxonomy":"product_tag","embeddable":true,"href":"https:\/\/dev.x-bar.co\/es\/wp-json\/wp\/v2\/product_tag?post=144631"}],"curies":[{"name":"wp","href":"https:\/\/api.w.org\/{rel}","templated":true}]}}