{"id":150020,"date":"2024-05-13T16:54:11","date_gmt":"2024-05-13T14:54:11","guid":{"rendered":"https:\/\/x-bar.co\/?post_type=product&#038;p=150020"},"modified":"2024-12-14T10:39:40","modified_gmt":"2024-12-14T09:39:40","slug":"e-liquid-10ml-green-apple","status":"publish","type":"product","link":"https:\/\/dev.x-bar.co\/es\/boutique\/rango-x-bar\/e-liquidos\/e-liquido\/e-liquid-10ml-green-apple\/","title":{"rendered":"E-liquid 10ml Green Apple"},"content":{"rendered":"","protected":false},"excerpt":{"rendered":"<p>D\u00e9jate llevar por el sabor crujiente y revitalizante de la Manzana Verde. Este l\u00edquido para cigarrillos electr\u00f3nicos captura la esencia de las manzanas verdes reci\u00e9n cosechadas, ofreciendo una experiencia de vapeo agria y vibrante. Con cada calada, disfrutar\u00e1s del refrescante sabor de las manzanas verdes y \u00e1cidas, perfectamente equilibrado con un dulzor sutil. Es la elecci\u00f3n definitiva para los vapeadores que anhelan el delicioso sabor de las manzanas verdes crujientes, evocando el mordisco en una jugosa manzana en un d\u00eda soleado.<\/p>\n","protected":false},"featured_media":150036,"template":"","meta":{"_acf_changed":false},"product_brand":[],"product_cat":[240,317],"product_tag":[497,388],"class_list":{"0":"post-150020","1":"product","2":"type-product","3":"status-publish","4":"has-post-thumbnail","6":"product_cat-frutas","7":"product_cat-e-liquido","8":"product_tag-eliquid-es","9":"product_tag-open-system-es","11":"first","12":"instock","13":"taxable","14":"shipping-taxable","15":"purchasable","16":"product-type-variable","17":"has-default-attributes"},"composite_virtual":false,"composite_layout":"","composite_add_to_cart_form_location":"","composite_editable_in_cart":false,"composite_sold_individually_context":"","composite_shop_price_calc":"","composite_components":[],"composite_scenarios":[],"acf":[],"yoast_head":"<!-- This site is optimized with the Yoast SEO Premium plugin v25.7.1 (Yoast SEO v27.3) - https:\/\/yoast.com\/product\/yoast-seo-premium-wordpress\/ -->\n<title>E-liquid 10ml Green Apple - X-Bar\u00ae - Tienda Oficial Online<\/title>\n<meta name=\"robots\" content=\"index, follow, max-snippet:-1, max-image-preview:large, max-video-preview:-1\" \/>\n<link rel=\"canonical\" href=\"https:\/\/dev.x-bar.co\/es\/boutique\/rango-x-bar\/e-liquidos\/e-liquido\/e-liquid-10ml-green-apple\/\" \/>\n<meta property=\"og:locale\" content=\"es_ES\" \/>\n<meta property=\"og:type\" content=\"article\" \/>\n<meta property=\"og:title\" content=\"E-liquid 10ml Green Apple\" \/>\n<meta property=\"og:description\" content=\"D\u00e9jate llevar por el sabor crujiente y revitalizante de la Manzana Verde. Este l\u00edquido para cigarrillos electr\u00f3nicos captura la esencia de las manzanas verdes reci\u00e9n cosechadas, ofreciendo una experiencia de vapeo agria y vibrante. Con cada calada, disfrutar\u00e1s del refrescante sabor de las manzanas verdes y \u00e1cidas, perfectamente equilibrado con un dulzor sutil. Es la elecci\u00f3n definitiva para los vapeadores que anhelan el delicioso sabor de las manzanas verdes crujientes, evocando el mordisco en una jugosa manzana en un d\u00eda soleado.\" \/>\n<meta property=\"og:url\" content=\"https:\/\/dev.x-bar.co\/es\/boutique\/rango-x-bar\/e-liquidos\/e-liquido\/e-liquid-10ml-green-apple\/\" \/>\n<meta property=\"og:site_name\" content=\"X-Bar\u00ae - Tienda Oficial Online\" \/>\n<meta property=\"article:modified_time\" content=\"2024-12-14T09:39:40+00:00\" \/>\n<meta property=\"og:image\" content=\"https:\/\/dev.x-bar.co\/wp-content\/uploads\/2024\/05\/XBAR_10ML_POMME.png\" \/>\n\t<meta property=\"og:image:width\" content=\"1250\" \/>\n\t<meta property=\"og:image:height\" content=\"1250\" \/>\n\t<meta property=\"og:image:type\" content=\"image\/png\" \/>\n<meta name=\"twitter:card\" content=\"summary_large_image\" \/>\n<meta name=\"twitter:label1\" content=\"Disponibilidad\" \/>\n\t<meta name=\"twitter:data1\" content=\"Disponible\" \/>\n<script type=\"application\/ld+json\" class=\"yoast-schema-graph\">{\"@context\":\"https:\\\/\\\/schema.org\",\"@graph\":[{\"@type\":\"WebPage\",\"@id\":\"https:\\\/\\\/dev.x-bar.co\\\/es\\\/boutique\\\/rango-x-bar\\\/e-liquidos\\\/e-liquido\\\/e-liquid-10ml-green-apple\\\/\",\"url\":\"https:\\\/\\\/dev.x-bar.co\\\/es\\\/boutique\\\/rango-x-bar\\\/e-liquidos\\\/e-liquido\\\/e-liquid-10ml-green-apple\\\/\",\"name\":\"E-liquid 10ml Green Apple - X-Bar\u00ae - Tienda Oficial Online\",\"isPartOf\":{\"@id\":\"https:\\\/\\\/dev.x-bar.co\\\/es\\\/#website\"},\"primaryImageOfPage\":{\"@id\":\"https:\\\/\\\/dev.x-bar.co\\\/es\\\/boutique\\\/rango-x-bar\\\/e-liquidos\\\/e-liquido\\\/e-liquid-10ml-green-apple\\\/#primaryimage\"},\"image\":{\"@id\":\"https:\\\/\\\/dev.x-bar.co\\\/es\\\/boutique\\\/rango-x-bar\\\/e-liquidos\\\/e-liquido\\\/e-liquid-10ml-green-apple\\\/#primaryimage\"},\"thumbnailUrl\":\"https:\\\/\\\/dev.x-bar.co\\\/wp-content\\\/uploads\\\/2024\\\/05\\\/XBAR_10ML_POMME.png\",\"datePublished\":\"2024-05-13T14:54:11+00:00\",\"dateModified\":\"2024-12-14T09:39:40+00:00\",\"breadcrumb\":{\"@id\":\"https:\\\/\\\/dev.x-bar.co\\\/es\\\/boutique\\\/rango-x-bar\\\/e-liquidos\\\/e-liquido\\\/e-liquid-10ml-green-apple\\\/#breadcrumb\"},\"inLanguage\":\"es\",\"potentialAction\":[{\"@type\":\"ReadAction\",\"target\":[\"https:\\\/\\\/dev.x-bar.co\\\/es\\\/boutique\\\/rango-x-bar\\\/e-liquidos\\\/e-liquido\\\/e-liquid-10ml-green-apple\\\/\"]}]},{\"@type\":\"ImageObject\",\"inLanguage\":\"es\",\"@id\":\"https:\\\/\\\/dev.x-bar.co\\\/es\\\/boutique\\\/rango-x-bar\\\/e-liquidos\\\/e-liquido\\\/e-liquid-10ml-green-apple\\\/#primaryimage\",\"url\":\"https:\\\/\\\/dev.x-bar.co\\\/wp-content\\\/uploads\\\/2024\\\/05\\\/XBAR_10ML_POMME.png\",\"contentUrl\":\"https:\\\/\\\/dev.x-bar.co\\\/wp-content\\\/uploads\\\/2024\\\/05\\\/XBAR_10ML_POMME.png\",\"width\":1250,\"height\":1250},{\"@type\":\"BreadcrumbList\",\"@id\":\"https:\\\/\\\/dev.x-bar.co\\\/es\\\/boutique\\\/rango-x-bar\\\/e-liquidos\\\/e-liquido\\\/e-liquid-10ml-green-apple\\\/#breadcrumb\",\"itemListElement\":[{\"@type\":\"ListItem\",\"position\":1,\"name\":\"Accueil\",\"item\":\"https:\\\/\\\/dev.x-bar.co\\\/es\\\/\"},{\"@type\":\"ListItem\",\"position\":2,\"name\":\"Tienda online\",\"item\":\"https:\\\/\\\/dev.x-bar.co\\\/boutique\\\/\"},{\"@type\":\"ListItem\",\"position\":3,\"name\":\"E-liquid 10ml Green Apple\"}]},{\"@type\":\"WebSite\",\"@id\":\"https:\\\/\\\/dev.x-bar.co\\\/es\\\/#website\",\"url\":\"https:\\\/\\\/dev.x-bar.co\\\/es\\\/\",\"name\":\"X-Bar\u00ae - Official Online Shop\",\"description\":\"Official X-Bar online shop. Best Vaping Devices Worlwide. Vaping pods, puff, eliquids, open pods system devices...\",\"publisher\":{\"@id\":\"https:\\\/\\\/dev.x-bar.co\\\/es\\\/#organization\"},\"potentialAction\":[{\"@type\":\"SearchAction\",\"target\":{\"@type\":\"EntryPoint\",\"urlTemplate\":\"https:\\\/\\\/dev.x-bar.co\\\/es\\\/?s={search_term_string}\"},\"query-input\":{\"@type\":\"PropertyValueSpecification\",\"valueRequired\":true,\"valueName\":\"search_term_string\"}}],\"inLanguage\":\"es\"},{\"@type\":\"Organization\",\"@id\":\"https:\\\/\\\/dev.x-bar.co\\\/es\\\/#organization\",\"name\":\"X-Bar\u00ae - Official Online Shop\",\"url\":\"https:\\\/\\\/dev.x-bar.co\\\/es\\\/\",\"logo\":{\"@type\":\"ImageObject\",\"inLanguage\":\"es\",\"@id\":\"https:\\\/\\\/dev.x-bar.co\\\/es\\\/#\\\/schema\\\/logo\\\/image\\\/\",\"url\":\"https:\\\/\\\/dev.x-bar.co\\\/wp-content\\\/uploads\\\/2022\\\/07\\\/xbar-logo.svg\",\"contentUrl\":\"https:\\\/\\\/dev.x-bar.co\\\/wp-content\\\/uploads\\\/2022\\\/07\\\/xbar-logo.svg\",\"width\":266,\"height\":41,\"caption\":\"X-Bar\u00ae - Official Online Shop\"},\"image\":{\"@id\":\"https:\\\/\\\/dev.x-bar.co\\\/es\\\/#\\\/schema\\\/logo\\\/image\\\/\"}}]}<\/script>\n<meta property=\"og:availability\" content=\"instock\" \/>\n<meta property=\"product:availability\" content=\"instock\" \/>\n<meta property=\"product:condition\" content=\"new\" \/>\n<!-- \/ Yoast SEO Premium plugin. -->","yoast_head_json":{"title":"E-liquid 10ml Green Apple - X-Bar\u00ae - Tienda Oficial Online","robots":{"index":"index","follow":"follow","max-snippet":"max-snippet:-1","max-image-preview":"max-image-preview:large","max-video-preview":"max-video-preview:-1"},"canonical":"https:\/\/dev.x-bar.co\/es\/boutique\/rango-x-bar\/e-liquidos\/e-liquido\/e-liquid-10ml-green-apple\/","og_locale":"es_ES","og_type":"article","og_title":"E-liquid 10ml Green Apple","og_description":"D\u00e9jate llevar por el sabor crujiente y revitalizante de la Manzana Verde. Este l\u00edquido para cigarrillos electr\u00f3nicos captura la esencia de las manzanas verdes reci\u00e9n cosechadas, ofreciendo una experiencia de vapeo agria y vibrante. Con cada calada, disfrutar\u00e1s del refrescante sabor de las manzanas verdes y \u00e1cidas, perfectamente equilibrado con un dulzor sutil. Es la elecci\u00f3n definitiva para los vapeadores que anhelan el delicioso sabor de las manzanas verdes crujientes, evocando el mordisco en una jugosa manzana en un d\u00eda soleado.","og_url":"https:\/\/dev.x-bar.co\/es\/boutique\/rango-x-bar\/e-liquidos\/e-liquido\/e-liquid-10ml-green-apple\/","og_site_name":"X-Bar\u00ae - Tienda Oficial Online","article_modified_time":"2024-12-14T09:39:40+00:00","og_image":[{"width":1250,"height":1250,"url":"https:\/\/dev.x-bar.co\/wp-content\/uploads\/2024\/05\/XBAR_10ML_POMME.png","type":"image\/png"}],"twitter_card":"summary_large_image","twitter_misc":{"Disponibilidad":"Disponible"},"schema":{"@context":"https:\/\/schema.org","@graph":[{"@type":"WebPage","@id":"https:\/\/dev.x-bar.co\/es\/boutique\/rango-x-bar\/e-liquidos\/e-liquido\/e-liquid-10ml-green-apple\/","url":"https:\/\/dev.x-bar.co\/es\/boutique\/rango-x-bar\/e-liquidos\/e-liquido\/e-liquid-10ml-green-apple\/","name":"E-liquid 10ml Green Apple - X-Bar\u00ae - Tienda Oficial Online","isPartOf":{"@id":"https:\/\/dev.x-bar.co\/es\/#website"},"primaryImageOfPage":{"@id":"https:\/\/dev.x-bar.co\/es\/boutique\/rango-x-bar\/e-liquidos\/e-liquido\/e-liquid-10ml-green-apple\/#primaryimage"},"image":{"@id":"https:\/\/dev.x-bar.co\/es\/boutique\/rango-x-bar\/e-liquidos\/e-liquido\/e-liquid-10ml-green-apple\/#primaryimage"},"thumbnailUrl":"https:\/\/dev.x-bar.co\/wp-content\/uploads\/2024\/05\/XBAR_10ML_POMME.png","datePublished":"2024-05-13T14:54:11+00:00","dateModified":"2024-12-14T09:39:40+00:00","breadcrumb":{"@id":"https:\/\/dev.x-bar.co\/es\/boutique\/rango-x-bar\/e-liquidos\/e-liquido\/e-liquid-10ml-green-apple\/#breadcrumb"},"inLanguage":"es","potentialAction":[{"@type":"ReadAction","target":["https:\/\/dev.x-bar.co\/es\/boutique\/rango-x-bar\/e-liquidos\/e-liquido\/e-liquid-10ml-green-apple\/"]}]},{"@type":"ImageObject","inLanguage":"es","@id":"https:\/\/dev.x-bar.co\/es\/boutique\/rango-x-bar\/e-liquidos\/e-liquido\/e-liquid-10ml-green-apple\/#primaryimage","url":"https:\/\/dev.x-bar.co\/wp-content\/uploads\/2024\/05\/XBAR_10ML_POMME.png","contentUrl":"https:\/\/dev.x-bar.co\/wp-content\/uploads\/2024\/05\/XBAR_10ML_POMME.png","width":1250,"height":1250},{"@type":"BreadcrumbList","@id":"https:\/\/dev.x-bar.co\/es\/boutique\/rango-x-bar\/e-liquidos\/e-liquido\/e-liquid-10ml-green-apple\/#breadcrumb","itemListElement":[{"@type":"ListItem","position":1,"name":"Accueil","item":"https:\/\/dev.x-bar.co\/es\/"},{"@type":"ListItem","position":2,"name":"Tienda online","item":"https:\/\/dev.x-bar.co\/boutique\/"},{"@type":"ListItem","position":3,"name":"E-liquid 10ml Green Apple"}]},{"@type":"WebSite","@id":"https:\/\/dev.x-bar.co\/es\/#website","url":"https:\/\/dev.x-bar.co\/es\/","name":"X-Bar\u00ae - Official Online Shop","description":"Official X-Bar online shop. Best Vaping Devices Worlwide. Vaping pods, puff, eliquids, open pods system devices...","publisher":{"@id":"https:\/\/dev.x-bar.co\/es\/#organization"},"potentialAction":[{"@type":"SearchAction","target":{"@type":"EntryPoint","urlTemplate":"https:\/\/dev.x-bar.co\/es\/?s={search_term_string}"},"query-input":{"@type":"PropertyValueSpecification","valueRequired":true,"valueName":"search_term_string"}}],"inLanguage":"es"},{"@type":"Organization","@id":"https:\/\/dev.x-bar.co\/es\/#organization","name":"X-Bar\u00ae - Official Online Shop","url":"https:\/\/dev.x-bar.co\/es\/","logo":{"@type":"ImageObject","inLanguage":"es","@id":"https:\/\/dev.x-bar.co\/es\/#\/schema\/logo\/image\/","url":"https:\/\/dev.x-bar.co\/wp-content\/uploads\/2022\/07\/xbar-logo.svg","contentUrl":"https:\/\/dev.x-bar.co\/wp-content\/uploads\/2022\/07\/xbar-logo.svg","width":266,"height":41,"caption":"X-Bar\u00ae - Official Online Shop"},"image":{"@id":"https:\/\/dev.x-bar.co\/es\/#\/schema\/logo\/image\/"}}]},"og_availability":"instock","product_availability":"instock","product_condition":"new"},"jetpack_sharing_enabled":true,"_links":{"self":[{"href":"https:\/\/dev.x-bar.co\/es\/wp-json\/wp\/v2\/product\/150020","targetHints":{"allow":["GET"]}}],"collection":[{"href":"https:\/\/dev.x-bar.co\/es\/wp-json\/wp\/v2\/product"}],"about":[{"href":"https:\/\/dev.x-bar.co\/es\/wp-json\/wp\/v2\/types\/product"}],"wp:featuredmedia":[{"embeddable":true,"href":"https:\/\/dev.x-bar.co\/es\/wp-json\/wp\/v2\/media\/150036"}],"wp:attachment":[{"href":"https:\/\/dev.x-bar.co\/es\/wp-json\/wp\/v2\/media?parent=150020"}],"wp:term":[{"taxonomy":"product_brand","embeddable":true,"href":"https:\/\/dev.x-bar.co\/es\/wp-json\/wp\/v2\/product_brand?post=150020"},{"taxonomy":"product_cat","embeddable":true,"href":"https:\/\/dev.x-bar.co\/es\/wp-json\/wp\/v2\/product_cat?post=150020"},{"taxonomy":"product_tag","embeddable":true,"href":"https:\/\/dev.x-bar.co\/es\/wp-json\/wp\/v2\/product_tag?post=150020"}],"curies":[{"name":"wp","href":"https:\/\/api.w.org\/{rel}","templated":true}]}}