{"id":224048,"date":"2024-10-30T15:17:14","date_gmt":"2024-10-30T14:17:14","guid":{"rendered":"https:\/\/x-bar.co\/?post_type=product&#038;p=224048"},"modified":"2025-04-23T10:38:05","modified_gmt":"2025-04-23T08:38:05","slug":"click-puff-pod-extract-tobacco","status":"publish","type":"product","link":"https:\/\/dev.x-bar.co\/es\/boutique\/rango-x-bar\/click-puff-es\/click-puff-pod-es\/click-puff-pod-extract-tobacco\/","title":{"rendered":"Click &#038; Puff &#8211; Pod &#8211; Extract Tobacco"},"content":{"rendered":"","protected":false},"excerpt":{"rendered":"<p>Experimenta la esencia del tabaco puro con Extract Tobacco, un e-l\u00edquido creado para quienes aprecian un sabor aut\u00e9ntico y robusto. Capturando las notas ricas y terrosas de las hojas de tabaco premium, ofrece una experiencia de vapeo suave y satisfactoria sin dulzor a\u00f1adido, solo el profundo y natural sabor del tabaco en su forma m\u00e1s pura. Perfecto para una experiencia cl\u00e1sica y refinada.<\/p>\n","protected":false},"featured_media":223978,"template":"","meta":{"_acf_changed":false},"product_brand":[],"product_cat":[242,231],"product_tag":[],"class_list":{"0":"post-224048","1":"product","2":"type-product","3":"status-publish","4":"has-post-thumbnail","6":"product_cat-tabaco","7":"product_cat-click-puff-pod-es","9":"first","10":"instock","11":"taxable","12":"shipping-taxable","13":"purchasable","14":"product-type-variable","15":"has-default-attributes"},"composite_virtual":false,"composite_layout":"","composite_add_to_cart_form_location":"","composite_editable_in_cart":false,"composite_sold_individually_context":"","composite_shop_price_calc":"","composite_components":[],"composite_scenarios":[],"acf":[],"yoast_head":"<!-- This site is optimized with the Yoast SEO Premium plugin v25.7.1 (Yoast SEO v27.3) - https:\/\/yoast.com\/product\/yoast-seo-premium-wordpress\/ -->\n<title>Click &amp; Puff - Pod - Extract Tobacco - X-Bar\u00ae - Tienda Oficial Online<\/title>\n<meta name=\"robots\" content=\"index, follow, max-snippet:-1, max-image-preview:large, max-video-preview:-1\" \/>\n<link rel=\"canonical\" href=\"https:\/\/dev.x-bar.co\/es\/boutique\/rango-x-bar\/click-puff-es\/click-puff-pod-es\/click-puff-pod-extract-tobacco\/\" \/>\n<meta property=\"og:locale\" content=\"es_ES\" \/>\n<meta property=\"og:type\" content=\"article\" \/>\n<meta property=\"og:title\" content=\"Click &amp; Puff - Pod - Extract Tobacco\" \/>\n<meta property=\"og:description\" content=\"Experimenta la esencia del tabaco puro con Extract Tobacco, un e-l\u00edquido creado para quienes aprecian un sabor aut\u00e9ntico y robusto. Capturando las notas ricas y terrosas de las hojas de tabaco premium, ofrece una experiencia de vapeo suave y satisfactoria sin dulzor a\u00f1adido, solo el profundo y natural sabor del tabaco en su forma m\u00e1s pura. Perfecto para una experiencia cl\u00e1sica y refinada.\" \/>\n<meta property=\"og:url\" content=\"https:\/\/dev.x-bar.co\/es\/boutique\/rango-x-bar\/click-puff-es\/click-puff-pod-es\/click-puff-pod-extract-tobacco\/\" \/>\n<meta property=\"og:site_name\" content=\"X-Bar\u00ae - Tienda Oficial Online\" \/>\n<meta property=\"article:modified_time\" content=\"2025-04-23T08:38:05+00:00\" \/>\n<meta property=\"og:image\" content=\"https:\/\/dev.x-bar.co\/wp-content\/uploads\/2024\/10\/xbar-clickandpuff-pod-extracttobacco.png\" \/>\n\t<meta property=\"og:image:width\" content=\"650\" \/>\n\t<meta property=\"og:image:height\" content=\"650\" \/>\n\t<meta property=\"og:image:type\" content=\"image\/png\" \/>\n<meta name=\"twitter:card\" content=\"summary_large_image\" \/>\n<meta name=\"twitter:label1\" content=\"Disponibilidad\" \/>\n\t<meta name=\"twitter:data1\" content=\"Disponible\" \/>\n<script type=\"application\/ld+json\" class=\"yoast-schema-graph\">{\"@context\":\"https:\\\/\\\/schema.org\",\"@graph\":[{\"@type\":\"WebPage\",\"@id\":\"https:\\\/\\\/dev.x-bar.co\\\/es\\\/boutique\\\/rango-x-bar\\\/click-puff-es\\\/click-puff-pod-es\\\/click-puff-pod-extract-tobacco\\\/\",\"url\":\"https:\\\/\\\/dev.x-bar.co\\\/es\\\/boutique\\\/rango-x-bar\\\/click-puff-es\\\/click-puff-pod-es\\\/click-puff-pod-extract-tobacco\\\/\",\"name\":\"Click & Puff - Pod - Extract Tobacco - X-Bar\u00ae - Tienda Oficial Online\",\"isPartOf\":{\"@id\":\"https:\\\/\\\/dev.x-bar.co\\\/es\\\/#website\"},\"primaryImageOfPage\":{\"@id\":\"https:\\\/\\\/dev.x-bar.co\\\/es\\\/boutique\\\/rango-x-bar\\\/click-puff-es\\\/click-puff-pod-es\\\/click-puff-pod-extract-tobacco\\\/#primaryimage\"},\"image\":{\"@id\":\"https:\\\/\\\/dev.x-bar.co\\\/es\\\/boutique\\\/rango-x-bar\\\/click-puff-es\\\/click-puff-pod-es\\\/click-puff-pod-extract-tobacco\\\/#primaryimage\"},\"thumbnailUrl\":\"https:\\\/\\\/dev.x-bar.co\\\/wp-content\\\/uploads\\\/2024\\\/10\\\/xbar-clickandpuff-pod-extracttobacco.png\",\"datePublished\":\"2024-10-30T14:17:14+00:00\",\"dateModified\":\"2025-04-23T08:38:05+00:00\",\"breadcrumb\":{\"@id\":\"https:\\\/\\\/dev.x-bar.co\\\/es\\\/boutique\\\/rango-x-bar\\\/click-puff-es\\\/click-puff-pod-es\\\/click-puff-pod-extract-tobacco\\\/#breadcrumb\"},\"inLanguage\":\"es\",\"potentialAction\":[{\"@type\":\"ReadAction\",\"target\":[\"https:\\\/\\\/dev.x-bar.co\\\/es\\\/boutique\\\/rango-x-bar\\\/click-puff-es\\\/click-puff-pod-es\\\/click-puff-pod-extract-tobacco\\\/\"]}]},{\"@type\":\"ImageObject\",\"inLanguage\":\"es\",\"@id\":\"https:\\\/\\\/dev.x-bar.co\\\/es\\\/boutique\\\/rango-x-bar\\\/click-puff-es\\\/click-puff-pod-es\\\/click-puff-pod-extract-tobacco\\\/#primaryimage\",\"url\":\"https:\\\/\\\/dev.x-bar.co\\\/wp-content\\\/uploads\\\/2024\\\/10\\\/xbar-clickandpuff-pod-extracttobacco.png\",\"contentUrl\":\"https:\\\/\\\/dev.x-bar.co\\\/wp-content\\\/uploads\\\/2024\\\/10\\\/xbar-clickandpuff-pod-extracttobacco.png\",\"width\":650,\"height\":650},{\"@type\":\"BreadcrumbList\",\"@id\":\"https:\\\/\\\/dev.x-bar.co\\\/es\\\/boutique\\\/rango-x-bar\\\/click-puff-es\\\/click-puff-pod-es\\\/click-puff-pod-extract-tobacco\\\/#breadcrumb\",\"itemListElement\":[{\"@type\":\"ListItem\",\"position\":1,\"name\":\"Accueil\",\"item\":\"https:\\\/\\\/dev.x-bar.co\\\/es\\\/\"},{\"@type\":\"ListItem\",\"position\":2,\"name\":\"Tienda online\",\"item\":\"https:\\\/\\\/dev.x-bar.co\\\/boutique\\\/\"},{\"@type\":\"ListItem\",\"position\":3,\"name\":\"Click &#038; Puff &#8211; Pod &#8211; Extract Tobacco\"}]},{\"@type\":\"WebSite\",\"@id\":\"https:\\\/\\\/dev.x-bar.co\\\/es\\\/#website\",\"url\":\"https:\\\/\\\/dev.x-bar.co\\\/es\\\/\",\"name\":\"X-Bar\u00ae - Official Online Shop\",\"description\":\"Official X-Bar online shop. Best Vaping Devices Worlwide. Vaping pods, puff, eliquids, open pods system devices...\",\"publisher\":{\"@id\":\"https:\\\/\\\/dev.x-bar.co\\\/es\\\/#organization\"},\"potentialAction\":[{\"@type\":\"SearchAction\",\"target\":{\"@type\":\"EntryPoint\",\"urlTemplate\":\"https:\\\/\\\/dev.x-bar.co\\\/es\\\/?s={search_term_string}\"},\"query-input\":{\"@type\":\"PropertyValueSpecification\",\"valueRequired\":true,\"valueName\":\"search_term_string\"}}],\"inLanguage\":\"es\"},{\"@type\":\"Organization\",\"@id\":\"https:\\\/\\\/dev.x-bar.co\\\/es\\\/#organization\",\"name\":\"X-Bar\u00ae - Official Online Shop\",\"url\":\"https:\\\/\\\/dev.x-bar.co\\\/es\\\/\",\"logo\":{\"@type\":\"ImageObject\",\"inLanguage\":\"es\",\"@id\":\"https:\\\/\\\/dev.x-bar.co\\\/es\\\/#\\\/schema\\\/logo\\\/image\\\/\",\"url\":\"https:\\\/\\\/dev.x-bar.co\\\/wp-content\\\/uploads\\\/2022\\\/07\\\/xbar-logo.svg\",\"contentUrl\":\"https:\\\/\\\/dev.x-bar.co\\\/wp-content\\\/uploads\\\/2022\\\/07\\\/xbar-logo.svg\",\"width\":266,\"height\":41,\"caption\":\"X-Bar\u00ae - Official Online Shop\"},\"image\":{\"@id\":\"https:\\\/\\\/dev.x-bar.co\\\/es\\\/#\\\/schema\\\/logo\\\/image\\\/\"}}]}<\/script>\n<meta property=\"og:availability\" content=\"instock\" \/>\n<meta property=\"product:availability\" content=\"instock\" \/>\n<meta property=\"product:condition\" content=\"new\" \/>\n<!-- \/ Yoast SEO Premium plugin. -->","yoast_head_json":{"title":"Click & Puff - Pod - Extract Tobacco - X-Bar\u00ae - Tienda Oficial Online","robots":{"index":"index","follow":"follow","max-snippet":"max-snippet:-1","max-image-preview":"max-image-preview:large","max-video-preview":"max-video-preview:-1"},"canonical":"https:\/\/dev.x-bar.co\/es\/boutique\/rango-x-bar\/click-puff-es\/click-puff-pod-es\/click-puff-pod-extract-tobacco\/","og_locale":"es_ES","og_type":"article","og_title":"Click & Puff - Pod - Extract Tobacco","og_description":"Experimenta la esencia del tabaco puro con Extract Tobacco, un e-l\u00edquido creado para quienes aprecian un sabor aut\u00e9ntico y robusto. Capturando las notas ricas y terrosas de las hojas de tabaco premium, ofrece una experiencia de vapeo suave y satisfactoria sin dulzor a\u00f1adido, solo el profundo y natural sabor del tabaco en su forma m\u00e1s pura. Perfecto para una experiencia cl\u00e1sica y refinada.","og_url":"https:\/\/dev.x-bar.co\/es\/boutique\/rango-x-bar\/click-puff-es\/click-puff-pod-es\/click-puff-pod-extract-tobacco\/","og_site_name":"X-Bar\u00ae - Tienda Oficial Online","article_modified_time":"2025-04-23T08:38:05+00:00","og_image":[{"width":650,"height":650,"url":"https:\/\/dev.x-bar.co\/wp-content\/uploads\/2024\/10\/xbar-clickandpuff-pod-extracttobacco.png","type":"image\/png"}],"twitter_card":"summary_large_image","twitter_misc":{"Disponibilidad":"Disponible"},"schema":{"@context":"https:\/\/schema.org","@graph":[{"@type":"WebPage","@id":"https:\/\/dev.x-bar.co\/es\/boutique\/rango-x-bar\/click-puff-es\/click-puff-pod-es\/click-puff-pod-extract-tobacco\/","url":"https:\/\/dev.x-bar.co\/es\/boutique\/rango-x-bar\/click-puff-es\/click-puff-pod-es\/click-puff-pod-extract-tobacco\/","name":"Click & Puff - Pod - Extract Tobacco - X-Bar\u00ae - Tienda Oficial Online","isPartOf":{"@id":"https:\/\/dev.x-bar.co\/es\/#website"},"primaryImageOfPage":{"@id":"https:\/\/dev.x-bar.co\/es\/boutique\/rango-x-bar\/click-puff-es\/click-puff-pod-es\/click-puff-pod-extract-tobacco\/#primaryimage"},"image":{"@id":"https:\/\/dev.x-bar.co\/es\/boutique\/rango-x-bar\/click-puff-es\/click-puff-pod-es\/click-puff-pod-extract-tobacco\/#primaryimage"},"thumbnailUrl":"https:\/\/dev.x-bar.co\/wp-content\/uploads\/2024\/10\/xbar-clickandpuff-pod-extracttobacco.png","datePublished":"2024-10-30T14:17:14+00:00","dateModified":"2025-04-23T08:38:05+00:00","breadcrumb":{"@id":"https:\/\/dev.x-bar.co\/es\/boutique\/rango-x-bar\/click-puff-es\/click-puff-pod-es\/click-puff-pod-extract-tobacco\/#breadcrumb"},"inLanguage":"es","potentialAction":[{"@type":"ReadAction","target":["https:\/\/dev.x-bar.co\/es\/boutique\/rango-x-bar\/click-puff-es\/click-puff-pod-es\/click-puff-pod-extract-tobacco\/"]}]},{"@type":"ImageObject","inLanguage":"es","@id":"https:\/\/dev.x-bar.co\/es\/boutique\/rango-x-bar\/click-puff-es\/click-puff-pod-es\/click-puff-pod-extract-tobacco\/#primaryimage","url":"https:\/\/dev.x-bar.co\/wp-content\/uploads\/2024\/10\/xbar-clickandpuff-pod-extracttobacco.png","contentUrl":"https:\/\/dev.x-bar.co\/wp-content\/uploads\/2024\/10\/xbar-clickandpuff-pod-extracttobacco.png","width":650,"height":650},{"@type":"BreadcrumbList","@id":"https:\/\/dev.x-bar.co\/es\/boutique\/rango-x-bar\/click-puff-es\/click-puff-pod-es\/click-puff-pod-extract-tobacco\/#breadcrumb","itemListElement":[{"@type":"ListItem","position":1,"name":"Accueil","item":"https:\/\/dev.x-bar.co\/es\/"},{"@type":"ListItem","position":2,"name":"Tienda online","item":"https:\/\/dev.x-bar.co\/boutique\/"},{"@type":"ListItem","position":3,"name":"Click &#038; Puff &#8211; Pod &#8211; Extract Tobacco"}]},{"@type":"WebSite","@id":"https:\/\/dev.x-bar.co\/es\/#website","url":"https:\/\/dev.x-bar.co\/es\/","name":"X-Bar\u00ae - Official Online Shop","description":"Official X-Bar online shop. Best Vaping Devices Worlwide. Vaping pods, puff, eliquids, open pods system devices...","publisher":{"@id":"https:\/\/dev.x-bar.co\/es\/#organization"},"potentialAction":[{"@type":"SearchAction","target":{"@type":"EntryPoint","urlTemplate":"https:\/\/dev.x-bar.co\/es\/?s={search_term_string}"},"query-input":{"@type":"PropertyValueSpecification","valueRequired":true,"valueName":"search_term_string"}}],"inLanguage":"es"},{"@type":"Organization","@id":"https:\/\/dev.x-bar.co\/es\/#organization","name":"X-Bar\u00ae - Official Online Shop","url":"https:\/\/dev.x-bar.co\/es\/","logo":{"@type":"ImageObject","inLanguage":"es","@id":"https:\/\/dev.x-bar.co\/es\/#\/schema\/logo\/image\/","url":"https:\/\/dev.x-bar.co\/wp-content\/uploads\/2022\/07\/xbar-logo.svg","contentUrl":"https:\/\/dev.x-bar.co\/wp-content\/uploads\/2022\/07\/xbar-logo.svg","width":266,"height":41,"caption":"X-Bar\u00ae - Official Online Shop"},"image":{"@id":"https:\/\/dev.x-bar.co\/es\/#\/schema\/logo\/image\/"}}]},"og_availability":"instock","product_availability":"instock","product_condition":"new"},"jetpack_sharing_enabled":true,"_links":{"self":[{"href":"https:\/\/dev.x-bar.co\/es\/wp-json\/wp\/v2\/product\/224048","targetHints":{"allow":["GET"]}}],"collection":[{"href":"https:\/\/dev.x-bar.co\/es\/wp-json\/wp\/v2\/product"}],"about":[{"href":"https:\/\/dev.x-bar.co\/es\/wp-json\/wp\/v2\/types\/product"}],"wp:featuredmedia":[{"embeddable":true,"href":"https:\/\/dev.x-bar.co\/es\/wp-json\/wp\/v2\/media\/223978"}],"wp:attachment":[{"href":"https:\/\/dev.x-bar.co\/es\/wp-json\/wp\/v2\/media?parent=224048"}],"wp:term":[{"taxonomy":"product_brand","embeddable":true,"href":"https:\/\/dev.x-bar.co\/es\/wp-json\/wp\/v2\/product_brand?post=224048"},{"taxonomy":"product_cat","embeddable":true,"href":"https:\/\/dev.x-bar.co\/es\/wp-json\/wp\/v2\/product_cat?post=224048"},{"taxonomy":"product_tag","embeddable":true,"href":"https:\/\/dev.x-bar.co\/es\/wp-json\/wp\/v2\/product_tag?post=224048"}],"curies":[{"name":"wp","href":"https:\/\/api.w.org\/{rel}","templated":true}]}}