{"id":239382,"date":"2024-12-03T16:01:08","date_gmt":"2024-12-03T15:01:08","guid":{"rendered":"https:\/\/x-bar.co\/?post_type=product&#038;p=239382"},"modified":"2025-04-23T10:38:04","modified_gmt":"2025-04-23T08:38:04","slug":"click-puff-pod-pop-corn-caramel","status":"publish","type":"product","link":"https:\/\/dev.x-bar.co\/es\/boutique\/rango-x-bar\/click-puff-es\/click-puff-pod-es\/click-puff-pod-pop-corn-caramel\/","title":{"rendered":"Click &#038; Puff &#8211; Pod &#8211; Pop Corn Caramel"},"content":{"rendered":"","protected":false},"excerpt":{"rendered":"<p>Disfruta del irresistible encanto de Pop Corn Caramel, un e-l\u00edquido que combina magistralmente las c\u00e1lidas notas mantecosas de las palomitas reci\u00e9n hechas con la dulce decadencia del caramelo rico. Cada calada ofrece una sinfon\u00eda de sabores, equilibrando perfectamente lo salado y lo dulce para una experiencia de vapeo nost\u00e1lgica y sofisticada. Ideal para quienes buscan un capricho reconfortante con un toque gourmet.<\/p>\n","protected":false},"featured_media":239403,"template":"","meta":{"_acf_changed":false},"product_brand":[],"product_cat":[239,231],"product_tag":[],"class_list":{"0":"post-239382","1":"product","2":"type-product","3":"status-publish","4":"has-post-thumbnail","6":"product_cat-caramelo","7":"product_cat-click-puff-pod-es","9":"first","10":"instock","11":"taxable","12":"shipping-taxable","13":"purchasable","14":"product-type-variable","15":"has-default-attributes"},"composite_virtual":false,"composite_layout":"","composite_add_to_cart_form_location":"","composite_editable_in_cart":false,"composite_sold_individually_context":"","composite_shop_price_calc":"","composite_components":[],"composite_scenarios":[],"acf":[],"yoast_head":"<!-- This site is optimized with the Yoast SEO Premium plugin v25.7.1 (Yoast SEO v27.3) - https:\/\/yoast.com\/product\/yoast-seo-premium-wordpress\/ -->\n<title>Click &amp; Puff - Pod - Pop Corn Caramel - X-Bar\u00ae - Tienda Oficial Online<\/title>\n<meta name=\"robots\" content=\"index, follow, max-snippet:-1, max-image-preview:large, max-video-preview:-1\" \/>\n<link rel=\"canonical\" href=\"https:\/\/dev.x-bar.co\/es\/boutique\/rango-x-bar\/click-puff-es\/click-puff-pod-es\/click-puff-pod-pop-corn-caramel\/\" \/>\n<meta property=\"og:locale\" content=\"es_ES\" \/>\n<meta property=\"og:type\" content=\"article\" \/>\n<meta property=\"og:title\" content=\"Click &amp; Puff - Pod - Pop Corn Caramel\" \/>\n<meta property=\"og:description\" content=\"Disfruta del irresistible encanto de Pop Corn Caramel, un e-l\u00edquido que combina magistralmente las c\u00e1lidas notas mantecosas de las palomitas reci\u00e9n hechas con la dulce decadencia del caramelo rico. Cada calada ofrece una sinfon\u00eda de sabores, equilibrando perfectamente lo salado y lo dulce para una experiencia de vapeo nost\u00e1lgica y sofisticada. Ideal para quienes buscan un capricho reconfortante con un toque gourmet.\" \/>\n<meta property=\"og:url\" content=\"https:\/\/dev.x-bar.co\/es\/boutique\/rango-x-bar\/click-puff-es\/click-puff-pod-es\/click-puff-pod-pop-corn-caramel\/\" \/>\n<meta property=\"og:site_name\" content=\"X-Bar\u00ae - Tienda Oficial Online\" \/>\n<meta property=\"article:modified_time\" content=\"2025-04-23T08:38:04+00:00\" \/>\n<meta property=\"og:image\" content=\"https:\/\/dev.x-bar.co\/wp-content\/uploads\/2024\/12\/xbar-clickandpuff-pod-popcorncaramel.png\" \/>\n\t<meta property=\"og:image:width\" content=\"650\" \/>\n\t<meta property=\"og:image:height\" content=\"650\" \/>\n\t<meta property=\"og:image:type\" content=\"image\/png\" \/>\n<meta name=\"twitter:card\" content=\"summary_large_image\" \/>\n<meta name=\"twitter:label1\" content=\"Disponibilidad\" \/>\n\t<meta name=\"twitter:data1\" content=\"Disponible\" \/>\n<script type=\"application\/ld+json\" class=\"yoast-schema-graph\">{\"@context\":\"https:\\\/\\\/schema.org\",\"@graph\":[{\"@type\":\"WebPage\",\"@id\":\"https:\\\/\\\/dev.x-bar.co\\\/es\\\/boutique\\\/rango-x-bar\\\/click-puff-es\\\/click-puff-pod-es\\\/click-puff-pod-pop-corn-caramel\\\/\",\"url\":\"https:\\\/\\\/dev.x-bar.co\\\/es\\\/boutique\\\/rango-x-bar\\\/click-puff-es\\\/click-puff-pod-es\\\/click-puff-pod-pop-corn-caramel\\\/\",\"name\":\"Click & Puff - Pod - Pop Corn Caramel - X-Bar\u00ae - Tienda Oficial Online\",\"isPartOf\":{\"@id\":\"https:\\\/\\\/dev.x-bar.co\\\/es\\\/#website\"},\"primaryImageOfPage\":{\"@id\":\"https:\\\/\\\/dev.x-bar.co\\\/es\\\/boutique\\\/rango-x-bar\\\/click-puff-es\\\/click-puff-pod-es\\\/click-puff-pod-pop-corn-caramel\\\/#primaryimage\"},\"image\":{\"@id\":\"https:\\\/\\\/dev.x-bar.co\\\/es\\\/boutique\\\/rango-x-bar\\\/click-puff-es\\\/click-puff-pod-es\\\/click-puff-pod-pop-corn-caramel\\\/#primaryimage\"},\"thumbnailUrl\":\"https:\\\/\\\/dev.x-bar.co\\\/wp-content\\\/uploads\\\/2024\\\/12\\\/xbar-clickandpuff-pod-popcorncaramel.png\",\"datePublished\":\"2024-12-03T15:01:08+00:00\",\"dateModified\":\"2025-04-23T08:38:04+00:00\",\"breadcrumb\":{\"@id\":\"https:\\\/\\\/dev.x-bar.co\\\/es\\\/boutique\\\/rango-x-bar\\\/click-puff-es\\\/click-puff-pod-es\\\/click-puff-pod-pop-corn-caramel\\\/#breadcrumb\"},\"inLanguage\":\"es\",\"potentialAction\":[{\"@type\":\"ReadAction\",\"target\":[\"https:\\\/\\\/dev.x-bar.co\\\/es\\\/boutique\\\/rango-x-bar\\\/click-puff-es\\\/click-puff-pod-es\\\/click-puff-pod-pop-corn-caramel\\\/\"]}]},{\"@type\":\"ImageObject\",\"inLanguage\":\"es\",\"@id\":\"https:\\\/\\\/dev.x-bar.co\\\/es\\\/boutique\\\/rango-x-bar\\\/click-puff-es\\\/click-puff-pod-es\\\/click-puff-pod-pop-corn-caramel\\\/#primaryimage\",\"url\":\"https:\\\/\\\/dev.x-bar.co\\\/wp-content\\\/uploads\\\/2024\\\/12\\\/xbar-clickandpuff-pod-popcorncaramel.png\",\"contentUrl\":\"https:\\\/\\\/dev.x-bar.co\\\/wp-content\\\/uploads\\\/2024\\\/12\\\/xbar-clickandpuff-pod-popcorncaramel.png\",\"width\":650,\"height\":650},{\"@type\":\"BreadcrumbList\",\"@id\":\"https:\\\/\\\/dev.x-bar.co\\\/es\\\/boutique\\\/rango-x-bar\\\/click-puff-es\\\/click-puff-pod-es\\\/click-puff-pod-pop-corn-caramel\\\/#breadcrumb\",\"itemListElement\":[{\"@type\":\"ListItem\",\"position\":1,\"name\":\"Accueil\",\"item\":\"https:\\\/\\\/dev.x-bar.co\\\/es\\\/\"},{\"@type\":\"ListItem\",\"position\":2,\"name\":\"Tienda online\",\"item\":\"https:\\\/\\\/dev.x-bar.co\\\/boutique\\\/\"},{\"@type\":\"ListItem\",\"position\":3,\"name\":\"Click &#038; Puff &#8211; Pod &#8211; Pop Corn Caramel\"}]},{\"@type\":\"WebSite\",\"@id\":\"https:\\\/\\\/dev.x-bar.co\\\/es\\\/#website\",\"url\":\"https:\\\/\\\/dev.x-bar.co\\\/es\\\/\",\"name\":\"X-Bar\u00ae - Official Online Shop\",\"description\":\"Official X-Bar online shop. Best Vaping Devices Worlwide. Vaping pods, puff, eliquids, open pods system devices...\",\"publisher\":{\"@id\":\"https:\\\/\\\/dev.x-bar.co\\\/es\\\/#organization\"},\"potentialAction\":[{\"@type\":\"SearchAction\",\"target\":{\"@type\":\"EntryPoint\",\"urlTemplate\":\"https:\\\/\\\/dev.x-bar.co\\\/es\\\/?s={search_term_string}\"},\"query-input\":{\"@type\":\"PropertyValueSpecification\",\"valueRequired\":true,\"valueName\":\"search_term_string\"}}],\"inLanguage\":\"es\"},{\"@type\":\"Organization\",\"@id\":\"https:\\\/\\\/dev.x-bar.co\\\/es\\\/#organization\",\"name\":\"X-Bar\u00ae - Official Online Shop\",\"url\":\"https:\\\/\\\/dev.x-bar.co\\\/es\\\/\",\"logo\":{\"@type\":\"ImageObject\",\"inLanguage\":\"es\",\"@id\":\"https:\\\/\\\/dev.x-bar.co\\\/es\\\/#\\\/schema\\\/logo\\\/image\\\/\",\"url\":\"https:\\\/\\\/dev.x-bar.co\\\/wp-content\\\/uploads\\\/2022\\\/07\\\/xbar-logo.svg\",\"contentUrl\":\"https:\\\/\\\/dev.x-bar.co\\\/wp-content\\\/uploads\\\/2022\\\/07\\\/xbar-logo.svg\",\"width\":266,\"height\":41,\"caption\":\"X-Bar\u00ae - Official Online Shop\"},\"image\":{\"@id\":\"https:\\\/\\\/dev.x-bar.co\\\/es\\\/#\\\/schema\\\/logo\\\/image\\\/\"}}]}<\/script>\n<meta property=\"og:availability\" content=\"instock\" \/>\n<meta property=\"product:availability\" content=\"instock\" \/>\n<meta property=\"product:condition\" content=\"new\" \/>\n<!-- \/ Yoast SEO Premium plugin. -->","yoast_head_json":{"title":"Click & Puff - Pod - Pop Corn Caramel - X-Bar\u00ae - Tienda Oficial Online","robots":{"index":"index","follow":"follow","max-snippet":"max-snippet:-1","max-image-preview":"max-image-preview:large","max-video-preview":"max-video-preview:-1"},"canonical":"https:\/\/dev.x-bar.co\/es\/boutique\/rango-x-bar\/click-puff-es\/click-puff-pod-es\/click-puff-pod-pop-corn-caramel\/","og_locale":"es_ES","og_type":"article","og_title":"Click & Puff - Pod - Pop Corn Caramel","og_description":"Disfruta del irresistible encanto de Pop Corn Caramel, un e-l\u00edquido que combina magistralmente las c\u00e1lidas notas mantecosas de las palomitas reci\u00e9n hechas con la dulce decadencia del caramelo rico. Cada calada ofrece una sinfon\u00eda de sabores, equilibrando perfectamente lo salado y lo dulce para una experiencia de vapeo nost\u00e1lgica y sofisticada. Ideal para quienes buscan un capricho reconfortante con un toque gourmet.","og_url":"https:\/\/dev.x-bar.co\/es\/boutique\/rango-x-bar\/click-puff-es\/click-puff-pod-es\/click-puff-pod-pop-corn-caramel\/","og_site_name":"X-Bar\u00ae - Tienda Oficial Online","article_modified_time":"2025-04-23T08:38:04+00:00","og_image":[{"width":650,"height":650,"url":"https:\/\/dev.x-bar.co\/wp-content\/uploads\/2024\/12\/xbar-clickandpuff-pod-popcorncaramel.png","type":"image\/png"}],"twitter_card":"summary_large_image","twitter_misc":{"Disponibilidad":"Disponible"},"schema":{"@context":"https:\/\/schema.org","@graph":[{"@type":"WebPage","@id":"https:\/\/dev.x-bar.co\/es\/boutique\/rango-x-bar\/click-puff-es\/click-puff-pod-es\/click-puff-pod-pop-corn-caramel\/","url":"https:\/\/dev.x-bar.co\/es\/boutique\/rango-x-bar\/click-puff-es\/click-puff-pod-es\/click-puff-pod-pop-corn-caramel\/","name":"Click & Puff - Pod - Pop Corn Caramel - X-Bar\u00ae - Tienda Oficial Online","isPartOf":{"@id":"https:\/\/dev.x-bar.co\/es\/#website"},"primaryImageOfPage":{"@id":"https:\/\/dev.x-bar.co\/es\/boutique\/rango-x-bar\/click-puff-es\/click-puff-pod-es\/click-puff-pod-pop-corn-caramel\/#primaryimage"},"image":{"@id":"https:\/\/dev.x-bar.co\/es\/boutique\/rango-x-bar\/click-puff-es\/click-puff-pod-es\/click-puff-pod-pop-corn-caramel\/#primaryimage"},"thumbnailUrl":"https:\/\/dev.x-bar.co\/wp-content\/uploads\/2024\/12\/xbar-clickandpuff-pod-popcorncaramel.png","datePublished":"2024-12-03T15:01:08+00:00","dateModified":"2025-04-23T08:38:04+00:00","breadcrumb":{"@id":"https:\/\/dev.x-bar.co\/es\/boutique\/rango-x-bar\/click-puff-es\/click-puff-pod-es\/click-puff-pod-pop-corn-caramel\/#breadcrumb"},"inLanguage":"es","potentialAction":[{"@type":"ReadAction","target":["https:\/\/dev.x-bar.co\/es\/boutique\/rango-x-bar\/click-puff-es\/click-puff-pod-es\/click-puff-pod-pop-corn-caramel\/"]}]},{"@type":"ImageObject","inLanguage":"es","@id":"https:\/\/dev.x-bar.co\/es\/boutique\/rango-x-bar\/click-puff-es\/click-puff-pod-es\/click-puff-pod-pop-corn-caramel\/#primaryimage","url":"https:\/\/dev.x-bar.co\/wp-content\/uploads\/2024\/12\/xbar-clickandpuff-pod-popcorncaramel.png","contentUrl":"https:\/\/dev.x-bar.co\/wp-content\/uploads\/2024\/12\/xbar-clickandpuff-pod-popcorncaramel.png","width":650,"height":650},{"@type":"BreadcrumbList","@id":"https:\/\/dev.x-bar.co\/es\/boutique\/rango-x-bar\/click-puff-es\/click-puff-pod-es\/click-puff-pod-pop-corn-caramel\/#breadcrumb","itemListElement":[{"@type":"ListItem","position":1,"name":"Accueil","item":"https:\/\/dev.x-bar.co\/es\/"},{"@type":"ListItem","position":2,"name":"Tienda online","item":"https:\/\/dev.x-bar.co\/boutique\/"},{"@type":"ListItem","position":3,"name":"Click &#038; Puff &#8211; Pod &#8211; Pop Corn Caramel"}]},{"@type":"WebSite","@id":"https:\/\/dev.x-bar.co\/es\/#website","url":"https:\/\/dev.x-bar.co\/es\/","name":"X-Bar\u00ae - Official Online Shop","description":"Official X-Bar online shop. Best Vaping Devices Worlwide. Vaping pods, puff, eliquids, open pods system devices...","publisher":{"@id":"https:\/\/dev.x-bar.co\/es\/#organization"},"potentialAction":[{"@type":"SearchAction","target":{"@type":"EntryPoint","urlTemplate":"https:\/\/dev.x-bar.co\/es\/?s={search_term_string}"},"query-input":{"@type":"PropertyValueSpecification","valueRequired":true,"valueName":"search_term_string"}}],"inLanguage":"es"},{"@type":"Organization","@id":"https:\/\/dev.x-bar.co\/es\/#organization","name":"X-Bar\u00ae - Official Online Shop","url":"https:\/\/dev.x-bar.co\/es\/","logo":{"@type":"ImageObject","inLanguage":"es","@id":"https:\/\/dev.x-bar.co\/es\/#\/schema\/logo\/image\/","url":"https:\/\/dev.x-bar.co\/wp-content\/uploads\/2022\/07\/xbar-logo.svg","contentUrl":"https:\/\/dev.x-bar.co\/wp-content\/uploads\/2022\/07\/xbar-logo.svg","width":266,"height":41,"caption":"X-Bar\u00ae - Official Online Shop"},"image":{"@id":"https:\/\/dev.x-bar.co\/es\/#\/schema\/logo\/image\/"}}]},"og_availability":"instock","product_availability":"instock","product_condition":"new"},"jetpack_sharing_enabled":true,"_links":{"self":[{"href":"https:\/\/dev.x-bar.co\/es\/wp-json\/wp\/v2\/product\/239382","targetHints":{"allow":["GET"]}}],"collection":[{"href":"https:\/\/dev.x-bar.co\/es\/wp-json\/wp\/v2\/product"}],"about":[{"href":"https:\/\/dev.x-bar.co\/es\/wp-json\/wp\/v2\/types\/product"}],"wp:featuredmedia":[{"embeddable":true,"href":"https:\/\/dev.x-bar.co\/es\/wp-json\/wp\/v2\/media\/239403"}],"wp:attachment":[{"href":"https:\/\/dev.x-bar.co\/es\/wp-json\/wp\/v2\/media?parent=239382"}],"wp:term":[{"taxonomy":"product_brand","embeddable":true,"href":"https:\/\/dev.x-bar.co\/es\/wp-json\/wp\/v2\/product_brand?post=239382"},{"taxonomy":"product_cat","embeddable":true,"href":"https:\/\/dev.x-bar.co\/es\/wp-json\/wp\/v2\/product_cat?post=239382"},{"taxonomy":"product_tag","embeddable":true,"href":"https:\/\/dev.x-bar.co\/es\/wp-json\/wp\/v2\/product_tag?post=239382"}],"curies":[{"name":"wp","href":"https:\/\/api.w.org\/{rel}","templated":true}]}}