{"id":46452,"date":"2023-08-24T13:04:13","date_gmt":"2023-08-24T11:04:13","guid":{"rendered":"https:\/\/x-bar.co\/?post_type=product&#038;p=46452"},"modified":"2025-07-02T23:16:10","modified_gmt":"2025-07-02T21:16:10","slug":"click-puff-pod-cotton-candy","status":"publish","type":"product","link":"https:\/\/dev.x-bar.co\/es\/boutique\/sabores\/caramelo\/click-puff-pod-cotton-candy\/","title":{"rendered":"Click &#038; Puff &#8211; Pod &#8211; Cotton Candy"},"content":{"rendered":"","protected":false},"excerpt":{"rendered":"<div class=\"flex-1 overflow-hidden\">\n<div class=\"react-scroll-to-bottom--css-zcaxp-79elbk h-full dark:bg-gray-800\">\n<div class=\"react-scroll-to-bottom--css-zcaxp-1n7m0yu\">\n<div class=\"flex flex-col text-sm dark:bg-gray-800\">\n<div class=\"group w-full text-token-text-primary border-b border-black\/10 dark:border-gray-900\/50 bg-gray-50 dark:bg-[#444654]\">\n<div class=\"flex p-4 gap-4 text-base md:gap-6 md:max-w-2xl lg:max-w-[38rem] xl:max-w-3xl md:py-6 lg:px-0 m-auto\">\n<div class=\"relative flex w-[calc(100%-50px)] flex-col gap-1 md:gap-3 lg:w-[calc(100%-115px)]\">\n<div class=\"flex flex-grow flex-col gap-3 max-w-full\">\n<div class=\"min-h-[20px] flex flex-col items-start gap-3 overflow-x-auto whitespace-pre-wrap break-words\">\n<div class=\"markdown prose w-full break-words dark:prose-invert light\">\n<p>X-Bar Click &amp; Puff Cotton Candy es un delicioso producto de vapeo que captura la esencia de la diversi\u00f3n veraniega en el parque de atracciones. Su sabor es un puro y dulce deleite de algod\u00f3n de az\u00facar que te transporta a esos d\u00edas soleados y despreocupados. Con cada bocanada, experimentar\u00e1s el sabor nost\u00e1lgico del algod\u00f3n de az\u00facar, reviviendo la emoci\u00f3n y la alegr\u00eda de los veranos en la feria. Perfecto para cualquiera que busque un sabor de carnaval en la palma de su mano, Cotton Candy es una experiencia que no puedes dejar de probar.<\/p>\n<\/div>\n<\/div>\n<\/div>\n<\/div>\n<\/div>\n<\/div>\n<\/div>\n<\/div>\n<\/div>\n<\/div>\n","protected":false},"featured_media":46466,"template":"","meta":{"_acf_changed":false},"product_brand":[],"product_cat":[239,533,231],"product_tag":[508],"class_list":{"0":"post-46452","1":"product","2":"type-product","3":"status-publish","4":"has-post-thumbnail","6":"product_cat-caramelo","7":"product_cat-click-puff-es","8":"product_cat-click-puff-pod-es","9":"product_tag-click-puff-es","11":"first","12":"instock","13":"taxable","14":"shipping-taxable","15":"purchasable","16":"product-type-variable","17":"has-default-attributes"},"composite_virtual":false,"composite_layout":"","composite_add_to_cart_form_location":"","composite_editable_in_cart":false,"composite_sold_individually_context":"","composite_shop_price_calc":"","composite_components":[],"composite_scenarios":[],"acf":[],"yoast_head":"<!-- This site is optimized with the Yoast SEO Premium plugin v25.7.1 (Yoast SEO v27.3) - https:\/\/yoast.com\/product\/yoast-seo-premium-wordpress\/ -->\n<title>Click &amp; Puff - Pod - Cotton Candy - X-Bar\u00ae - Tienda Oficial Online<\/title>\n<meta name=\"robots\" content=\"index, follow, max-snippet:-1, max-image-preview:large, max-video-preview:-1\" \/>\n<link rel=\"canonical\" href=\"https:\/\/dev.x-bar.co\/es\/boutique\/sabores\/caramelo\/click-puff-pod-cotton-candy\/\" \/>\n<meta property=\"og:locale\" content=\"es_ES\" \/>\n<meta property=\"og:type\" content=\"article\" \/>\n<meta property=\"og:title\" content=\"Click &amp; Puff - Pod - Cotton Candy\" \/>\n<meta property=\"og:description\" content=\"X-Bar Click &amp; Puff Cotton Candy es un delicioso producto de vapeo que captura la esencia de la diversi\u00f3n veraniega en el parque de atracciones. Su sabor es un puro y dulce deleite de algod\u00f3n de az\u00facar que te transporta a esos d\u00edas soleados y despreocupados. Con cada bocanada, experimentar\u00e1s el sabor nost\u00e1lgico del algod\u00f3n de az\u00facar, reviviendo la emoci\u00f3n y la alegr\u00eda de los veranos en la feria. Perfecto para cualquiera que busque un sabor de carnaval en la palma de su mano, Cotton Candy es una experiencia que no puedes dejar de probar.\" \/>\n<meta property=\"og:url\" content=\"https:\/\/dev.x-bar.co\/es\/boutique\/sabores\/caramelo\/click-puff-pod-cotton-candy\/\" \/>\n<meta property=\"og:site_name\" content=\"X-Bar\u00ae - Tienda Oficial Online\" \/>\n<meta property=\"article:modified_time\" content=\"2025-07-02T21:16:10+00:00\" \/>\n<meta property=\"og:image\" content=\"https:\/\/dev.x-bar.co\/wp-content\/uploads\/2023\/08\/xbar-clickandpuff-pod-cottoncandy.png\" \/>\n\t<meta property=\"og:image:width\" content=\"650\" \/>\n\t<meta property=\"og:image:height\" content=\"650\" \/>\n\t<meta property=\"og:image:type\" content=\"image\/png\" \/>\n<meta name=\"twitter:card\" content=\"summary_large_image\" \/>\n<meta name=\"twitter:label1\" content=\"Disponibilidad\" \/>\n\t<meta name=\"twitter:data1\" content=\"Disponible\" \/>\n<script type=\"application\/ld+json\" class=\"yoast-schema-graph\">{\"@context\":\"https:\\\/\\\/schema.org\",\"@graph\":[{\"@type\":\"WebPage\",\"@id\":\"https:\\\/\\\/dev.x-bar.co\\\/es\\\/boutique\\\/sabores\\\/caramelo\\\/click-puff-pod-cotton-candy\\\/\",\"url\":\"https:\\\/\\\/dev.x-bar.co\\\/es\\\/boutique\\\/sabores\\\/caramelo\\\/click-puff-pod-cotton-candy\\\/\",\"name\":\"Click & Puff - Pod - Cotton Candy - X-Bar\u00ae - Tienda Oficial Online\",\"isPartOf\":{\"@id\":\"https:\\\/\\\/dev.x-bar.co\\\/es\\\/#website\"},\"primaryImageOfPage\":{\"@id\":\"https:\\\/\\\/dev.x-bar.co\\\/es\\\/boutique\\\/sabores\\\/caramelo\\\/click-puff-pod-cotton-candy\\\/#primaryimage\"},\"image\":{\"@id\":\"https:\\\/\\\/dev.x-bar.co\\\/es\\\/boutique\\\/sabores\\\/caramelo\\\/click-puff-pod-cotton-candy\\\/#primaryimage\"},\"thumbnailUrl\":\"https:\\\/\\\/dev.x-bar.co\\\/wp-content\\\/uploads\\\/2023\\\/08\\\/xbar-clickandpuff-pod-cottoncandy.png\",\"datePublished\":\"2023-08-24T11:04:13+00:00\",\"dateModified\":\"2025-07-02T21:16:10+00:00\",\"breadcrumb\":{\"@id\":\"https:\\\/\\\/dev.x-bar.co\\\/es\\\/boutique\\\/sabores\\\/caramelo\\\/click-puff-pod-cotton-candy\\\/#breadcrumb\"},\"inLanguage\":\"es\",\"potentialAction\":[{\"@type\":\"ReadAction\",\"target\":[\"https:\\\/\\\/dev.x-bar.co\\\/es\\\/boutique\\\/sabores\\\/caramelo\\\/click-puff-pod-cotton-candy\\\/\"]}]},{\"@type\":\"ImageObject\",\"inLanguage\":\"es\",\"@id\":\"https:\\\/\\\/dev.x-bar.co\\\/es\\\/boutique\\\/sabores\\\/caramelo\\\/click-puff-pod-cotton-candy\\\/#primaryimage\",\"url\":\"https:\\\/\\\/dev.x-bar.co\\\/wp-content\\\/uploads\\\/2023\\\/08\\\/xbar-clickandpuff-pod-cottoncandy.png\",\"contentUrl\":\"https:\\\/\\\/dev.x-bar.co\\\/wp-content\\\/uploads\\\/2023\\\/08\\\/xbar-clickandpuff-pod-cottoncandy.png\",\"width\":650,\"height\":650},{\"@type\":\"BreadcrumbList\",\"@id\":\"https:\\\/\\\/dev.x-bar.co\\\/es\\\/boutique\\\/sabores\\\/caramelo\\\/click-puff-pod-cotton-candy\\\/#breadcrumb\",\"itemListElement\":[{\"@type\":\"ListItem\",\"position\":1,\"name\":\"Accueil\",\"item\":\"https:\\\/\\\/dev.x-bar.co\\\/es\\\/\"},{\"@type\":\"ListItem\",\"position\":2,\"name\":\"Tienda online\",\"item\":\"https:\\\/\\\/dev.x-bar.co\\\/boutique\\\/\"},{\"@type\":\"ListItem\",\"position\":3,\"name\":\"Click &#038; Puff &#8211; Pod &#8211; Cotton Candy\"}]},{\"@type\":\"WebSite\",\"@id\":\"https:\\\/\\\/dev.x-bar.co\\\/es\\\/#website\",\"url\":\"https:\\\/\\\/dev.x-bar.co\\\/es\\\/\",\"name\":\"X-Bar\u00ae - Official Online Shop\",\"description\":\"Official X-Bar online shop. Best Vaping Devices Worlwide. Vaping pods, puff, eliquids, open pods system devices...\",\"publisher\":{\"@id\":\"https:\\\/\\\/dev.x-bar.co\\\/es\\\/#organization\"},\"potentialAction\":[{\"@type\":\"SearchAction\",\"target\":{\"@type\":\"EntryPoint\",\"urlTemplate\":\"https:\\\/\\\/dev.x-bar.co\\\/es\\\/?s={search_term_string}\"},\"query-input\":{\"@type\":\"PropertyValueSpecification\",\"valueRequired\":true,\"valueName\":\"search_term_string\"}}],\"inLanguage\":\"es\"},{\"@type\":\"Organization\",\"@id\":\"https:\\\/\\\/dev.x-bar.co\\\/es\\\/#organization\",\"name\":\"X-Bar\u00ae - Official Online Shop\",\"url\":\"https:\\\/\\\/dev.x-bar.co\\\/es\\\/\",\"logo\":{\"@type\":\"ImageObject\",\"inLanguage\":\"es\",\"@id\":\"https:\\\/\\\/dev.x-bar.co\\\/es\\\/#\\\/schema\\\/logo\\\/image\\\/\",\"url\":\"https:\\\/\\\/dev.x-bar.co\\\/wp-content\\\/uploads\\\/2022\\\/07\\\/xbar-logo.svg\",\"contentUrl\":\"https:\\\/\\\/dev.x-bar.co\\\/wp-content\\\/uploads\\\/2022\\\/07\\\/xbar-logo.svg\",\"width\":266,\"height\":41,\"caption\":\"X-Bar\u00ae - Official Online Shop\"},\"image\":{\"@id\":\"https:\\\/\\\/dev.x-bar.co\\\/es\\\/#\\\/schema\\\/logo\\\/image\\\/\"}}]}<\/script>\n<meta property=\"og:availability\" content=\"instock\" \/>\n<meta property=\"product:availability\" content=\"instock\" \/>\n<meta property=\"product:condition\" content=\"new\" \/>\n<!-- \/ Yoast SEO Premium plugin. -->","yoast_head_json":{"title":"Click & Puff - Pod - Cotton Candy - X-Bar\u00ae - Tienda Oficial Online","robots":{"index":"index","follow":"follow","max-snippet":"max-snippet:-1","max-image-preview":"max-image-preview:large","max-video-preview":"max-video-preview:-1"},"canonical":"https:\/\/dev.x-bar.co\/es\/boutique\/sabores\/caramelo\/click-puff-pod-cotton-candy\/","og_locale":"es_ES","og_type":"article","og_title":"Click & Puff - Pod - Cotton Candy","og_description":"X-Bar Click &amp; Puff Cotton Candy es un delicioso producto de vapeo que captura la esencia de la diversi\u00f3n veraniega en el parque de atracciones. Su sabor es un puro y dulce deleite de algod\u00f3n de az\u00facar que te transporta a esos d\u00edas soleados y despreocupados. Con cada bocanada, experimentar\u00e1s el sabor nost\u00e1lgico del algod\u00f3n de az\u00facar, reviviendo la emoci\u00f3n y la alegr\u00eda de los veranos en la feria. Perfecto para cualquiera que busque un sabor de carnaval en la palma de su mano, Cotton Candy es una experiencia que no puedes dejar de probar.","og_url":"https:\/\/dev.x-bar.co\/es\/boutique\/sabores\/caramelo\/click-puff-pod-cotton-candy\/","og_site_name":"X-Bar\u00ae - Tienda Oficial Online","article_modified_time":"2025-07-02T21:16:10+00:00","og_image":[{"width":650,"height":650,"url":"https:\/\/dev.x-bar.co\/wp-content\/uploads\/2023\/08\/xbar-clickandpuff-pod-cottoncandy.png","type":"image\/png"}],"twitter_card":"summary_large_image","twitter_misc":{"Disponibilidad":"Disponible"},"schema":{"@context":"https:\/\/schema.org","@graph":[{"@type":"WebPage","@id":"https:\/\/dev.x-bar.co\/es\/boutique\/sabores\/caramelo\/click-puff-pod-cotton-candy\/","url":"https:\/\/dev.x-bar.co\/es\/boutique\/sabores\/caramelo\/click-puff-pod-cotton-candy\/","name":"Click & Puff - Pod - Cotton Candy - X-Bar\u00ae - Tienda Oficial Online","isPartOf":{"@id":"https:\/\/dev.x-bar.co\/es\/#website"},"primaryImageOfPage":{"@id":"https:\/\/dev.x-bar.co\/es\/boutique\/sabores\/caramelo\/click-puff-pod-cotton-candy\/#primaryimage"},"image":{"@id":"https:\/\/dev.x-bar.co\/es\/boutique\/sabores\/caramelo\/click-puff-pod-cotton-candy\/#primaryimage"},"thumbnailUrl":"https:\/\/dev.x-bar.co\/wp-content\/uploads\/2023\/08\/xbar-clickandpuff-pod-cottoncandy.png","datePublished":"2023-08-24T11:04:13+00:00","dateModified":"2025-07-02T21:16:10+00:00","breadcrumb":{"@id":"https:\/\/dev.x-bar.co\/es\/boutique\/sabores\/caramelo\/click-puff-pod-cotton-candy\/#breadcrumb"},"inLanguage":"es","potentialAction":[{"@type":"ReadAction","target":["https:\/\/dev.x-bar.co\/es\/boutique\/sabores\/caramelo\/click-puff-pod-cotton-candy\/"]}]},{"@type":"ImageObject","inLanguage":"es","@id":"https:\/\/dev.x-bar.co\/es\/boutique\/sabores\/caramelo\/click-puff-pod-cotton-candy\/#primaryimage","url":"https:\/\/dev.x-bar.co\/wp-content\/uploads\/2023\/08\/xbar-clickandpuff-pod-cottoncandy.png","contentUrl":"https:\/\/dev.x-bar.co\/wp-content\/uploads\/2023\/08\/xbar-clickandpuff-pod-cottoncandy.png","width":650,"height":650},{"@type":"BreadcrumbList","@id":"https:\/\/dev.x-bar.co\/es\/boutique\/sabores\/caramelo\/click-puff-pod-cotton-candy\/#breadcrumb","itemListElement":[{"@type":"ListItem","position":1,"name":"Accueil","item":"https:\/\/dev.x-bar.co\/es\/"},{"@type":"ListItem","position":2,"name":"Tienda online","item":"https:\/\/dev.x-bar.co\/boutique\/"},{"@type":"ListItem","position":3,"name":"Click &#038; Puff &#8211; Pod &#8211; Cotton Candy"}]},{"@type":"WebSite","@id":"https:\/\/dev.x-bar.co\/es\/#website","url":"https:\/\/dev.x-bar.co\/es\/","name":"X-Bar\u00ae - Official Online Shop","description":"Official X-Bar online shop. Best Vaping Devices Worlwide. Vaping pods, puff, eliquids, open pods system devices...","publisher":{"@id":"https:\/\/dev.x-bar.co\/es\/#organization"},"potentialAction":[{"@type":"SearchAction","target":{"@type":"EntryPoint","urlTemplate":"https:\/\/dev.x-bar.co\/es\/?s={search_term_string}"},"query-input":{"@type":"PropertyValueSpecification","valueRequired":true,"valueName":"search_term_string"}}],"inLanguage":"es"},{"@type":"Organization","@id":"https:\/\/dev.x-bar.co\/es\/#organization","name":"X-Bar\u00ae - Official Online Shop","url":"https:\/\/dev.x-bar.co\/es\/","logo":{"@type":"ImageObject","inLanguage":"es","@id":"https:\/\/dev.x-bar.co\/es\/#\/schema\/logo\/image\/","url":"https:\/\/dev.x-bar.co\/wp-content\/uploads\/2022\/07\/xbar-logo.svg","contentUrl":"https:\/\/dev.x-bar.co\/wp-content\/uploads\/2022\/07\/xbar-logo.svg","width":266,"height":41,"caption":"X-Bar\u00ae - Official Online Shop"},"image":{"@id":"https:\/\/dev.x-bar.co\/es\/#\/schema\/logo\/image\/"}}]},"og_availability":"instock","product_availability":"instock","product_condition":"new"},"jetpack_sharing_enabled":true,"_links":{"self":[{"href":"https:\/\/dev.x-bar.co\/es\/wp-json\/wp\/v2\/product\/46452","targetHints":{"allow":["GET"]}}],"collection":[{"href":"https:\/\/dev.x-bar.co\/es\/wp-json\/wp\/v2\/product"}],"about":[{"href":"https:\/\/dev.x-bar.co\/es\/wp-json\/wp\/v2\/types\/product"}],"wp:featuredmedia":[{"embeddable":true,"href":"https:\/\/dev.x-bar.co\/es\/wp-json\/wp\/v2\/media\/46466"}],"wp:attachment":[{"href":"https:\/\/dev.x-bar.co\/es\/wp-json\/wp\/v2\/media?parent=46452"}],"wp:term":[{"taxonomy":"product_brand","embeddable":true,"href":"https:\/\/dev.x-bar.co\/es\/wp-json\/wp\/v2\/product_brand?post=46452"},{"taxonomy":"product_cat","embeddable":true,"href":"https:\/\/dev.x-bar.co\/es\/wp-json\/wp\/v2\/product_cat?post=46452"},{"taxonomy":"product_tag","embeddable":true,"href":"https:\/\/dev.x-bar.co\/es\/wp-json\/wp\/v2\/product_tag?post=46452"}],"curies":[{"name":"wp","href":"https:\/\/api.w.org\/{rel}","templated":true}]}}