{"id":57366,"date":"2023-09-18T16:24:57","date_gmt":"2023-09-18T14:24:57","guid":{"rendered":"https:\/\/x-bar.co\/?post_type=product&#038;p=57366"},"modified":"2023-09-18T17:38:07","modified_gmt":"2023-09-18T15:38:07","slug":"e-liquid-50ml-green-apple","status":"publish","type":"product","link":"https:\/\/dev.x-bar.co\/es\/boutique\/sabores\/frutas\/e-liquid-50ml-green-apple\/","title":{"rendered":"E-liquid 50ml Green Apple"},"content":{"rendered":"","protected":false},"excerpt":{"rendered":"<p><strong>Solo disponible en 0mg\/ml.<\/strong><\/p>\n<p>\u00a1Les presentamos nuestro e-l\u00edquido \u00abGreen Apple \u00bb &#8211; un sabor tentador que despierta sus papilas gustativas! Crisp y agridulce, captura la esencia de las manzanas verdes reci\u00e9n cosechadas. Cada bocanada te lleva a un huerto ba\u00f1ado por el sol, rodeado de exuberante vegetaci\u00f3n. La dulzura perfectamente equilibrada con un toque de acidez revitaliza tus sentidos. Alcanza este vapeo revitalizante siempre que necesites un estallido de sabor. Eleva tu viaje de vapeo con el delicioso e-l\u00edquido \u00abGreen Apple\u00bb &#8211; la fruta m\u00e1s seductora de la naturaleza en una botella.<\/p>\n","protected":false},"featured_media":57374,"template":"","meta":{"_acf_changed":false},"product_brand":[],"product_cat":[240,544],"product_tag":[],"class_list":{"0":"post-57366","1":"product","2":"type-product","3":"status-publish","4":"has-post-thumbnail","6":"product_cat-frutas","7":"product_cat-e-liquido-50ml","9":"first","10":"instock","11":"taxable","12":"shipping-taxable","13":"purchasable","14":"product-type-variable","15":"has-default-attributes"},"composite_virtual":false,"composite_layout":"","composite_add_to_cart_form_location":"","composite_editable_in_cart":false,"composite_sold_individually_context":"","composite_shop_price_calc":"","composite_components":[],"composite_scenarios":[],"acf":[],"yoast_head":"<!-- This site is optimized with the Yoast SEO Premium plugin v25.7.1 (Yoast SEO v27.3) - https:\/\/yoast.com\/product\/yoast-seo-premium-wordpress\/ -->\n<title>E-liquid 50ml Green Apple - X-Bar\u00ae - Tienda Oficial Online<\/title>\n<meta name=\"robots\" content=\"index, follow, max-snippet:-1, max-image-preview:large, max-video-preview:-1\" \/>\n<link rel=\"canonical\" href=\"https:\/\/dev.x-bar.co\/es\/boutique\/sabores\/frutas\/e-liquid-50ml-green-apple\/\" \/>\n<meta property=\"og:locale\" content=\"es_ES\" \/>\n<meta property=\"og:type\" content=\"article\" \/>\n<meta property=\"og:title\" content=\"E-liquid 50ml Green Apple\" \/>\n<meta property=\"og:description\" content=\"Solo disponible en 0mg\/ml.  \u00a1Les presentamos nuestro e-l\u00edquido &quot;Green Apple &quot; - un sabor tentador que despierta sus papilas gustativas! Crisp y agridulce, captura la esencia de las manzanas verdes reci\u00e9n cosechadas. Cada bocanada te lleva a un huerto ba\u00f1ado por el sol, rodeado de exuberante vegetaci\u00f3n. La dulzura perfectamente equilibrada con un toque de acidez revitaliza tus sentidos. Alcanza este vapeo revitalizante siempre que necesites un estallido de sabor. Eleva tu viaje de vapeo con el delicioso e-l\u00edquido &quot;Green Apple&quot; - la fruta m\u00e1s seductora de la naturaleza en una botella.\" \/>\n<meta property=\"og:url\" content=\"https:\/\/dev.x-bar.co\/es\/boutique\/sabores\/frutas\/e-liquid-50ml-green-apple\/\" \/>\n<meta property=\"og:site_name\" content=\"X-Bar\u00ae - Tienda Oficial Online\" \/>\n<meta property=\"article:modified_time\" content=\"2023-09-18T15:38:07+00:00\" \/>\n<meta property=\"og:image\" content=\"https:\/\/dev.x-bar.co\/wp-content\/uploads\/2023\/09\/x-bar-50ml-green-apple1.jpg\" \/>\n\t<meta property=\"og:image:width\" content=\"800\" \/>\n\t<meta property=\"og:image:height\" content=\"800\" \/>\n\t<meta property=\"og:image:type\" content=\"image\/jpeg\" \/>\n<meta name=\"twitter:card\" content=\"summary_large_image\" \/>\n<meta name=\"twitter:label1\" content=\"Disponibilidad\" \/>\n\t<meta name=\"twitter:data1\" content=\"Disponible\" \/>\n<script type=\"application\/ld+json\" class=\"yoast-schema-graph\">{\"@context\":\"https:\\\/\\\/schema.org\",\"@graph\":[{\"@type\":\"WebPage\",\"@id\":\"https:\\\/\\\/dev.x-bar.co\\\/es\\\/boutique\\\/sabores\\\/frutas\\\/e-liquid-50ml-green-apple\\\/\",\"url\":\"https:\\\/\\\/dev.x-bar.co\\\/es\\\/boutique\\\/sabores\\\/frutas\\\/e-liquid-50ml-green-apple\\\/\",\"name\":\"E-liquid 50ml Green Apple - X-Bar\u00ae - Tienda Oficial Online\",\"isPartOf\":{\"@id\":\"https:\\\/\\\/dev.x-bar.co\\\/es\\\/#website\"},\"primaryImageOfPage\":{\"@id\":\"https:\\\/\\\/dev.x-bar.co\\\/es\\\/boutique\\\/sabores\\\/frutas\\\/e-liquid-50ml-green-apple\\\/#primaryimage\"},\"image\":{\"@id\":\"https:\\\/\\\/dev.x-bar.co\\\/es\\\/boutique\\\/sabores\\\/frutas\\\/e-liquid-50ml-green-apple\\\/#primaryimage\"},\"thumbnailUrl\":\"https:\\\/\\\/dev.x-bar.co\\\/wp-content\\\/uploads\\\/2023\\\/09\\\/x-bar-50ml-green-apple1.jpg\",\"datePublished\":\"2023-09-18T14:24:57+00:00\",\"dateModified\":\"2023-09-18T15:38:07+00:00\",\"breadcrumb\":{\"@id\":\"https:\\\/\\\/dev.x-bar.co\\\/es\\\/boutique\\\/sabores\\\/frutas\\\/e-liquid-50ml-green-apple\\\/#breadcrumb\"},\"inLanguage\":\"es\",\"potentialAction\":[{\"@type\":\"ReadAction\",\"target\":[\"https:\\\/\\\/dev.x-bar.co\\\/es\\\/boutique\\\/sabores\\\/frutas\\\/e-liquid-50ml-green-apple\\\/\"]}]},{\"@type\":\"ImageObject\",\"inLanguage\":\"es\",\"@id\":\"https:\\\/\\\/dev.x-bar.co\\\/es\\\/boutique\\\/sabores\\\/frutas\\\/e-liquid-50ml-green-apple\\\/#primaryimage\",\"url\":\"https:\\\/\\\/dev.x-bar.co\\\/wp-content\\\/uploads\\\/2023\\\/09\\\/x-bar-50ml-green-apple1.jpg\",\"contentUrl\":\"https:\\\/\\\/dev.x-bar.co\\\/wp-content\\\/uploads\\\/2023\\\/09\\\/x-bar-50ml-green-apple1.jpg\",\"width\":800,\"height\":800},{\"@type\":\"BreadcrumbList\",\"@id\":\"https:\\\/\\\/dev.x-bar.co\\\/es\\\/boutique\\\/sabores\\\/frutas\\\/e-liquid-50ml-green-apple\\\/#breadcrumb\",\"itemListElement\":[{\"@type\":\"ListItem\",\"position\":1,\"name\":\"Accueil\",\"item\":\"https:\\\/\\\/dev.x-bar.co\\\/es\\\/\"},{\"@type\":\"ListItem\",\"position\":2,\"name\":\"Tienda online\",\"item\":\"https:\\\/\\\/dev.x-bar.co\\\/boutique\\\/\"},{\"@type\":\"ListItem\",\"position\":3,\"name\":\"E-liquid 50ml Green Apple\"}]},{\"@type\":\"WebSite\",\"@id\":\"https:\\\/\\\/dev.x-bar.co\\\/es\\\/#website\",\"url\":\"https:\\\/\\\/dev.x-bar.co\\\/es\\\/\",\"name\":\"X-Bar\u00ae - Official Online Shop\",\"description\":\"Official X-Bar online shop. Best Vaping Devices Worlwide. Vaping pods, puff, eliquids, open pods system devices...\",\"publisher\":{\"@id\":\"https:\\\/\\\/dev.x-bar.co\\\/es\\\/#organization\"},\"potentialAction\":[{\"@type\":\"SearchAction\",\"target\":{\"@type\":\"EntryPoint\",\"urlTemplate\":\"https:\\\/\\\/dev.x-bar.co\\\/es\\\/?s={search_term_string}\"},\"query-input\":{\"@type\":\"PropertyValueSpecification\",\"valueRequired\":true,\"valueName\":\"search_term_string\"}}],\"inLanguage\":\"es\"},{\"@type\":\"Organization\",\"@id\":\"https:\\\/\\\/dev.x-bar.co\\\/es\\\/#organization\",\"name\":\"X-Bar\u00ae - Official Online Shop\",\"url\":\"https:\\\/\\\/dev.x-bar.co\\\/es\\\/\",\"logo\":{\"@type\":\"ImageObject\",\"inLanguage\":\"es\",\"@id\":\"https:\\\/\\\/dev.x-bar.co\\\/es\\\/#\\\/schema\\\/logo\\\/image\\\/\",\"url\":\"https:\\\/\\\/dev.x-bar.co\\\/wp-content\\\/uploads\\\/2022\\\/07\\\/xbar-logo.svg\",\"contentUrl\":\"https:\\\/\\\/dev.x-bar.co\\\/wp-content\\\/uploads\\\/2022\\\/07\\\/xbar-logo.svg\",\"width\":266,\"height\":41,\"caption\":\"X-Bar\u00ae - Official Online Shop\"},\"image\":{\"@id\":\"https:\\\/\\\/dev.x-bar.co\\\/es\\\/#\\\/schema\\\/logo\\\/image\\\/\"}}]}<\/script>\n<meta property=\"og:availability\" content=\"instock\" \/>\n<meta property=\"product:availability\" content=\"instock\" \/>\n<meta property=\"product:condition\" content=\"new\" \/>\n<!-- \/ Yoast SEO Premium plugin. -->","yoast_head_json":{"title":"E-liquid 50ml Green Apple - X-Bar\u00ae - Tienda Oficial Online","robots":{"index":"index","follow":"follow","max-snippet":"max-snippet:-1","max-image-preview":"max-image-preview:large","max-video-preview":"max-video-preview:-1"},"canonical":"https:\/\/dev.x-bar.co\/es\/boutique\/sabores\/frutas\/e-liquid-50ml-green-apple\/","og_locale":"es_ES","og_type":"article","og_title":"E-liquid 50ml Green Apple","og_description":"Solo disponible en 0mg\/ml.  \u00a1Les presentamos nuestro e-l\u00edquido \"Green Apple \" - un sabor tentador que despierta sus papilas gustativas! Crisp y agridulce, captura la esencia de las manzanas verdes reci\u00e9n cosechadas. Cada bocanada te lleva a un huerto ba\u00f1ado por el sol, rodeado de exuberante vegetaci\u00f3n. La dulzura perfectamente equilibrada con un toque de acidez revitaliza tus sentidos. Alcanza este vapeo revitalizante siempre que necesites un estallido de sabor. Eleva tu viaje de vapeo con el delicioso e-l\u00edquido \"Green Apple\" - la fruta m\u00e1s seductora de la naturaleza en una botella.","og_url":"https:\/\/dev.x-bar.co\/es\/boutique\/sabores\/frutas\/e-liquid-50ml-green-apple\/","og_site_name":"X-Bar\u00ae - Tienda Oficial Online","article_modified_time":"2023-09-18T15:38:07+00:00","og_image":[{"width":800,"height":800,"url":"https:\/\/dev.x-bar.co\/wp-content\/uploads\/2023\/09\/x-bar-50ml-green-apple1.jpg","type":"image\/jpeg"}],"twitter_card":"summary_large_image","twitter_misc":{"Disponibilidad":"Disponible"},"schema":{"@context":"https:\/\/schema.org","@graph":[{"@type":"WebPage","@id":"https:\/\/dev.x-bar.co\/es\/boutique\/sabores\/frutas\/e-liquid-50ml-green-apple\/","url":"https:\/\/dev.x-bar.co\/es\/boutique\/sabores\/frutas\/e-liquid-50ml-green-apple\/","name":"E-liquid 50ml Green Apple - X-Bar\u00ae - Tienda Oficial Online","isPartOf":{"@id":"https:\/\/dev.x-bar.co\/es\/#website"},"primaryImageOfPage":{"@id":"https:\/\/dev.x-bar.co\/es\/boutique\/sabores\/frutas\/e-liquid-50ml-green-apple\/#primaryimage"},"image":{"@id":"https:\/\/dev.x-bar.co\/es\/boutique\/sabores\/frutas\/e-liquid-50ml-green-apple\/#primaryimage"},"thumbnailUrl":"https:\/\/dev.x-bar.co\/wp-content\/uploads\/2023\/09\/x-bar-50ml-green-apple1.jpg","datePublished":"2023-09-18T14:24:57+00:00","dateModified":"2023-09-18T15:38:07+00:00","breadcrumb":{"@id":"https:\/\/dev.x-bar.co\/es\/boutique\/sabores\/frutas\/e-liquid-50ml-green-apple\/#breadcrumb"},"inLanguage":"es","potentialAction":[{"@type":"ReadAction","target":["https:\/\/dev.x-bar.co\/es\/boutique\/sabores\/frutas\/e-liquid-50ml-green-apple\/"]}]},{"@type":"ImageObject","inLanguage":"es","@id":"https:\/\/dev.x-bar.co\/es\/boutique\/sabores\/frutas\/e-liquid-50ml-green-apple\/#primaryimage","url":"https:\/\/dev.x-bar.co\/wp-content\/uploads\/2023\/09\/x-bar-50ml-green-apple1.jpg","contentUrl":"https:\/\/dev.x-bar.co\/wp-content\/uploads\/2023\/09\/x-bar-50ml-green-apple1.jpg","width":800,"height":800},{"@type":"BreadcrumbList","@id":"https:\/\/dev.x-bar.co\/es\/boutique\/sabores\/frutas\/e-liquid-50ml-green-apple\/#breadcrumb","itemListElement":[{"@type":"ListItem","position":1,"name":"Accueil","item":"https:\/\/dev.x-bar.co\/es\/"},{"@type":"ListItem","position":2,"name":"Tienda online","item":"https:\/\/dev.x-bar.co\/boutique\/"},{"@type":"ListItem","position":3,"name":"E-liquid 50ml Green Apple"}]},{"@type":"WebSite","@id":"https:\/\/dev.x-bar.co\/es\/#website","url":"https:\/\/dev.x-bar.co\/es\/","name":"X-Bar\u00ae - Official Online Shop","description":"Official X-Bar online shop. Best Vaping Devices Worlwide. Vaping pods, puff, eliquids, open pods system devices...","publisher":{"@id":"https:\/\/dev.x-bar.co\/es\/#organization"},"potentialAction":[{"@type":"SearchAction","target":{"@type":"EntryPoint","urlTemplate":"https:\/\/dev.x-bar.co\/es\/?s={search_term_string}"},"query-input":{"@type":"PropertyValueSpecification","valueRequired":true,"valueName":"search_term_string"}}],"inLanguage":"es"},{"@type":"Organization","@id":"https:\/\/dev.x-bar.co\/es\/#organization","name":"X-Bar\u00ae - Official Online Shop","url":"https:\/\/dev.x-bar.co\/es\/","logo":{"@type":"ImageObject","inLanguage":"es","@id":"https:\/\/dev.x-bar.co\/es\/#\/schema\/logo\/image\/","url":"https:\/\/dev.x-bar.co\/wp-content\/uploads\/2022\/07\/xbar-logo.svg","contentUrl":"https:\/\/dev.x-bar.co\/wp-content\/uploads\/2022\/07\/xbar-logo.svg","width":266,"height":41,"caption":"X-Bar\u00ae - Official Online Shop"},"image":{"@id":"https:\/\/dev.x-bar.co\/es\/#\/schema\/logo\/image\/"}}]},"og_availability":"instock","product_availability":"instock","product_condition":"new"},"jetpack_sharing_enabled":true,"_links":{"self":[{"href":"https:\/\/dev.x-bar.co\/es\/wp-json\/wp\/v2\/product\/57366","targetHints":{"allow":["GET"]}}],"collection":[{"href":"https:\/\/dev.x-bar.co\/es\/wp-json\/wp\/v2\/product"}],"about":[{"href":"https:\/\/dev.x-bar.co\/es\/wp-json\/wp\/v2\/types\/product"}],"wp:featuredmedia":[{"embeddable":true,"href":"https:\/\/dev.x-bar.co\/es\/wp-json\/wp\/v2\/media\/57374"}],"wp:attachment":[{"href":"https:\/\/dev.x-bar.co\/es\/wp-json\/wp\/v2\/media?parent=57366"}],"wp:term":[{"taxonomy":"product_brand","embeddable":true,"href":"https:\/\/dev.x-bar.co\/es\/wp-json\/wp\/v2\/product_brand?post=57366"},{"taxonomy":"product_cat","embeddable":true,"href":"https:\/\/dev.x-bar.co\/es\/wp-json\/wp\/v2\/product_cat?post=57366"},{"taxonomy":"product_tag","embeddable":true,"href":"https:\/\/dev.x-bar.co\/es\/wp-json\/wp\/v2\/product_tag?post=57366"}],"curies":[{"name":"wp","href":"https:\/\/api.w.org\/{rel}","templated":true}]}}