{"id":92228,"date":"2023-12-13T16:25:45","date_gmt":"2023-12-13T15:25:45","guid":{"rendered":"https:\/\/x-bar.co\/product\/click-charge\/"},"modified":"2023-12-26T14:43:53","modified_gmt":"2023-12-26T13:43:53","slug":"click-charge-sunset","status":"publish","type":"product","link":"https:\/\/dev.x-bar.co\/es\/boutique\/rango-x-bar\/click-puff-es\/click-puff-kit-es\/click-charge-sunset\/","title":{"rendered":"Click &#038; Charge Sunset"},"content":{"rendered":"","protected":false},"excerpt":{"rendered":"<p>Conoce el \u00abClick &amp; Charge\u00bb \u2013 \u00a1tu compa\u00f1ero ideal para vapear! Esta extensi\u00f3n de bater\u00eda, disponible en Sunset o Stone Gray, est\u00e1 dise\u00f1ada para integrarse perfectamente con nuestro X-Bar Click &amp; Puff Kit. \u00a1No m\u00e1s esperas, recarga sobre la marcha! Gracias a su dise\u00f1o inteligente, puedes seguir disfrutando de tu cigarrillo electr\u00f3nico mientras se carga. Mejora tu experiencia de vapeo con el Click &amp; Charge, estilo y comodidad en dos colores vibrantes.<\/p>\n","protected":false},"featured_media":92194,"template":"","meta":{"_acf_changed":false},"product_brand":[],"product_cat":[230,447],"product_tag":[],"class_list":{"0":"post-92228","1":"product","2":"type-product","3":"status-publish","4":"has-post-thumbnail","6":"product_cat-click-puff-kit-es","7":"product_cat-product-template-2-es-2","9":"first","10":"instock","11":"taxable","12":"shipping-taxable","13":"purchasable","14":"product-type-variable","15":"has-default-attributes"},"composite_virtual":false,"composite_layout":"","composite_add_to_cart_form_location":"","composite_editable_in_cart":false,"composite_sold_individually_context":"","composite_shop_price_calc":"","composite_components":[],"composite_scenarios":[],"acf":[],"yoast_head":"<!-- This site is optimized with the Yoast SEO Premium plugin v25.7.1 (Yoast SEO v27.3) - https:\/\/yoast.com\/product\/yoast-seo-premium-wordpress\/ -->\n<title>Click &amp; Charge Sunset - X-Bar\u00ae - Tienda Oficial Online<\/title>\n<meta name=\"robots\" content=\"index, follow, max-snippet:-1, max-image-preview:large, max-video-preview:-1\" \/>\n<link rel=\"canonical\" href=\"https:\/\/dev.x-bar.co\/es\/boutique\/rango-x-bar\/click-puff-es\/click-puff-kit-es\/click-charge-sunset\/\" \/>\n<meta property=\"og:locale\" content=\"es_ES\" \/>\n<meta property=\"og:type\" content=\"article\" \/>\n<meta property=\"og:title\" content=\"Click &amp; Charge Sunset\" \/>\n<meta property=\"og:description\" content=\"Conoce el &quot;Click &amp; Charge&quot; \u2013 \u00a1tu compa\u00f1ero ideal para vapear! Esta extensi\u00f3n de bater\u00eda, disponible en Sunset o Stone Gray, est\u00e1 dise\u00f1ada para integrarse perfectamente con nuestro X-Bar Click &amp; Puff Kit. \u00a1No m\u00e1s esperas, recarga sobre la marcha! Gracias a su dise\u00f1o inteligente, puedes seguir disfrutando de tu cigarrillo electr\u00f3nico mientras se carga. Mejora tu experiencia de vapeo con el Click &amp; Charge, estilo y comodidad en dos colores vibrantes.\" \/>\n<meta property=\"og:url\" content=\"https:\/\/dev.x-bar.co\/es\/boutique\/rango-x-bar\/click-puff-es\/click-puff-kit-es\/click-charge-sunset\/\" \/>\n<meta property=\"og:site_name\" content=\"X-Bar\u00ae - Tienda Oficial Online\" \/>\n<meta property=\"article:modified_time\" content=\"2023-12-26T13:43:53+00:00\" \/>\n<meta property=\"og:image\" content=\"https:\/\/dev.x-bar.co\/wp-content\/uploads\/2023\/12\/xbar-clickandcharge-sunset-full.png\" \/>\n\t<meta property=\"og:image:width\" content=\"650\" \/>\n\t<meta property=\"og:image:height\" content=\"650\" \/>\n\t<meta property=\"og:image:type\" content=\"image\/png\" \/>\n<meta name=\"twitter:card\" content=\"summary_large_image\" \/>\n<meta name=\"twitter:label1\" content=\"Disponibilidad\" \/>\n\t<meta name=\"twitter:data1\" content=\"Disponible\" \/>\n<script type=\"application\/ld+json\" class=\"yoast-schema-graph\">{\"@context\":\"https:\\\/\\\/schema.org\",\"@graph\":[{\"@type\":\"WebPage\",\"@id\":\"https:\\\/\\\/dev.x-bar.co\\\/es\\\/boutique\\\/rango-x-bar\\\/click-puff-es\\\/click-puff-kit-es\\\/click-charge-sunset\\\/\",\"url\":\"https:\\\/\\\/dev.x-bar.co\\\/es\\\/boutique\\\/rango-x-bar\\\/click-puff-es\\\/click-puff-kit-es\\\/click-charge-sunset\\\/\",\"name\":\"Click & Charge Sunset - X-Bar\u00ae - Tienda Oficial Online\",\"isPartOf\":{\"@id\":\"https:\\\/\\\/dev.x-bar.co\\\/es\\\/#website\"},\"primaryImageOfPage\":{\"@id\":\"https:\\\/\\\/dev.x-bar.co\\\/es\\\/boutique\\\/rango-x-bar\\\/click-puff-es\\\/click-puff-kit-es\\\/click-charge-sunset\\\/#primaryimage\"},\"image\":{\"@id\":\"https:\\\/\\\/dev.x-bar.co\\\/es\\\/boutique\\\/rango-x-bar\\\/click-puff-es\\\/click-puff-kit-es\\\/click-charge-sunset\\\/#primaryimage\"},\"thumbnailUrl\":\"https:\\\/\\\/dev.x-bar.co\\\/wp-content\\\/uploads\\\/2023\\\/12\\\/xbar-clickandcharge-sunset-full.png\",\"datePublished\":\"2023-12-13T15:25:45+00:00\",\"dateModified\":\"2023-12-26T13:43:53+00:00\",\"breadcrumb\":{\"@id\":\"https:\\\/\\\/dev.x-bar.co\\\/es\\\/boutique\\\/rango-x-bar\\\/click-puff-es\\\/click-puff-kit-es\\\/click-charge-sunset\\\/#breadcrumb\"},\"inLanguage\":\"es\",\"potentialAction\":[{\"@type\":\"ReadAction\",\"target\":[\"https:\\\/\\\/dev.x-bar.co\\\/es\\\/boutique\\\/rango-x-bar\\\/click-puff-es\\\/click-puff-kit-es\\\/click-charge-sunset\\\/\"]}]},{\"@type\":\"ImageObject\",\"inLanguage\":\"es\",\"@id\":\"https:\\\/\\\/dev.x-bar.co\\\/es\\\/boutique\\\/rango-x-bar\\\/click-puff-es\\\/click-puff-kit-es\\\/click-charge-sunset\\\/#primaryimage\",\"url\":\"https:\\\/\\\/dev.x-bar.co\\\/wp-content\\\/uploads\\\/2023\\\/12\\\/xbar-clickandcharge-sunset-full.png\",\"contentUrl\":\"https:\\\/\\\/dev.x-bar.co\\\/wp-content\\\/uploads\\\/2023\\\/12\\\/xbar-clickandcharge-sunset-full.png\",\"width\":650,\"height\":650},{\"@type\":\"BreadcrumbList\",\"@id\":\"https:\\\/\\\/dev.x-bar.co\\\/es\\\/boutique\\\/rango-x-bar\\\/click-puff-es\\\/click-puff-kit-es\\\/click-charge-sunset\\\/#breadcrumb\",\"itemListElement\":[{\"@type\":\"ListItem\",\"position\":1,\"name\":\"Accueil\",\"item\":\"https:\\\/\\\/dev.x-bar.co\\\/es\\\/\"},{\"@type\":\"ListItem\",\"position\":2,\"name\":\"Tienda online\",\"item\":\"https:\\\/\\\/dev.x-bar.co\\\/boutique\\\/\"},{\"@type\":\"ListItem\",\"position\":3,\"name\":\"Click &#038; Charge Sunset\"}]},{\"@type\":\"WebSite\",\"@id\":\"https:\\\/\\\/dev.x-bar.co\\\/es\\\/#website\",\"url\":\"https:\\\/\\\/dev.x-bar.co\\\/es\\\/\",\"name\":\"X-Bar\u00ae - Official Online Shop\",\"description\":\"Official X-Bar online shop. Best Vaping Devices Worlwide. Vaping pods, puff, eliquids, open pods system devices...\",\"publisher\":{\"@id\":\"https:\\\/\\\/dev.x-bar.co\\\/es\\\/#organization\"},\"potentialAction\":[{\"@type\":\"SearchAction\",\"target\":{\"@type\":\"EntryPoint\",\"urlTemplate\":\"https:\\\/\\\/dev.x-bar.co\\\/es\\\/?s={search_term_string}\"},\"query-input\":{\"@type\":\"PropertyValueSpecification\",\"valueRequired\":true,\"valueName\":\"search_term_string\"}}],\"inLanguage\":\"es\"},{\"@type\":\"Organization\",\"@id\":\"https:\\\/\\\/dev.x-bar.co\\\/es\\\/#organization\",\"name\":\"X-Bar\u00ae - Official Online Shop\",\"url\":\"https:\\\/\\\/dev.x-bar.co\\\/es\\\/\",\"logo\":{\"@type\":\"ImageObject\",\"inLanguage\":\"es\",\"@id\":\"https:\\\/\\\/dev.x-bar.co\\\/es\\\/#\\\/schema\\\/logo\\\/image\\\/\",\"url\":\"https:\\\/\\\/dev.x-bar.co\\\/wp-content\\\/uploads\\\/2022\\\/07\\\/xbar-logo.svg\",\"contentUrl\":\"https:\\\/\\\/dev.x-bar.co\\\/wp-content\\\/uploads\\\/2022\\\/07\\\/xbar-logo.svg\",\"width\":266,\"height\":41,\"caption\":\"X-Bar\u00ae - Official Online Shop\"},\"image\":{\"@id\":\"https:\\\/\\\/dev.x-bar.co\\\/es\\\/#\\\/schema\\\/logo\\\/image\\\/\"}}]}<\/script>\n<meta property=\"og:availability\" content=\"instock\" \/>\n<meta property=\"product:availability\" content=\"instock\" \/>\n<meta property=\"product:condition\" content=\"new\" \/>\n<!-- \/ Yoast SEO Premium plugin. -->","yoast_head_json":{"title":"Click & Charge Sunset - X-Bar\u00ae - Tienda Oficial Online","robots":{"index":"index","follow":"follow","max-snippet":"max-snippet:-1","max-image-preview":"max-image-preview:large","max-video-preview":"max-video-preview:-1"},"canonical":"https:\/\/dev.x-bar.co\/es\/boutique\/rango-x-bar\/click-puff-es\/click-puff-kit-es\/click-charge-sunset\/","og_locale":"es_ES","og_type":"article","og_title":"Click & Charge Sunset","og_description":"Conoce el \"Click &amp; Charge\" \u2013 \u00a1tu compa\u00f1ero ideal para vapear! Esta extensi\u00f3n de bater\u00eda, disponible en Sunset o Stone Gray, est\u00e1 dise\u00f1ada para integrarse perfectamente con nuestro X-Bar Click &amp; Puff Kit. \u00a1No m\u00e1s esperas, recarga sobre la marcha! Gracias a su dise\u00f1o inteligente, puedes seguir disfrutando de tu cigarrillo electr\u00f3nico mientras se carga. Mejora tu experiencia de vapeo con el Click &amp; Charge, estilo y comodidad en dos colores vibrantes.","og_url":"https:\/\/dev.x-bar.co\/es\/boutique\/rango-x-bar\/click-puff-es\/click-puff-kit-es\/click-charge-sunset\/","og_site_name":"X-Bar\u00ae - Tienda Oficial Online","article_modified_time":"2023-12-26T13:43:53+00:00","og_image":[{"width":650,"height":650,"url":"https:\/\/dev.x-bar.co\/wp-content\/uploads\/2023\/12\/xbar-clickandcharge-sunset-full.png","type":"image\/png"}],"twitter_card":"summary_large_image","twitter_misc":{"Disponibilidad":"Disponible"},"schema":{"@context":"https:\/\/schema.org","@graph":[{"@type":"WebPage","@id":"https:\/\/dev.x-bar.co\/es\/boutique\/rango-x-bar\/click-puff-es\/click-puff-kit-es\/click-charge-sunset\/","url":"https:\/\/dev.x-bar.co\/es\/boutique\/rango-x-bar\/click-puff-es\/click-puff-kit-es\/click-charge-sunset\/","name":"Click & Charge Sunset - X-Bar\u00ae - Tienda Oficial Online","isPartOf":{"@id":"https:\/\/dev.x-bar.co\/es\/#website"},"primaryImageOfPage":{"@id":"https:\/\/dev.x-bar.co\/es\/boutique\/rango-x-bar\/click-puff-es\/click-puff-kit-es\/click-charge-sunset\/#primaryimage"},"image":{"@id":"https:\/\/dev.x-bar.co\/es\/boutique\/rango-x-bar\/click-puff-es\/click-puff-kit-es\/click-charge-sunset\/#primaryimage"},"thumbnailUrl":"https:\/\/dev.x-bar.co\/wp-content\/uploads\/2023\/12\/xbar-clickandcharge-sunset-full.png","datePublished":"2023-12-13T15:25:45+00:00","dateModified":"2023-12-26T13:43:53+00:00","breadcrumb":{"@id":"https:\/\/dev.x-bar.co\/es\/boutique\/rango-x-bar\/click-puff-es\/click-puff-kit-es\/click-charge-sunset\/#breadcrumb"},"inLanguage":"es","potentialAction":[{"@type":"ReadAction","target":["https:\/\/dev.x-bar.co\/es\/boutique\/rango-x-bar\/click-puff-es\/click-puff-kit-es\/click-charge-sunset\/"]}]},{"@type":"ImageObject","inLanguage":"es","@id":"https:\/\/dev.x-bar.co\/es\/boutique\/rango-x-bar\/click-puff-es\/click-puff-kit-es\/click-charge-sunset\/#primaryimage","url":"https:\/\/dev.x-bar.co\/wp-content\/uploads\/2023\/12\/xbar-clickandcharge-sunset-full.png","contentUrl":"https:\/\/dev.x-bar.co\/wp-content\/uploads\/2023\/12\/xbar-clickandcharge-sunset-full.png","width":650,"height":650},{"@type":"BreadcrumbList","@id":"https:\/\/dev.x-bar.co\/es\/boutique\/rango-x-bar\/click-puff-es\/click-puff-kit-es\/click-charge-sunset\/#breadcrumb","itemListElement":[{"@type":"ListItem","position":1,"name":"Accueil","item":"https:\/\/dev.x-bar.co\/es\/"},{"@type":"ListItem","position":2,"name":"Tienda online","item":"https:\/\/dev.x-bar.co\/boutique\/"},{"@type":"ListItem","position":3,"name":"Click &#038; Charge Sunset"}]},{"@type":"WebSite","@id":"https:\/\/dev.x-bar.co\/es\/#website","url":"https:\/\/dev.x-bar.co\/es\/","name":"X-Bar\u00ae - Official Online Shop","description":"Official X-Bar online shop. Best Vaping Devices Worlwide. Vaping pods, puff, eliquids, open pods system devices...","publisher":{"@id":"https:\/\/dev.x-bar.co\/es\/#organization"},"potentialAction":[{"@type":"SearchAction","target":{"@type":"EntryPoint","urlTemplate":"https:\/\/dev.x-bar.co\/es\/?s={search_term_string}"},"query-input":{"@type":"PropertyValueSpecification","valueRequired":true,"valueName":"search_term_string"}}],"inLanguage":"es"},{"@type":"Organization","@id":"https:\/\/dev.x-bar.co\/es\/#organization","name":"X-Bar\u00ae - Official Online Shop","url":"https:\/\/dev.x-bar.co\/es\/","logo":{"@type":"ImageObject","inLanguage":"es","@id":"https:\/\/dev.x-bar.co\/es\/#\/schema\/logo\/image\/","url":"https:\/\/dev.x-bar.co\/wp-content\/uploads\/2022\/07\/xbar-logo.svg","contentUrl":"https:\/\/dev.x-bar.co\/wp-content\/uploads\/2022\/07\/xbar-logo.svg","width":266,"height":41,"caption":"X-Bar\u00ae - Official Online Shop"},"image":{"@id":"https:\/\/dev.x-bar.co\/es\/#\/schema\/logo\/image\/"}}]},"og_availability":"instock","product_availability":"instock","product_condition":"new"},"jetpack_sharing_enabled":true,"_links":{"self":[{"href":"https:\/\/dev.x-bar.co\/es\/wp-json\/wp\/v2\/product\/92228","targetHints":{"allow":["GET"]}}],"collection":[{"href":"https:\/\/dev.x-bar.co\/es\/wp-json\/wp\/v2\/product"}],"about":[{"href":"https:\/\/dev.x-bar.co\/es\/wp-json\/wp\/v2\/types\/product"}],"wp:featuredmedia":[{"embeddable":true,"href":"https:\/\/dev.x-bar.co\/es\/wp-json\/wp\/v2\/media\/92194"}],"wp:attachment":[{"href":"https:\/\/dev.x-bar.co\/es\/wp-json\/wp\/v2\/media?parent=92228"}],"wp:term":[{"taxonomy":"product_brand","embeddable":true,"href":"https:\/\/dev.x-bar.co\/es\/wp-json\/wp\/v2\/product_brand?post=92228"},{"taxonomy":"product_cat","embeddable":true,"href":"https:\/\/dev.x-bar.co\/es\/wp-json\/wp\/v2\/product_cat?post=92228"},{"taxonomy":"product_tag","embeddable":true,"href":"https:\/\/dev.x-bar.co\/es\/wp-json\/wp\/v2\/product_tag?post=92228"}],"curies":[{"name":"wp","href":"https:\/\/api.w.org\/{rel}","templated":true}]}}