{"id":9974,"date":"2022-09-12T11:47:59","date_gmt":"2022-09-12T09:47:59","guid":{"rendered":"https:\/\/x-bar.co\/conditions-generales-de-vente\/"},"modified":"2023-12-16T15:05:07","modified_gmt":"2023-12-16T14:05:07","slug":"condizioni-di-vendita","status":"publish","type":"page","link":"https:\/\/dev.x-bar.co\/it\/condizioni-di-vendita\/","title":{"rendered":"CONDIZIONI DI VENDITA"},"content":{"rendered":"<div class=\"policy-title\">\n<h1><span class=\"policy-1 title-terms\">CONDIZIONI GENERALI DI VENDITA<\/span><\/h1>\n<h2>PREAMBOLO<\/h2>\n<p>Queste &#8220;Condizioni Generali di Vendita&#8221; si applicano alle operazioni legali che coinvolgono prodotti venduti ai clienti da <strong style=\"font-size: 16px;\">X-Bar<\/strong> all&#8217;interno del suo negozio virtuale.<\/p>\n<\/div>\n<div class=\"policy-body\">\n<div class=\"policy-1 policy-body-single content-terms\">\n<h2>DEFINIZIONI:<\/h2>\n<p>Le seguenti parole o espressioni avranno il seguente significato nell&#8217;ambito di queste condizioni:<\/p>\n<ul>\n<li>Negozio Online: si riferisce al sito web su cui i prodotti sono presentati e venduti ai clienti.<\/li>\n<li>Ordine: si riferisce al contratto di vendita concluso tra e il cliente del negozio online.<\/li>\n<li>Scheda Prodotto: si riferisce alle informazioni classificate su un prodotto fornite da al momento dell&#8217;offerta in vendita nel suo negozio online.<\/li>\n<li>Prodotti: si riferisce a tutti i beni e servizi offerti in vendita da nel suo negozio online.<\/li>\n<li>Servizio: si riferisce alla vendita di Prodotti da parte a clienti del suo negozio online.<\/li>\n<li>Transazione: si riferisce a tutte le operazioni, processi sicuri, autorizzazioni e accordi intrinseci al pagamento del prezzo dei Prodotti ordinati con carta di credito.<\/li>\n<\/ul>\n<h2>ARTICOLO 1 \u2013 OGGETTO<\/h2>\n<p>Queste Condizioni Generali di Vendita mirano a definire i termini e le condizioni secondo cui <strong style=\"font-size: 16px;\">X-Bar<\/strong> offre e vende i suoi Prodotti ai clienti. Queste condizioni generali di vendita prevalgono su qualsiasi altra condizione che appaia in qualsiasi altro documento, a meno che sia stato preventivamente, espressamente e per iscritto rinunciato.<\/p>\n<h2>ARTICOLO 2 \u2013 ACCETTAZIONE DELLE CONDIZIONI<\/h2>\n<p>Il cliente riconosce di aver letto, al momento dell&#8217;effettuazione dell&#8217;Ordine, queste condizioni generali di vendita e dichiara espressamente di accettarle senza riserve.<\/p>\n<p>Queste condizioni generali di vendita disciplinano il rapporto contrattuale tra e il suo cliente, entrambe le parti le accettano senza riserve.<\/p>\n<h2>ARTICOLO 3 \u2013 PRODOTTI<\/h2>\n<p>La maggior parte dei prodotti offerti da <strong style=\"font-size: 16px;\">X-Bar<\/strong> ai suoi clienti \u00e8 immediatamente disponibile.<\/p>\n<p>Tuttavia, tutti i prodotti commercializzati da possono o non possono essere necessariamente disponibili per la vendita online.<\/p>\n<h2>ARTICOLO 4 \u2013 ORDINE<\/h2>\n<p>I sistemi di registrazione automatica sono considerati prova della natura, del contenuto e della data dell&#8217;Ordine.<\/p>\n<p><strong><strong style=\"font-size: 16px;\">X-Bar<\/strong> <\/strong>confermer\u00e0 l&#8217;accettazione dell&#8217;Ordine da parte del cliente inviando un messaggio di conferma all&#8217;indirizzo email fornito dal cliente. La vendita sar\u00e0 conclusa solo con l&#8217;invio di tale conferma dell&#8217;ordine.<\/p>\n<p><strong><strong style=\"font-size: 16px;\">X-Bar<\/strong> <\/strong>si riserva il diritto di rifiutare o annullare qualsiasi Ordine da parte di un cliente, specialmente in caso di insolvenza del cliente o in caso di inadempienza nel pagamento dell&#8217;Ordine pertinente o di una consegna precedente o di una controversia relativa al pagamento di un ordine precedente.<\/p>\n<p>Le informazioni fornite dal cliente, al momento dell&#8217;inserimento delle informazioni relative al suo Ordine, impegnano il cliente. <strong style=\"font-size: 16px;\">X-Bar<\/strong> non pu\u00f2 essere ritenuta responsabile degli errori commessi dal cliente nella redazione delle informazioni del destinatario per l&#8217;Ordine (indirizzo di consegna, indirizzo di fatturazione, in particolare) e per i ritardi nella consegna o l&#8217;impossibilit\u00e0 di consegnare i Prodotti ordinati che tali errori potrebbero causare.<\/p>\n<h2>ARTICOLO 5 \u2013 CONSEGNA<\/h2>\n<p>Dopo la conferma dell&#8217;Ordine e a condizione del pagamento perfetto del prezzo dei prodotti ordinati, <strong style=\"font-size: 16px;\">X-Bar<\/strong> si impegna a spedire i prodotti ordinati all&#8217;indirizzo di consegna entro un periodo specificato al momento della selezione del modo di trasporto dell&#8217;Ordine, salvo diversa indicazione.<\/p>\n<p>Tutti i Prodotti specificati negli Ordini effettuati con <strong style=\"font-size: 16px;\">X-Bar<\/strong> sono destinati all&#8217;uso personale dei clienti o dei destinatari il cui nome \u00e8 menzionato all&#8217;indirizzo di consegna.<\/p>\n<p>Se necessario, il cliente accetta di pagare, al momento della ricezione, tutte le tasse, dazi, imposte e altre spese presenti e future dovute per la consegna dei suddetti prodotti stessi; la responsabilit\u00e0 congiunta di <strong style=\"font-size: 16px;\">X-Bar<\/strong> non pu\u00f2 essere impegnata in alcun momento per questo motivo.<\/p>\n<p>Ai clienti o ai destinatari dei Prodotti \u00e8 vietata qualsiasi rivendita parziale o totale dei Prodotti.<\/p>\n<p>La consegna sar\u00e0 effettuata da La Poste Suivi, Colissimo, letter max o da qualsiasi altro corriere a nostra discrezione.<\/p>\n<p>Le nostre tariffe di consegna sono disponibili cliccando su &#8220;Consegna&#8221; nel pi\u00e8 di pagina del nostro sito.<\/p>\n<p>In caso di ritardo nella consegna superiore a sette (7) giorni, il Cliente pu\u00f2, se lo desidera e salvo caso di forza maggiore, risolvere il contratto di vendita con lettera raccomandata con avviso di ricevimento. Tuttavia, questo diritto deve essere esercitato entro sessanta (60) giorni lavorativi dalla data di consegna inizialmente programmata nel contratto.<\/p>\n<p>Alla ricezione dei Prodotti ordinati, il cliente o il destinatario deve verificare il corretto funzionamento dei beni consegnati e ne prender\u00e0 nota delle condizioni d&#8217;uso come indicato nelle istruzioni per l&#8217;uso fornite.<\/p>\n<p>Nel caso in cui uno o pi\u00f9 dei Prodotti ordinati manchino o siano danneggiati, il cliente o il destinatario deve fare eventuali riserve con il corriere al momento della consegna.<\/p>\n<p>Nel caso di difetti apparenti, il cliente ha il diritto di restituzione nelle condizioni previste nelle istruzioni per l&#8217;uso dei beni.<\/p>\n<p>Per motivi di disponibilit\u00e0 dei Prodotti ordinati, un Ordine pu\u00f2 essere soggetto a consegne multiple successive al cliente.<\/p>\n<p>Nel caso in cui il cliente desideri che i Prodotti ordinati siano consegnati a due indirizzi separati, sar\u00e0 necessario che il cliente effettui 2 Ordini separati.<\/p>\n<h2>ARTICOLO 6 \u2013 RECESSO<\/h2>\n<p>Il cliente ha un periodo di 7 giorni dalla ricezione dei Prodotti ordinati per restituirli a <strong style=\"font-size: 16px;\">X-Bar<\/strong> per lo scambio o il rimborso. In questo caso, il cliente deve restituire i Prodotti nuovi e intatti, corredata di tutti gli accessori possibili, istruzioni per l&#8217;uso e documentazione all&#8217;indirizzo seguente:<\/p>\n<p><strong style=\"font-size: 16px;\">X-Bar<\/strong><br \/>\n19 Boulevard Ney,<br \/>\n75018 PARIS<br \/>\nFRANCIA<\/p>\n<p>Nel caso di esercizio del diritto di recesso, <strong style=\"font-size: 16px;\">X-Bar<\/strong> si impegna a rimborsare gli importi pagati dal cliente, gratuitamente, tranne per i costi di restituzione.<\/p>\n<p>Il rimborso \u00e8 dovuto entro un periodo massimo di 30 giorni.<\/p>\n<h2>ARTICOLO 7 \u2013 ABBONAMENTI: CANCELLAZIONE E RIMBORSO<\/h2>\n<p>La richiesta di rimborso deve essere fatta entro 7 giorni dal pagamento. Nel caso in cui i prodotti ordinati siano gi\u00e0 stati inviati, il cliente deve restituire i prodotti nuovi e intatti all&#8217;indirizzo seguente:<\/p>\n<p><strong style=\"font-size: 16px;\">X-Bar<\/strong><br \/>\n19 Boulevard Ney,<br \/>\n75018 PARIS<br \/>\nFRANCIA<\/p>\n<p>La richiesta di cancellazione e rimborso termina automaticamente la tua iscrizione, tranne su richiesta espressa del cliente all&#8217;indirizzo <strong>support@x-bar.co<\/strong>.<\/p>\n<p>Nel caso di esercizio del diritto di recesso, <strong style=\"font-size: 16px;\">X-Bar<\/strong> si impegna a rimborsare gli importi pagati dal cliente, gratuitamente, tranne per i costi di restituzione, se applicabili.<\/p>\n<p>Il rimborso \u00e8 dovuto entro un periodo massimo di 30 giorni.<\/p>\n<h2>ARTICOLO 8 \u2013 PREZZO<\/h2>\n<p>Il prezzo \u00e8 espresso in euro.<\/p>\n<p>Il prezzo indicato nelle Schede Prodotto non include i costi relativi al trasporto.<\/p>\n<p>Il prezzo indicato nella conferma dell&#8217;Ordine \u00e8 il prezzo finale espresso tutte le tasse incluse e compresa l&#8217;IVA. Questo prezzo include il prezzo dei Prodotti, le spese di manipolazione, imballaggio e stoccaggio dei Prodotti, nonch\u00e9 le spese di trasporto e di servizio.<\/p>\n<h2>ARTICOLO 9 \u2013 PAGAMENTO<\/h2>\n<p>Il prezzo fatturato al cliente \u00e8 il prezzo indicato nella conferma dell&#8217;Ordine inviata da <strong style=\"font-size: 16px;\">X-Bar<\/strong>.<\/p>\n<p>Il prezzo dei Prodotti \u00e8 pagabile in contanti con uno dei mezzi di pagamento offerti sul sito il giorno dell&#8217;ordine effettivo.<\/p>\n<p>L&#8217;Ordine convalidato dal cliente sar\u00e0 considerato efficace solo quando il centro di pagamento bancario sicuro avr\u00e0 dato il suo consenso alla transazione e, eventualmente, dopo l&#8217;accettazione della copertura del rischio da parte dell&#8217;assicuratore.<\/p>\n<h2>ARTICOLO 10 \u2013 LEGGE APPLICABILE<\/h2>\n<p>Queste condizioni generali di vendita sono soggette al diritto francese.<\/p>\n<h2>ARTICOLO 11 \u2013 RESPONSABILIT\u00c0<\/h2>\n<p><strong><strong style=\"font-size: 16px;\">X-Bar<\/strong> <\/strong>non pu\u00f2 essere ritenuta responsabile per danni di qualsiasi tipo, sia materiali che immateriali o fisici, che potrebbero derivare da un malfunzionamento o un uso improprio dei Prodotti commercializzati.<\/p>\n<p>La responsabilit\u00e0 di <strong style=\"font-size: 16px;\">X-Bar<\/strong> sar\u00e0, in ogni caso, limitata all&#8217;importo dell&#8217;ordine. In caso di difficolt\u00e0 nell&#8217;applicazione di questo contratto, il cliente e si riservano il diritto, prima di qualsiasi azione legale, di cercare una soluzione amichevole.<\/p>\n<p>In caso contrario, per i clienti professionali, il Tribunale Commerciale di PARIGI \u00e8 l&#8217;unico competente, indipendentemente dal luogo di consegna e dal metodo di pagamento accettato.<\/p>\n<div>\n<h2>ARTICOLO 12 \u2013 GARANZIA<\/h2>\n<p>In ogni caso, <strong style=\"font-size: 16px;\">X-Bar<\/strong> non pu\u00f2 essere ritenuto responsabile per la mancata conformit\u00e0 alle disposizioni normative e legislative vigenti nel paese di ricezione. La responsabilit\u00e0 di <strong style=\"font-size: 16px;\">X-Bar<\/strong> \u00e8 sistematicamente limitata al valore del Prodotto in questione determinato alla data della sua vendita e senza possibilit\u00e0 di ricorso contro il marchio o l&#8217;azienda produttrice del prodotto.<\/p>\n<p>Il cliente pu\u00f2 contattare il servizio clienti telefonicamente (indirizzo indicato nell&#8217;intestazione del sito) o via e-mail all&#8217;indirizzo supporto@x-bar.co. Risposta: 48 ore.<\/p>\n<h2>ARTICOLO 13 \u2013 INFORMAZIONI LEGALI<\/h2>\n<p>La fornitura di informazioni nominative raccolte per scopi di vendita a distanza \u00e8 obbligatoria; queste informazioni sono essenziali per l&#8217;elaborazione e l&#8217;instradamento degli ordini, l&#8217;emissione delle fatture e i contratti di garanzia. La mancata fornitura di informazioni porta alla non convalida dell&#8217;Ordine.<\/p>\n<p>In conformit\u00e0 alla legge &#8220;Informatica e Libert\u00e0&#8221;, il trattamento delle informazioni nominative riguardanti i clienti \u00e8 stato oggetto di una dichiarazione presso la Commissione Nazionale per l&#8217;Informatica e le Libert\u00e0 (CNIL).<\/p>\n<p>Il cliente ha (articolo 34 della legge del 6 gennaio 1978) il diritto di accesso, modifica, rettifica e cancellazione dei dati che lo riguardano, diritto che pu\u00f2 esercitare con <strong style=\"font-size: 16px;\">X-Bar<\/strong>. Inoltre, <strong style=\"font-size: 16px;\">X-Bar<\/strong> si impegna a non comunicare, gratuitamente o a titolo oneroso, i dati di contatto dei suoi clienti a terzi.<\/p>\n<\/div>\n<\/div>\n<\/div>\n<\/div>\n","protected":false},"excerpt":{"rendered":"<p>CONDIZIONI GENERALI DI VENDITA PREAMBOLO Queste &#8220;Condizioni Generali di Vendita&#8221; si applicano alle operazioni legali che coinvolgono prodotti venduti ai clienti da X-Bar all&#8217;interno del suo negozio virtuale. DEFINIZIONI: Le seguenti parole <a href=\"https:\/\/dev.x-bar.co\/it\/condizioni-di-vendita\/\" class=\"more-link\">&#8230;<span class=\"screen-reader-text\">  CONDIZIONI DI VENDITA<\/span><\/a><\/p>\n","protected":false},"author":1,"featured_media":0,"parent":0,"menu_order":0,"comment_status":"closed","ping_status":"closed","template":"","meta":{"_acf_changed":false,"footnotes":""},"class_list":["post-9974","page","type-page","status-publish","hentry"],"acf":[],"yoast_head":"<!-- This site is optimized with the Yoast SEO Premium plugin v25.7.1 (Yoast SEO v27.3) - https:\/\/yoast.com\/product\/yoast-seo-premium-wordpress\/ -->\n<title>CONDIZIONI DI VENDITA - X-Bar\u00ae - Negozio online ufficiale<\/title>\n<meta name=\"robots\" content=\"noindex, follow\" \/>\n<meta property=\"og:locale\" content=\"it_IT\" \/>\n<meta property=\"og:type\" content=\"article\" \/>\n<meta property=\"og:title\" content=\"CONDIZIONI DI VENDITA\" \/>\n<meta property=\"og:description\" content=\"CONDIZIONI GENERALI DI VENDITA PREAMBOLO Queste &#8220;Condizioni Generali di Vendita&#8221; si applicano alle operazioni legali che coinvolgono prodotti venduti ai clienti da X-Bar all&#8217;interno del suo negozio virtuale. DEFINIZIONI: Le seguenti parole ... CONDIZIONI DI VENDITA\" \/>\n<meta property=\"og:url\" content=\"https:\/\/dev.x-bar.co\/it\/condizioni-di-vendita\/\" \/>\n<meta property=\"og:site_name\" content=\"X-Bar\u00ae - Negozio online ufficiale\" \/>\n<meta property=\"article:modified_time\" content=\"2023-12-16T14:05:07+00:00\" \/>\n<meta property=\"og:image\" content=\"https:\/\/dev.x-bar.co\/wp-content\/uploads\/2023\/06\/xbar-metaimage.jpg\" \/>\n\t<meta property=\"og:image:width\" content=\"1200\" \/>\n\t<meta property=\"og:image:height\" content=\"765\" \/>\n\t<meta property=\"og:image:type\" content=\"image\/jpeg\" \/>\n<meta name=\"twitter:card\" content=\"summary_large_image\" \/>\n<meta name=\"twitter:label1\" content=\"Tempo di lettura stimato\" \/>\n\t<meta name=\"twitter:data1\" content=\"7 minuti\" \/>\n<script type=\"application\/ld+json\" class=\"yoast-schema-graph\">{\"@context\":\"https:\\\/\\\/schema.org\",\"@graph\":[{\"@type\":\"WebPage\",\"@id\":\"https:\\\/\\\/dev.x-bar.co\\\/it\\\/condizioni-di-vendita\\\/\",\"url\":\"https:\\\/\\\/dev.x-bar.co\\\/it\\\/condizioni-di-vendita\\\/\",\"name\":\"CONDIZIONI DI VENDITA - X-Bar\u00ae - Negozio online ufficiale\",\"isPartOf\":{\"@id\":\"https:\\\/\\\/dev.x-bar.co\\\/it\\\/#website\"},\"datePublished\":\"2022-09-12T09:47:59+00:00\",\"dateModified\":\"2023-12-16T14:05:07+00:00\",\"breadcrumb\":{\"@id\":\"https:\\\/\\\/dev.x-bar.co\\\/it\\\/condizioni-di-vendita\\\/#breadcrumb\"},\"inLanguage\":\"it-IT\",\"potentialAction\":[{\"@type\":\"ReadAction\",\"target\":[\"https:\\\/\\\/dev.x-bar.co\\\/it\\\/condizioni-di-vendita\\\/\"]}]},{\"@type\":\"BreadcrumbList\",\"@id\":\"https:\\\/\\\/dev.x-bar.co\\\/it\\\/condizioni-di-vendita\\\/#breadcrumb\",\"itemListElement\":[{\"@type\":\"ListItem\",\"position\":1,\"name\":\"Accueil\",\"item\":\"https:\\\/\\\/dev.x-bar.co\\\/it\\\/\"},{\"@type\":\"ListItem\",\"position\":2,\"name\":\"CONDIZIONI DI VENDITA\"}]},{\"@type\":\"WebSite\",\"@id\":\"https:\\\/\\\/dev.x-bar.co\\\/it\\\/#website\",\"url\":\"https:\\\/\\\/dev.x-bar.co\\\/it\\\/\",\"name\":\"X-Bar\u00ae - Official Online Shop\",\"description\":\"Official X-Bar online shop. Best Vaping Devices Worlwide. Vaping pods, puff, eliquids, open pods system devices...\",\"publisher\":{\"@id\":\"https:\\\/\\\/dev.x-bar.co\\\/it\\\/#organization\"},\"potentialAction\":[{\"@type\":\"SearchAction\",\"target\":{\"@type\":\"EntryPoint\",\"urlTemplate\":\"https:\\\/\\\/dev.x-bar.co\\\/it\\\/?s={search_term_string}\"},\"query-input\":{\"@type\":\"PropertyValueSpecification\",\"valueRequired\":true,\"valueName\":\"search_term_string\"}}],\"inLanguage\":\"it-IT\"},{\"@type\":\"Organization\",\"@id\":\"https:\\\/\\\/dev.x-bar.co\\\/it\\\/#organization\",\"name\":\"X-Bar\u00ae - Official Online Shop\",\"url\":\"https:\\\/\\\/dev.x-bar.co\\\/it\\\/\",\"logo\":{\"@type\":\"ImageObject\",\"inLanguage\":\"it-IT\",\"@id\":\"https:\\\/\\\/dev.x-bar.co\\\/it\\\/#\\\/schema\\\/logo\\\/image\\\/\",\"url\":\"https:\\\/\\\/dev.x-bar.co\\\/wp-content\\\/uploads\\\/2022\\\/07\\\/xbar-logo.svg\",\"contentUrl\":\"https:\\\/\\\/dev.x-bar.co\\\/wp-content\\\/uploads\\\/2022\\\/07\\\/xbar-logo.svg\",\"width\":266,\"height\":41,\"caption\":\"X-Bar\u00ae - Official Online Shop\"},\"image\":{\"@id\":\"https:\\\/\\\/dev.x-bar.co\\\/it\\\/#\\\/schema\\\/logo\\\/image\\\/\"}}]}<\/script>\n<!-- \/ Yoast SEO Premium plugin. -->","yoast_head_json":{"title":"CONDIZIONI DI VENDITA - X-Bar\u00ae - Negozio online ufficiale","robots":{"index":"noindex","follow":"follow"},"og_locale":"it_IT","og_type":"article","og_title":"CONDIZIONI DI VENDITA","og_description":"CONDIZIONI GENERALI DI VENDITA PREAMBOLO Queste &#8220;Condizioni Generali di Vendita&#8221; si applicano alle operazioni legali che coinvolgono prodotti venduti ai clienti da X-Bar all&#8217;interno del suo negozio virtuale. DEFINIZIONI: Le seguenti parole ... CONDIZIONI DI VENDITA","og_url":"https:\/\/dev.x-bar.co\/it\/condizioni-di-vendita\/","og_site_name":"X-Bar\u00ae - Negozio online ufficiale","article_modified_time":"2023-12-16T14:05:07+00:00","og_image":[{"width":1200,"height":765,"url":"https:\/\/dev.x-bar.co\/wp-content\/uploads\/2023\/06\/xbar-metaimage.jpg","type":"image\/jpeg"}],"twitter_card":"summary_large_image","twitter_misc":{"Tempo di lettura stimato":"7 minuti"},"schema":{"@context":"https:\/\/schema.org","@graph":[{"@type":"WebPage","@id":"https:\/\/dev.x-bar.co\/it\/condizioni-di-vendita\/","url":"https:\/\/dev.x-bar.co\/it\/condizioni-di-vendita\/","name":"CONDIZIONI DI VENDITA - X-Bar\u00ae - Negozio online ufficiale","isPartOf":{"@id":"https:\/\/dev.x-bar.co\/it\/#website"},"datePublished":"2022-09-12T09:47:59+00:00","dateModified":"2023-12-16T14:05:07+00:00","breadcrumb":{"@id":"https:\/\/dev.x-bar.co\/it\/condizioni-di-vendita\/#breadcrumb"},"inLanguage":"it-IT","potentialAction":[{"@type":"ReadAction","target":["https:\/\/dev.x-bar.co\/it\/condizioni-di-vendita\/"]}]},{"@type":"BreadcrumbList","@id":"https:\/\/dev.x-bar.co\/it\/condizioni-di-vendita\/#breadcrumb","itemListElement":[{"@type":"ListItem","position":1,"name":"Accueil","item":"https:\/\/dev.x-bar.co\/it\/"},{"@type":"ListItem","position":2,"name":"CONDIZIONI DI VENDITA"}]},{"@type":"WebSite","@id":"https:\/\/dev.x-bar.co\/it\/#website","url":"https:\/\/dev.x-bar.co\/it\/","name":"X-Bar\u00ae - Official Online Shop","description":"Official X-Bar online shop. Best Vaping Devices Worlwide. Vaping pods, puff, eliquids, open pods system devices...","publisher":{"@id":"https:\/\/dev.x-bar.co\/it\/#organization"},"potentialAction":[{"@type":"SearchAction","target":{"@type":"EntryPoint","urlTemplate":"https:\/\/dev.x-bar.co\/it\/?s={search_term_string}"},"query-input":{"@type":"PropertyValueSpecification","valueRequired":true,"valueName":"search_term_string"}}],"inLanguage":"it-IT"},{"@type":"Organization","@id":"https:\/\/dev.x-bar.co\/it\/#organization","name":"X-Bar\u00ae - Official Online Shop","url":"https:\/\/dev.x-bar.co\/it\/","logo":{"@type":"ImageObject","inLanguage":"it-IT","@id":"https:\/\/dev.x-bar.co\/it\/#\/schema\/logo\/image\/","url":"https:\/\/dev.x-bar.co\/wp-content\/uploads\/2022\/07\/xbar-logo.svg","contentUrl":"https:\/\/dev.x-bar.co\/wp-content\/uploads\/2022\/07\/xbar-logo.svg","width":266,"height":41,"caption":"X-Bar\u00ae - Official Online Shop"},"image":{"@id":"https:\/\/dev.x-bar.co\/it\/#\/schema\/logo\/image\/"}}]}},"jetpack_sharing_enabled":true,"_links":{"self":[{"href":"https:\/\/dev.x-bar.co\/it\/wp-json\/wp\/v2\/pages\/9974","targetHints":{"allow":["GET"]}}],"collection":[{"href":"https:\/\/dev.x-bar.co\/it\/wp-json\/wp\/v2\/pages"}],"about":[{"href":"https:\/\/dev.x-bar.co\/it\/wp-json\/wp\/v2\/types\/page"}],"author":[{"embeddable":true,"href":"https:\/\/dev.x-bar.co\/it\/wp-json\/wp\/v2\/users\/1"}],"replies":[{"embeddable":true,"href":"https:\/\/dev.x-bar.co\/it\/wp-json\/wp\/v2\/comments?post=9974"}],"version-history":[{"count":0,"href":"https:\/\/dev.x-bar.co\/it\/wp-json\/wp\/v2\/pages\/9974\/revisions"}],"wp:attachment":[{"href":"https:\/\/dev.x-bar.co\/it\/wp-json\/wp\/v2\/media?parent=9974"}],"curies":[{"name":"wp","href":"https:\/\/api.w.org\/{rel}","templated":true}]}}