{"id":12585,"date":"2023-09-18T16:32:42","date_gmt":"2023-09-18T14:32:42","guid":{"rendered":"https:\/\/x-bar.co\/?post_type=product&#038;p=12585"},"modified":"2023-09-21T21:52:42","modified_gmt":"2023-09-21T19:52:42","slug":"e-liquid-50ml-pink-lemonade","status":"publish","type":"product","link":"https:\/\/dev.x-bar.co\/it\/boutique\/sapori\/frutta\/e-liquid-50ml-pink-lemonade\/","title":{"rendered":"E-liquid 50ml Pink Lemonade"},"content":{"rendered":"","protected":false},"excerpt":{"rendered":"<p><strong>Disponibile solo 0mg\/ml.<\/strong><\/p>\n<p>Svapa come se fosse estate tutto l&#8217;anno! Non cercare oltre il nostro liquido Pink Lemonade! Questo succo si basa sul classico gusto della limonata ed \u00e8 perfetto per le calde giornate estive. Ritrova il gusto di una miscela di frutti rossi, questo eliquid \u00e8 dolce e fruttato, con un leggero accenno di sapore di limone che porter\u00e0 la tua esperienza di svapo al livello successivo.<\/p>\n","protected":false},"featured_media":12533,"template":"","meta":{"_acf_changed":false},"product_brand":[],"product_cat":[205,543],"product_tag":[],"class_list":{"0":"post-12585","1":"product","2":"type-product","3":"status-publish","4":"has-post-thumbnail","6":"product_cat-frutta","7":"product_cat-liquido-elettronico-50ml","9":"first","10":"instock","11":"taxable","12":"shipping-taxable","13":"purchasable","14":"product-type-variable","15":"has-default-attributes"},"composite_virtual":false,"composite_layout":"","composite_add_to_cart_form_location":"","composite_editable_in_cart":false,"composite_sold_individually_context":"","composite_shop_price_calc":"","composite_components":[],"composite_scenarios":[],"acf":[],"yoast_head":"<!-- This site is optimized with the Yoast SEO Premium plugin v25.7.1 (Yoast SEO v27.3) - https:\/\/yoast.com\/product\/yoast-seo-premium-wordpress\/ -->\n<title>E-liquid 50ml Pink Lemonade - X-Bar\u00ae - Negozio online ufficiale<\/title>\n<meta name=\"robots\" content=\"index, follow, max-snippet:-1, max-image-preview:large, max-video-preview:-1\" \/>\n<link rel=\"canonical\" href=\"https:\/\/dev.x-bar.co\/it\/boutique\/sapori\/frutta\/e-liquid-50ml-pink-lemonade\/\" \/>\n<meta property=\"og:locale\" content=\"it_IT\" \/>\n<meta property=\"og:type\" content=\"article\" \/>\n<meta property=\"og:title\" content=\"E-liquid 50ml Pink Lemonade\" \/>\n<meta property=\"og:description\" content=\"Disponibile solo 0mg\/ml.  Svapa come se fosse estate tutto l&#039;anno! Non cercare oltre il nostro liquido Pink Lemonade! Questo succo si basa sul classico gusto della limonata ed \u00e8 perfetto per le calde giornate estive. Ritrova il gusto di una miscela di frutti rossi, questo eliquid \u00e8 dolce e fruttato, con un leggero accenno di sapore di limone che porter\u00e0 la tua esperienza di svapo al livello successivo.\" \/>\n<meta property=\"og:url\" content=\"https:\/\/dev.x-bar.co\/it\/boutique\/sapori\/frutta\/e-liquid-50ml-pink-lemonade\/\" \/>\n<meta property=\"og:site_name\" content=\"X-Bar\u00ae - Negozio online ufficiale\" \/>\n<meta property=\"article:modified_time\" content=\"2023-09-21T19:52:42+00:00\" \/>\n<meta property=\"og:image\" content=\"https:\/\/dev.x-bar.co\/wp-content\/uploads\/2022\/11\/eliquide-50ml-pinklemonade.png\" \/>\n\t<meta property=\"og:image:width\" content=\"800\" \/>\n\t<meta property=\"og:image:height\" content=\"800\" \/>\n\t<meta property=\"og:image:type\" content=\"image\/png\" \/>\n<meta name=\"twitter:card\" content=\"summary_large_image\" \/>\n<meta name=\"twitter:label1\" content=\"Disponibilit\u00e0\" \/>\n\t<meta name=\"twitter:data1\" content=\"In stock\" \/>\n<script type=\"application\/ld+json\" class=\"yoast-schema-graph\">{\"@context\":\"https:\\\/\\\/schema.org\",\"@graph\":[{\"@type\":\"WebPage\",\"@id\":\"https:\\\/\\\/dev.x-bar.co\\\/it\\\/boutique\\\/sapori\\\/frutta\\\/e-liquid-50ml-pink-lemonade\\\/\",\"url\":\"https:\\\/\\\/dev.x-bar.co\\\/it\\\/boutique\\\/sapori\\\/frutta\\\/e-liquid-50ml-pink-lemonade\\\/\",\"name\":\"E-liquid 50ml Pink Lemonade - X-Bar\u00ae - Negozio online ufficiale\",\"isPartOf\":{\"@id\":\"https:\\\/\\\/dev.x-bar.co\\\/it\\\/#website\"},\"primaryImageOfPage\":{\"@id\":\"https:\\\/\\\/dev.x-bar.co\\\/it\\\/boutique\\\/sapori\\\/frutta\\\/e-liquid-50ml-pink-lemonade\\\/#primaryimage\"},\"image\":{\"@id\":\"https:\\\/\\\/dev.x-bar.co\\\/it\\\/boutique\\\/sapori\\\/frutta\\\/e-liquid-50ml-pink-lemonade\\\/#primaryimage\"},\"thumbnailUrl\":\"https:\\\/\\\/dev.x-bar.co\\\/wp-content\\\/uploads\\\/2022\\\/11\\\/eliquide-50ml-pinklemonade.png\",\"datePublished\":\"2023-09-18T14:32:42+00:00\",\"dateModified\":\"2023-09-21T19:52:42+00:00\",\"breadcrumb\":{\"@id\":\"https:\\\/\\\/dev.x-bar.co\\\/it\\\/boutique\\\/sapori\\\/frutta\\\/e-liquid-50ml-pink-lemonade\\\/#breadcrumb\"},\"inLanguage\":\"it-IT\",\"potentialAction\":[{\"@type\":\"ReadAction\",\"target\":[\"https:\\\/\\\/dev.x-bar.co\\\/it\\\/boutique\\\/sapori\\\/frutta\\\/e-liquid-50ml-pink-lemonade\\\/\"]}]},{\"@type\":\"ImageObject\",\"inLanguage\":\"it-IT\",\"@id\":\"https:\\\/\\\/dev.x-bar.co\\\/it\\\/boutique\\\/sapori\\\/frutta\\\/e-liquid-50ml-pink-lemonade\\\/#primaryimage\",\"url\":\"https:\\\/\\\/dev.x-bar.co\\\/wp-content\\\/uploads\\\/2022\\\/11\\\/eliquide-50ml-pinklemonade.png\",\"contentUrl\":\"https:\\\/\\\/dev.x-bar.co\\\/wp-content\\\/uploads\\\/2022\\\/11\\\/eliquide-50ml-pinklemonade.png\",\"width\":800,\"height\":800},{\"@type\":\"BreadcrumbList\",\"@id\":\"https:\\\/\\\/dev.x-bar.co\\\/it\\\/boutique\\\/sapori\\\/frutta\\\/e-liquid-50ml-pink-lemonade\\\/#breadcrumb\",\"itemListElement\":[{\"@type\":\"ListItem\",\"position\":1,\"name\":\"Accueil\",\"item\":\"https:\\\/\\\/dev.x-bar.co\\\/it\\\/\"},{\"@type\":\"ListItem\",\"position\":2,\"name\":\"Negozio\",\"item\":\"https:\\\/\\\/dev.x-bar.co\\\/boutique\\\/\"},{\"@type\":\"ListItem\",\"position\":3,\"name\":\"E-liquid 50ml Pink Lemonade\"}]},{\"@type\":\"WebSite\",\"@id\":\"https:\\\/\\\/dev.x-bar.co\\\/it\\\/#website\",\"url\":\"https:\\\/\\\/dev.x-bar.co\\\/it\\\/\",\"name\":\"X-Bar\u00ae - Official Online Shop\",\"description\":\"Official X-Bar online shop. Best Vaping Devices Worlwide. Vaping pods, puff, eliquids, open pods system devices...\",\"publisher\":{\"@id\":\"https:\\\/\\\/dev.x-bar.co\\\/it\\\/#organization\"},\"potentialAction\":[{\"@type\":\"SearchAction\",\"target\":{\"@type\":\"EntryPoint\",\"urlTemplate\":\"https:\\\/\\\/dev.x-bar.co\\\/it\\\/?s={search_term_string}\"},\"query-input\":{\"@type\":\"PropertyValueSpecification\",\"valueRequired\":true,\"valueName\":\"search_term_string\"}}],\"inLanguage\":\"it-IT\"},{\"@type\":\"Organization\",\"@id\":\"https:\\\/\\\/dev.x-bar.co\\\/it\\\/#organization\",\"name\":\"X-Bar\u00ae - Official Online Shop\",\"url\":\"https:\\\/\\\/dev.x-bar.co\\\/it\\\/\",\"logo\":{\"@type\":\"ImageObject\",\"inLanguage\":\"it-IT\",\"@id\":\"https:\\\/\\\/dev.x-bar.co\\\/it\\\/#\\\/schema\\\/logo\\\/image\\\/\",\"url\":\"https:\\\/\\\/dev.x-bar.co\\\/wp-content\\\/uploads\\\/2022\\\/07\\\/xbar-logo.svg\",\"contentUrl\":\"https:\\\/\\\/dev.x-bar.co\\\/wp-content\\\/uploads\\\/2022\\\/07\\\/xbar-logo.svg\",\"width\":266,\"height\":41,\"caption\":\"X-Bar\u00ae - Official Online Shop\"},\"image\":{\"@id\":\"https:\\\/\\\/dev.x-bar.co\\\/it\\\/#\\\/schema\\\/logo\\\/image\\\/\"}}]}<\/script>\n<meta property=\"og:availability\" content=\"instock\" \/>\n<meta property=\"product:availability\" content=\"instock\" \/>\n<meta property=\"product:condition\" content=\"new\" \/>\n<!-- \/ Yoast SEO Premium plugin. -->","yoast_head_json":{"title":"E-liquid 50ml Pink Lemonade - X-Bar\u00ae - Negozio online ufficiale","robots":{"index":"index","follow":"follow","max-snippet":"max-snippet:-1","max-image-preview":"max-image-preview:large","max-video-preview":"max-video-preview:-1"},"canonical":"https:\/\/dev.x-bar.co\/it\/boutique\/sapori\/frutta\/e-liquid-50ml-pink-lemonade\/","og_locale":"it_IT","og_type":"article","og_title":"E-liquid 50ml Pink Lemonade","og_description":"Disponibile solo 0mg\/ml.  Svapa come se fosse estate tutto l'anno! Non cercare oltre il nostro liquido Pink Lemonade! Questo succo si basa sul classico gusto della limonata ed \u00e8 perfetto per le calde giornate estive. Ritrova il gusto di una miscela di frutti rossi, questo eliquid \u00e8 dolce e fruttato, con un leggero accenno di sapore di limone che porter\u00e0 la tua esperienza di svapo al livello successivo.","og_url":"https:\/\/dev.x-bar.co\/it\/boutique\/sapori\/frutta\/e-liquid-50ml-pink-lemonade\/","og_site_name":"X-Bar\u00ae - Negozio online ufficiale","article_modified_time":"2023-09-21T19:52:42+00:00","og_image":[{"width":800,"height":800,"url":"https:\/\/dev.x-bar.co\/wp-content\/uploads\/2022\/11\/eliquide-50ml-pinklemonade.png","type":"image\/png"}],"twitter_card":"summary_large_image","twitter_misc":{"Disponibilit\u00e0":"In stock"},"schema":{"@context":"https:\/\/schema.org","@graph":[{"@type":"WebPage","@id":"https:\/\/dev.x-bar.co\/it\/boutique\/sapori\/frutta\/e-liquid-50ml-pink-lemonade\/","url":"https:\/\/dev.x-bar.co\/it\/boutique\/sapori\/frutta\/e-liquid-50ml-pink-lemonade\/","name":"E-liquid 50ml Pink Lemonade - X-Bar\u00ae - Negozio online ufficiale","isPartOf":{"@id":"https:\/\/dev.x-bar.co\/it\/#website"},"primaryImageOfPage":{"@id":"https:\/\/dev.x-bar.co\/it\/boutique\/sapori\/frutta\/e-liquid-50ml-pink-lemonade\/#primaryimage"},"image":{"@id":"https:\/\/dev.x-bar.co\/it\/boutique\/sapori\/frutta\/e-liquid-50ml-pink-lemonade\/#primaryimage"},"thumbnailUrl":"https:\/\/dev.x-bar.co\/wp-content\/uploads\/2022\/11\/eliquide-50ml-pinklemonade.png","datePublished":"2023-09-18T14:32:42+00:00","dateModified":"2023-09-21T19:52:42+00:00","breadcrumb":{"@id":"https:\/\/dev.x-bar.co\/it\/boutique\/sapori\/frutta\/e-liquid-50ml-pink-lemonade\/#breadcrumb"},"inLanguage":"it-IT","potentialAction":[{"@type":"ReadAction","target":["https:\/\/dev.x-bar.co\/it\/boutique\/sapori\/frutta\/e-liquid-50ml-pink-lemonade\/"]}]},{"@type":"ImageObject","inLanguage":"it-IT","@id":"https:\/\/dev.x-bar.co\/it\/boutique\/sapori\/frutta\/e-liquid-50ml-pink-lemonade\/#primaryimage","url":"https:\/\/dev.x-bar.co\/wp-content\/uploads\/2022\/11\/eliquide-50ml-pinklemonade.png","contentUrl":"https:\/\/dev.x-bar.co\/wp-content\/uploads\/2022\/11\/eliquide-50ml-pinklemonade.png","width":800,"height":800},{"@type":"BreadcrumbList","@id":"https:\/\/dev.x-bar.co\/it\/boutique\/sapori\/frutta\/e-liquid-50ml-pink-lemonade\/#breadcrumb","itemListElement":[{"@type":"ListItem","position":1,"name":"Accueil","item":"https:\/\/dev.x-bar.co\/it\/"},{"@type":"ListItem","position":2,"name":"Negozio","item":"https:\/\/dev.x-bar.co\/boutique\/"},{"@type":"ListItem","position":3,"name":"E-liquid 50ml Pink Lemonade"}]},{"@type":"WebSite","@id":"https:\/\/dev.x-bar.co\/it\/#website","url":"https:\/\/dev.x-bar.co\/it\/","name":"X-Bar\u00ae - Official Online Shop","description":"Official X-Bar online shop. Best Vaping Devices Worlwide. Vaping pods, puff, eliquids, open pods system devices...","publisher":{"@id":"https:\/\/dev.x-bar.co\/it\/#organization"},"potentialAction":[{"@type":"SearchAction","target":{"@type":"EntryPoint","urlTemplate":"https:\/\/dev.x-bar.co\/it\/?s={search_term_string}"},"query-input":{"@type":"PropertyValueSpecification","valueRequired":true,"valueName":"search_term_string"}}],"inLanguage":"it-IT"},{"@type":"Organization","@id":"https:\/\/dev.x-bar.co\/it\/#organization","name":"X-Bar\u00ae - Official Online Shop","url":"https:\/\/dev.x-bar.co\/it\/","logo":{"@type":"ImageObject","inLanguage":"it-IT","@id":"https:\/\/dev.x-bar.co\/it\/#\/schema\/logo\/image\/","url":"https:\/\/dev.x-bar.co\/wp-content\/uploads\/2022\/07\/xbar-logo.svg","contentUrl":"https:\/\/dev.x-bar.co\/wp-content\/uploads\/2022\/07\/xbar-logo.svg","width":266,"height":41,"caption":"X-Bar\u00ae - Official Online Shop"},"image":{"@id":"https:\/\/dev.x-bar.co\/it\/#\/schema\/logo\/image\/"}}]},"og_availability":"instock","product_availability":"instock","product_condition":"new"},"jetpack_sharing_enabled":true,"_links":{"self":[{"href":"https:\/\/dev.x-bar.co\/it\/wp-json\/wp\/v2\/product\/12585","targetHints":{"allow":["GET"]}}],"collection":[{"href":"https:\/\/dev.x-bar.co\/it\/wp-json\/wp\/v2\/product"}],"about":[{"href":"https:\/\/dev.x-bar.co\/it\/wp-json\/wp\/v2\/types\/product"}],"wp:featuredmedia":[{"embeddable":true,"href":"https:\/\/dev.x-bar.co\/it\/wp-json\/wp\/v2\/media\/12533"}],"wp:attachment":[{"href":"https:\/\/dev.x-bar.co\/it\/wp-json\/wp\/v2\/media?parent=12585"}],"wp:term":[{"taxonomy":"product_brand","embeddable":true,"href":"https:\/\/dev.x-bar.co\/it\/wp-json\/wp\/v2\/product_brand?post=12585"},{"taxonomy":"product_cat","embeddable":true,"href":"https:\/\/dev.x-bar.co\/it\/wp-json\/wp\/v2\/product_cat?post=12585"},{"taxonomy":"product_tag","embeddable":true,"href":"https:\/\/dev.x-bar.co\/it\/wp-json\/wp\/v2\/product_tag?post=12585"}],"curies":[{"name":"wp","href":"https:\/\/api.w.org\/{rel}","templated":true}]}}