{"id":150063,"date":"2024-05-13T17:05:00","date_gmt":"2024-05-13T15:05:00","guid":{"rendered":"https:\/\/x-bar.co\/?post_type=product&#038;p=150063"},"modified":"2024-12-14T10:39:34","modified_gmt":"2024-12-14T09:39:34","slug":"e-liquid-10ml-granita-lemon","status":"publish","type":"product","link":"https:\/\/dev.x-bar.co\/it\/boutique\/x-bar-range-it\/liquidi-elettronici\/liquido-elettronico\/e-liquid-10ml-granita-lemon\/","title":{"rendered":"E-liquid 10ml Granita Lemon"},"content":{"rendered":"","protected":false},"excerpt":{"rendered":"<p>Trasportati sulle coste assolate della Sicilia con Granita Lemon. Questo liquido per sigaretta elettronica incarna l&#8217;essenza pepata e rinfrescante della granita al limone siciliana, offrendo una scarica di gusto agrumato con ogni inalazione. Prova la sensazione rinvigorente dei limoni appena spremuti, perfettamente bilanciata con un tocco di dolcezza, rendendola la sigaretta elettronica perfetta per le calde giornate estive. Abbraccia il gusto fresco e rivitalizzante di Granita Lemon, una deliziosa miscela che risveglier\u00e0 i tuoi sensi e ti far\u00e0 desiderare di pi\u00f9.<\/p>\n","protected":false},"featured_media":150072,"template":"","meta":{"_acf_changed":false},"product_brand":[],"product_cat":[205,316],"product_tag":[496,387],"class_list":{"0":"post-150063","1":"product","2":"type-product","3":"status-publish","4":"has-post-thumbnail","6":"product_cat-frutta","7":"product_cat-liquido-elettronico","8":"product_tag-eliquid-it","9":"product_tag-open-system-it","11":"first","12":"instock","13":"taxable","14":"shipping-taxable","15":"purchasable","16":"product-type-variable","17":"has-default-attributes"},"composite_virtual":false,"composite_layout":"","composite_add_to_cart_form_location":"","composite_editable_in_cart":false,"composite_sold_individually_context":"","composite_shop_price_calc":"","composite_components":[],"composite_scenarios":[],"acf":[],"yoast_head":"<!-- This site is optimized with the Yoast SEO Premium plugin v25.7.1 (Yoast SEO v27.3) - https:\/\/yoast.com\/product\/yoast-seo-premium-wordpress\/ -->\n<title>E-liquid 10ml Granita Lemon - X-Bar\u00ae - Negozio online ufficiale<\/title>\n<meta name=\"robots\" content=\"index, follow, max-snippet:-1, max-image-preview:large, max-video-preview:-1\" \/>\n<link rel=\"canonical\" href=\"https:\/\/dev.x-bar.co\/it\/boutique\/x-bar-range-it\/liquidi-elettronici\/liquido-elettronico\/e-liquid-10ml-granita-lemon\/\" \/>\n<meta property=\"og:locale\" content=\"it_IT\" \/>\n<meta property=\"og:type\" content=\"article\" \/>\n<meta property=\"og:title\" content=\"E-liquid 10ml Granita Lemon\" \/>\n<meta property=\"og:description\" content=\"Trasportati sulle coste assolate della Sicilia con Granita Lemon. Questo liquido per sigaretta elettronica incarna l&#039;essenza pepata e rinfrescante della granita al limone siciliana, offrendo una scarica di gusto agrumato con ogni inalazione. Prova la sensazione rinvigorente dei limoni appena spremuti, perfettamente bilanciata con un tocco di dolcezza, rendendola la sigaretta elettronica perfetta per le calde giornate estive. Abbraccia il gusto fresco e rivitalizzante di Granita Lemon, una deliziosa miscela che risveglier\u00e0 i tuoi sensi e ti far\u00e0 desiderare di pi\u00f9.\" \/>\n<meta property=\"og:url\" content=\"https:\/\/dev.x-bar.co\/it\/boutique\/x-bar-range-it\/liquidi-elettronici\/liquido-elettronico\/e-liquid-10ml-granita-lemon\/\" \/>\n<meta property=\"og:site_name\" content=\"X-Bar\u00ae - Negozio online ufficiale\" \/>\n<meta property=\"article:modified_time\" content=\"2024-12-14T09:39:34+00:00\" \/>\n<meta property=\"og:image\" content=\"https:\/\/dev.x-bar.co\/wp-content\/uploads\/2024\/05\/xbar-eliquide-10ml-granitacitron.jpg\" \/>\n\t<meta property=\"og:image:width\" content=\"800\" \/>\n\t<meta property=\"og:image:height\" content=\"800\" \/>\n\t<meta property=\"og:image:type\" content=\"image\/jpeg\" \/>\n<meta name=\"twitter:card\" content=\"summary_large_image\" \/>\n<meta name=\"twitter:label1\" content=\"Disponibilit\u00e0\" \/>\n\t<meta name=\"twitter:data1\" content=\"In stock\" \/>\n<script type=\"application\/ld+json\" class=\"yoast-schema-graph\">{\"@context\":\"https:\\\/\\\/schema.org\",\"@graph\":[{\"@type\":\"WebPage\",\"@id\":\"https:\\\/\\\/dev.x-bar.co\\\/it\\\/boutique\\\/x-bar-range-it\\\/liquidi-elettronici\\\/liquido-elettronico\\\/e-liquid-10ml-granita-lemon\\\/\",\"url\":\"https:\\\/\\\/dev.x-bar.co\\\/it\\\/boutique\\\/x-bar-range-it\\\/liquidi-elettronici\\\/liquido-elettronico\\\/e-liquid-10ml-granita-lemon\\\/\",\"name\":\"E-liquid 10ml Granita Lemon - X-Bar\u00ae - Negozio online ufficiale\",\"isPartOf\":{\"@id\":\"https:\\\/\\\/dev.x-bar.co\\\/it\\\/#website\"},\"primaryImageOfPage\":{\"@id\":\"https:\\\/\\\/dev.x-bar.co\\\/it\\\/boutique\\\/x-bar-range-it\\\/liquidi-elettronici\\\/liquido-elettronico\\\/e-liquid-10ml-granita-lemon\\\/#primaryimage\"},\"image\":{\"@id\":\"https:\\\/\\\/dev.x-bar.co\\\/it\\\/boutique\\\/x-bar-range-it\\\/liquidi-elettronici\\\/liquido-elettronico\\\/e-liquid-10ml-granita-lemon\\\/#primaryimage\"},\"thumbnailUrl\":\"https:\\\/\\\/dev.x-bar.co\\\/wp-content\\\/uploads\\\/2024\\\/05\\\/xbar-eliquide-10ml-granitacitron.jpg\",\"datePublished\":\"2024-05-13T15:05:00+00:00\",\"dateModified\":\"2024-12-14T09:39:34+00:00\",\"breadcrumb\":{\"@id\":\"https:\\\/\\\/dev.x-bar.co\\\/it\\\/boutique\\\/x-bar-range-it\\\/liquidi-elettronici\\\/liquido-elettronico\\\/e-liquid-10ml-granita-lemon\\\/#breadcrumb\"},\"inLanguage\":\"it-IT\",\"potentialAction\":[{\"@type\":\"ReadAction\",\"target\":[\"https:\\\/\\\/dev.x-bar.co\\\/it\\\/boutique\\\/x-bar-range-it\\\/liquidi-elettronici\\\/liquido-elettronico\\\/e-liquid-10ml-granita-lemon\\\/\"]}]},{\"@type\":\"ImageObject\",\"inLanguage\":\"it-IT\",\"@id\":\"https:\\\/\\\/dev.x-bar.co\\\/it\\\/boutique\\\/x-bar-range-it\\\/liquidi-elettronici\\\/liquido-elettronico\\\/e-liquid-10ml-granita-lemon\\\/#primaryimage\",\"url\":\"https:\\\/\\\/dev.x-bar.co\\\/wp-content\\\/uploads\\\/2024\\\/05\\\/xbar-eliquide-10ml-granitacitron.jpg\",\"contentUrl\":\"https:\\\/\\\/dev.x-bar.co\\\/wp-content\\\/uploads\\\/2024\\\/05\\\/xbar-eliquide-10ml-granitacitron.jpg\",\"width\":800,\"height\":800},{\"@type\":\"BreadcrumbList\",\"@id\":\"https:\\\/\\\/dev.x-bar.co\\\/it\\\/boutique\\\/x-bar-range-it\\\/liquidi-elettronici\\\/liquido-elettronico\\\/e-liquid-10ml-granita-lemon\\\/#breadcrumb\",\"itemListElement\":[{\"@type\":\"ListItem\",\"position\":1,\"name\":\"Accueil\",\"item\":\"https:\\\/\\\/dev.x-bar.co\\\/it\\\/\"},{\"@type\":\"ListItem\",\"position\":2,\"name\":\"Negozio\",\"item\":\"https:\\\/\\\/dev.x-bar.co\\\/boutique\\\/\"},{\"@type\":\"ListItem\",\"position\":3,\"name\":\"E-liquid 10ml Granita Lemon\"}]},{\"@type\":\"WebSite\",\"@id\":\"https:\\\/\\\/dev.x-bar.co\\\/it\\\/#website\",\"url\":\"https:\\\/\\\/dev.x-bar.co\\\/it\\\/\",\"name\":\"X-Bar\u00ae - Official Online Shop\",\"description\":\"Official X-Bar online shop. Best Vaping Devices Worlwide. Vaping pods, puff, eliquids, open pods system devices...\",\"publisher\":{\"@id\":\"https:\\\/\\\/dev.x-bar.co\\\/it\\\/#organization\"},\"potentialAction\":[{\"@type\":\"SearchAction\",\"target\":{\"@type\":\"EntryPoint\",\"urlTemplate\":\"https:\\\/\\\/dev.x-bar.co\\\/it\\\/?s={search_term_string}\"},\"query-input\":{\"@type\":\"PropertyValueSpecification\",\"valueRequired\":true,\"valueName\":\"search_term_string\"}}],\"inLanguage\":\"it-IT\"},{\"@type\":\"Organization\",\"@id\":\"https:\\\/\\\/dev.x-bar.co\\\/it\\\/#organization\",\"name\":\"X-Bar\u00ae - Official Online Shop\",\"url\":\"https:\\\/\\\/dev.x-bar.co\\\/it\\\/\",\"logo\":{\"@type\":\"ImageObject\",\"inLanguage\":\"it-IT\",\"@id\":\"https:\\\/\\\/dev.x-bar.co\\\/it\\\/#\\\/schema\\\/logo\\\/image\\\/\",\"url\":\"https:\\\/\\\/dev.x-bar.co\\\/wp-content\\\/uploads\\\/2022\\\/07\\\/xbar-logo.svg\",\"contentUrl\":\"https:\\\/\\\/dev.x-bar.co\\\/wp-content\\\/uploads\\\/2022\\\/07\\\/xbar-logo.svg\",\"width\":266,\"height\":41,\"caption\":\"X-Bar\u00ae - Official Online Shop\"},\"image\":{\"@id\":\"https:\\\/\\\/dev.x-bar.co\\\/it\\\/#\\\/schema\\\/logo\\\/image\\\/\"}}]}<\/script>\n<meta property=\"og:availability\" content=\"instock\" \/>\n<meta property=\"product:availability\" content=\"instock\" \/>\n<meta property=\"product:condition\" content=\"new\" \/>\n<!-- \/ Yoast SEO Premium plugin. -->","yoast_head_json":{"title":"E-liquid 10ml Granita Lemon - X-Bar\u00ae - Negozio online ufficiale","robots":{"index":"index","follow":"follow","max-snippet":"max-snippet:-1","max-image-preview":"max-image-preview:large","max-video-preview":"max-video-preview:-1"},"canonical":"https:\/\/dev.x-bar.co\/it\/boutique\/x-bar-range-it\/liquidi-elettronici\/liquido-elettronico\/e-liquid-10ml-granita-lemon\/","og_locale":"it_IT","og_type":"article","og_title":"E-liquid 10ml Granita Lemon","og_description":"Trasportati sulle coste assolate della Sicilia con Granita Lemon. Questo liquido per sigaretta elettronica incarna l'essenza pepata e rinfrescante della granita al limone siciliana, offrendo una scarica di gusto agrumato con ogni inalazione. Prova la sensazione rinvigorente dei limoni appena spremuti, perfettamente bilanciata con un tocco di dolcezza, rendendola la sigaretta elettronica perfetta per le calde giornate estive. Abbraccia il gusto fresco e rivitalizzante di Granita Lemon, una deliziosa miscela che risveglier\u00e0 i tuoi sensi e ti far\u00e0 desiderare di pi\u00f9.","og_url":"https:\/\/dev.x-bar.co\/it\/boutique\/x-bar-range-it\/liquidi-elettronici\/liquido-elettronico\/e-liquid-10ml-granita-lemon\/","og_site_name":"X-Bar\u00ae - Negozio online ufficiale","article_modified_time":"2024-12-14T09:39:34+00:00","og_image":[{"width":800,"height":800,"url":"https:\/\/dev.x-bar.co\/wp-content\/uploads\/2024\/05\/xbar-eliquide-10ml-granitacitron.jpg","type":"image\/jpeg"}],"twitter_card":"summary_large_image","twitter_misc":{"Disponibilit\u00e0":"In stock"},"schema":{"@context":"https:\/\/schema.org","@graph":[{"@type":"WebPage","@id":"https:\/\/dev.x-bar.co\/it\/boutique\/x-bar-range-it\/liquidi-elettronici\/liquido-elettronico\/e-liquid-10ml-granita-lemon\/","url":"https:\/\/dev.x-bar.co\/it\/boutique\/x-bar-range-it\/liquidi-elettronici\/liquido-elettronico\/e-liquid-10ml-granita-lemon\/","name":"E-liquid 10ml Granita Lemon - X-Bar\u00ae - Negozio online ufficiale","isPartOf":{"@id":"https:\/\/dev.x-bar.co\/it\/#website"},"primaryImageOfPage":{"@id":"https:\/\/dev.x-bar.co\/it\/boutique\/x-bar-range-it\/liquidi-elettronici\/liquido-elettronico\/e-liquid-10ml-granita-lemon\/#primaryimage"},"image":{"@id":"https:\/\/dev.x-bar.co\/it\/boutique\/x-bar-range-it\/liquidi-elettronici\/liquido-elettronico\/e-liquid-10ml-granita-lemon\/#primaryimage"},"thumbnailUrl":"https:\/\/dev.x-bar.co\/wp-content\/uploads\/2024\/05\/xbar-eliquide-10ml-granitacitron.jpg","datePublished":"2024-05-13T15:05:00+00:00","dateModified":"2024-12-14T09:39:34+00:00","breadcrumb":{"@id":"https:\/\/dev.x-bar.co\/it\/boutique\/x-bar-range-it\/liquidi-elettronici\/liquido-elettronico\/e-liquid-10ml-granita-lemon\/#breadcrumb"},"inLanguage":"it-IT","potentialAction":[{"@type":"ReadAction","target":["https:\/\/dev.x-bar.co\/it\/boutique\/x-bar-range-it\/liquidi-elettronici\/liquido-elettronico\/e-liquid-10ml-granita-lemon\/"]}]},{"@type":"ImageObject","inLanguage":"it-IT","@id":"https:\/\/dev.x-bar.co\/it\/boutique\/x-bar-range-it\/liquidi-elettronici\/liquido-elettronico\/e-liquid-10ml-granita-lemon\/#primaryimage","url":"https:\/\/dev.x-bar.co\/wp-content\/uploads\/2024\/05\/xbar-eliquide-10ml-granitacitron.jpg","contentUrl":"https:\/\/dev.x-bar.co\/wp-content\/uploads\/2024\/05\/xbar-eliquide-10ml-granitacitron.jpg","width":800,"height":800},{"@type":"BreadcrumbList","@id":"https:\/\/dev.x-bar.co\/it\/boutique\/x-bar-range-it\/liquidi-elettronici\/liquido-elettronico\/e-liquid-10ml-granita-lemon\/#breadcrumb","itemListElement":[{"@type":"ListItem","position":1,"name":"Accueil","item":"https:\/\/dev.x-bar.co\/it\/"},{"@type":"ListItem","position":2,"name":"Negozio","item":"https:\/\/dev.x-bar.co\/boutique\/"},{"@type":"ListItem","position":3,"name":"E-liquid 10ml Granita Lemon"}]},{"@type":"WebSite","@id":"https:\/\/dev.x-bar.co\/it\/#website","url":"https:\/\/dev.x-bar.co\/it\/","name":"X-Bar\u00ae - Official Online Shop","description":"Official X-Bar online shop. Best Vaping Devices Worlwide. Vaping pods, puff, eliquids, open pods system devices...","publisher":{"@id":"https:\/\/dev.x-bar.co\/it\/#organization"},"potentialAction":[{"@type":"SearchAction","target":{"@type":"EntryPoint","urlTemplate":"https:\/\/dev.x-bar.co\/it\/?s={search_term_string}"},"query-input":{"@type":"PropertyValueSpecification","valueRequired":true,"valueName":"search_term_string"}}],"inLanguage":"it-IT"},{"@type":"Organization","@id":"https:\/\/dev.x-bar.co\/it\/#organization","name":"X-Bar\u00ae - Official Online Shop","url":"https:\/\/dev.x-bar.co\/it\/","logo":{"@type":"ImageObject","inLanguage":"it-IT","@id":"https:\/\/dev.x-bar.co\/it\/#\/schema\/logo\/image\/","url":"https:\/\/dev.x-bar.co\/wp-content\/uploads\/2022\/07\/xbar-logo.svg","contentUrl":"https:\/\/dev.x-bar.co\/wp-content\/uploads\/2022\/07\/xbar-logo.svg","width":266,"height":41,"caption":"X-Bar\u00ae - Official Online Shop"},"image":{"@id":"https:\/\/dev.x-bar.co\/it\/#\/schema\/logo\/image\/"}}]},"og_availability":"instock","product_availability":"instock","product_condition":"new"},"jetpack_sharing_enabled":true,"_links":{"self":[{"href":"https:\/\/dev.x-bar.co\/it\/wp-json\/wp\/v2\/product\/150063","targetHints":{"allow":["GET"]}}],"collection":[{"href":"https:\/\/dev.x-bar.co\/it\/wp-json\/wp\/v2\/product"}],"about":[{"href":"https:\/\/dev.x-bar.co\/it\/wp-json\/wp\/v2\/types\/product"}],"wp:featuredmedia":[{"embeddable":true,"href":"https:\/\/dev.x-bar.co\/it\/wp-json\/wp\/v2\/media\/150072"}],"wp:attachment":[{"href":"https:\/\/dev.x-bar.co\/it\/wp-json\/wp\/v2\/media?parent=150063"}],"wp:term":[{"taxonomy":"product_brand","embeddable":true,"href":"https:\/\/dev.x-bar.co\/it\/wp-json\/wp\/v2\/product_brand?post=150063"},{"taxonomy":"product_cat","embeddable":true,"href":"https:\/\/dev.x-bar.co\/it\/wp-json\/wp\/v2\/product_cat?post=150063"},{"taxonomy":"product_tag","embeddable":true,"href":"https:\/\/dev.x-bar.co\/it\/wp-json\/wp\/v2\/product_tag?post=150063"}],"curies":[{"name":"wp","href":"https:\/\/api.w.org\/{rel}","templated":true}]}}