{"id":16487,"date":"2023-01-12T17:01:54","date_gmt":"2023-01-12T16:01:54","guid":{"rendered":"https:\/\/x-bar.co\/product\/e-liquid-10ml-strawberry-milkshake\/"},"modified":"2023-11-06T13:34:12","modified_gmt":"2023-11-06T12:34:12","slug":"e-liquid-10ml-strawberry-milkshake","status":"publish","type":"product","link":"https:\/\/dev.x-bar.co\/it\/boutique\/x-bar-range-it\/liquidi-elettronici\/liquido-elettronico\/e-liquid-10ml-strawberry-milkshake\/","title":{"rendered":"E-liquid 10ml Strawberry Milkshake"},"content":{"rendered":"","protected":false},"excerpt":{"rendered":"<p>Strawberry Milkshake Eliquid \u00e8 studiato per ravvivare la bont\u00e0 delle fragole appena raccolte mescolate alla dolcezza del latte cremoso. Ti ricorder\u00e0 la merenda dopo la scuola della tua infanzia, con il suo gusto nostalgico e confortante.<\/p>\n","protected":false},"featured_media":16345,"template":"","meta":{"_acf_changed":false},"product_brand":[],"product_cat":[203,205,316],"product_tag":[496,387],"class_list":{"0":"post-16487","1":"product","2":"type-product","3":"status-publish","4":"has-post-thumbnail","6":"product_cat-bevande","7":"product_cat-frutta","8":"product_cat-liquido-elettronico","9":"product_tag-eliquid-it","10":"product_tag-open-system-it","12":"first","13":"instock","14":"taxable","15":"shipping-taxable","16":"purchasable","17":"product-type-variable","18":"has-default-attributes"},"composite_virtual":false,"composite_layout":"","composite_add_to_cart_form_location":"","composite_editable_in_cart":false,"composite_sold_individually_context":"","composite_shop_price_calc":"","composite_components":[],"composite_scenarios":[],"acf":[],"yoast_head":"<!-- This site is optimized with the Yoast SEO Premium plugin v25.7.1 (Yoast SEO v27.3) - https:\/\/yoast.com\/product\/yoast-seo-premium-wordpress\/ -->\n<title>E-liquid 10ml Strawberry Milkshake - X-Bar\u00ae - Negozio online ufficiale<\/title>\n<meta name=\"robots\" content=\"index, follow, max-snippet:-1, max-image-preview:large, max-video-preview:-1\" \/>\n<link rel=\"canonical\" href=\"https:\/\/dev.x-bar.co\/it\/boutique\/x-bar-range-it\/liquidi-elettronici\/liquido-elettronico\/e-liquid-10ml-strawberry-milkshake\/\" \/>\n<meta property=\"og:locale\" content=\"it_IT\" \/>\n<meta property=\"og:type\" content=\"article\" \/>\n<meta property=\"og:title\" content=\"E-liquid 10ml Strawberry Milkshake\" \/>\n<meta property=\"og:description\" content=\"Strawberry Milkshake Eliquid \u00e8 studiato per ravvivare la bont\u00e0 delle fragole appena raccolte mescolate alla dolcezza del latte cremoso. Ti ricorder\u00e0 la merenda dopo la scuola della tua infanzia, con il suo gusto nostalgico e confortante.\" \/>\n<meta property=\"og:url\" content=\"https:\/\/dev.x-bar.co\/it\/boutique\/x-bar-range-it\/liquidi-elettronici\/liquido-elettronico\/e-liquid-10ml-strawberry-milkshake\/\" \/>\n<meta property=\"og:site_name\" content=\"X-Bar\u00ae - Negozio online ufficiale\" \/>\n<meta property=\"article:modified_time\" content=\"2023-11-06T12:34:12+00:00\" \/>\n<meta property=\"og:image\" content=\"https:\/\/dev.x-bar.co\/wp-content\/uploads\/2023\/01\/xbar-eliquide-10ml-strawberrymilkshake.jpg\" \/>\n\t<meta property=\"og:image:width\" content=\"800\" \/>\n\t<meta property=\"og:image:height\" content=\"800\" \/>\n\t<meta property=\"og:image:type\" content=\"image\/jpeg\" \/>\n<meta name=\"twitter:card\" content=\"summary_large_image\" \/>\n<meta name=\"twitter:label1\" content=\"Disponibilit\u00e0\" \/>\n\t<meta name=\"twitter:data1\" content=\"In stock\" \/>\n<script type=\"application\/ld+json\" class=\"yoast-schema-graph\">{\"@context\":\"https:\\\/\\\/schema.org\",\"@graph\":[{\"@type\":\"WebPage\",\"@id\":\"https:\\\/\\\/dev.x-bar.co\\\/it\\\/boutique\\\/x-bar-range-it\\\/liquidi-elettronici\\\/liquido-elettronico\\\/e-liquid-10ml-strawberry-milkshake\\\/\",\"url\":\"https:\\\/\\\/dev.x-bar.co\\\/it\\\/boutique\\\/x-bar-range-it\\\/liquidi-elettronici\\\/liquido-elettronico\\\/e-liquid-10ml-strawberry-milkshake\\\/\",\"name\":\"E-liquid 10ml Strawberry Milkshake - X-Bar\u00ae - Negozio online ufficiale\",\"isPartOf\":{\"@id\":\"https:\\\/\\\/dev.x-bar.co\\\/it\\\/#website\"},\"primaryImageOfPage\":{\"@id\":\"https:\\\/\\\/dev.x-bar.co\\\/it\\\/boutique\\\/x-bar-range-it\\\/liquidi-elettronici\\\/liquido-elettronico\\\/e-liquid-10ml-strawberry-milkshake\\\/#primaryimage\"},\"image\":{\"@id\":\"https:\\\/\\\/dev.x-bar.co\\\/it\\\/boutique\\\/x-bar-range-it\\\/liquidi-elettronici\\\/liquido-elettronico\\\/e-liquid-10ml-strawberry-milkshake\\\/#primaryimage\"},\"thumbnailUrl\":\"https:\\\/\\\/dev.x-bar.co\\\/wp-content\\\/uploads\\\/2023\\\/01\\\/xbar-eliquide-10ml-strawberrymilkshake.jpg\",\"datePublished\":\"2023-01-12T16:01:54+00:00\",\"dateModified\":\"2023-11-06T12:34:12+00:00\",\"breadcrumb\":{\"@id\":\"https:\\\/\\\/dev.x-bar.co\\\/it\\\/boutique\\\/x-bar-range-it\\\/liquidi-elettronici\\\/liquido-elettronico\\\/e-liquid-10ml-strawberry-milkshake\\\/#breadcrumb\"},\"inLanguage\":\"it-IT\",\"potentialAction\":[{\"@type\":\"ReadAction\",\"target\":[\"https:\\\/\\\/dev.x-bar.co\\\/it\\\/boutique\\\/x-bar-range-it\\\/liquidi-elettronici\\\/liquido-elettronico\\\/e-liquid-10ml-strawberry-milkshake\\\/\"]}]},{\"@type\":\"ImageObject\",\"inLanguage\":\"it-IT\",\"@id\":\"https:\\\/\\\/dev.x-bar.co\\\/it\\\/boutique\\\/x-bar-range-it\\\/liquidi-elettronici\\\/liquido-elettronico\\\/e-liquid-10ml-strawberry-milkshake\\\/#primaryimage\",\"url\":\"https:\\\/\\\/dev.x-bar.co\\\/wp-content\\\/uploads\\\/2023\\\/01\\\/xbar-eliquide-10ml-strawberrymilkshake.jpg\",\"contentUrl\":\"https:\\\/\\\/dev.x-bar.co\\\/wp-content\\\/uploads\\\/2023\\\/01\\\/xbar-eliquide-10ml-strawberrymilkshake.jpg\",\"width\":800,\"height\":800},{\"@type\":\"BreadcrumbList\",\"@id\":\"https:\\\/\\\/dev.x-bar.co\\\/it\\\/boutique\\\/x-bar-range-it\\\/liquidi-elettronici\\\/liquido-elettronico\\\/e-liquid-10ml-strawberry-milkshake\\\/#breadcrumb\",\"itemListElement\":[{\"@type\":\"ListItem\",\"position\":1,\"name\":\"Accueil\",\"item\":\"https:\\\/\\\/dev.x-bar.co\\\/it\\\/\"},{\"@type\":\"ListItem\",\"position\":2,\"name\":\"Negozio\",\"item\":\"https:\\\/\\\/dev.x-bar.co\\\/boutique\\\/\"},{\"@type\":\"ListItem\",\"position\":3,\"name\":\"E-liquid 10ml Strawberry Milkshake\"}]},{\"@type\":\"WebSite\",\"@id\":\"https:\\\/\\\/dev.x-bar.co\\\/it\\\/#website\",\"url\":\"https:\\\/\\\/dev.x-bar.co\\\/it\\\/\",\"name\":\"X-Bar\u00ae - Official Online Shop\",\"description\":\"Official X-Bar online shop. Best Vaping Devices Worlwide. Vaping pods, puff, eliquids, open pods system devices...\",\"publisher\":{\"@id\":\"https:\\\/\\\/dev.x-bar.co\\\/it\\\/#organization\"},\"potentialAction\":[{\"@type\":\"SearchAction\",\"target\":{\"@type\":\"EntryPoint\",\"urlTemplate\":\"https:\\\/\\\/dev.x-bar.co\\\/it\\\/?s={search_term_string}\"},\"query-input\":{\"@type\":\"PropertyValueSpecification\",\"valueRequired\":true,\"valueName\":\"search_term_string\"}}],\"inLanguage\":\"it-IT\"},{\"@type\":\"Organization\",\"@id\":\"https:\\\/\\\/dev.x-bar.co\\\/it\\\/#organization\",\"name\":\"X-Bar\u00ae - Official Online Shop\",\"url\":\"https:\\\/\\\/dev.x-bar.co\\\/it\\\/\",\"logo\":{\"@type\":\"ImageObject\",\"inLanguage\":\"it-IT\",\"@id\":\"https:\\\/\\\/dev.x-bar.co\\\/it\\\/#\\\/schema\\\/logo\\\/image\\\/\",\"url\":\"https:\\\/\\\/dev.x-bar.co\\\/wp-content\\\/uploads\\\/2022\\\/07\\\/xbar-logo.svg\",\"contentUrl\":\"https:\\\/\\\/dev.x-bar.co\\\/wp-content\\\/uploads\\\/2022\\\/07\\\/xbar-logo.svg\",\"width\":266,\"height\":41,\"caption\":\"X-Bar\u00ae - Official Online Shop\"},\"image\":{\"@id\":\"https:\\\/\\\/dev.x-bar.co\\\/it\\\/#\\\/schema\\\/logo\\\/image\\\/\"}}]}<\/script>\n<meta property=\"og:availability\" content=\"instock\" \/>\n<meta property=\"product:availability\" content=\"instock\" \/>\n<meta property=\"product:condition\" content=\"new\" \/>\n<!-- \/ Yoast SEO Premium plugin. -->","yoast_head_json":{"title":"E-liquid 10ml Strawberry Milkshake - X-Bar\u00ae - Negozio online ufficiale","robots":{"index":"index","follow":"follow","max-snippet":"max-snippet:-1","max-image-preview":"max-image-preview:large","max-video-preview":"max-video-preview:-1"},"canonical":"https:\/\/dev.x-bar.co\/it\/boutique\/x-bar-range-it\/liquidi-elettronici\/liquido-elettronico\/e-liquid-10ml-strawberry-milkshake\/","og_locale":"it_IT","og_type":"article","og_title":"E-liquid 10ml Strawberry Milkshake","og_description":"Strawberry Milkshake Eliquid \u00e8 studiato per ravvivare la bont\u00e0 delle fragole appena raccolte mescolate alla dolcezza del latte cremoso. Ti ricorder\u00e0 la merenda dopo la scuola della tua infanzia, con il suo gusto nostalgico e confortante.","og_url":"https:\/\/dev.x-bar.co\/it\/boutique\/x-bar-range-it\/liquidi-elettronici\/liquido-elettronico\/e-liquid-10ml-strawberry-milkshake\/","og_site_name":"X-Bar\u00ae - Negozio online ufficiale","article_modified_time":"2023-11-06T12:34:12+00:00","og_image":[{"width":800,"height":800,"url":"https:\/\/dev.x-bar.co\/wp-content\/uploads\/2023\/01\/xbar-eliquide-10ml-strawberrymilkshake.jpg","type":"image\/jpeg"}],"twitter_card":"summary_large_image","twitter_misc":{"Disponibilit\u00e0":"In stock"},"schema":{"@context":"https:\/\/schema.org","@graph":[{"@type":"WebPage","@id":"https:\/\/dev.x-bar.co\/it\/boutique\/x-bar-range-it\/liquidi-elettronici\/liquido-elettronico\/e-liquid-10ml-strawberry-milkshake\/","url":"https:\/\/dev.x-bar.co\/it\/boutique\/x-bar-range-it\/liquidi-elettronici\/liquido-elettronico\/e-liquid-10ml-strawberry-milkshake\/","name":"E-liquid 10ml Strawberry Milkshake - X-Bar\u00ae - Negozio online ufficiale","isPartOf":{"@id":"https:\/\/dev.x-bar.co\/it\/#website"},"primaryImageOfPage":{"@id":"https:\/\/dev.x-bar.co\/it\/boutique\/x-bar-range-it\/liquidi-elettronici\/liquido-elettronico\/e-liquid-10ml-strawberry-milkshake\/#primaryimage"},"image":{"@id":"https:\/\/dev.x-bar.co\/it\/boutique\/x-bar-range-it\/liquidi-elettronici\/liquido-elettronico\/e-liquid-10ml-strawberry-milkshake\/#primaryimage"},"thumbnailUrl":"https:\/\/dev.x-bar.co\/wp-content\/uploads\/2023\/01\/xbar-eliquide-10ml-strawberrymilkshake.jpg","datePublished":"2023-01-12T16:01:54+00:00","dateModified":"2023-11-06T12:34:12+00:00","breadcrumb":{"@id":"https:\/\/dev.x-bar.co\/it\/boutique\/x-bar-range-it\/liquidi-elettronici\/liquido-elettronico\/e-liquid-10ml-strawberry-milkshake\/#breadcrumb"},"inLanguage":"it-IT","potentialAction":[{"@type":"ReadAction","target":["https:\/\/dev.x-bar.co\/it\/boutique\/x-bar-range-it\/liquidi-elettronici\/liquido-elettronico\/e-liquid-10ml-strawberry-milkshake\/"]}]},{"@type":"ImageObject","inLanguage":"it-IT","@id":"https:\/\/dev.x-bar.co\/it\/boutique\/x-bar-range-it\/liquidi-elettronici\/liquido-elettronico\/e-liquid-10ml-strawberry-milkshake\/#primaryimage","url":"https:\/\/dev.x-bar.co\/wp-content\/uploads\/2023\/01\/xbar-eliquide-10ml-strawberrymilkshake.jpg","contentUrl":"https:\/\/dev.x-bar.co\/wp-content\/uploads\/2023\/01\/xbar-eliquide-10ml-strawberrymilkshake.jpg","width":800,"height":800},{"@type":"BreadcrumbList","@id":"https:\/\/dev.x-bar.co\/it\/boutique\/x-bar-range-it\/liquidi-elettronici\/liquido-elettronico\/e-liquid-10ml-strawberry-milkshake\/#breadcrumb","itemListElement":[{"@type":"ListItem","position":1,"name":"Accueil","item":"https:\/\/dev.x-bar.co\/it\/"},{"@type":"ListItem","position":2,"name":"Negozio","item":"https:\/\/dev.x-bar.co\/boutique\/"},{"@type":"ListItem","position":3,"name":"E-liquid 10ml Strawberry Milkshake"}]},{"@type":"WebSite","@id":"https:\/\/dev.x-bar.co\/it\/#website","url":"https:\/\/dev.x-bar.co\/it\/","name":"X-Bar\u00ae - Official Online Shop","description":"Official X-Bar online shop. Best Vaping Devices Worlwide. Vaping pods, puff, eliquids, open pods system devices...","publisher":{"@id":"https:\/\/dev.x-bar.co\/it\/#organization"},"potentialAction":[{"@type":"SearchAction","target":{"@type":"EntryPoint","urlTemplate":"https:\/\/dev.x-bar.co\/it\/?s={search_term_string}"},"query-input":{"@type":"PropertyValueSpecification","valueRequired":true,"valueName":"search_term_string"}}],"inLanguage":"it-IT"},{"@type":"Organization","@id":"https:\/\/dev.x-bar.co\/it\/#organization","name":"X-Bar\u00ae - Official Online Shop","url":"https:\/\/dev.x-bar.co\/it\/","logo":{"@type":"ImageObject","inLanguage":"it-IT","@id":"https:\/\/dev.x-bar.co\/it\/#\/schema\/logo\/image\/","url":"https:\/\/dev.x-bar.co\/wp-content\/uploads\/2022\/07\/xbar-logo.svg","contentUrl":"https:\/\/dev.x-bar.co\/wp-content\/uploads\/2022\/07\/xbar-logo.svg","width":266,"height":41,"caption":"X-Bar\u00ae - Official Online Shop"},"image":{"@id":"https:\/\/dev.x-bar.co\/it\/#\/schema\/logo\/image\/"}}]},"og_availability":"instock","product_availability":"instock","product_condition":"new"},"jetpack_sharing_enabled":true,"_links":{"self":[{"href":"https:\/\/dev.x-bar.co\/it\/wp-json\/wp\/v2\/product\/16487","targetHints":{"allow":["GET"]}}],"collection":[{"href":"https:\/\/dev.x-bar.co\/it\/wp-json\/wp\/v2\/product"}],"about":[{"href":"https:\/\/dev.x-bar.co\/it\/wp-json\/wp\/v2\/types\/product"}],"wp:featuredmedia":[{"embeddable":true,"href":"https:\/\/dev.x-bar.co\/it\/wp-json\/wp\/v2\/media\/16345"}],"wp:attachment":[{"href":"https:\/\/dev.x-bar.co\/it\/wp-json\/wp\/v2\/media?parent=16487"}],"wp:term":[{"taxonomy":"product_brand","embeddable":true,"href":"https:\/\/dev.x-bar.co\/it\/wp-json\/wp\/v2\/product_brand?post=16487"},{"taxonomy":"product_cat","embeddable":true,"href":"https:\/\/dev.x-bar.co\/it\/wp-json\/wp\/v2\/product_cat?post=16487"},{"taxonomy":"product_tag","embeddable":true,"href":"https:\/\/dev.x-bar.co\/it\/wp-json\/wp\/v2\/product_tag?post=16487"}],"curies":[{"name":"wp","href":"https:\/\/api.w.org\/{rel}","templated":true}]}}