{"id":229796,"date":"2024-09-10T15:38:26","date_gmt":"2024-09-10T13:38:26","guid":{"rendered":"https:\/\/x-bar.co\/product\/cubx-2-pods-blueberry-ice\/"},"modified":"2025-05-02T23:24:17","modified_gmt":"2025-05-02T21:24:17","slug":"cubx-2-pods-blueberry-ice","status":"publish","type":"product","link":"https:\/\/dev.x-bar.co\/it\/boutique\/x-bar-range-it\/cubx-it\/cubx-pod-it\/cubx-2-pods-blueberry-ice\/","title":{"rendered":"CUBX 2 Pods &#8211; Blueberry"},"content":{"rendered":"","protected":false},"excerpt":{"rendered":"<div class=\"flex-1 overflow-hidden\">\n<div class=\"h-full\">\n<div class=\"react-scroll-to-bottom--css-kujui-79elbk h-full\">\n<div class=\"react-scroll-to-bottom--css-kujui-1n7m0yu\">\n<div class=\"flex flex-col text-sm md:pb-9\">\n<article class=\"w-full scroll-mb-[var(--thread-trailing-height,150px)] text-token-text-primary focus-visible:outline-2 focus-visible:outline-offset-[-4px]\" dir=\"auto\" data-testid=\"conversation-turn-19\" data-scroll-anchor=\"true\">\n<div class=\"m-auto text-base py-[18px] px-3 md:px-4 w-full md:px-5 lg:px-4 xl:px-5\">\n<div class=\"mx-auto flex flex-1 gap-4 text-base md:gap-5 lg:gap-6 md:max-w-3xl lg:max-w-[40rem] xl:max-w-[48rem]\">\n<div class=\"group\/conversation-turn relative flex w-full min-w-0 flex-col agent-turn\">\n<div class=\"flex-col gap-1 md:gap-3\">\n<div class=\"flex max-w-full flex-col flex-grow\">\n<div class=\"min-h-8 text-message flex w-full flex-col items-end gap-2 whitespace-normal break-words [.text-message+&amp;]:mt-5\" dir=\"auto\" data-message-author-role=\"assistant\" data-message-id=\"2de1087b-bd96-4927-a2b3-caa879114ee7\" data-message-model-slug=\"gpt-4o\">\n<div class=\"flex w-full flex-col gap-1 empty:hidden first:pt-[3px]\">\n<div class=\"markdown prose w-full break-words dark:prose-invert dark\">\n<p><strong>Set di 2 pod per X-Bar CUB-X. Un pod da 2 ml + un pod di ricarica da 9 ml, gusto mirtillo.<\/strong><\/p>\n<p>Goditi il dolce e ricco sapore dei mirtilli maturi, che offre un\u2019esperienza di svapo morbida e fruttata. Questo aroma combina la dolcezza naturale delle bacche appena raccolte con un accenno di acidit\u00e0, creando una sensazione ben equilibrata e rinfrescante ad ogni tiro. Perfetto per gli amanti dei frutti di bosco che cercano uno svapo deliziosamente appagante.<\/p>\n<hr \/>\n<h3>Spanish (ES):<\/h3>\n<p><strong>Conjunto de 2 pods para X-Bar CUB-X. Un pod de 2 ml + un pod de recarga de 9 ml, sabor ar\u00e1ndano.<\/strong><\/p>\n<p>Del\u00e9itate con el dulce y rico sabor de los ar\u00e1ndanos maduros, ofreciendo una experiencia de vapeo suave y afrutada. Este sabor combina la dulzura natural de las bayas reci\u00e9n recolectadas con un toque de acidez, creando una sensaci\u00f3n equilibrada y refrescante en cada calada. Perfecto para los amantes de las frutas del bosque que buscan un vapeo deliciosamente satisfactorio.<\/p>\n<\/div>\n<\/div>\n<\/div>\n<\/div>\n<div class=\"mb-2 flex gap-3 empty:hidden -ml-2\">\n<div class=\"items-center justify-start rounded-xl p-1 flex\">\n<div class=\"flex items-center\">\n<p>&nbsp;<\/p>\n<div class=\"flex\"><\/div>\n<div class=\"flex items-center pb-0\"><span class=\"overflow-hidden text-clip whitespace-nowrap text-sm\">4o<\/span><\/div>\n<\/div>\n<\/div>\n<\/div>\n<div class=\"pr-2 lg:pr-0\"><\/div>\n<div class=\"mt-3 w-full empty:hidden\">\n<div class=\"text-center\"><\/div>\n<\/div>\n<\/div>\n<\/div>\n<\/div>\n<\/div>\n<\/article>\n<\/div>\n<\/div>\n<\/div>\n<\/div>\n<\/div>\n<div class=\"md:pt-0 dark:border-white\/20 md:border-transparent md:dark:border-transparent w-full\">\n<div>\n<div class=\"m-auto text-base px-3 md:px-4 w-full md:px-5 lg:px-4 xl:px-5\">\n<div class=\"mx-auto flex flex-1 gap-4 text-base md:gap-5 lg:gap-6 md:max-w-3xl lg:max-w-[40rem] xl:max-w-[48rem]\">\n<div class=\"flex justify-center\"><\/div>\n<\/div>\n<\/div>\n<\/div>\n<\/div>\n","protected":false},"featured_media":231059,"template":"","meta":{"_acf_changed":false},"product_brand":[],"product_cat":[600,602,446],"product_tag":[],"class_list":{"0":"post-229796","1":"product","2":"type-product","3":"status-publish","4":"has-post-thumbnail","6":"product_cat-cubx-it","7":"product_cat-cubx-pod-it","8":"product_cat-product-template-2-it-2","10":"first","11":"instock","12":"taxable","13":"shipping-taxable","14":"purchasable","15":"product-type-variable","16":"has-default-attributes"},"composite_virtual":false,"composite_layout":"","composite_add_to_cart_form_location":"","composite_editable_in_cart":false,"composite_sold_individually_context":"","composite_shop_price_calc":"","composite_components":[],"composite_scenarios":[],"acf":[],"yoast_head":"<!-- This site is optimized with the Yoast SEO Premium plugin v25.7.1 (Yoast SEO v27.3) - https:\/\/yoast.com\/product\/yoast-seo-premium-wordpress\/ -->\n<title>CUBX 2 Pods - Blueberry - X-Bar\u00ae - Negozio online ufficiale<\/title>\n<meta name=\"robots\" content=\"index, follow, max-snippet:-1, max-image-preview:large, max-video-preview:-1\" \/>\n<link rel=\"canonical\" href=\"https:\/\/dev.x-bar.co\/it\/boutique\/x-bar-range-it\/cubx-it\/cubx-pod-it\/cubx-2-pods-blueberry-ice\/\" \/>\n<meta property=\"og:locale\" content=\"it_IT\" \/>\n<meta property=\"og:type\" content=\"article\" \/>\n<meta property=\"og:title\" content=\"CUBX 2 Pods - Blueberry\" \/>\n<meta property=\"og:description\" content=\"Set di 2 pod per X-Bar CUB-X. Un pod da 2 ml + un pod di ricarica da 9 ml, gusto mirtillo.  Goditi il dolce e ricco sapore dei mirtilli maturi, che offre un\u2019esperienza di svapo morbida e fruttata. Questo aroma combina la dolcezza naturale delle bacche appena raccolte con un accenno di acidit\u00e0, creando una sensazione ben equilibrata e rinfrescante ad ogni tiro. Perfetto per gli amanti dei frutti di bosco che cercano uno svapo deliziosamente appagante.    Spanish (ES): Conjunto de 2 pods para X-Bar CUB-X. Un pod de 2 ml + un pod de recarga de 9 ml, sabor ar\u00e1ndano.  Del\u00e9itate con el dulce y rico sabor de los ar\u00e1ndanos maduros, ofreciendo una experiencia de vapeo suave y afrutada. Este sabor combina la dulzura natural de las bayas reci\u00e9n recolectadas con un toque de acidez, creando una sensaci\u00f3n equilibrada y refrescante en cada calada. Perfecto para los amantes de las frutas del bosque que buscan un vapeo deliciosamente satisfactorio.          &nbsp;  4o\" \/>\n<meta property=\"og:url\" content=\"https:\/\/dev.x-bar.co\/it\/boutique\/x-bar-range-it\/cubx-it\/cubx-pod-it\/cubx-2-pods-blueberry-ice\/\" \/>\n<meta property=\"og:site_name\" content=\"X-Bar\u00ae - Negozio online ufficiale\" \/>\n<meta property=\"article:modified_time\" content=\"2025-05-02T21:24:17+00:00\" \/>\n<meta property=\"og:image\" content=\"https:\/\/dev.x-bar.co\/wp-content\/uploads\/2024\/09\/CUBX_POD_PACK-S_BLUEBERRY.png\" \/>\n\t<meta property=\"og:image:width\" content=\"650\" \/>\n\t<meta property=\"og:image:height\" content=\"650\" \/>\n\t<meta property=\"og:image:type\" content=\"image\/png\" \/>\n<meta name=\"twitter:card\" content=\"summary_large_image\" \/>\n<meta name=\"twitter:label1\" content=\"Disponibilit\u00e0\" \/>\n\t<meta name=\"twitter:data1\" content=\"In stock\" \/>\n<script type=\"application\/ld+json\" class=\"yoast-schema-graph\">{\"@context\":\"https:\\\/\\\/schema.org\",\"@graph\":[{\"@type\":\"WebPage\",\"@id\":\"https:\\\/\\\/dev.x-bar.co\\\/it\\\/boutique\\\/x-bar-range-it\\\/cubx-it\\\/cubx-pod-it\\\/cubx-2-pods-blueberry-ice\\\/\",\"url\":\"https:\\\/\\\/dev.x-bar.co\\\/it\\\/boutique\\\/x-bar-range-it\\\/cubx-it\\\/cubx-pod-it\\\/cubx-2-pods-blueberry-ice\\\/\",\"name\":\"CUBX 2 Pods - Blueberry - X-Bar\u00ae - Negozio online ufficiale\",\"isPartOf\":{\"@id\":\"https:\\\/\\\/dev.x-bar.co\\\/it\\\/#website\"},\"primaryImageOfPage\":{\"@id\":\"https:\\\/\\\/dev.x-bar.co\\\/it\\\/boutique\\\/x-bar-range-it\\\/cubx-it\\\/cubx-pod-it\\\/cubx-2-pods-blueberry-ice\\\/#primaryimage\"},\"image\":{\"@id\":\"https:\\\/\\\/dev.x-bar.co\\\/it\\\/boutique\\\/x-bar-range-it\\\/cubx-it\\\/cubx-pod-it\\\/cubx-2-pods-blueberry-ice\\\/#primaryimage\"},\"thumbnailUrl\":\"https:\\\/\\\/dev.x-bar.co\\\/wp-content\\\/uploads\\\/2024\\\/09\\\/CUBX_POD_PACK-S_BLUEBERRY.png\",\"datePublished\":\"2024-09-10T13:38:26+00:00\",\"dateModified\":\"2025-05-02T21:24:17+00:00\",\"breadcrumb\":{\"@id\":\"https:\\\/\\\/dev.x-bar.co\\\/it\\\/boutique\\\/x-bar-range-it\\\/cubx-it\\\/cubx-pod-it\\\/cubx-2-pods-blueberry-ice\\\/#breadcrumb\"},\"inLanguage\":\"it-IT\",\"potentialAction\":[{\"@type\":\"ReadAction\",\"target\":[\"https:\\\/\\\/dev.x-bar.co\\\/it\\\/boutique\\\/x-bar-range-it\\\/cubx-it\\\/cubx-pod-it\\\/cubx-2-pods-blueberry-ice\\\/\"]}]},{\"@type\":\"ImageObject\",\"inLanguage\":\"it-IT\",\"@id\":\"https:\\\/\\\/dev.x-bar.co\\\/it\\\/boutique\\\/x-bar-range-it\\\/cubx-it\\\/cubx-pod-it\\\/cubx-2-pods-blueberry-ice\\\/#primaryimage\",\"url\":\"https:\\\/\\\/dev.x-bar.co\\\/wp-content\\\/uploads\\\/2024\\\/09\\\/CUBX_POD_PACK-S_BLUEBERRY.png\",\"contentUrl\":\"https:\\\/\\\/dev.x-bar.co\\\/wp-content\\\/uploads\\\/2024\\\/09\\\/CUBX_POD_PACK-S_BLUEBERRY.png\",\"width\":650,\"height\":650},{\"@type\":\"BreadcrumbList\",\"@id\":\"https:\\\/\\\/dev.x-bar.co\\\/it\\\/boutique\\\/x-bar-range-it\\\/cubx-it\\\/cubx-pod-it\\\/cubx-2-pods-blueberry-ice\\\/#breadcrumb\",\"itemListElement\":[{\"@type\":\"ListItem\",\"position\":1,\"name\":\"Accueil\",\"item\":\"https:\\\/\\\/dev.x-bar.co\\\/it\\\/\"},{\"@type\":\"ListItem\",\"position\":2,\"name\":\"Negozio\",\"item\":\"https:\\\/\\\/dev.x-bar.co\\\/boutique\\\/\"},{\"@type\":\"ListItem\",\"position\":3,\"name\":\"CUBX 2 Pods &#8211; Blueberry\"}]},{\"@type\":\"WebSite\",\"@id\":\"https:\\\/\\\/dev.x-bar.co\\\/it\\\/#website\",\"url\":\"https:\\\/\\\/dev.x-bar.co\\\/it\\\/\",\"name\":\"X-Bar\u00ae - Official Online Shop\",\"description\":\"Official X-Bar online shop. Best Vaping Devices Worlwide. Vaping pods, puff, eliquids, open pods system devices...\",\"publisher\":{\"@id\":\"https:\\\/\\\/dev.x-bar.co\\\/it\\\/#organization\"},\"potentialAction\":[{\"@type\":\"SearchAction\",\"target\":{\"@type\":\"EntryPoint\",\"urlTemplate\":\"https:\\\/\\\/dev.x-bar.co\\\/it\\\/?s={search_term_string}\"},\"query-input\":{\"@type\":\"PropertyValueSpecification\",\"valueRequired\":true,\"valueName\":\"search_term_string\"}}],\"inLanguage\":\"it-IT\"},{\"@type\":\"Organization\",\"@id\":\"https:\\\/\\\/dev.x-bar.co\\\/it\\\/#organization\",\"name\":\"X-Bar\u00ae - Official Online Shop\",\"url\":\"https:\\\/\\\/dev.x-bar.co\\\/it\\\/\",\"logo\":{\"@type\":\"ImageObject\",\"inLanguage\":\"it-IT\",\"@id\":\"https:\\\/\\\/dev.x-bar.co\\\/it\\\/#\\\/schema\\\/logo\\\/image\\\/\",\"url\":\"https:\\\/\\\/dev.x-bar.co\\\/wp-content\\\/uploads\\\/2022\\\/07\\\/xbar-logo.svg\",\"contentUrl\":\"https:\\\/\\\/dev.x-bar.co\\\/wp-content\\\/uploads\\\/2022\\\/07\\\/xbar-logo.svg\",\"width\":266,\"height\":41,\"caption\":\"X-Bar\u00ae - Official Online Shop\"},\"image\":{\"@id\":\"https:\\\/\\\/dev.x-bar.co\\\/it\\\/#\\\/schema\\\/logo\\\/image\\\/\"}}]}<\/script>\n<meta property=\"og:availability\" content=\"instock\" \/>\n<meta property=\"product:availability\" content=\"instock\" \/>\n<meta property=\"product:condition\" content=\"new\" \/>\n<!-- \/ Yoast SEO Premium plugin. -->","yoast_head_json":{"title":"CUBX 2 Pods - Blueberry - X-Bar\u00ae - Negozio online ufficiale","robots":{"index":"index","follow":"follow","max-snippet":"max-snippet:-1","max-image-preview":"max-image-preview:large","max-video-preview":"max-video-preview:-1"},"canonical":"https:\/\/dev.x-bar.co\/it\/boutique\/x-bar-range-it\/cubx-it\/cubx-pod-it\/cubx-2-pods-blueberry-ice\/","og_locale":"it_IT","og_type":"article","og_title":"CUBX 2 Pods - Blueberry","og_description":"Set di 2 pod per X-Bar CUB-X. Un pod da 2 ml + un pod di ricarica da 9 ml, gusto mirtillo.  Goditi il dolce e ricco sapore dei mirtilli maturi, che offre un\u2019esperienza di svapo morbida e fruttata. Questo aroma combina la dolcezza naturale delle bacche appena raccolte con un accenno di acidit\u00e0, creando una sensazione ben equilibrata e rinfrescante ad ogni tiro. Perfetto per gli amanti dei frutti di bosco che cercano uno svapo deliziosamente appagante.    Spanish (ES): Conjunto de 2 pods para X-Bar CUB-X. Un pod de 2 ml + un pod de recarga de 9 ml, sabor ar\u00e1ndano.  Del\u00e9itate con el dulce y rico sabor de los ar\u00e1ndanos maduros, ofreciendo una experiencia de vapeo suave y afrutada. Este sabor combina la dulzura natural de las bayas reci\u00e9n recolectadas con un toque de acidez, creando una sensaci\u00f3n equilibrada y refrescante en cada calada. Perfecto para los amantes de las frutas del bosque que buscan un vapeo deliciosamente satisfactorio.          &nbsp;  4o","og_url":"https:\/\/dev.x-bar.co\/it\/boutique\/x-bar-range-it\/cubx-it\/cubx-pod-it\/cubx-2-pods-blueberry-ice\/","og_site_name":"X-Bar\u00ae - Negozio online ufficiale","article_modified_time":"2025-05-02T21:24:17+00:00","og_image":[{"width":650,"height":650,"url":"https:\/\/dev.x-bar.co\/wp-content\/uploads\/2024\/09\/CUBX_POD_PACK-S_BLUEBERRY.png","type":"image\/png"}],"twitter_card":"summary_large_image","twitter_misc":{"Disponibilit\u00e0":"In stock"},"schema":{"@context":"https:\/\/schema.org","@graph":[{"@type":"WebPage","@id":"https:\/\/dev.x-bar.co\/it\/boutique\/x-bar-range-it\/cubx-it\/cubx-pod-it\/cubx-2-pods-blueberry-ice\/","url":"https:\/\/dev.x-bar.co\/it\/boutique\/x-bar-range-it\/cubx-it\/cubx-pod-it\/cubx-2-pods-blueberry-ice\/","name":"CUBX 2 Pods - Blueberry - X-Bar\u00ae - Negozio online ufficiale","isPartOf":{"@id":"https:\/\/dev.x-bar.co\/it\/#website"},"primaryImageOfPage":{"@id":"https:\/\/dev.x-bar.co\/it\/boutique\/x-bar-range-it\/cubx-it\/cubx-pod-it\/cubx-2-pods-blueberry-ice\/#primaryimage"},"image":{"@id":"https:\/\/dev.x-bar.co\/it\/boutique\/x-bar-range-it\/cubx-it\/cubx-pod-it\/cubx-2-pods-blueberry-ice\/#primaryimage"},"thumbnailUrl":"https:\/\/dev.x-bar.co\/wp-content\/uploads\/2024\/09\/CUBX_POD_PACK-S_BLUEBERRY.png","datePublished":"2024-09-10T13:38:26+00:00","dateModified":"2025-05-02T21:24:17+00:00","breadcrumb":{"@id":"https:\/\/dev.x-bar.co\/it\/boutique\/x-bar-range-it\/cubx-it\/cubx-pod-it\/cubx-2-pods-blueberry-ice\/#breadcrumb"},"inLanguage":"it-IT","potentialAction":[{"@type":"ReadAction","target":["https:\/\/dev.x-bar.co\/it\/boutique\/x-bar-range-it\/cubx-it\/cubx-pod-it\/cubx-2-pods-blueberry-ice\/"]}]},{"@type":"ImageObject","inLanguage":"it-IT","@id":"https:\/\/dev.x-bar.co\/it\/boutique\/x-bar-range-it\/cubx-it\/cubx-pod-it\/cubx-2-pods-blueberry-ice\/#primaryimage","url":"https:\/\/dev.x-bar.co\/wp-content\/uploads\/2024\/09\/CUBX_POD_PACK-S_BLUEBERRY.png","contentUrl":"https:\/\/dev.x-bar.co\/wp-content\/uploads\/2024\/09\/CUBX_POD_PACK-S_BLUEBERRY.png","width":650,"height":650},{"@type":"BreadcrumbList","@id":"https:\/\/dev.x-bar.co\/it\/boutique\/x-bar-range-it\/cubx-it\/cubx-pod-it\/cubx-2-pods-blueberry-ice\/#breadcrumb","itemListElement":[{"@type":"ListItem","position":1,"name":"Accueil","item":"https:\/\/dev.x-bar.co\/it\/"},{"@type":"ListItem","position":2,"name":"Negozio","item":"https:\/\/dev.x-bar.co\/boutique\/"},{"@type":"ListItem","position":3,"name":"CUBX 2 Pods &#8211; Blueberry"}]},{"@type":"WebSite","@id":"https:\/\/dev.x-bar.co\/it\/#website","url":"https:\/\/dev.x-bar.co\/it\/","name":"X-Bar\u00ae - Official Online Shop","description":"Official X-Bar online shop. Best Vaping Devices Worlwide. Vaping pods, puff, eliquids, open pods system devices...","publisher":{"@id":"https:\/\/dev.x-bar.co\/it\/#organization"},"potentialAction":[{"@type":"SearchAction","target":{"@type":"EntryPoint","urlTemplate":"https:\/\/dev.x-bar.co\/it\/?s={search_term_string}"},"query-input":{"@type":"PropertyValueSpecification","valueRequired":true,"valueName":"search_term_string"}}],"inLanguage":"it-IT"},{"@type":"Organization","@id":"https:\/\/dev.x-bar.co\/it\/#organization","name":"X-Bar\u00ae - Official Online Shop","url":"https:\/\/dev.x-bar.co\/it\/","logo":{"@type":"ImageObject","inLanguage":"it-IT","@id":"https:\/\/dev.x-bar.co\/it\/#\/schema\/logo\/image\/","url":"https:\/\/dev.x-bar.co\/wp-content\/uploads\/2022\/07\/xbar-logo.svg","contentUrl":"https:\/\/dev.x-bar.co\/wp-content\/uploads\/2022\/07\/xbar-logo.svg","width":266,"height":41,"caption":"X-Bar\u00ae - Official Online Shop"},"image":{"@id":"https:\/\/dev.x-bar.co\/it\/#\/schema\/logo\/image\/"}}]},"og_availability":"instock","product_availability":"instock","product_condition":"new"},"jetpack_sharing_enabled":true,"_links":{"self":[{"href":"https:\/\/dev.x-bar.co\/it\/wp-json\/wp\/v2\/product\/229796","targetHints":{"allow":["GET"]}}],"collection":[{"href":"https:\/\/dev.x-bar.co\/it\/wp-json\/wp\/v2\/product"}],"about":[{"href":"https:\/\/dev.x-bar.co\/it\/wp-json\/wp\/v2\/types\/product"}],"wp:featuredmedia":[{"embeddable":true,"href":"https:\/\/dev.x-bar.co\/it\/wp-json\/wp\/v2\/media\/231059"}],"wp:attachment":[{"href":"https:\/\/dev.x-bar.co\/it\/wp-json\/wp\/v2\/media?parent=229796"}],"wp:term":[{"taxonomy":"product_brand","embeddable":true,"href":"https:\/\/dev.x-bar.co\/it\/wp-json\/wp\/v2\/product_brand?post=229796"},{"taxonomy":"product_cat","embeddable":true,"href":"https:\/\/dev.x-bar.co\/it\/wp-json\/wp\/v2\/product_cat?post=229796"},{"taxonomy":"product_tag","embeddable":true,"href":"https:\/\/dev.x-bar.co\/it\/wp-json\/wp\/v2\/product_tag?post=229796"}],"curies":[{"name":"wp","href":"https:\/\/api.w.org\/{rel}","templated":true}]}}