{"id":26480,"date":"2023-04-13T15:26:28","date_gmt":"2023-04-13T13:26:28","guid":{"rendered":"https:\/\/x-bar.co\/product\/x-shisha\/"},"modified":"2023-09-11T21:58:00","modified_gmt":"2023-09-11T19:58:00","slug":"x-shisha","status":"publish","type":"product","link":"https:\/\/dev.x-bar.co\/it\/boutique\/x-bar-range-it\/x-shisha-it\/x-shisha\/","title":{"rendered":"X-Shisha"},"content":{"rendered":"","protected":false},"excerpt":{"rendered":"<p>X-BAR Shisha \u00e8 un formato unico e innovativo per gli amanti del narghil\u00e8. Ideale per uno svapo conviviale poich\u00e9 pu\u00f2 essere utilizzato da due persone contemporaneamente, hai anche la possibilit\u00e0 di svapare gusti diversi: nessun vincolo e nessuna gelosia!<\/p>\n<p>Facile da trasportare, pu\u00f2 accompagnarti facilmente durante i tuoi viaggi e le tue vacanze. La batteria non ti deluder\u00e0 grazie ai 3000 mAh e alla ricarica rapida tramite USB-C. Ogni pod contiene 7ml di e-liquid per 3000 boccate di puro piacere.<\/p>\n<p>Un narghil\u00e8 pratico, elegante e stiloso che non lascer\u00e0 indifferenti i tuoi amici!<\/p>\n<p><strong>Confezione composta da 1 X-Shisha + 2 Tubi magnetici + 2 pod (Chloro Mint + Cola, 0mg\/ml) + 1 cavo USB-C<\/strong><\/p>\n","protected":false},"featured_media":26452,"template":"","meta":{"_acf_changed":false},"product_brand":[],"product_cat":[446,193,457],"product_tag":[],"class_list":{"0":"post-26480","1":"product","2":"type-product","3":"status-publish","4":"has-post-thumbnail","6":"product_cat-product-template-2-it-2","7":"product_cat-x-bar-range-it","8":"product_cat-x-shisha-it","10":"first","11":"instock","12":"taxable","13":"shipping-taxable","14":"purchasable","15":"product-type-simple"},"composite_virtual":false,"composite_layout":"","composite_add_to_cart_form_location":"","composite_editable_in_cart":false,"composite_sold_individually_context":"","composite_shop_price_calc":"","composite_components":[],"composite_scenarios":[],"acf":[],"yoast_head":"<!-- This site is optimized with the Yoast SEO Premium plugin v25.7.1 (Yoast SEO v27.3) - https:\/\/yoast.com\/product\/yoast-seo-premium-wordpress\/ -->\n<title>X-Shisha - X-Bar\u00ae - Negozio online ufficiale<\/title>\n<meta name=\"robots\" content=\"index, follow, max-snippet:-1, max-image-preview:large, max-video-preview:-1\" \/>\n<link rel=\"canonical\" href=\"https:\/\/dev.x-bar.co\/it\/boutique\/x-bar-range-it\/x-shisha-it\/x-shisha\/\" \/>\n<meta property=\"og:locale\" content=\"it_IT\" \/>\n<meta property=\"og:type\" content=\"article\" \/>\n<meta property=\"og:title\" content=\"X-Shisha\" \/>\n<meta property=\"og:description\" content=\"X-BAR Shisha \u00e8 un formato unico e innovativo per gli amanti del narghil\u00e8. Ideale per uno svapo conviviale poich\u00e9 pu\u00f2 essere utilizzato da due persone contemporaneamente, hai anche la possibilit\u00e0 di svapare gusti diversi: nessun vincolo e nessuna gelosia!  Facile da trasportare, pu\u00f2 accompagnarti facilmente durante i tuoi viaggi e le tue vacanze. La batteria non ti deluder\u00e0 grazie ai 3000 mAh e alla ricarica rapida tramite USB-C. Ogni pod contiene 7ml di e-liquid per 3000 boccate di puro piacere.  Un narghil\u00e8 pratico, elegante e stiloso che non lascer\u00e0 indifferenti i tuoi amici!  Confezione composta da 1 X-Shisha + 2 Tubi magnetici + 2 pod (Chloro Mint + Cola, 0mg\/ml) + 1 cavo USB-C\" \/>\n<meta property=\"og:url\" content=\"https:\/\/dev.x-bar.co\/it\/boutique\/x-bar-range-it\/x-shisha-it\/x-shisha\/\" \/>\n<meta property=\"og:site_name\" content=\"X-Bar\u00ae - Negozio online ufficiale\" \/>\n<meta property=\"article:modified_time\" content=\"2023-09-11T19:58:00+00:00\" \/>\n<meta property=\"og:image\" content=\"https:\/\/dev.x-bar.co\/wp-content\/uploads\/2023\/04\/x-shisha-product-image.png\" \/>\n\t<meta property=\"og:image:width\" content=\"650\" \/>\n\t<meta property=\"og:image:height\" content=\"650\" \/>\n\t<meta property=\"og:image:type\" content=\"image\/png\" \/>\n<meta name=\"twitter:card\" content=\"summary_large_image\" \/>\n<meta name=\"twitter:label1\" content=\"Prezzo\" \/>\n\t<meta name=\"twitter:data1\" content=\"149,90&nbsp;&euro;\" \/>\n\t<meta name=\"twitter:label2\" content=\"Disponibilit\u00e0\" \/>\n\t<meta name=\"twitter:data2\" content=\"In stock\" \/>\n<script type=\"application\/ld+json\" class=\"yoast-schema-graph\">{\"@context\":\"https:\\\/\\\/schema.org\",\"@graph\":[{\"@type\":\"WebPage\",\"@id\":\"https:\\\/\\\/dev.x-bar.co\\\/it\\\/boutique\\\/x-bar-range-it\\\/x-shisha-it\\\/x-shisha\\\/\",\"url\":\"https:\\\/\\\/dev.x-bar.co\\\/it\\\/boutique\\\/x-bar-range-it\\\/x-shisha-it\\\/x-shisha\\\/\",\"name\":\"X-Shisha - X-Bar\u00ae - Negozio online ufficiale\",\"isPartOf\":{\"@id\":\"https:\\\/\\\/dev.x-bar.co\\\/it\\\/#website\"},\"primaryImageOfPage\":{\"@id\":\"https:\\\/\\\/dev.x-bar.co\\\/it\\\/boutique\\\/x-bar-range-it\\\/x-shisha-it\\\/x-shisha\\\/#primaryimage\"},\"image\":{\"@id\":\"https:\\\/\\\/dev.x-bar.co\\\/it\\\/boutique\\\/x-bar-range-it\\\/x-shisha-it\\\/x-shisha\\\/#primaryimage\"},\"thumbnailUrl\":\"https:\\\/\\\/dev.x-bar.co\\\/wp-content\\\/uploads\\\/2023\\\/04\\\/x-shisha-product-image.png\",\"datePublished\":\"2023-04-13T13:26:28+00:00\",\"dateModified\":\"2023-09-11T19:58:00+00:00\",\"breadcrumb\":{\"@id\":\"https:\\\/\\\/dev.x-bar.co\\\/it\\\/boutique\\\/x-bar-range-it\\\/x-shisha-it\\\/x-shisha\\\/#breadcrumb\"},\"inLanguage\":\"it-IT\",\"potentialAction\":[{\"@type\":\"ReadAction\",\"target\":[\"https:\\\/\\\/dev.x-bar.co\\\/it\\\/boutique\\\/x-bar-range-it\\\/x-shisha-it\\\/x-shisha\\\/\"]}]},{\"@type\":\"ImageObject\",\"inLanguage\":\"it-IT\",\"@id\":\"https:\\\/\\\/dev.x-bar.co\\\/it\\\/boutique\\\/x-bar-range-it\\\/x-shisha-it\\\/x-shisha\\\/#primaryimage\",\"url\":\"https:\\\/\\\/dev.x-bar.co\\\/wp-content\\\/uploads\\\/2023\\\/04\\\/x-shisha-product-image.png\",\"contentUrl\":\"https:\\\/\\\/dev.x-bar.co\\\/wp-content\\\/uploads\\\/2023\\\/04\\\/x-shisha-product-image.png\",\"width\":650,\"height\":650},{\"@type\":\"BreadcrumbList\",\"@id\":\"https:\\\/\\\/dev.x-bar.co\\\/it\\\/boutique\\\/x-bar-range-it\\\/x-shisha-it\\\/x-shisha\\\/#breadcrumb\",\"itemListElement\":[{\"@type\":\"ListItem\",\"position\":1,\"name\":\"Accueil\",\"item\":\"https:\\\/\\\/dev.x-bar.co\\\/it\\\/\"},{\"@type\":\"ListItem\",\"position\":2,\"name\":\"Negozio\",\"item\":\"https:\\\/\\\/dev.x-bar.co\\\/boutique\\\/\"},{\"@type\":\"ListItem\",\"position\":3,\"name\":\"X-Shisha\"}]},{\"@type\":\"WebSite\",\"@id\":\"https:\\\/\\\/dev.x-bar.co\\\/it\\\/#website\",\"url\":\"https:\\\/\\\/dev.x-bar.co\\\/it\\\/\",\"name\":\"X-Bar\u00ae - Official Online Shop\",\"description\":\"Official X-Bar online shop. Best Vaping Devices Worlwide. Vaping pods, puff, eliquids, open pods system devices...\",\"publisher\":{\"@id\":\"https:\\\/\\\/dev.x-bar.co\\\/it\\\/#organization\"},\"potentialAction\":[{\"@type\":\"SearchAction\",\"target\":{\"@type\":\"EntryPoint\",\"urlTemplate\":\"https:\\\/\\\/dev.x-bar.co\\\/it\\\/?s={search_term_string}\"},\"query-input\":{\"@type\":\"PropertyValueSpecification\",\"valueRequired\":true,\"valueName\":\"search_term_string\"}}],\"inLanguage\":\"it-IT\"},{\"@type\":\"Organization\",\"@id\":\"https:\\\/\\\/dev.x-bar.co\\\/it\\\/#organization\",\"name\":\"X-Bar\u00ae - Official Online Shop\",\"url\":\"https:\\\/\\\/dev.x-bar.co\\\/it\\\/\",\"logo\":{\"@type\":\"ImageObject\",\"inLanguage\":\"it-IT\",\"@id\":\"https:\\\/\\\/dev.x-bar.co\\\/it\\\/#\\\/schema\\\/logo\\\/image\\\/\",\"url\":\"https:\\\/\\\/dev.x-bar.co\\\/wp-content\\\/uploads\\\/2022\\\/07\\\/xbar-logo.svg\",\"contentUrl\":\"https:\\\/\\\/dev.x-bar.co\\\/wp-content\\\/uploads\\\/2022\\\/07\\\/xbar-logo.svg\",\"width\":266,\"height\":41,\"caption\":\"X-Bar\u00ae - Official Online Shop\"},\"image\":{\"@id\":\"https:\\\/\\\/dev.x-bar.co\\\/it\\\/#\\\/schema\\\/logo\\\/image\\\/\"}}]}<\/script>\n<meta property=\"product:price:amount\" content=\"149.90\" \/>\n<meta property=\"product:price:currency\" content=\"EUR\" \/>\n<meta property=\"og:availability\" content=\"instock\" \/>\n<meta property=\"product:availability\" content=\"instock\" \/>\n<meta property=\"product:retailer_item_id\" content=\"204379\" \/>\n<meta property=\"product:condition\" content=\"new\" \/>\n<!-- \/ Yoast SEO Premium plugin. -->","yoast_head_json":{"title":"X-Shisha - X-Bar\u00ae - Negozio online ufficiale","robots":{"index":"index","follow":"follow","max-snippet":"max-snippet:-1","max-image-preview":"max-image-preview:large","max-video-preview":"max-video-preview:-1"},"canonical":"https:\/\/dev.x-bar.co\/it\/boutique\/x-bar-range-it\/x-shisha-it\/x-shisha\/","og_locale":"it_IT","og_type":"article","og_title":"X-Shisha","og_description":"X-BAR Shisha \u00e8 un formato unico e innovativo per gli amanti del narghil\u00e8. Ideale per uno svapo conviviale poich\u00e9 pu\u00f2 essere utilizzato da due persone contemporaneamente, hai anche la possibilit\u00e0 di svapare gusti diversi: nessun vincolo e nessuna gelosia!  Facile da trasportare, pu\u00f2 accompagnarti facilmente durante i tuoi viaggi e le tue vacanze. La batteria non ti deluder\u00e0 grazie ai 3000 mAh e alla ricarica rapida tramite USB-C. Ogni pod contiene 7ml di e-liquid per 3000 boccate di puro piacere.  Un narghil\u00e8 pratico, elegante e stiloso che non lascer\u00e0 indifferenti i tuoi amici!  Confezione composta da 1 X-Shisha + 2 Tubi magnetici + 2 pod (Chloro Mint + Cola, 0mg\/ml) + 1 cavo USB-C","og_url":"https:\/\/dev.x-bar.co\/it\/boutique\/x-bar-range-it\/x-shisha-it\/x-shisha\/","og_site_name":"X-Bar\u00ae - Negozio online ufficiale","article_modified_time":"2023-09-11T19:58:00+00:00","og_image":[{"width":650,"height":650,"url":"https:\/\/dev.x-bar.co\/wp-content\/uploads\/2023\/04\/x-shisha-product-image.png","type":"image\/png"}],"twitter_card":"summary_large_image","twitter_misc":{"Prezzo":"149,90&nbsp;&euro;","Disponibilit\u00e0":"In stock"},"schema":{"@context":"https:\/\/schema.org","@graph":[{"@type":"WebPage","@id":"https:\/\/dev.x-bar.co\/it\/boutique\/x-bar-range-it\/x-shisha-it\/x-shisha\/","url":"https:\/\/dev.x-bar.co\/it\/boutique\/x-bar-range-it\/x-shisha-it\/x-shisha\/","name":"X-Shisha - X-Bar\u00ae - Negozio online ufficiale","isPartOf":{"@id":"https:\/\/dev.x-bar.co\/it\/#website"},"primaryImageOfPage":{"@id":"https:\/\/dev.x-bar.co\/it\/boutique\/x-bar-range-it\/x-shisha-it\/x-shisha\/#primaryimage"},"image":{"@id":"https:\/\/dev.x-bar.co\/it\/boutique\/x-bar-range-it\/x-shisha-it\/x-shisha\/#primaryimage"},"thumbnailUrl":"https:\/\/dev.x-bar.co\/wp-content\/uploads\/2023\/04\/x-shisha-product-image.png","datePublished":"2023-04-13T13:26:28+00:00","dateModified":"2023-09-11T19:58:00+00:00","breadcrumb":{"@id":"https:\/\/dev.x-bar.co\/it\/boutique\/x-bar-range-it\/x-shisha-it\/x-shisha\/#breadcrumb"},"inLanguage":"it-IT","potentialAction":[{"@type":"ReadAction","target":["https:\/\/dev.x-bar.co\/it\/boutique\/x-bar-range-it\/x-shisha-it\/x-shisha\/"]}]},{"@type":"ImageObject","inLanguage":"it-IT","@id":"https:\/\/dev.x-bar.co\/it\/boutique\/x-bar-range-it\/x-shisha-it\/x-shisha\/#primaryimage","url":"https:\/\/dev.x-bar.co\/wp-content\/uploads\/2023\/04\/x-shisha-product-image.png","contentUrl":"https:\/\/dev.x-bar.co\/wp-content\/uploads\/2023\/04\/x-shisha-product-image.png","width":650,"height":650},{"@type":"BreadcrumbList","@id":"https:\/\/dev.x-bar.co\/it\/boutique\/x-bar-range-it\/x-shisha-it\/x-shisha\/#breadcrumb","itemListElement":[{"@type":"ListItem","position":1,"name":"Accueil","item":"https:\/\/dev.x-bar.co\/it\/"},{"@type":"ListItem","position":2,"name":"Negozio","item":"https:\/\/dev.x-bar.co\/boutique\/"},{"@type":"ListItem","position":3,"name":"X-Shisha"}]},{"@type":"WebSite","@id":"https:\/\/dev.x-bar.co\/it\/#website","url":"https:\/\/dev.x-bar.co\/it\/","name":"X-Bar\u00ae - Official Online Shop","description":"Official X-Bar online shop. Best Vaping Devices Worlwide. Vaping pods, puff, eliquids, open pods system devices...","publisher":{"@id":"https:\/\/dev.x-bar.co\/it\/#organization"},"potentialAction":[{"@type":"SearchAction","target":{"@type":"EntryPoint","urlTemplate":"https:\/\/dev.x-bar.co\/it\/?s={search_term_string}"},"query-input":{"@type":"PropertyValueSpecification","valueRequired":true,"valueName":"search_term_string"}}],"inLanguage":"it-IT"},{"@type":"Organization","@id":"https:\/\/dev.x-bar.co\/it\/#organization","name":"X-Bar\u00ae - Official Online Shop","url":"https:\/\/dev.x-bar.co\/it\/","logo":{"@type":"ImageObject","inLanguage":"it-IT","@id":"https:\/\/dev.x-bar.co\/it\/#\/schema\/logo\/image\/","url":"https:\/\/dev.x-bar.co\/wp-content\/uploads\/2022\/07\/xbar-logo.svg","contentUrl":"https:\/\/dev.x-bar.co\/wp-content\/uploads\/2022\/07\/xbar-logo.svg","width":266,"height":41,"caption":"X-Bar\u00ae - Official Online Shop"},"image":{"@id":"https:\/\/dev.x-bar.co\/it\/#\/schema\/logo\/image\/"}}]},"product_price_amount":"149.90","product_price_currency":"EUR","og_availability":"instock","product_availability":"instock","product_retailer_item_id":"204379","product_condition":"new"},"jetpack_sharing_enabled":true,"_links":{"self":[{"href":"https:\/\/dev.x-bar.co\/it\/wp-json\/wp\/v2\/product\/26480","targetHints":{"allow":["GET"]}}],"collection":[{"href":"https:\/\/dev.x-bar.co\/it\/wp-json\/wp\/v2\/product"}],"about":[{"href":"https:\/\/dev.x-bar.co\/it\/wp-json\/wp\/v2\/types\/product"}],"wp:featuredmedia":[{"embeddable":true,"href":"https:\/\/dev.x-bar.co\/it\/wp-json\/wp\/v2\/media\/26452"}],"wp:attachment":[{"href":"https:\/\/dev.x-bar.co\/it\/wp-json\/wp\/v2\/media?parent=26480"}],"wp:term":[{"taxonomy":"product_brand","embeddable":true,"href":"https:\/\/dev.x-bar.co\/it\/wp-json\/wp\/v2\/product_brand?post=26480"},{"taxonomy":"product_cat","embeddable":true,"href":"https:\/\/dev.x-bar.co\/it\/wp-json\/wp\/v2\/product_cat?post=26480"},{"taxonomy":"product_tag","embeddable":true,"href":"https:\/\/dev.x-bar.co\/it\/wp-json\/wp\/v2\/product_tag?post=26480"}],"curies":[{"name":"wp","href":"https:\/\/api.w.org\/{rel}","templated":true}]}}